{"id":96,"date":"2021-03-20T18:43:51","date_gmt":"2021-03-20T17:43:51","guid":{"rendered":"https:\/\/roubloff-france.fr\/Roubloff\/?post_type=product&#038;p=96"},"modified":"2025-12-19T23:01:56","modified_gmt":"2025-12-19T22:01:56","slug":"roubloff-sable-noir-serie-6l4s-2","status":"publish","type":"product","link":"https:\/\/roubloff-france.fr\/Roubloff\/produit\/roubloff-sable-noir-serie-6l4s-2\/","title":{"rendered":"Sable Noir S\u00e9rie 6L4S-2"},"content":{"rendered":"<p><strong>Le \u00ab\u00a0Pinceau Roubloff Sable Noir\u00a0\u00bb est dot\u00e9 d&rsquo;une pointe fine n\u00b02, avec un manche en laque avec un angle coup\u00e9 et une virole en plastique<\/strong><\/p>\n<p>Ce pinceau unique en poils de zibeline doux est pr\u00e9sent\u00e9e dans un design inhabituel : la poign\u00e9e sans couture l\u00e9g\u00e8re en bois de forme \u00e9paissie offre une peinture longue et confortable. Les poils sont attach\u00e9s avec une virole en plastique \u00e0 l&rsquo;int\u00e9rieur de la poign\u00e9e.<\/p>\n<p>La touffe de poils allong\u00e9e sert de r\u00e9servoir de peinture, ce qui vous aide \u00e0 tracer une longue ligne sans recharger la brosse. Il est utilis\u00e9 pour l&rsquo;\u00e9clairage, les ornements, les \u00e9l\u00e9ments d&rsquo;illustration botanique, les contours et la calligraphie.<\/p>\n<pre>Application : aquarelle, gouache, d\u00e9trempe\r\nPoils : Naturel\r\nType de poils : sable noir - zibeline\r\nRigidit\u00e9: 1\r\nVirole : Transparent (tube PVC)\r\nForme de t\u00eate de brosse : doublure\r\nLongueur du manche : court\r\nTailles :\u00a02\r\n\r\nAvantages :\r\n- Poils 100% naturels\r\n- Produit original\r\n- Fournit une position stable de la main<\/pre>\n<h3><\/h3>\n<h3><\/h3>\n<p><strong>Brush\u00a0<\/strong><strong style=\"font-size: 16px;\">Roubloff black sable\/ rigger 2\/ lacquer impregnated handle with angle cut\/ plastic ferrule<\/strong><\/p>\n<p>The unique liner brush from soft sable hair is presented in an unusual design: the wooden lightweight seamless handle of a thickened shape provides long and comfortable painting; the hair is fastened with a plastic ferrule inside the handle.<\/p>\n<p>The elongated hair tuft serves as a reservoir for paint, which helps you draw a long line without refilling the brush. It is used for illumination, ornaments, elements in botanical illustration, contours and calligraphy.<\/p>\n<pre>Application: Watercolor, Gouache, Tempera\r\nHair: Natural\r\nHair type: Black sable\r\nStiffness: 1\r\nFerrule: Transparent (PVC tube)\r\nBrush head shape: Liner\r\nHandle length: Short\r\nSizes: 2\r\nAdvantages:\r\n- 100% natural hair \r\n- Original product\r\n- Provides stable hand position<\/pre>\n<hr \/>\n<pre>Le pinceau unique \u00e0 pointe pointue en poils de martre doux mais r\u00e9sistants est pr\u00e9sent\u00e9 dans un design inhabituel - le manche en bois l\u00e9ger et sans couture de forme \u00e9paissie permet une peinture longue et confortable. \r\nNous utilisons la technologie brevet\u00e9e pour fixer les poils \u00e0 l'int\u00e9rieur du manche. \r\nLa touffe de poils plus longue sert de r\u00e9servoir de peinture vous permettant de tracer une longue ligne sans avoir \u00e0 recharger le pinceau. \r\nIl est id\u00e9al pour peindre des lignes d\u00e9coratives et de fins traits calligraphiques.\r\n\r\nThe unique sharp-pointed rigger brush from soft yet resilient sable hair is presented in an unusual design - the wooden lightweight seamless handle of a thickened shape provides long and comfortable painting. We use the patented technology to fasten the hair inside the handle. The longer hair tuft serves as a paint reservoir allowing you to draw a long line without having to refill the brush. It is good for painting decorative lines and fine calligraphic strokes.\r\n<\/pre>\n<p>&nbsp;<\/p>\n<p>&nbsp;<\/p>\n","protected":false},"excerpt":{"rendered":"<p><strong>Le \u00ab\u00a0Pinceau Roubloff Sable Noir\u00a0\u00bb est dot\u00e9 d&rsquo;une pointe fine n\u00b02, avec un manche en laque avec un angle coup\u00e9 et une virole en plastique<\/strong><\/p>\n","protected":false},"featured_media":142,"template":"","meta":[],"product_brand":[],"product_cat":[72,232],"product_tag":[73,74,75,76],"class_list":{"0":"post-96","1":"product","2":"type-product","3":"status-publish","4":"has-post-thumbnail","6":"product_cat-sable-noir-serie-6l4s","7":"product_cat-special-brushes-blur-dkg3r-6i4s-1g3n","8":"product_tag-6l4s","9":"product_tag-6l4s-2","10":"product_tag-sable-noir","11":"product_tag-zibeline","13":"first","14":"instock","15":"taxable","16":"shipping-taxable","17":"purchasable","18":"product-type-simple"},"yoast_head":"<!-- This site is optimized with the Yoast SEO plugin v27.4 - https:\/\/yoast.com\/product\/yoast-seo-wordpress\/ -->\n<title>Sable Noir S\u00e9rie 6L4S-2 - Roubloff France - pinceaux d&#039;art<\/title>\n<meta name=\"robots\" content=\"index, follow, max-snippet:-1, max-image-preview:large, max-video-preview:-1\" \/>\n<link rel=\"canonical\" href=\"https:\/\/roubloff-france.fr\/Roubloff\/produit\/roubloff-sable-noir-serie-6l4s-2\/\" \/>\n<meta property=\"og:locale\" content=\"fr_FR\" \/>\n<meta property=\"og:type\" content=\"article\" \/>\n<meta property=\"og:title\" content=\"Sable Noir S\u00e9rie 6L4S-2 - Roubloff France - pinceaux d&#039;art\" \/>\n<meta property=\"og:description\" content=\"Le &quot;Pinceau Roubloff Sable Noir&quot; est dot\u00e9 d&#039;une pointe fine n\u00b02, avec un manche en laque avec un angle coup\u00e9 et une virole en plastique\" \/>\n<meta property=\"og:url\" content=\"https:\/\/roubloff-france.fr\/Roubloff\/produit\/roubloff-sable-noir-serie-6l4s-2\/\" \/>\n<meta property=\"og:site_name\" content=\"Roubloff France - pinceaux d&#039;art\" \/>\n<meta property=\"article:publisher\" content=\"https:\/\/www.instagram.com\/roubloff_france\/\" \/>\n<meta property=\"article:modified_time\" content=\"2025-12-19T22:01:56+00:00\" \/>\n<meta property=\"og:image\" content=\"https:\/\/roubloff-france.fr\/Roubloff\/wp-content\/uploads\/2021\/03\/614S-1.jpg\" \/>\n\t<meta property=\"og:image:width\" content=\"900\" \/>\n\t<meta property=\"og:image:height\" content=\"1000\" \/>\n\t<meta property=\"og:image:type\" content=\"image\/jpeg\" \/>\n<meta name=\"twitter:card\" content=\"summary_large_image\" \/>\n<meta name=\"twitter:label1\" content=\"Dur\u00e9e de lecture estim\u00e9e\" \/>\n\t<meta name=\"twitter:data1\" content=\"2 minutes\" \/>\n<script type=\"application\/ld+json\" class=\"yoast-schema-graph\">{\"@context\":\"https:\\\/\\\/schema.org\",\"@graph\":[{\"@type\":\"WebPage\",\"@id\":\"https:\\\/\\\/roubloff-france.fr\\\/Roubloff\\\/produit\\\/roubloff-sable-noir-serie-6l4s-2\\\/\",\"url\":\"https:\\\/\\\/roubloff-france.fr\\\/Roubloff\\\/produit\\\/roubloff-sable-noir-serie-6l4s-2\\\/\",\"name\":\"Sable Noir S\u00e9rie 6L4S-2 - Roubloff France - pinceaux d&#039;art\",\"isPartOf\":{\"@id\":\"https:\\\/\\\/roubloff-france.fr\\\/Roubloff\\\/#website\"},\"primaryImageOfPage\":{\"@id\":\"https:\\\/\\\/roubloff-france.fr\\\/Roubloff\\\/produit\\\/roubloff-sable-noir-serie-6l4s-2\\\/#primaryimage\"},\"image\":{\"@id\":\"https:\\\/\\\/roubloff-france.fr\\\/Roubloff\\\/produit\\\/roubloff-sable-noir-serie-6l4s-2\\\/#primaryimage\"},\"thumbnailUrl\":\"https:\\\/\\\/roubloff-france.fr\\\/Roubloff\\\/wp-content\\\/uploads\\\/2021\\\/03\\\/614S-1.jpg\",\"datePublished\":\"2021-03-20T17:43:51+00:00\",\"dateModified\":\"2025-12-19T22:01:56+00:00\",\"breadcrumb\":{\"@id\":\"https:\\\/\\\/roubloff-france.fr\\\/Roubloff\\\/produit\\\/roubloff-sable-noir-serie-6l4s-2\\\/#breadcrumb\"},\"inLanguage\":\"fr-FR\",\"potentialAction\":[{\"@type\":\"ReadAction\",\"target\":[\"https:\\\/\\\/roubloff-france.fr\\\/Roubloff\\\/produit\\\/roubloff-sable-noir-serie-6l4s-2\\\/\"]}]},{\"@type\":\"ImageObject\",\"inLanguage\":\"fr-FR\",\"@id\":\"https:\\\/\\\/roubloff-france.fr\\\/Roubloff\\\/produit\\\/roubloff-sable-noir-serie-6l4s-2\\\/#primaryimage\",\"url\":\"https:\\\/\\\/roubloff-france.fr\\\/Roubloff\\\/wp-content\\\/uploads\\\/2021\\\/03\\\/614S-1.jpg\",\"contentUrl\":\"https:\\\/\\\/roubloff-france.fr\\\/Roubloff\\\/wp-content\\\/uploads\\\/2021\\\/03\\\/614S-1.jpg\",\"width\":900,\"height\":1000},{\"@type\":\"BreadcrumbList\",\"@id\":\"https:\\\/\\\/roubloff-france.fr\\\/Roubloff\\\/produit\\\/roubloff-sable-noir-serie-6l4s-2\\\/#breadcrumb\",\"itemListElement\":[{\"@type\":\"ListItem\",\"position\":1,\"name\":\"Accueil\",\"item\":\"https:\\\/\\\/roubloff-france.fr\\\/Roubloff\\\/\"},{\"@type\":\"ListItem\",\"position\":2,\"name\":\"Les pinceaux Roubloff \u00a9 :\",\"item\":\"https:\\\/\\\/roubloff-france.fr\\\/Roubloff\\\/\"},{\"@type\":\"ListItem\",\"position\":3,\"name\":\"Sable Noir S\u00e9rie 6L4S-2\"}]},{\"@type\":\"WebSite\",\"@id\":\"https:\\\/\\\/roubloff-france.fr\\\/Roubloff\\\/#website\",\"url\":\"https:\\\/\\\/roubloff-france.fr\\\/Roubloff\\\/\",\"name\":\"Roubloff France - pinceaux d'art\",\"description\":\"Les pinceaux d&#039;art pour les artistes, \u00e9coles d&#039;art, revendeurs\",\"publisher\":{\"@id\":\"https:\\\/\\\/roubloff-france.fr\\\/Roubloff\\\/#organization\"},\"potentialAction\":[{\"@type\":\"SearchAction\",\"target\":{\"@type\":\"EntryPoint\",\"urlTemplate\":\"https:\\\/\\\/roubloff-france.fr\\\/Roubloff\\\/?s={search_term_string}\"},\"query-input\":{\"@type\":\"PropertyValueSpecification\",\"valueRequired\":true,\"valueName\":\"search_term_string\"}}],\"inLanguage\":\"fr-FR\"},{\"@type\":\"Organization\",\"@id\":\"https:\\\/\\\/roubloff-france.fr\\\/Roubloff\\\/#organization\",\"name\":\"Roubloff France - pinceaux d'art\",\"url\":\"https:\\\/\\\/roubloff-france.fr\\\/Roubloff\\\/\",\"logo\":{\"@type\":\"ImageObject\",\"inLanguage\":\"fr-FR\",\"@id\":\"https:\\\/\\\/roubloff-france.fr\\\/Roubloff\\\/#\\\/schema\\\/logo\\\/image\\\/\",\"url\":\"https:\\\/\\\/roubloff-france.fr\\\/Roubloff\\\/wp-content\\\/uploads\\\/2022\\\/01\\\/cropped-Logo-Roubloff-Rouge-avec-filet-blanc-250-p.png\",\"contentUrl\":\"https:\\\/\\\/roubloff-france.fr\\\/Roubloff\\\/wp-content\\\/uploads\\\/2022\\\/01\\\/cropped-Logo-Roubloff-Rouge-avec-filet-blanc-250-p.png\",\"width\":261,\"height\":57,\"caption\":\"Roubloff France - pinceaux d'art\"},\"image\":{\"@id\":\"https:\\\/\\\/roubloff-france.fr\\\/Roubloff\\\/#\\\/schema\\\/logo\\\/image\\\/\"},\"sameAs\":[\"https:\\\/\\\/www.instagram.com\\\/roubloff_france\\\/\"]}]}<\/script>\n<!-- \/ Yoast SEO plugin. -->","yoast_head_json":{"title":"Sable Noir S\u00e9rie 6L4S-2 - Roubloff France - pinceaux d&#039;art","robots":{"index":"index","follow":"follow","max-snippet":"max-snippet:-1","max-image-preview":"max-image-preview:large","max-video-preview":"max-video-preview:-1"},"canonical":"https:\/\/roubloff-france.fr\/Roubloff\/produit\/roubloff-sable-noir-serie-6l4s-2\/","og_locale":"fr_FR","og_type":"article","og_title":"Sable Noir S\u00e9rie 6L4S-2 - Roubloff France - pinceaux d&#039;art","og_description":"Le \"Pinceau Roubloff Sable Noir\" est dot\u00e9 d'une pointe fine n\u00b02, avec un manche en laque avec un angle coup\u00e9 et une virole en plastique","og_url":"https:\/\/roubloff-france.fr\/Roubloff\/produit\/roubloff-sable-noir-serie-6l4s-2\/","og_site_name":"Roubloff France - pinceaux d&#039;art","article_publisher":"https:\/\/www.instagram.com\/roubloff_france\/","article_modified_time":"2025-12-19T22:01:56+00:00","og_image":[{"width":900,"height":1000,"url":"https:\/\/roubloff-france.fr\/Roubloff\/wp-content\/uploads\/2021\/03\/614S-1.jpg","type":"image\/jpeg"}],"twitter_card":"summary_large_image","twitter_misc":{"Dur\u00e9e de lecture estim\u00e9e":"2 minutes"},"schema":{"@context":"https:\/\/schema.org","@graph":[{"@type":"WebPage","@id":"https:\/\/roubloff-france.fr\/Roubloff\/produit\/roubloff-sable-noir-serie-6l4s-2\/","url":"https:\/\/roubloff-france.fr\/Roubloff\/produit\/roubloff-sable-noir-serie-6l4s-2\/","name":"Sable Noir S\u00e9rie 6L4S-2 - Roubloff France - pinceaux d&#039;art","isPartOf":{"@id":"https:\/\/roubloff-france.fr\/Roubloff\/#website"},"primaryImageOfPage":{"@id":"https:\/\/roubloff-france.fr\/Roubloff\/produit\/roubloff-sable-noir-serie-6l4s-2\/#primaryimage"},"image":{"@id":"https:\/\/roubloff-france.fr\/Roubloff\/produit\/roubloff-sable-noir-serie-6l4s-2\/#primaryimage"},"thumbnailUrl":"https:\/\/roubloff-france.fr\/Roubloff\/wp-content\/uploads\/2021\/03\/614S-1.jpg","datePublished":"2021-03-20T17:43:51+00:00","dateModified":"2025-12-19T22:01:56+00:00","breadcrumb":{"@id":"https:\/\/roubloff-france.fr\/Roubloff\/produit\/roubloff-sable-noir-serie-6l4s-2\/#breadcrumb"},"inLanguage":"fr-FR","potentialAction":[{"@type":"ReadAction","target":["https:\/\/roubloff-france.fr\/Roubloff\/produit\/roubloff-sable-noir-serie-6l4s-2\/"]}]},{"@type":"ImageObject","inLanguage":"fr-FR","@id":"https:\/\/roubloff-france.fr\/Roubloff\/produit\/roubloff-sable-noir-serie-6l4s-2\/#primaryimage","url":"https:\/\/roubloff-france.fr\/Roubloff\/wp-content\/uploads\/2021\/03\/614S-1.jpg","contentUrl":"https:\/\/roubloff-france.fr\/Roubloff\/wp-content\/uploads\/2021\/03\/614S-1.jpg","width":900,"height":1000},{"@type":"BreadcrumbList","@id":"https:\/\/roubloff-france.fr\/Roubloff\/produit\/roubloff-sable-noir-serie-6l4s-2\/#breadcrumb","itemListElement":[{"@type":"ListItem","position":1,"name":"Accueil","item":"https:\/\/roubloff-france.fr\/Roubloff\/"},{"@type":"ListItem","position":2,"name":"Les pinceaux Roubloff \u00a9 :","item":"https:\/\/roubloff-france.fr\/Roubloff\/"},{"@type":"ListItem","position":3,"name":"Sable Noir S\u00e9rie 6L4S-2"}]},{"@type":"WebSite","@id":"https:\/\/roubloff-france.fr\/Roubloff\/#website","url":"https:\/\/roubloff-france.fr\/Roubloff\/","name":"Roubloff France - pinceaux d'art","description":"Les pinceaux d&#039;art pour les artistes, \u00e9coles d&#039;art, revendeurs","publisher":{"@id":"https:\/\/roubloff-france.fr\/Roubloff\/#organization"},"potentialAction":[{"@type":"SearchAction","target":{"@type":"EntryPoint","urlTemplate":"https:\/\/roubloff-france.fr\/Roubloff\/?s={search_term_string}"},"query-input":{"@type":"PropertyValueSpecification","valueRequired":true,"valueName":"search_term_string"}}],"inLanguage":"fr-FR"},{"@type":"Organization","@id":"https:\/\/roubloff-france.fr\/Roubloff\/#organization","name":"Roubloff France - pinceaux d'art","url":"https:\/\/roubloff-france.fr\/Roubloff\/","logo":{"@type":"ImageObject","inLanguage":"fr-FR","@id":"https:\/\/roubloff-france.fr\/Roubloff\/#\/schema\/logo\/image\/","url":"https:\/\/roubloff-france.fr\/Roubloff\/wp-content\/uploads\/2022\/01\/cropped-Logo-Roubloff-Rouge-avec-filet-blanc-250-p.png","contentUrl":"https:\/\/roubloff-france.fr\/Roubloff\/wp-content\/uploads\/2022\/01\/cropped-Logo-Roubloff-Rouge-avec-filet-blanc-250-p.png","width":261,"height":57,"caption":"Roubloff France - pinceaux d'art"},"image":{"@id":"https:\/\/roubloff-france.fr\/Roubloff\/#\/schema\/logo\/image\/"},"sameAs":["https:\/\/www.instagram.com\/roubloff_france\/"]}]}},"_links":{"self":[{"href":"https:\/\/roubloff-france.fr\/Roubloff\/wp-json\/wp\/v2\/product\/96","targetHints":{"allow":["GET"]}}],"collection":[{"href":"https:\/\/roubloff-france.fr\/Roubloff\/wp-json\/wp\/v2\/product"}],"about":[{"href":"https:\/\/roubloff-france.fr\/Roubloff\/wp-json\/wp\/v2\/types\/product"}],"wp:featuredmedia":[{"embeddable":true,"href":"https:\/\/roubloff-france.fr\/Roubloff\/wp-json\/wp\/v2\/media\/142"}],"wp:attachment":[{"href":"https:\/\/roubloff-france.fr\/Roubloff\/wp-json\/wp\/v2\/media?parent=96"}],"wp:term":[{"taxonomy":"product_brand","embeddable":true,"href":"https:\/\/roubloff-france.fr\/Roubloff\/wp-json\/wp\/v2\/product_brand?post=96"},{"taxonomy":"product_cat","embeddable":true,"href":"https:\/\/roubloff-france.fr\/Roubloff\/wp-json\/wp\/v2\/product_cat?post=96"},{"taxonomy":"product_tag","embeddable":true,"href":"https:\/\/roubloff-france.fr\/Roubloff\/wp-json\/wp\/v2\/product_tag?post=96"}],"curies":[{"name":"wp","href":"https:\/\/api.w.org\/{rel}","templated":true}]}}