{"id":92,"date":"2021-03-20T18:43:51","date_gmt":"2021-03-20T17:43:51","guid":{"rendered":"https:\/\/roubloff-france.fr\/Roubloff\/?post_type=product&#038;p=92"},"modified":"2023-04-22T10:32:51","modified_gmt":"2023-04-22T08:32:51","slug":"roubloff-mangouste-synthetique-serie-5t64c-35","status":"publish","type":"product","link":"https:\/\/roubloff-france.fr\/Roubloff\/produit\/roubloff-mangouste-synthetique-serie-5t64c-35\/","title":{"rendered":"Mangouste synth\u00e9tique S\u00e9rie 5T64C-35"},"content":{"rendered":"<h3>Pinceau synth\u00e9tique imitation mangouste, avec une coupe des poils en angle de 35\u00b0, d\u2019une largeur de 25, 35 ou 50mm, dot\u00e9 d\u2019un manche en bois panach\u00e9 rond, et d\u2019une virole argent\u00e9e<\/h3>\n<p>Le pinceau \u00e0 peinture angulaire en imitation de mangouste synth\u00e9tique a une structure plus rigide que les poils d&rsquo;\u00e9cureuil, mais plus doux que les poils de porc. Il convient pour travailler avec des peintures comme l&rsquo;acrylique, la gouache, la d\u00e9trempe, l&rsquo;encre et l&rsquo;aquarelle. Cette brosse est un outil irrempla\u00e7able pour humidifier le papier grand format, pour les lavages unicolores ou d\u00e9grad\u00e9s, et pour appliquer des rayures avec diverses peintures liquides. Les cheveux absorbent l&rsquo;eau et en m\u00eame temps la donnent bien \u00e0 la toile, ce qui vous permet d&rsquo;appliquer une large couche de peinture d&rsquo;un seul coup et, en plus, d&rsquo;obtenir une forme de tache int\u00e9ressante en tournant la main uniquement. La toute nouvelle poign\u00e9e ronde l\u00e9g\u00e8re le rend confortable \u00e0 travailler et vous permet de cr\u00e9er des traits vifs et ornementaux par rotation qui \u00e9largissent les possibilit\u00e9s de l&rsquo;artiste dans la r\u00e9alisation des id\u00e9es.<\/p>\n<pre>Application: aquarelle, pinceaux, gouache, huile\r\nPoils : synth\u00e9tique\r\nType de poils : imitation mangouste\r\nRigidit\u00e9 : 1\r\nVirole : mat (acier)\r\nForme de t\u00eate de brosse : angulaire\r\n\r\nTailles : <strong>35<\/strong> 50\r\n\r\nAvantages : \r\n- Mat\u00e9riaux de haute qualit\u00e9\r\n- Multifonctionnel\r\n- Produit original\r\n\r\nEn savoir plus : <a href=\"https:\/\/roubloff.ru\/catalog\/artbrushes\/5t64c\/\" target=\"_blank\" rel=\"noopener noreferrer\">https:\/\/roubloff.ru\/catalog\/artbrushes\/5t64c\/<\/a><\/pre>\n<hr \/>\n<h3><strong>Painting brush synthetic mongoose imitation, angular 35, round variegated wooden handle, silver ferrule<\/strong><\/h3>\n<p>Angular painting brush from synthetic mongoose imitation has a stiffer structure than squirrel hair, but softer than hog&rsquo;s bristle. It is suitable for working with such paints as acrylic, gouache, tempera, ink and watercolor. This brush is an irreplaceable tool for moistening large-format paper, for one-color or gradient washes, and for applying stripes with various liquid paints. The hair absorbs water and at the same time gives it out well to the canvas, which lets you apply a wide layer of paint with one stroke and, besides, get an interesting shape of a stain by turning the hand only. Brand-new light round handle makes it comfortable to work and lets you create vivid and ornemental strokes by rotation that expands opportunities of the artist in realization of the ideas.<\/p>\n<pre>Application: Watercolor,Painting brushes,Gouache,Oil\r\nHair: Synthetic\r\nHair type: Mongoose imitation\r\nStiffness: 1\r\nFerrule: Mat (Steel)\r\nBrush head shape: Angular\r\nSizes : <strong>35<\/strong> 50\r\n\r\nAdvantages :\r\n- Materials of high quality\r\n- Multifunctional\r\n- Original product\r\n\r\nLearn more: <a href=\"https:\/\/roubloff.ru\/catalog\/artbrushes\/5t64c\/\" target=\"_blank\" rel=\"noopener noreferrer\">https:\/\/roubloff.ru\/catalog\/artbrushes\/5t64c\/<\/a>\r\n\r\n<\/pre>\n","protected":false},"excerpt":{"rendered":"<h3>Pinceau synth\u00e9tique imitation mangouste, avec une coupe des poils en angle de 35\u00b0, d\u2019une largeur de 25, 35 ou 50mm, dot\u00e9 d\u2019un manche en bois panach\u00e9 rond, et d\u2019une virole argent\u00e9e<\/h3>\n","protected":false},"featured_media":138,"template":"","meta":[],"product_brand":[],"product_cat":[64,16],"product_tag":[65,66,53,47],"class_list":{"0":"post-92","1":"product","2":"type-product","3":"status-publish","4":"has-post-thumbnail","6":"product_cat-serie-5t64c","7":"product_cat-les-pinceaux-dart-roubloff","8":"product_tag-5t64c","9":"product_tag-5t64c-35","10":"product_tag-art-brushes","11":"product_tag-mangouste-synthetique","13":"first","14":"instock","15":"taxable","16":"shipping-taxable","17":"purchasable","18":"product-type-simple"},"yoast_head":"<!-- This site is optimized with the Yoast SEO plugin v27.3 - https:\/\/yoast.com\/product\/yoast-seo-wordpress\/ -->\n<title>Mangouste synth\u00e9tique S\u00e9rie 5T64C-35 - Roubloff France - pinceaux d&#039;art<\/title>\n<meta name=\"description\" content=\"Pinceau synth\u00e9tique imitation mangouste, avec une coupe des poils en angle de 35\u00b0, d\u2019une largeur de 25, 35 ou 50mm, dot\u00e9 d\u2019un manche en bois panach\u00e9 rond, et d\u2019une virole argent\u00e9e\" \/>\n<meta name=\"robots\" content=\"index, follow, max-snippet:-1, max-image-preview:large, max-video-preview:-1\" \/>\n<link rel=\"canonical\" href=\"https:\/\/roubloff-france.fr\/Roubloff\/produit\/roubloff-mangouste-synthetique-serie-5t64c-35\/\" \/>\n<meta property=\"og:locale\" content=\"fr_FR\" \/>\n<meta property=\"og:type\" content=\"article\" \/>\n<meta property=\"og:title\" content=\"Mangouste synth\u00e9tique S\u00e9rie 5T64C-35 - Roubloff France - pinceaux d&#039;art\" \/>\n<meta property=\"og:description\" content=\"Pinceau synth\u00e9tique imitation mangouste, avec une coupe des poils en angle de 35\u00b0, d\u2019une largeur de 25, 35 ou 50mm, dot\u00e9 d\u2019un manche en bois panach\u00e9 rond, et d\u2019une virole argent\u00e9e\" \/>\n<meta property=\"og:url\" content=\"https:\/\/roubloff-france.fr\/Roubloff\/produit\/roubloff-mangouste-synthetique-serie-5t64c-35\/\" \/>\n<meta property=\"og:site_name\" content=\"Roubloff France - pinceaux d&#039;art\" \/>\n<meta property=\"article:publisher\" content=\"https:\/\/www.instagram.com\/roubloff_france\/\" \/>\n<meta property=\"article:modified_time\" content=\"2023-04-22T08:32:51+00:00\" \/>\n<meta property=\"og:image\" content=\"https:\/\/roubloff-france.fr\/Roubloff\/wp-content\/uploads\/2021\/03\/5T64C-1.jpg\" \/>\n\t<meta property=\"og:image:width\" content=\"900\" \/>\n\t<meta property=\"og:image:height\" content=\"1000\" \/>\n\t<meta property=\"og:image:type\" content=\"image\/jpeg\" \/>\n<meta name=\"twitter:card\" content=\"summary_large_image\" \/>\n<meta name=\"twitter:label1\" content=\"Dur\u00e9e de lecture estim\u00e9e\" \/>\n\t<meta name=\"twitter:data1\" content=\"2 minutes\" \/>\n<script type=\"application\/ld+json\" class=\"yoast-schema-graph\">{\"@context\":\"https:\\\/\\\/schema.org\",\"@graph\":[{\"@type\":\"WebPage\",\"@id\":\"https:\\\/\\\/roubloff-france.fr\\\/Roubloff\\\/produit\\\/roubloff-mangouste-synthetique-serie-5t64c-35\\\/\",\"url\":\"https:\\\/\\\/roubloff-france.fr\\\/Roubloff\\\/produit\\\/roubloff-mangouste-synthetique-serie-5t64c-35\\\/\",\"name\":\"Mangouste synth\u00e9tique S\u00e9rie 5T64C-35 - Roubloff France - pinceaux d&#039;art\",\"isPartOf\":{\"@id\":\"https:\\\/\\\/roubloff-france.fr\\\/Roubloff\\\/#website\"},\"primaryImageOfPage\":{\"@id\":\"https:\\\/\\\/roubloff-france.fr\\\/Roubloff\\\/produit\\\/roubloff-mangouste-synthetique-serie-5t64c-35\\\/#primaryimage\"},\"image\":{\"@id\":\"https:\\\/\\\/roubloff-france.fr\\\/Roubloff\\\/produit\\\/roubloff-mangouste-synthetique-serie-5t64c-35\\\/#primaryimage\"},\"thumbnailUrl\":\"https:\\\/\\\/roubloff-france.fr\\\/Roubloff\\\/wp-content\\\/uploads\\\/2021\\\/03\\\/5T64C-1.jpg\",\"datePublished\":\"2021-03-20T17:43:51+00:00\",\"dateModified\":\"2023-04-22T08:32:51+00:00\",\"description\":\"Pinceau synth\u00e9tique imitation mangouste, avec une coupe des poils en angle de 35\u00b0, d\u2019une largeur de 25, 35 ou 50mm, dot\u00e9 d\u2019un manche en bois panach\u00e9 rond, et d\u2019une virole argent\u00e9e\",\"breadcrumb\":{\"@id\":\"https:\\\/\\\/roubloff-france.fr\\\/Roubloff\\\/produit\\\/roubloff-mangouste-synthetique-serie-5t64c-35\\\/#breadcrumb\"},\"inLanguage\":\"fr-FR\",\"potentialAction\":[{\"@type\":\"ReadAction\",\"target\":[\"https:\\\/\\\/roubloff-france.fr\\\/Roubloff\\\/produit\\\/roubloff-mangouste-synthetique-serie-5t64c-35\\\/\"]}]},{\"@type\":\"ImageObject\",\"inLanguage\":\"fr-FR\",\"@id\":\"https:\\\/\\\/roubloff-france.fr\\\/Roubloff\\\/produit\\\/roubloff-mangouste-synthetique-serie-5t64c-35\\\/#primaryimage\",\"url\":\"https:\\\/\\\/roubloff-france.fr\\\/Roubloff\\\/wp-content\\\/uploads\\\/2021\\\/03\\\/5T64C-1.jpg\",\"contentUrl\":\"https:\\\/\\\/roubloff-france.fr\\\/Roubloff\\\/wp-content\\\/uploads\\\/2021\\\/03\\\/5T64C-1.jpg\",\"width\":900,\"height\":1000},{\"@type\":\"BreadcrumbList\",\"@id\":\"https:\\\/\\\/roubloff-france.fr\\\/Roubloff\\\/produit\\\/roubloff-mangouste-synthetique-serie-5t64c-35\\\/#breadcrumb\",\"itemListElement\":[{\"@type\":\"ListItem\",\"position\":1,\"name\":\"Accueil\",\"item\":\"https:\\\/\\\/roubloff-france.fr\\\/Roubloff\\\/\"},{\"@type\":\"ListItem\",\"position\":2,\"name\":\"Les pinceaux Roubloff \u00a9 :\",\"item\":\"https:\\\/\\\/roubloff-france.fr\\\/Roubloff\\\/\"},{\"@type\":\"ListItem\",\"position\":3,\"name\":\"Mangouste synth\u00e9tique S\u00e9rie 5T64C-35\"}]},{\"@type\":\"WebSite\",\"@id\":\"https:\\\/\\\/roubloff-france.fr\\\/Roubloff\\\/#website\",\"url\":\"https:\\\/\\\/roubloff-france.fr\\\/Roubloff\\\/\",\"name\":\"Roubloff France - pinceaux d'art\",\"description\":\"Les pinceaux d&#039;art pour les artistes, \u00e9coles d&#039;art, revendeurs\",\"publisher\":{\"@id\":\"https:\\\/\\\/roubloff-france.fr\\\/Roubloff\\\/#organization\"},\"potentialAction\":[{\"@type\":\"SearchAction\",\"target\":{\"@type\":\"EntryPoint\",\"urlTemplate\":\"https:\\\/\\\/roubloff-france.fr\\\/Roubloff\\\/?s={search_term_string}\"},\"query-input\":{\"@type\":\"PropertyValueSpecification\",\"valueRequired\":true,\"valueName\":\"search_term_string\"}}],\"inLanguage\":\"fr-FR\"},{\"@type\":\"Organization\",\"@id\":\"https:\\\/\\\/roubloff-france.fr\\\/Roubloff\\\/#organization\",\"name\":\"Roubloff France - pinceaux d'art\",\"url\":\"https:\\\/\\\/roubloff-france.fr\\\/Roubloff\\\/\",\"logo\":{\"@type\":\"ImageObject\",\"inLanguage\":\"fr-FR\",\"@id\":\"https:\\\/\\\/roubloff-france.fr\\\/Roubloff\\\/#\\\/schema\\\/logo\\\/image\\\/\",\"url\":\"https:\\\/\\\/roubloff-france.fr\\\/Roubloff\\\/wp-content\\\/uploads\\\/2022\\\/01\\\/cropped-Logo-Roubloff-Rouge-avec-filet-blanc-250-p.png\",\"contentUrl\":\"https:\\\/\\\/roubloff-france.fr\\\/Roubloff\\\/wp-content\\\/uploads\\\/2022\\\/01\\\/cropped-Logo-Roubloff-Rouge-avec-filet-blanc-250-p.png\",\"width\":261,\"height\":57,\"caption\":\"Roubloff France - pinceaux d'art\"},\"image\":{\"@id\":\"https:\\\/\\\/roubloff-france.fr\\\/Roubloff\\\/#\\\/schema\\\/logo\\\/image\\\/\"},\"sameAs\":[\"https:\\\/\\\/www.instagram.com\\\/roubloff_france\\\/\"]}]}<\/script>\n<!-- \/ Yoast SEO plugin. -->","yoast_head_json":{"title":"Mangouste synth\u00e9tique S\u00e9rie 5T64C-35 - Roubloff France - pinceaux d&#039;art","description":"Pinceau synth\u00e9tique imitation mangouste, avec une coupe des poils en angle de 35\u00b0, d\u2019une largeur de 25, 35 ou 50mm, dot\u00e9 d\u2019un manche en bois panach\u00e9 rond, et d\u2019une virole argent\u00e9e","robots":{"index":"index","follow":"follow","max-snippet":"max-snippet:-1","max-image-preview":"max-image-preview:large","max-video-preview":"max-video-preview:-1"},"canonical":"https:\/\/roubloff-france.fr\/Roubloff\/produit\/roubloff-mangouste-synthetique-serie-5t64c-35\/","og_locale":"fr_FR","og_type":"article","og_title":"Mangouste synth\u00e9tique S\u00e9rie 5T64C-35 - Roubloff France - pinceaux d&#039;art","og_description":"Pinceau synth\u00e9tique imitation mangouste, avec une coupe des poils en angle de 35\u00b0, d\u2019une largeur de 25, 35 ou 50mm, dot\u00e9 d\u2019un manche en bois panach\u00e9 rond, et d\u2019une virole argent\u00e9e","og_url":"https:\/\/roubloff-france.fr\/Roubloff\/produit\/roubloff-mangouste-synthetique-serie-5t64c-35\/","og_site_name":"Roubloff France - pinceaux d&#039;art","article_publisher":"https:\/\/www.instagram.com\/roubloff_france\/","article_modified_time":"2023-04-22T08:32:51+00:00","og_image":[{"width":900,"height":1000,"url":"https:\/\/roubloff-france.fr\/Roubloff\/wp-content\/uploads\/2021\/03\/5T64C-1.jpg","type":"image\/jpeg"}],"twitter_card":"summary_large_image","twitter_misc":{"Dur\u00e9e de lecture estim\u00e9e":"2 minutes"},"schema":{"@context":"https:\/\/schema.org","@graph":[{"@type":"WebPage","@id":"https:\/\/roubloff-france.fr\/Roubloff\/produit\/roubloff-mangouste-synthetique-serie-5t64c-35\/","url":"https:\/\/roubloff-france.fr\/Roubloff\/produit\/roubloff-mangouste-synthetique-serie-5t64c-35\/","name":"Mangouste synth\u00e9tique S\u00e9rie 5T64C-35 - Roubloff France - pinceaux d&#039;art","isPartOf":{"@id":"https:\/\/roubloff-france.fr\/Roubloff\/#website"},"primaryImageOfPage":{"@id":"https:\/\/roubloff-france.fr\/Roubloff\/produit\/roubloff-mangouste-synthetique-serie-5t64c-35\/#primaryimage"},"image":{"@id":"https:\/\/roubloff-france.fr\/Roubloff\/produit\/roubloff-mangouste-synthetique-serie-5t64c-35\/#primaryimage"},"thumbnailUrl":"https:\/\/roubloff-france.fr\/Roubloff\/wp-content\/uploads\/2021\/03\/5T64C-1.jpg","datePublished":"2021-03-20T17:43:51+00:00","dateModified":"2023-04-22T08:32:51+00:00","description":"Pinceau synth\u00e9tique imitation mangouste, avec une coupe des poils en angle de 35\u00b0, d\u2019une largeur de 25, 35 ou 50mm, dot\u00e9 d\u2019un manche en bois panach\u00e9 rond, et d\u2019une virole argent\u00e9e","breadcrumb":{"@id":"https:\/\/roubloff-france.fr\/Roubloff\/produit\/roubloff-mangouste-synthetique-serie-5t64c-35\/#breadcrumb"},"inLanguage":"fr-FR","potentialAction":[{"@type":"ReadAction","target":["https:\/\/roubloff-france.fr\/Roubloff\/produit\/roubloff-mangouste-synthetique-serie-5t64c-35\/"]}]},{"@type":"ImageObject","inLanguage":"fr-FR","@id":"https:\/\/roubloff-france.fr\/Roubloff\/produit\/roubloff-mangouste-synthetique-serie-5t64c-35\/#primaryimage","url":"https:\/\/roubloff-france.fr\/Roubloff\/wp-content\/uploads\/2021\/03\/5T64C-1.jpg","contentUrl":"https:\/\/roubloff-france.fr\/Roubloff\/wp-content\/uploads\/2021\/03\/5T64C-1.jpg","width":900,"height":1000},{"@type":"BreadcrumbList","@id":"https:\/\/roubloff-france.fr\/Roubloff\/produit\/roubloff-mangouste-synthetique-serie-5t64c-35\/#breadcrumb","itemListElement":[{"@type":"ListItem","position":1,"name":"Accueil","item":"https:\/\/roubloff-france.fr\/Roubloff\/"},{"@type":"ListItem","position":2,"name":"Les pinceaux Roubloff \u00a9 :","item":"https:\/\/roubloff-france.fr\/Roubloff\/"},{"@type":"ListItem","position":3,"name":"Mangouste synth\u00e9tique S\u00e9rie 5T64C-35"}]},{"@type":"WebSite","@id":"https:\/\/roubloff-france.fr\/Roubloff\/#website","url":"https:\/\/roubloff-france.fr\/Roubloff\/","name":"Roubloff France - pinceaux d'art","description":"Les pinceaux d&#039;art pour les artistes, \u00e9coles d&#039;art, revendeurs","publisher":{"@id":"https:\/\/roubloff-france.fr\/Roubloff\/#organization"},"potentialAction":[{"@type":"SearchAction","target":{"@type":"EntryPoint","urlTemplate":"https:\/\/roubloff-france.fr\/Roubloff\/?s={search_term_string}"},"query-input":{"@type":"PropertyValueSpecification","valueRequired":true,"valueName":"search_term_string"}}],"inLanguage":"fr-FR"},{"@type":"Organization","@id":"https:\/\/roubloff-france.fr\/Roubloff\/#organization","name":"Roubloff France - pinceaux d'art","url":"https:\/\/roubloff-france.fr\/Roubloff\/","logo":{"@type":"ImageObject","inLanguage":"fr-FR","@id":"https:\/\/roubloff-france.fr\/Roubloff\/#\/schema\/logo\/image\/","url":"https:\/\/roubloff-france.fr\/Roubloff\/wp-content\/uploads\/2022\/01\/cropped-Logo-Roubloff-Rouge-avec-filet-blanc-250-p.png","contentUrl":"https:\/\/roubloff-france.fr\/Roubloff\/wp-content\/uploads\/2022\/01\/cropped-Logo-Roubloff-Rouge-avec-filet-blanc-250-p.png","width":261,"height":57,"caption":"Roubloff France - pinceaux d'art"},"image":{"@id":"https:\/\/roubloff-france.fr\/Roubloff\/#\/schema\/logo\/image\/"},"sameAs":["https:\/\/www.instagram.com\/roubloff_france\/"]}]}},"_links":{"self":[{"href":"https:\/\/roubloff-france.fr\/Roubloff\/wp-json\/wp\/v2\/product\/92","targetHints":{"allow":["GET"]}}],"collection":[{"href":"https:\/\/roubloff-france.fr\/Roubloff\/wp-json\/wp\/v2\/product"}],"about":[{"href":"https:\/\/roubloff-france.fr\/Roubloff\/wp-json\/wp\/v2\/types\/product"}],"wp:featuredmedia":[{"embeddable":true,"href":"https:\/\/roubloff-france.fr\/Roubloff\/wp-json\/wp\/v2\/media\/138"}],"wp:attachment":[{"href":"https:\/\/roubloff-france.fr\/Roubloff\/wp-json\/wp\/v2\/media?parent=92"}],"wp:term":[{"taxonomy":"product_brand","embeddable":true,"href":"https:\/\/roubloff-france.fr\/Roubloff\/wp-json\/wp\/v2\/product_brand?post=92"},{"taxonomy":"product_cat","embeddable":true,"href":"https:\/\/roubloff-france.fr\/Roubloff\/wp-json\/wp\/v2\/product_cat?post=92"},{"taxonomy":"product_tag","embeddable":true,"href":"https:\/\/roubloff-france.fr\/Roubloff\/wp-json\/wp\/v2\/product_tag?post=92"}],"curies":[{"name":"wp","href":"https:\/\/api.w.org\/{rel}","templated":true}]}}