{"id":90,"date":"2021-03-20T18:43:51","date_gmt":"2021-03-20T17:43:51","guid":{"rendered":"https:\/\/roubloff-france.fr\/Roubloff\/?post_type=product&#038;p=90"},"modified":"2026-02-18T15:05:09","modified_gmt":"2026-02-18T14:05:09","slug":"roubloff-chevre-blanc-serie-5g2nc-30","status":"publish","type":"product","link":"https:\/\/roubloff-france.fr\/Roubloff\/produit\/roubloff-chevre-blanc-serie-5g2nc-30\/","title":{"rendered":"5G2NC-30 Ch\u00e8vre Blanc"},"content":{"rendered":"<p><strong>Pinceau en ch\u00e8vre blanc, de format plat de 20 \u00e0 50 mm avec un manche court de couleur noisette et une virole en acier inoxydable<\/strong><\/p>\n<p>Le large pinceau \u00e0 base de poils de ch\u00e8vre blancs de premi\u00e8re qualit\u00e9 est parfait non seulement pour mouiller le papier en technique humide, mais aussi pour le travail des couleurs.<\/p>\n<p>Les poils blancs permettent d&rsquo;identifier facilement l&rsquo;intensit\u00e9 de la couleur. Les poils de ch\u00e8vre hydroscopiques absorbent \u00e9galement rapidement une grande quantit\u00e9 d&rsquo;eau et s&rsquo;\u00e9talent uniform\u00e9ment sur le papier. Les poils sont doux et combin\u00e9s \u00e0 une poign\u00e9e ronde brevet\u00e9e permettent \u00e0 un artiste d&rsquo;ouvrir de nouvelles opportunit\u00e9s pour mettre en \u0153uvre des id\u00e9es cr\u00e9atives, des traits vifs et des garnitures.<\/p>\n<p>L&#8217;embout de brosse durable est en acier inoxydable.<\/p>\n<p>Application : pinceaux \u00e0 peinture<br \/>\nPoils : naturel<br \/>\nType de poils : ch\u00e8vre blanche<br \/>\nRigidit\u00e9 : 0<br \/>\nVirole : mat (acier)<br \/>\nForme de t\u00eate de brosse : plate<br \/>\nTailles : 20, 25, 30, 35, 50<\/p>\n<pre><strong>Avantages<\/strong> :\r\n- Mat\u00e9riaux de haute qualit\u00e9\r\n- Pour les professionnels\r\n- Produit original<\/pre>\n<p>&nbsp;<\/p>\n<p><strong>Painting brush white goat, flat 30 with a short nut-brown handle and a white ferrule<\/strong><\/p>\n<p>Wide painting brush from premium white goat hair is perfect not only for wetting the paper in wet-on-wet technique, but also for color work.<br \/>\nWhite hair makes it easy to identify color intensity. Hydroscopic goat hair also quickly absorbs a great amount of water and evenly spreads on paper.<br \/>\nGentle and soft brush head hair combined with patented round handle let an artist open new opportuninies to implement creative ideas, vivid strokes and fillings.<br \/>\nDurable brush ferrule is made of stainless still.<\/p>\n<p>Application: Painting brushes<br \/>\nHair: Natural<br \/>\nHair type: White goat<br \/>\nStiffness: 0<br \/>\nFerrule: Mat (Steel)<br \/>\nBrush head shape: Flat Sizes:20 25 30 35 50<\/p>\n<pre>Advantages:\r\n- Materials of high quality\r\n- For professionals\r\n- Original product<\/pre>\n","protected":false},"excerpt":{"rendered":"<h3>Pinceau en ch\u00e8vre blanc, de format plat de 20 \u00e0 50 mm avec un manche court de couleur noisette et une virole en acier inoxydable<\/h3>\n","protected":false},"featured_media":932,"template":"","meta":[],"product_brand":[],"product_cat":[57],"product_tag":[58,59,60],"class_list":{"0":"post-90","1":"product","2":"type-product","3":"status-publish","4":"has-post-thumbnail","6":"product_cat-serie-5g2nc","7":"product_tag-5g2nc","8":"product_tag-5g2nc-30","9":"product_tag-chevre-blanc","11":"first","12":"instock","13":"taxable","14":"shipping-taxable","15":"purchasable","16":"product-type-simple"},"yoast_head":"<!-- This site is optimized with the Yoast SEO plugin v27.3 - https:\/\/yoast.com\/product\/yoast-seo-wordpress\/ -->\n<title>5G2NC-30 Ch\u00e8vre Blanc - Roubloff France - pinceaux d&#039;art<\/title>\n<meta name=\"description\" content=\"Pinceau en ch\u00e8vre blanc, de format plat de 20 \u00e0 50 mm avec un manche court de couleur noisette et une virole en acier inoxydable\" \/>\n<meta name=\"robots\" content=\"index, follow, max-snippet:-1, max-image-preview:large, max-video-preview:-1\" \/>\n<link rel=\"canonical\" href=\"https:\/\/roubloff-france.fr\/Roubloff\/produit\/roubloff-chevre-blanc-serie-5g2nc-30\/\" \/>\n<meta property=\"og:locale\" content=\"fr_FR\" \/>\n<meta property=\"og:type\" content=\"article\" \/>\n<meta property=\"og:title\" content=\"5G2NC-30 Ch\u00e8vre Blanc - Roubloff France - pinceaux d&#039;art\" \/>\n<meta property=\"og:description\" content=\"Pinceau en ch\u00e8vre blanc, de format plat de 20 \u00e0 50 mm avec un manche court de couleur noisette et une virole en acier inoxydable\" \/>\n<meta property=\"og:url\" content=\"https:\/\/roubloff-france.fr\/Roubloff\/produit\/roubloff-chevre-blanc-serie-5g2nc-30\/\" \/>\n<meta property=\"og:site_name\" content=\"Roubloff France - pinceaux d&#039;art\" \/>\n<meta property=\"article:publisher\" content=\"https:\/\/www.instagram.com\/roubloff_france\/\" \/>\n<meta property=\"article:modified_time\" content=\"2026-02-18T14:05:09+00:00\" \/>\n<meta property=\"og:image\" content=\"http:\/\/roubloff-france.fr\/Roubloff\/wp-content\/uploads\/2025\/05\/5G2NC-30_1.jpg\" \/>\n\t<meta property=\"og:image:width\" content=\"900\" \/>\n\t<meta property=\"og:image:height\" content=\"1000\" \/>\n\t<meta property=\"og:image:type\" content=\"image\/jpeg\" \/>\n<meta name=\"twitter:card\" content=\"summary_large_image\" \/>\n<meta name=\"twitter:label1\" content=\"Dur\u00e9e de lecture estim\u00e9e\" \/>\n\t<meta name=\"twitter:data1\" content=\"2 minutes\" \/>\n<script type=\"application\/ld+json\" class=\"yoast-schema-graph\">{\"@context\":\"https:\\\/\\\/schema.org\",\"@graph\":[{\"@type\":\"WebPage\",\"@id\":\"https:\\\/\\\/roubloff-france.fr\\\/Roubloff\\\/produit\\\/roubloff-chevre-blanc-serie-5g2nc-30\\\/\",\"url\":\"https:\\\/\\\/roubloff-france.fr\\\/Roubloff\\\/produit\\\/roubloff-chevre-blanc-serie-5g2nc-30\\\/\",\"name\":\"5G2NC-30 Ch\u00e8vre Blanc - Roubloff France - pinceaux d&#039;art\",\"isPartOf\":{\"@id\":\"https:\\\/\\\/roubloff-france.fr\\\/Roubloff\\\/#website\"},\"primaryImageOfPage\":{\"@id\":\"https:\\\/\\\/roubloff-france.fr\\\/Roubloff\\\/produit\\\/roubloff-chevre-blanc-serie-5g2nc-30\\\/#primaryimage\"},\"image\":{\"@id\":\"https:\\\/\\\/roubloff-france.fr\\\/Roubloff\\\/produit\\\/roubloff-chevre-blanc-serie-5g2nc-30\\\/#primaryimage\"},\"thumbnailUrl\":\"https:\\\/\\\/roubloff-france.fr\\\/Roubloff\\\/wp-content\\\/uploads\\\/2025\\\/05\\\/5G2NC-30_1.jpg\",\"datePublished\":\"2021-03-20T17:43:51+00:00\",\"dateModified\":\"2026-02-18T14:05:09+00:00\",\"description\":\"Pinceau en ch\u00e8vre blanc, de format plat de 20 \u00e0 50 mm avec un manche court de couleur noisette et une virole en acier inoxydable\",\"breadcrumb\":{\"@id\":\"https:\\\/\\\/roubloff-france.fr\\\/Roubloff\\\/produit\\\/roubloff-chevre-blanc-serie-5g2nc-30\\\/#breadcrumb\"},\"inLanguage\":\"fr-FR\",\"potentialAction\":[{\"@type\":\"ReadAction\",\"target\":[\"https:\\\/\\\/roubloff-france.fr\\\/Roubloff\\\/produit\\\/roubloff-chevre-blanc-serie-5g2nc-30\\\/\"]}]},{\"@type\":\"ImageObject\",\"inLanguage\":\"fr-FR\",\"@id\":\"https:\\\/\\\/roubloff-france.fr\\\/Roubloff\\\/produit\\\/roubloff-chevre-blanc-serie-5g2nc-30\\\/#primaryimage\",\"url\":\"https:\\\/\\\/roubloff-france.fr\\\/Roubloff\\\/wp-content\\\/uploads\\\/2025\\\/05\\\/5G2NC-30_1.jpg\",\"contentUrl\":\"https:\\\/\\\/roubloff-france.fr\\\/Roubloff\\\/wp-content\\\/uploads\\\/2025\\\/05\\\/5G2NC-30_1.jpg\",\"width\":900,\"height\":1000},{\"@type\":\"BreadcrumbList\",\"@id\":\"https:\\\/\\\/roubloff-france.fr\\\/Roubloff\\\/produit\\\/roubloff-chevre-blanc-serie-5g2nc-30\\\/#breadcrumb\",\"itemListElement\":[{\"@type\":\"ListItem\",\"position\":1,\"name\":\"Accueil\",\"item\":\"https:\\\/\\\/roubloff-france.fr\\\/Roubloff\\\/\"},{\"@type\":\"ListItem\",\"position\":2,\"name\":\"Les pinceaux Roubloff \u00a9 :\",\"item\":\"https:\\\/\\\/roubloff-france.fr\\\/Roubloff\\\/\"},{\"@type\":\"ListItem\",\"position\":3,\"name\":\"5G2NC-30 Ch\u00e8vre Blanc\"}]},{\"@type\":\"WebSite\",\"@id\":\"https:\\\/\\\/roubloff-france.fr\\\/Roubloff\\\/#website\",\"url\":\"https:\\\/\\\/roubloff-france.fr\\\/Roubloff\\\/\",\"name\":\"Roubloff France - pinceaux d'art\",\"description\":\"Les pinceaux d&#039;art pour les artistes, \u00e9coles d&#039;art, revendeurs\",\"publisher\":{\"@id\":\"https:\\\/\\\/roubloff-france.fr\\\/Roubloff\\\/#organization\"},\"potentialAction\":[{\"@type\":\"SearchAction\",\"target\":{\"@type\":\"EntryPoint\",\"urlTemplate\":\"https:\\\/\\\/roubloff-france.fr\\\/Roubloff\\\/?s={search_term_string}\"},\"query-input\":{\"@type\":\"PropertyValueSpecification\",\"valueRequired\":true,\"valueName\":\"search_term_string\"}}],\"inLanguage\":\"fr-FR\"},{\"@type\":\"Organization\",\"@id\":\"https:\\\/\\\/roubloff-france.fr\\\/Roubloff\\\/#organization\",\"name\":\"Roubloff France - pinceaux d'art\",\"url\":\"https:\\\/\\\/roubloff-france.fr\\\/Roubloff\\\/\",\"logo\":{\"@type\":\"ImageObject\",\"inLanguage\":\"fr-FR\",\"@id\":\"https:\\\/\\\/roubloff-france.fr\\\/Roubloff\\\/#\\\/schema\\\/logo\\\/image\\\/\",\"url\":\"https:\\\/\\\/roubloff-france.fr\\\/Roubloff\\\/wp-content\\\/uploads\\\/2022\\\/01\\\/cropped-Logo-Roubloff-Rouge-avec-filet-blanc-250-p.png\",\"contentUrl\":\"https:\\\/\\\/roubloff-france.fr\\\/Roubloff\\\/wp-content\\\/uploads\\\/2022\\\/01\\\/cropped-Logo-Roubloff-Rouge-avec-filet-blanc-250-p.png\",\"width\":261,\"height\":57,\"caption\":\"Roubloff France - pinceaux d'art\"},\"image\":{\"@id\":\"https:\\\/\\\/roubloff-france.fr\\\/Roubloff\\\/#\\\/schema\\\/logo\\\/image\\\/\"},\"sameAs\":[\"https:\\\/\\\/www.instagram.com\\\/roubloff_france\\\/\"]}]}<\/script>\n<!-- \/ Yoast SEO plugin. -->","yoast_head_json":{"title":"5G2NC-30 Ch\u00e8vre Blanc - Roubloff France - pinceaux d&#039;art","description":"Pinceau en ch\u00e8vre blanc, de format plat de 20 \u00e0 50 mm avec un manche court de couleur noisette et une virole en acier inoxydable","robots":{"index":"index","follow":"follow","max-snippet":"max-snippet:-1","max-image-preview":"max-image-preview:large","max-video-preview":"max-video-preview:-1"},"canonical":"https:\/\/roubloff-france.fr\/Roubloff\/produit\/roubloff-chevre-blanc-serie-5g2nc-30\/","og_locale":"fr_FR","og_type":"article","og_title":"5G2NC-30 Ch\u00e8vre Blanc - Roubloff France - pinceaux d&#039;art","og_description":"Pinceau en ch\u00e8vre blanc, de format plat de 20 \u00e0 50 mm avec un manche court de couleur noisette et une virole en acier inoxydable","og_url":"https:\/\/roubloff-france.fr\/Roubloff\/produit\/roubloff-chevre-blanc-serie-5g2nc-30\/","og_site_name":"Roubloff France - pinceaux d&#039;art","article_publisher":"https:\/\/www.instagram.com\/roubloff_france\/","article_modified_time":"2026-02-18T14:05:09+00:00","og_image":[{"width":900,"height":1000,"url":"http:\/\/roubloff-france.fr\/Roubloff\/wp-content\/uploads\/2025\/05\/5G2NC-30_1.jpg","type":"image\/jpeg"}],"twitter_card":"summary_large_image","twitter_misc":{"Dur\u00e9e de lecture estim\u00e9e":"2 minutes"},"schema":{"@context":"https:\/\/schema.org","@graph":[{"@type":"WebPage","@id":"https:\/\/roubloff-france.fr\/Roubloff\/produit\/roubloff-chevre-blanc-serie-5g2nc-30\/","url":"https:\/\/roubloff-france.fr\/Roubloff\/produit\/roubloff-chevre-blanc-serie-5g2nc-30\/","name":"5G2NC-30 Ch\u00e8vre Blanc - Roubloff France - pinceaux d&#039;art","isPartOf":{"@id":"https:\/\/roubloff-france.fr\/Roubloff\/#website"},"primaryImageOfPage":{"@id":"https:\/\/roubloff-france.fr\/Roubloff\/produit\/roubloff-chevre-blanc-serie-5g2nc-30\/#primaryimage"},"image":{"@id":"https:\/\/roubloff-france.fr\/Roubloff\/produit\/roubloff-chevre-blanc-serie-5g2nc-30\/#primaryimage"},"thumbnailUrl":"https:\/\/roubloff-france.fr\/Roubloff\/wp-content\/uploads\/2025\/05\/5G2NC-30_1.jpg","datePublished":"2021-03-20T17:43:51+00:00","dateModified":"2026-02-18T14:05:09+00:00","description":"Pinceau en ch\u00e8vre blanc, de format plat de 20 \u00e0 50 mm avec un manche court de couleur noisette et une virole en acier inoxydable","breadcrumb":{"@id":"https:\/\/roubloff-france.fr\/Roubloff\/produit\/roubloff-chevre-blanc-serie-5g2nc-30\/#breadcrumb"},"inLanguage":"fr-FR","potentialAction":[{"@type":"ReadAction","target":["https:\/\/roubloff-france.fr\/Roubloff\/produit\/roubloff-chevre-blanc-serie-5g2nc-30\/"]}]},{"@type":"ImageObject","inLanguage":"fr-FR","@id":"https:\/\/roubloff-france.fr\/Roubloff\/produit\/roubloff-chevre-blanc-serie-5g2nc-30\/#primaryimage","url":"https:\/\/roubloff-france.fr\/Roubloff\/wp-content\/uploads\/2025\/05\/5G2NC-30_1.jpg","contentUrl":"https:\/\/roubloff-france.fr\/Roubloff\/wp-content\/uploads\/2025\/05\/5G2NC-30_1.jpg","width":900,"height":1000},{"@type":"BreadcrumbList","@id":"https:\/\/roubloff-france.fr\/Roubloff\/produit\/roubloff-chevre-blanc-serie-5g2nc-30\/#breadcrumb","itemListElement":[{"@type":"ListItem","position":1,"name":"Accueil","item":"https:\/\/roubloff-france.fr\/Roubloff\/"},{"@type":"ListItem","position":2,"name":"Les pinceaux Roubloff \u00a9 :","item":"https:\/\/roubloff-france.fr\/Roubloff\/"},{"@type":"ListItem","position":3,"name":"5G2NC-30 Ch\u00e8vre Blanc"}]},{"@type":"WebSite","@id":"https:\/\/roubloff-france.fr\/Roubloff\/#website","url":"https:\/\/roubloff-france.fr\/Roubloff\/","name":"Roubloff France - pinceaux d'art","description":"Les pinceaux d&#039;art pour les artistes, \u00e9coles d&#039;art, revendeurs","publisher":{"@id":"https:\/\/roubloff-france.fr\/Roubloff\/#organization"},"potentialAction":[{"@type":"SearchAction","target":{"@type":"EntryPoint","urlTemplate":"https:\/\/roubloff-france.fr\/Roubloff\/?s={search_term_string}"},"query-input":{"@type":"PropertyValueSpecification","valueRequired":true,"valueName":"search_term_string"}}],"inLanguage":"fr-FR"},{"@type":"Organization","@id":"https:\/\/roubloff-france.fr\/Roubloff\/#organization","name":"Roubloff France - pinceaux d'art","url":"https:\/\/roubloff-france.fr\/Roubloff\/","logo":{"@type":"ImageObject","inLanguage":"fr-FR","@id":"https:\/\/roubloff-france.fr\/Roubloff\/#\/schema\/logo\/image\/","url":"https:\/\/roubloff-france.fr\/Roubloff\/wp-content\/uploads\/2022\/01\/cropped-Logo-Roubloff-Rouge-avec-filet-blanc-250-p.png","contentUrl":"https:\/\/roubloff-france.fr\/Roubloff\/wp-content\/uploads\/2022\/01\/cropped-Logo-Roubloff-Rouge-avec-filet-blanc-250-p.png","width":261,"height":57,"caption":"Roubloff France - pinceaux d'art"},"image":{"@id":"https:\/\/roubloff-france.fr\/Roubloff\/#\/schema\/logo\/image\/"},"sameAs":["https:\/\/www.instagram.com\/roubloff_france\/"]}]}},"_links":{"self":[{"href":"https:\/\/roubloff-france.fr\/Roubloff\/wp-json\/wp\/v2\/product\/90","targetHints":{"allow":["GET"]}}],"collection":[{"href":"https:\/\/roubloff-france.fr\/Roubloff\/wp-json\/wp\/v2\/product"}],"about":[{"href":"https:\/\/roubloff-france.fr\/Roubloff\/wp-json\/wp\/v2\/types\/product"}],"wp:featuredmedia":[{"embeddable":true,"href":"https:\/\/roubloff-france.fr\/Roubloff\/wp-json\/wp\/v2\/media\/932"}],"wp:attachment":[{"href":"https:\/\/roubloff-france.fr\/Roubloff\/wp-json\/wp\/v2\/media?parent=90"}],"wp:term":[{"taxonomy":"product_brand","embeddable":true,"href":"https:\/\/roubloff-france.fr\/Roubloff\/wp-json\/wp\/v2\/product_brand?post=90"},{"taxonomy":"product_cat","embeddable":true,"href":"https:\/\/roubloff-france.fr\/Roubloff\/wp-json\/wp\/v2\/product_cat?post=90"},{"taxonomy":"product_tag","embeddable":true,"href":"https:\/\/roubloff-france.fr\/Roubloff\/wp-json\/wp\/v2\/product_tag?post=90"}],"curies":[{"name":"wp","href":"https:\/\/api.w.org\/{rel}","templated":true}]}}