{"id":85,"date":"2021-03-20T18:43:50","date_gmt":"2021-03-20T17:43:50","guid":{"rendered":"https:\/\/roubloff-france.fr\/Roubloff\/?post_type=product&#038;p=85"},"modified":"2023-11-30T17:49:56","modified_gmt":"2023-11-30T16:49:56","slug":"roubloff-mangouste-synthetique-serie-1t14-4","status":"publish","type":"product","link":"https:\/\/roubloff-france.fr\/Roubloff\/produit\/roubloff-mangouste-synthetique-serie-1t14-4\/","title":{"rendered":"1T14-4 Mangouste synth\u00e9tique"},"content":{"rendered":"<p><strong>Pinceau en mangouste synth\u00e9tique avec une brosse de forme ronde, en taille n\u00b04, dot\u00e9 d\u2019un manche court de couleur panach\u00e9 et d\u2019une virole argent\u00e9e <\/strong><\/p>\n<p>Le pinceau de forme ronde \u00e0 courte longueur en imitation de mangouste synth\u00e9tique est plus durable que les poils d&rsquo;\u00e9cureuil et, en m\u00eame temps, plus flexible. Cette qualit\u00e9 vous permet de peindre \u00e0 l&rsquo;aquarelle, \u00e0 l&rsquo;encre, \u00e0 la gouache et \u00e0 l&rsquo;acrylique.<\/p>\n<p>La virole en laiton chrom\u00e9 fixe les fibres en toute s\u00e9curit\u00e9 avec une poign\u00e9e courte et brillante pr\u00e9servant la forme sans perte de poils.<\/p>\n<p>Dans la t\u00eate du pinceau en forme de c\u00f4ne se tient une pointe d&rsquo;aiguille et vous permet de peindre des lignes fines continues et de larges traits \u00e9pais. Le pinceau est parfait pour la peinture lisse d&rsquo;un ton comme les d\u00e9grad\u00e9s d&rsquo;eau, les croquis de personnes et de b\u00e2timents en mettant des taches de peinture.<\/p>\n<ul>\n<li>Application : acrylique, aquarelle, gouache, huile<\/li>\n<li>Poils : synth\u00e9tique<\/li>\n<li>Type de poils : imitation mangouste<\/li>\n<li>Rigidit\u00e9 : 1<\/li>\n<li>Virole : argent (laiton chrom\u00e9)<\/li>\n<li>Forme de t\u00eate de brosse : ronde<\/li>\n<li>Longueur du manche : court<\/li>\n<li>Tailles\u00a0: 0 1 2 3 4 5 6 7 8 9 10<\/li>\n<li>Avantages :\n<ul>\n<li>Haute qualit\u00e9 des cheveux<\/li>\n<li>Produit original<\/li>\n<li>Cheveux trait\u00e9s \u00e0 la main<\/li>\n<\/ul>\n<\/li>\n<\/ul>\n<p>En savoir plus : <a href=\"https:\/\/www.roubloff.ru\/en\/catalog\/artbrushes\/1t14\/\" target=\"_blank\" rel=\"noopener noreferrer\">https:\/\/www.roubloff.ru\/en\/catalog\/artbrushes\/1t14\/<\/a><\/p>\n<hr \/>\n<p><strong>Brush Roubloff synthetic mongoose imitation with round n\u00b04, short variegated handle and a silver ferrule<\/strong><\/p>\n<p>Round brush with short length-out from synthetic mongoose imitation is more durable than squirrel hair and, at the same time, more flexible than bristle. This quality allows you to paint with watercolor, ink, gouache, and acrylic.<br \/>\nChrome plated brass ferrule securely fixes fibres with short glossy handle preserving the shape without hair loss. Cone-shaped brush head holds a needle-sharp point and lets you paint continuous fine lines and broad thick strokes.<br \/>\nThe brush is perfect for smooth one-tone painting such as water gradients, sketches of people and buildings by putting paint spots<\/p>\n<pre>Application: Acrylic,Watercolor,Gouache,Oil\r\nHair: Synthetic\r\nHair type: Mongoose imitation\r\nStiffness: 1\r\nFerrule: Silver (chrome plated brass)\r\nBrush head shape: Round\r\nHandle length: Short\r\nSizes: 0 1 2 3 4 5 6 7 8 9 10\r\n\r\nAdvantages\u00a0:\r\n- High hair quality\r\n- Original product\r\n- Hair treated by hand\r\n\r\nRead more : <a href=\"https:\/\/www.roubloff.ru\/en\/catalog\/artbrushes\/1t14\/\" target=\"_blank\" rel=\"noopener noreferrer\">https:\/\/www.roubloff.ru\/en\/catalog\/artbrushes\/1t14\/<\/a><\/pre>\n","protected":false},"excerpt":{"rendered":"<p><strong>Pinceau en mangouste synth\u00e9tique avec une brosse de forme ronde, en taille n\u00b04, dot\u00e9 d\u2019un manche court de couleur panach\u00e9 et d\u2019une virole argent\u00e9e<\/strong><\/p>\n","protected":false},"featured_media":118,"template":"","meta":[],"product_brand":[],"product_cat":[44],"product_tag":[45,48,47],"class_list":{"0":"post-85","1":"product","2":"type-product","3":"status-publish","4":"has-post-thumbnail","6":"product_cat-serie-1t14","7":"product_tag-1t14","8":"product_tag-1t14-4","9":"product_tag-mangouste-synthetique","11":"first","12":"instock","13":"taxable","14":"shipping-taxable","15":"purchasable","16":"product-type-simple"},"yoast_head":"<!-- This site is optimized with the Yoast SEO plugin v27.3 - https:\/\/yoast.com\/product\/yoast-seo-wordpress\/ -->\n<title>1T14-4 Mangouste synth\u00e9tique - Roubloff France - pinceaux d&#039;art<\/title>\n<meta name=\"description\" content=\"Pinceau en mangouste synth\u00e9tique avec une brosse de forme ronde, en taille n\u00b04, dot\u00e9 d\u2019un manche court de couleur panach\u00e9 et d\u2019une virole argent\u00e9e\" \/>\n<meta name=\"robots\" content=\"index, follow, max-snippet:-1, max-image-preview:large, max-video-preview:-1\" \/>\n<link rel=\"canonical\" href=\"https:\/\/roubloff-france.fr\/Roubloff\/produit\/roubloff-mangouste-synthetique-serie-1t14-4\/\" \/>\n<meta property=\"og:locale\" content=\"fr_FR\" \/>\n<meta property=\"og:type\" content=\"article\" \/>\n<meta property=\"og:title\" content=\"1T14-4 Mangouste synth\u00e9tique - Roubloff France - pinceaux d&#039;art\" \/>\n<meta property=\"og:description\" content=\"Pinceau en mangouste synth\u00e9tique avec une brosse de forme ronde, en taille n\u00b04, dot\u00e9 d\u2019un manche court de couleur panach\u00e9 et d\u2019une virole argent\u00e9e\" \/>\n<meta property=\"og:url\" content=\"https:\/\/roubloff-france.fr\/Roubloff\/produit\/roubloff-mangouste-synthetique-serie-1t14-4\/\" \/>\n<meta property=\"og:site_name\" content=\"Roubloff France - pinceaux d&#039;art\" \/>\n<meta property=\"article:publisher\" content=\"https:\/\/www.instagram.com\/roubloff_france\/\" \/>\n<meta property=\"article:modified_time\" content=\"2023-11-30T16:49:56+00:00\" \/>\n<meta property=\"og:image\" content=\"https:\/\/roubloff-france.fr\/Roubloff\/wp-content\/uploads\/2021\/03\/1T14-1.jpg\" \/>\n\t<meta property=\"og:image:width\" content=\"900\" \/>\n\t<meta property=\"og:image:height\" content=\"1000\" \/>\n\t<meta property=\"og:image:type\" content=\"image\/jpeg\" \/>\n<meta name=\"twitter:card\" content=\"summary_large_image\" \/>\n<meta name=\"twitter:label1\" content=\"Dur\u00e9e de lecture estim\u00e9e\" \/>\n\t<meta name=\"twitter:data1\" content=\"2 minutes\" \/>\n<script type=\"application\/ld+json\" class=\"yoast-schema-graph\">{\"@context\":\"https:\\\/\\\/schema.org\",\"@graph\":[{\"@type\":\"WebPage\",\"@id\":\"https:\\\/\\\/roubloff-france.fr\\\/Roubloff\\\/produit\\\/roubloff-mangouste-synthetique-serie-1t14-4\\\/\",\"url\":\"https:\\\/\\\/roubloff-france.fr\\\/Roubloff\\\/produit\\\/roubloff-mangouste-synthetique-serie-1t14-4\\\/\",\"name\":\"1T14-4 Mangouste synth\u00e9tique - Roubloff France - pinceaux d&#039;art\",\"isPartOf\":{\"@id\":\"https:\\\/\\\/roubloff-france.fr\\\/Roubloff\\\/#website\"},\"primaryImageOfPage\":{\"@id\":\"https:\\\/\\\/roubloff-france.fr\\\/Roubloff\\\/produit\\\/roubloff-mangouste-synthetique-serie-1t14-4\\\/#primaryimage\"},\"image\":{\"@id\":\"https:\\\/\\\/roubloff-france.fr\\\/Roubloff\\\/produit\\\/roubloff-mangouste-synthetique-serie-1t14-4\\\/#primaryimage\"},\"thumbnailUrl\":\"https:\\\/\\\/roubloff-france.fr\\\/Roubloff\\\/wp-content\\\/uploads\\\/2021\\\/03\\\/1T14-1.jpg\",\"datePublished\":\"2021-03-20T17:43:50+00:00\",\"dateModified\":\"2023-11-30T16:49:56+00:00\",\"description\":\"Pinceau en mangouste synth\u00e9tique avec une brosse de forme ronde, en taille n\u00b04, dot\u00e9 d\u2019un manche court de couleur panach\u00e9 et d\u2019une virole argent\u00e9e\",\"breadcrumb\":{\"@id\":\"https:\\\/\\\/roubloff-france.fr\\\/Roubloff\\\/produit\\\/roubloff-mangouste-synthetique-serie-1t14-4\\\/#breadcrumb\"},\"inLanguage\":\"fr-FR\",\"potentialAction\":[{\"@type\":\"ReadAction\",\"target\":[\"https:\\\/\\\/roubloff-france.fr\\\/Roubloff\\\/produit\\\/roubloff-mangouste-synthetique-serie-1t14-4\\\/\"]}]},{\"@type\":\"ImageObject\",\"inLanguage\":\"fr-FR\",\"@id\":\"https:\\\/\\\/roubloff-france.fr\\\/Roubloff\\\/produit\\\/roubloff-mangouste-synthetique-serie-1t14-4\\\/#primaryimage\",\"url\":\"https:\\\/\\\/roubloff-france.fr\\\/Roubloff\\\/wp-content\\\/uploads\\\/2021\\\/03\\\/1T14-1.jpg\",\"contentUrl\":\"https:\\\/\\\/roubloff-france.fr\\\/Roubloff\\\/wp-content\\\/uploads\\\/2021\\\/03\\\/1T14-1.jpg\",\"width\":900,\"height\":1000},{\"@type\":\"BreadcrumbList\",\"@id\":\"https:\\\/\\\/roubloff-france.fr\\\/Roubloff\\\/produit\\\/roubloff-mangouste-synthetique-serie-1t14-4\\\/#breadcrumb\",\"itemListElement\":[{\"@type\":\"ListItem\",\"position\":1,\"name\":\"Accueil\",\"item\":\"https:\\\/\\\/roubloff-france.fr\\\/Roubloff\\\/\"},{\"@type\":\"ListItem\",\"position\":2,\"name\":\"Les pinceaux Roubloff \u00a9 :\",\"item\":\"https:\\\/\\\/roubloff-france.fr\\\/Roubloff\\\/\"},{\"@type\":\"ListItem\",\"position\":3,\"name\":\"1T14-4 Mangouste synth\u00e9tique\"}]},{\"@type\":\"WebSite\",\"@id\":\"https:\\\/\\\/roubloff-france.fr\\\/Roubloff\\\/#website\",\"url\":\"https:\\\/\\\/roubloff-france.fr\\\/Roubloff\\\/\",\"name\":\"Roubloff France - pinceaux d'art\",\"description\":\"Les pinceaux d&#039;art pour les artistes, \u00e9coles d&#039;art, revendeurs\",\"publisher\":{\"@id\":\"https:\\\/\\\/roubloff-france.fr\\\/Roubloff\\\/#organization\"},\"potentialAction\":[{\"@type\":\"SearchAction\",\"target\":{\"@type\":\"EntryPoint\",\"urlTemplate\":\"https:\\\/\\\/roubloff-france.fr\\\/Roubloff\\\/?s={search_term_string}\"},\"query-input\":{\"@type\":\"PropertyValueSpecification\",\"valueRequired\":true,\"valueName\":\"search_term_string\"}}],\"inLanguage\":\"fr-FR\"},{\"@type\":\"Organization\",\"@id\":\"https:\\\/\\\/roubloff-france.fr\\\/Roubloff\\\/#organization\",\"name\":\"Roubloff France - pinceaux d'art\",\"url\":\"https:\\\/\\\/roubloff-france.fr\\\/Roubloff\\\/\",\"logo\":{\"@type\":\"ImageObject\",\"inLanguage\":\"fr-FR\",\"@id\":\"https:\\\/\\\/roubloff-france.fr\\\/Roubloff\\\/#\\\/schema\\\/logo\\\/image\\\/\",\"url\":\"https:\\\/\\\/roubloff-france.fr\\\/Roubloff\\\/wp-content\\\/uploads\\\/2022\\\/01\\\/cropped-Logo-Roubloff-Rouge-avec-filet-blanc-250-p.png\",\"contentUrl\":\"https:\\\/\\\/roubloff-france.fr\\\/Roubloff\\\/wp-content\\\/uploads\\\/2022\\\/01\\\/cropped-Logo-Roubloff-Rouge-avec-filet-blanc-250-p.png\",\"width\":261,\"height\":57,\"caption\":\"Roubloff France - pinceaux d'art\"},\"image\":{\"@id\":\"https:\\\/\\\/roubloff-france.fr\\\/Roubloff\\\/#\\\/schema\\\/logo\\\/image\\\/\"},\"sameAs\":[\"https:\\\/\\\/www.instagram.com\\\/roubloff_france\\\/\"]}]}<\/script>\n<!-- \/ Yoast SEO plugin. -->","yoast_head_json":{"title":"1T14-4 Mangouste synth\u00e9tique - Roubloff France - pinceaux d&#039;art","description":"Pinceau en mangouste synth\u00e9tique avec une brosse de forme ronde, en taille n\u00b04, dot\u00e9 d\u2019un manche court de couleur panach\u00e9 et d\u2019une virole argent\u00e9e","robots":{"index":"index","follow":"follow","max-snippet":"max-snippet:-1","max-image-preview":"max-image-preview:large","max-video-preview":"max-video-preview:-1"},"canonical":"https:\/\/roubloff-france.fr\/Roubloff\/produit\/roubloff-mangouste-synthetique-serie-1t14-4\/","og_locale":"fr_FR","og_type":"article","og_title":"1T14-4 Mangouste synth\u00e9tique - Roubloff France - pinceaux d&#039;art","og_description":"Pinceau en mangouste synth\u00e9tique avec une brosse de forme ronde, en taille n\u00b04, dot\u00e9 d\u2019un manche court de couleur panach\u00e9 et d\u2019une virole argent\u00e9e","og_url":"https:\/\/roubloff-france.fr\/Roubloff\/produit\/roubloff-mangouste-synthetique-serie-1t14-4\/","og_site_name":"Roubloff France - pinceaux d&#039;art","article_publisher":"https:\/\/www.instagram.com\/roubloff_france\/","article_modified_time":"2023-11-30T16:49:56+00:00","og_image":[{"width":900,"height":1000,"url":"https:\/\/roubloff-france.fr\/Roubloff\/wp-content\/uploads\/2021\/03\/1T14-1.jpg","type":"image\/jpeg"}],"twitter_card":"summary_large_image","twitter_misc":{"Dur\u00e9e de lecture estim\u00e9e":"2 minutes"},"schema":{"@context":"https:\/\/schema.org","@graph":[{"@type":"WebPage","@id":"https:\/\/roubloff-france.fr\/Roubloff\/produit\/roubloff-mangouste-synthetique-serie-1t14-4\/","url":"https:\/\/roubloff-france.fr\/Roubloff\/produit\/roubloff-mangouste-synthetique-serie-1t14-4\/","name":"1T14-4 Mangouste synth\u00e9tique - Roubloff France - pinceaux d&#039;art","isPartOf":{"@id":"https:\/\/roubloff-france.fr\/Roubloff\/#website"},"primaryImageOfPage":{"@id":"https:\/\/roubloff-france.fr\/Roubloff\/produit\/roubloff-mangouste-synthetique-serie-1t14-4\/#primaryimage"},"image":{"@id":"https:\/\/roubloff-france.fr\/Roubloff\/produit\/roubloff-mangouste-synthetique-serie-1t14-4\/#primaryimage"},"thumbnailUrl":"https:\/\/roubloff-france.fr\/Roubloff\/wp-content\/uploads\/2021\/03\/1T14-1.jpg","datePublished":"2021-03-20T17:43:50+00:00","dateModified":"2023-11-30T16:49:56+00:00","description":"Pinceau en mangouste synth\u00e9tique avec une brosse de forme ronde, en taille n\u00b04, dot\u00e9 d\u2019un manche court de couleur panach\u00e9 et d\u2019une virole argent\u00e9e","breadcrumb":{"@id":"https:\/\/roubloff-france.fr\/Roubloff\/produit\/roubloff-mangouste-synthetique-serie-1t14-4\/#breadcrumb"},"inLanguage":"fr-FR","potentialAction":[{"@type":"ReadAction","target":["https:\/\/roubloff-france.fr\/Roubloff\/produit\/roubloff-mangouste-synthetique-serie-1t14-4\/"]}]},{"@type":"ImageObject","inLanguage":"fr-FR","@id":"https:\/\/roubloff-france.fr\/Roubloff\/produit\/roubloff-mangouste-synthetique-serie-1t14-4\/#primaryimage","url":"https:\/\/roubloff-france.fr\/Roubloff\/wp-content\/uploads\/2021\/03\/1T14-1.jpg","contentUrl":"https:\/\/roubloff-france.fr\/Roubloff\/wp-content\/uploads\/2021\/03\/1T14-1.jpg","width":900,"height":1000},{"@type":"BreadcrumbList","@id":"https:\/\/roubloff-france.fr\/Roubloff\/produit\/roubloff-mangouste-synthetique-serie-1t14-4\/#breadcrumb","itemListElement":[{"@type":"ListItem","position":1,"name":"Accueil","item":"https:\/\/roubloff-france.fr\/Roubloff\/"},{"@type":"ListItem","position":2,"name":"Les pinceaux Roubloff \u00a9 :","item":"https:\/\/roubloff-france.fr\/Roubloff\/"},{"@type":"ListItem","position":3,"name":"1T14-4 Mangouste synth\u00e9tique"}]},{"@type":"WebSite","@id":"https:\/\/roubloff-france.fr\/Roubloff\/#website","url":"https:\/\/roubloff-france.fr\/Roubloff\/","name":"Roubloff France - pinceaux d'art","description":"Les pinceaux d&#039;art pour les artistes, \u00e9coles d&#039;art, revendeurs","publisher":{"@id":"https:\/\/roubloff-france.fr\/Roubloff\/#organization"},"potentialAction":[{"@type":"SearchAction","target":{"@type":"EntryPoint","urlTemplate":"https:\/\/roubloff-france.fr\/Roubloff\/?s={search_term_string}"},"query-input":{"@type":"PropertyValueSpecification","valueRequired":true,"valueName":"search_term_string"}}],"inLanguage":"fr-FR"},{"@type":"Organization","@id":"https:\/\/roubloff-france.fr\/Roubloff\/#organization","name":"Roubloff France - pinceaux d'art","url":"https:\/\/roubloff-france.fr\/Roubloff\/","logo":{"@type":"ImageObject","inLanguage":"fr-FR","@id":"https:\/\/roubloff-france.fr\/Roubloff\/#\/schema\/logo\/image\/","url":"https:\/\/roubloff-france.fr\/Roubloff\/wp-content\/uploads\/2022\/01\/cropped-Logo-Roubloff-Rouge-avec-filet-blanc-250-p.png","contentUrl":"https:\/\/roubloff-france.fr\/Roubloff\/wp-content\/uploads\/2022\/01\/cropped-Logo-Roubloff-Rouge-avec-filet-blanc-250-p.png","width":261,"height":57,"caption":"Roubloff France - pinceaux d'art"},"image":{"@id":"https:\/\/roubloff-france.fr\/Roubloff\/#\/schema\/logo\/image\/"},"sameAs":["https:\/\/www.instagram.com\/roubloff_france\/"]}]}},"_links":{"self":[{"href":"https:\/\/roubloff-france.fr\/Roubloff\/wp-json\/wp\/v2\/product\/85","targetHints":{"allow":["GET"]}}],"collection":[{"href":"https:\/\/roubloff-france.fr\/Roubloff\/wp-json\/wp\/v2\/product"}],"about":[{"href":"https:\/\/roubloff-france.fr\/Roubloff\/wp-json\/wp\/v2\/types\/product"}],"wp:featuredmedia":[{"embeddable":true,"href":"https:\/\/roubloff-france.fr\/Roubloff\/wp-json\/wp\/v2\/media\/118"}],"wp:attachment":[{"href":"https:\/\/roubloff-france.fr\/Roubloff\/wp-json\/wp\/v2\/media?parent=85"}],"wp:term":[{"taxonomy":"product_brand","embeddable":true,"href":"https:\/\/roubloff-france.fr\/Roubloff\/wp-json\/wp\/v2\/product_brand?post=85"},{"taxonomy":"product_cat","embeddable":true,"href":"https:\/\/roubloff-france.fr\/Roubloff\/wp-json\/wp\/v2\/product_cat?post=85"},{"taxonomy":"product_tag","embeddable":true,"href":"https:\/\/roubloff-france.fr\/Roubloff\/wp-json\/wp\/v2\/product_tag?post=85"}],"curies":[{"name":"wp","href":"https:\/\/api.w.org\/{rel}","templated":true}]}}