{"id":78,"date":"2021-03-20T18:43:50","date_gmt":"2021-03-20T17:43:50","guid":{"rendered":"https:\/\/roubloff-france.fr\/Roubloff\/?post_type=product&#038;p=78"},"modified":"2025-10-02T19:26:35","modified_gmt":"2025-10-02T17:26:35","slug":"roubloff-kolinsky-serie-111f-3","status":"publish","type":"product","link":"https:\/\/roubloff-france.fr\/Roubloff\/produit\/roubloff-kolinsky-serie-111f-3\/","title":{"rendered":"Kolinsky S\u00e9rie 111F-3"},"content":{"rendered":"<p><strong>Pinceau Roubloff Kolinsky (Martre), brosse ronde et courte n\u00b0 3, avec un manche court de couleur\u00a0noir mat et une virole dor\u00e9e<\/strong><\/p>\n<p>La brosse ronde en poils fins Kolinsky purs est destin\u00e9e \u00e0 un travail polyvalent.<br \/>\nLa poign\u00e9e courte ergonomique avec rev\u00eatement de couleur noir mat est con\u00e7ue pour des travaux subtils et d\u00e9taill\u00e9s.<br \/>\nCette brosse a un excellent ressort et la longueur courte rend les poils encore plus flexibles, ce qui les rend parfaits pour les techniques d&#8217;emp\u00e2tement et d&rsquo;aquarelle.<br \/>\nLa t\u00eate de brosse conique associ\u00e9e \u00e0 un pointage fin vous permet d&rsquo;appliquer des traits de r\u00e9flexion et de mod\u00e9liser des objets de taille moyenne et grande, ainsi que des lignes fines et des d\u00e9tails.<\/p>\n<pre>Application : aquarelle, gouache, huile, d\u00e9trempe\r\nPoils : Naturel\r\nType de poils : Kolinsky\r\nRigidit\u00e9 : 1\r\nVirole : or (aluminium anodis\u00e9)\r\nForme de t\u00eate de brosse : ronde\r\nLongueur du manche : court\r\nTaille : 00, 0, 1, 1,5, 2, 2,5, 3, 4, 5, 6\r\nAvantages :\r\n- Haute qualit\u00e9 des cheveux\r\n- Manche en bouleau l\u00e9ger\r\n- Cheveux trait\u00e9s \u00e0 la main<\/pre>\n<p>&nbsp;<\/p>\n<p><strong>Brush Roubloff kolinsky\/ round short length-out 3\/ short figured black matt handle\/ gold ferrule<\/strong><\/p>\n<p>Round brush from fine pure kolinsky hair is for all-purpose work. Ergonomic short handle with matt black covering is designed for subtle and detailed works. This brush has excellent spring; short length-out makes hair even more flexible, so that it is perfect for impasto and watercolor techniques. Conical brush head combined with fine pointing lets you apply think strokes and model medium-sized and large objects as well as fine lines and details<\/p>\n<pre>Application: Watercolor, Gouache, Oil, Tempera\r\nHair: Natural\r\nHair type: Kolinsky\r\nStiffness: 1\r\nFerrule: Gold (anodized aluminum)\r\nBrush head shape: Round\r\nHandle length: Short\r\nSize: 00, 0, 1, 1,5, 2, 2,5, 3, 4, 5, 6\r\nAdvantages:\r\nHigh hair quality\r\nLight-weight birch handle\r\nHair treated by hand<\/pre>\n","protected":false},"excerpt":{"rendered":"<p><strong>Pinceau Roubloff Kolinsky (Martre), brosse ronde et courte n\u00b0 3, avec un manche court de couleur\u00a0noir mat et une virole dor\u00e9e<\/strong><\/p>\n","protected":false},"featured_media":108,"template":"","meta":[],"product_brand":[],"product_cat":[26,226],"product_tag":[27,28,20],"class_list":{"0":"post-78","1":"product","2":"type-product","3":"status-publish","4":"has-post-thumbnail","6":"product_cat-serie-111f","7":"product_cat-111f-1115-11101117-kolinsky","8":"product_tag-111f","9":"product_tag-111f-3","10":"product_tag-kolinsky","12":"first","13":"instock","14":"taxable","15":"shipping-taxable","16":"purchasable","17":"product-type-simple"},"yoast_head":"<!-- This site is optimized with the Yoast SEO plugin v27.3 - https:\/\/yoast.com\/product\/yoast-seo-wordpress\/ -->\n<title>Kolinsky S\u00e9rie 111F-3 - Roubloff France - pinceaux d&#039;art<\/title>\n<meta name=\"description\" content=\"Pinceau Roubloff Kolinsky (Martre), brosse ronde et courte n\u00b0 3, avec un manche court de couleur\u00a0noir mat et une virole dor\u00e9e\" \/>\n<meta name=\"robots\" content=\"index, follow, max-snippet:-1, max-image-preview:large, max-video-preview:-1\" \/>\n<link rel=\"canonical\" href=\"https:\/\/roubloff-france.fr\/Roubloff\/produit\/roubloff-kolinsky-serie-111f-3\/\" \/>\n<meta property=\"og:locale\" content=\"fr_FR\" \/>\n<meta property=\"og:type\" content=\"article\" \/>\n<meta property=\"og:title\" content=\"Kolinsky S\u00e9rie 111F-3 - Roubloff France - pinceaux d&#039;art\" \/>\n<meta property=\"og:description\" content=\"Pinceau Roubloff Kolinsky (Martre), brosse ronde et courte n\u00b0 3, avec un manche court de couleur\u00a0noir mat et une virole dor\u00e9e\" \/>\n<meta property=\"og:url\" content=\"https:\/\/roubloff-france.fr\/Roubloff\/produit\/roubloff-kolinsky-serie-111f-3\/\" \/>\n<meta property=\"og:site_name\" content=\"Roubloff France - pinceaux d&#039;art\" \/>\n<meta property=\"article:publisher\" content=\"https:\/\/www.instagram.com\/roubloff_france\/\" \/>\n<meta property=\"article:modified_time\" content=\"2025-10-02T17:26:35+00:00\" \/>\n<meta property=\"og:image\" content=\"https:\/\/roubloff-france.fr\/Roubloff\/wp-content\/uploads\/2021\/03\/111F-1.jpg\" \/>\n\t<meta property=\"og:image:width\" content=\"1080\" \/>\n\t<meta property=\"og:image:height\" content=\"1200\" \/>\n\t<meta property=\"og:image:type\" content=\"image\/jpeg\" \/>\n<meta name=\"twitter:card\" content=\"summary_large_image\" \/>\n<meta name=\"twitter:label1\" content=\"Dur\u00e9e de lecture estim\u00e9e\" \/>\n\t<meta name=\"twitter:data1\" content=\"1 minute\" \/>\n<script type=\"application\/ld+json\" class=\"yoast-schema-graph\">{\"@context\":\"https:\\\/\\\/schema.org\",\"@graph\":[{\"@type\":\"WebPage\",\"@id\":\"https:\\\/\\\/roubloff-france.fr\\\/Roubloff\\\/produit\\\/roubloff-kolinsky-serie-111f-3\\\/\",\"url\":\"https:\\\/\\\/roubloff-france.fr\\\/Roubloff\\\/produit\\\/roubloff-kolinsky-serie-111f-3\\\/\",\"name\":\"Kolinsky S\u00e9rie 111F-3 - Roubloff France - pinceaux d&#039;art\",\"isPartOf\":{\"@id\":\"https:\\\/\\\/roubloff-france.fr\\\/Roubloff\\\/#website\"},\"primaryImageOfPage\":{\"@id\":\"https:\\\/\\\/roubloff-france.fr\\\/Roubloff\\\/produit\\\/roubloff-kolinsky-serie-111f-3\\\/#primaryimage\"},\"image\":{\"@id\":\"https:\\\/\\\/roubloff-france.fr\\\/Roubloff\\\/produit\\\/roubloff-kolinsky-serie-111f-3\\\/#primaryimage\"},\"thumbnailUrl\":\"https:\\\/\\\/roubloff-france.fr\\\/Roubloff\\\/wp-content\\\/uploads\\\/2021\\\/03\\\/111F-1.jpg\",\"datePublished\":\"2021-03-20T17:43:50+00:00\",\"dateModified\":\"2025-10-02T17:26:35+00:00\",\"description\":\"Pinceau Roubloff Kolinsky (Martre), brosse ronde et courte n\u00b0 3, avec un manche court de couleur\u00a0noir mat et une virole dor\u00e9e\",\"breadcrumb\":{\"@id\":\"https:\\\/\\\/roubloff-france.fr\\\/Roubloff\\\/produit\\\/roubloff-kolinsky-serie-111f-3\\\/#breadcrumb\"},\"inLanguage\":\"fr-FR\",\"potentialAction\":[{\"@type\":\"ReadAction\",\"target\":[\"https:\\\/\\\/roubloff-france.fr\\\/Roubloff\\\/produit\\\/roubloff-kolinsky-serie-111f-3\\\/\"]}]},{\"@type\":\"ImageObject\",\"inLanguage\":\"fr-FR\",\"@id\":\"https:\\\/\\\/roubloff-france.fr\\\/Roubloff\\\/produit\\\/roubloff-kolinsky-serie-111f-3\\\/#primaryimage\",\"url\":\"https:\\\/\\\/roubloff-france.fr\\\/Roubloff\\\/wp-content\\\/uploads\\\/2021\\\/03\\\/111F-1.jpg\",\"contentUrl\":\"https:\\\/\\\/roubloff-france.fr\\\/Roubloff\\\/wp-content\\\/uploads\\\/2021\\\/03\\\/111F-1.jpg\",\"width\":1080,\"height\":1200},{\"@type\":\"BreadcrumbList\",\"@id\":\"https:\\\/\\\/roubloff-france.fr\\\/Roubloff\\\/produit\\\/roubloff-kolinsky-serie-111f-3\\\/#breadcrumb\",\"itemListElement\":[{\"@type\":\"ListItem\",\"position\":1,\"name\":\"Accueil\",\"item\":\"https:\\\/\\\/roubloff-france.fr\\\/Roubloff\\\/\"},{\"@type\":\"ListItem\",\"position\":2,\"name\":\"Les pinceaux Roubloff \u00a9 :\",\"item\":\"https:\\\/\\\/roubloff-france.fr\\\/Roubloff\\\/\"},{\"@type\":\"ListItem\",\"position\":3,\"name\":\"Kolinsky S\u00e9rie 111F-3\"}]},{\"@type\":\"WebSite\",\"@id\":\"https:\\\/\\\/roubloff-france.fr\\\/Roubloff\\\/#website\",\"url\":\"https:\\\/\\\/roubloff-france.fr\\\/Roubloff\\\/\",\"name\":\"Roubloff France - pinceaux d'art\",\"description\":\"Les pinceaux d&#039;art pour les artistes, \u00e9coles d&#039;art, revendeurs\",\"publisher\":{\"@id\":\"https:\\\/\\\/roubloff-france.fr\\\/Roubloff\\\/#organization\"},\"potentialAction\":[{\"@type\":\"SearchAction\",\"target\":{\"@type\":\"EntryPoint\",\"urlTemplate\":\"https:\\\/\\\/roubloff-france.fr\\\/Roubloff\\\/?s={search_term_string}\"},\"query-input\":{\"@type\":\"PropertyValueSpecification\",\"valueRequired\":true,\"valueName\":\"search_term_string\"}}],\"inLanguage\":\"fr-FR\"},{\"@type\":\"Organization\",\"@id\":\"https:\\\/\\\/roubloff-france.fr\\\/Roubloff\\\/#organization\",\"name\":\"Roubloff France - pinceaux d'art\",\"url\":\"https:\\\/\\\/roubloff-france.fr\\\/Roubloff\\\/\",\"logo\":{\"@type\":\"ImageObject\",\"inLanguage\":\"fr-FR\",\"@id\":\"https:\\\/\\\/roubloff-france.fr\\\/Roubloff\\\/#\\\/schema\\\/logo\\\/image\\\/\",\"url\":\"https:\\\/\\\/roubloff-france.fr\\\/Roubloff\\\/wp-content\\\/uploads\\\/2022\\\/01\\\/cropped-Logo-Roubloff-Rouge-avec-filet-blanc-250-p.png\",\"contentUrl\":\"https:\\\/\\\/roubloff-france.fr\\\/Roubloff\\\/wp-content\\\/uploads\\\/2022\\\/01\\\/cropped-Logo-Roubloff-Rouge-avec-filet-blanc-250-p.png\",\"width\":261,\"height\":57,\"caption\":\"Roubloff France - pinceaux d'art\"},\"image\":{\"@id\":\"https:\\\/\\\/roubloff-france.fr\\\/Roubloff\\\/#\\\/schema\\\/logo\\\/image\\\/\"},\"sameAs\":[\"https:\\\/\\\/www.instagram.com\\\/roubloff_france\\\/\"]}]}<\/script>\n<!-- \/ Yoast SEO plugin. -->","yoast_head_json":{"title":"Kolinsky S\u00e9rie 111F-3 - Roubloff France - pinceaux d&#039;art","description":"Pinceau Roubloff Kolinsky (Martre), brosse ronde et courte n\u00b0 3, avec un manche court de couleur\u00a0noir mat et une virole dor\u00e9e","robots":{"index":"index","follow":"follow","max-snippet":"max-snippet:-1","max-image-preview":"max-image-preview:large","max-video-preview":"max-video-preview:-1"},"canonical":"https:\/\/roubloff-france.fr\/Roubloff\/produit\/roubloff-kolinsky-serie-111f-3\/","og_locale":"fr_FR","og_type":"article","og_title":"Kolinsky S\u00e9rie 111F-3 - Roubloff France - pinceaux d&#039;art","og_description":"Pinceau Roubloff Kolinsky (Martre), brosse ronde et courte n\u00b0 3, avec un manche court de couleur\u00a0noir mat et une virole dor\u00e9e","og_url":"https:\/\/roubloff-france.fr\/Roubloff\/produit\/roubloff-kolinsky-serie-111f-3\/","og_site_name":"Roubloff France - pinceaux d&#039;art","article_publisher":"https:\/\/www.instagram.com\/roubloff_france\/","article_modified_time":"2025-10-02T17:26:35+00:00","og_image":[{"width":1080,"height":1200,"url":"https:\/\/roubloff-france.fr\/Roubloff\/wp-content\/uploads\/2021\/03\/111F-1.jpg","type":"image\/jpeg"}],"twitter_card":"summary_large_image","twitter_misc":{"Dur\u00e9e de lecture estim\u00e9e":"1 minute"},"schema":{"@context":"https:\/\/schema.org","@graph":[{"@type":"WebPage","@id":"https:\/\/roubloff-france.fr\/Roubloff\/produit\/roubloff-kolinsky-serie-111f-3\/","url":"https:\/\/roubloff-france.fr\/Roubloff\/produit\/roubloff-kolinsky-serie-111f-3\/","name":"Kolinsky S\u00e9rie 111F-3 - Roubloff France - pinceaux d&#039;art","isPartOf":{"@id":"https:\/\/roubloff-france.fr\/Roubloff\/#website"},"primaryImageOfPage":{"@id":"https:\/\/roubloff-france.fr\/Roubloff\/produit\/roubloff-kolinsky-serie-111f-3\/#primaryimage"},"image":{"@id":"https:\/\/roubloff-france.fr\/Roubloff\/produit\/roubloff-kolinsky-serie-111f-3\/#primaryimage"},"thumbnailUrl":"https:\/\/roubloff-france.fr\/Roubloff\/wp-content\/uploads\/2021\/03\/111F-1.jpg","datePublished":"2021-03-20T17:43:50+00:00","dateModified":"2025-10-02T17:26:35+00:00","description":"Pinceau Roubloff Kolinsky (Martre), brosse ronde et courte n\u00b0 3, avec un manche court de couleur\u00a0noir mat et une virole dor\u00e9e","breadcrumb":{"@id":"https:\/\/roubloff-france.fr\/Roubloff\/produit\/roubloff-kolinsky-serie-111f-3\/#breadcrumb"},"inLanguage":"fr-FR","potentialAction":[{"@type":"ReadAction","target":["https:\/\/roubloff-france.fr\/Roubloff\/produit\/roubloff-kolinsky-serie-111f-3\/"]}]},{"@type":"ImageObject","inLanguage":"fr-FR","@id":"https:\/\/roubloff-france.fr\/Roubloff\/produit\/roubloff-kolinsky-serie-111f-3\/#primaryimage","url":"https:\/\/roubloff-france.fr\/Roubloff\/wp-content\/uploads\/2021\/03\/111F-1.jpg","contentUrl":"https:\/\/roubloff-france.fr\/Roubloff\/wp-content\/uploads\/2021\/03\/111F-1.jpg","width":1080,"height":1200},{"@type":"BreadcrumbList","@id":"https:\/\/roubloff-france.fr\/Roubloff\/produit\/roubloff-kolinsky-serie-111f-3\/#breadcrumb","itemListElement":[{"@type":"ListItem","position":1,"name":"Accueil","item":"https:\/\/roubloff-france.fr\/Roubloff\/"},{"@type":"ListItem","position":2,"name":"Les pinceaux Roubloff \u00a9 :","item":"https:\/\/roubloff-france.fr\/Roubloff\/"},{"@type":"ListItem","position":3,"name":"Kolinsky S\u00e9rie 111F-3"}]},{"@type":"WebSite","@id":"https:\/\/roubloff-france.fr\/Roubloff\/#website","url":"https:\/\/roubloff-france.fr\/Roubloff\/","name":"Roubloff France - pinceaux d'art","description":"Les pinceaux d&#039;art pour les artistes, \u00e9coles d&#039;art, revendeurs","publisher":{"@id":"https:\/\/roubloff-france.fr\/Roubloff\/#organization"},"potentialAction":[{"@type":"SearchAction","target":{"@type":"EntryPoint","urlTemplate":"https:\/\/roubloff-france.fr\/Roubloff\/?s={search_term_string}"},"query-input":{"@type":"PropertyValueSpecification","valueRequired":true,"valueName":"search_term_string"}}],"inLanguage":"fr-FR"},{"@type":"Organization","@id":"https:\/\/roubloff-france.fr\/Roubloff\/#organization","name":"Roubloff France - pinceaux d'art","url":"https:\/\/roubloff-france.fr\/Roubloff\/","logo":{"@type":"ImageObject","inLanguage":"fr-FR","@id":"https:\/\/roubloff-france.fr\/Roubloff\/#\/schema\/logo\/image\/","url":"https:\/\/roubloff-france.fr\/Roubloff\/wp-content\/uploads\/2022\/01\/cropped-Logo-Roubloff-Rouge-avec-filet-blanc-250-p.png","contentUrl":"https:\/\/roubloff-france.fr\/Roubloff\/wp-content\/uploads\/2022\/01\/cropped-Logo-Roubloff-Rouge-avec-filet-blanc-250-p.png","width":261,"height":57,"caption":"Roubloff France - pinceaux d'art"},"image":{"@id":"https:\/\/roubloff-france.fr\/Roubloff\/#\/schema\/logo\/image\/"},"sameAs":["https:\/\/www.instagram.com\/roubloff_france\/"]}]}},"_links":{"self":[{"href":"https:\/\/roubloff-france.fr\/Roubloff\/wp-json\/wp\/v2\/product\/78","targetHints":{"allow":["GET"]}}],"collection":[{"href":"https:\/\/roubloff-france.fr\/Roubloff\/wp-json\/wp\/v2\/product"}],"about":[{"href":"https:\/\/roubloff-france.fr\/Roubloff\/wp-json\/wp\/v2\/types\/product"}],"wp:featuredmedia":[{"embeddable":true,"href":"https:\/\/roubloff-france.fr\/Roubloff\/wp-json\/wp\/v2\/media\/108"}],"wp:attachment":[{"href":"https:\/\/roubloff-france.fr\/Roubloff\/wp-json\/wp\/v2\/media?parent=78"}],"wp:term":[{"taxonomy":"product_brand","embeddable":true,"href":"https:\/\/roubloff-france.fr\/Roubloff\/wp-json\/wp\/v2\/product_brand?post=78"},{"taxonomy":"product_cat","embeddable":true,"href":"https:\/\/roubloff-france.fr\/Roubloff\/wp-json\/wp\/v2\/product_cat?post=78"},{"taxonomy":"product_tag","embeddable":true,"href":"https:\/\/roubloff-france.fr\/Roubloff\/wp-json\/wp\/v2\/product_tag?post=78"}],"curies":[{"name":"wp","href":"https:\/\/api.w.org\/{rel}","templated":true}]}}