{"id":76,"date":"2021-03-20T18:43:50","date_gmt":"2021-03-20T17:43:50","guid":{"rendered":"https:\/\/roubloff-france.fr\/Roubloff\/?post_type=product&#038;p=76"},"modified":"2026-04-08T13:56:50","modified_gmt":"2026-04-08T11:56:50","slug":"roubloff-kolinsky-serie-1117-2","status":"publish","type":"product","link":"https:\/\/roubloff-france.fr\/Roubloff\/produit\/roubloff-kolinsky-serie-1117-2\/","title":{"rendered":"Roubloff Kolinsky S\u00e9rie 1117-2"},"content":{"rendered":"<p><strong>Pinceau Roubloff Kolinsky (Martre), brosse ronde et courte d\u2019un format n\u00b02, avec un long manche de couleur noir mat avec une virole dor\u00e9e<\/strong><\/p>\n<p>La brosse ronde en poils kolinsky purs et doux se tient bien dans la main gr\u00e2ce \u00e0 un manche en bois \u00e9quilibr\u00e9.<br \/>\nLa virole en aluminium anodis\u00e9 avec sertissage m\u00e9canique fixe solidement le manche noir mat avec une t\u00eate de brosse pr\u00e9servant sa forme conique.<\/p>\n<p>Cette brosse a un excellent ressort et la longueur courte rend les poils encore plus flexibles, l&rsquo;id\u00e9al pour les techniques d&#8217;emp\u00e2tement et d&rsquo;aquarelle.<\/p>\n<p>La t\u00eate de brosse conique associ\u00e9e \u00e0 un pointage fin vous permet d&rsquo;appliquer des traits de r\u00e9flexion et de mod\u00e9liser des objets de taille moyenne et grande ainsi que des lignes fines et des travaux d\u00e9taill\u00e9s.<\/p>\n<ul>\n<li>Application : aquarelle, gouache, huile, d\u00e9trempe<\/li>\n<li>Poils : Naturel<\/li>\n<li>Type de poils : Kolinsky<\/li>\n<li>Rigidit\u00e9 : 1<\/li>\n<li>Virole : or (aluminium anodis\u00e9)<\/li>\n<li>Forme de t\u00eate de brosse : ronde<\/li>\n<li>Longueur du manche : Long<\/li>\n<li>Taille : 00, 0, 1, 1,5, 2, 3, 4, 5, 6, 7, 8, 9, 10, 11, 12<\/li>\n<li>Avantages :\n<ul>\n<li>Haute qualit\u00e9 des poils<\/li>\n<li>Manche en bouleau l\u00e9ger<\/li>\n<li>Poils trait\u00e9s \u00e0 la main<\/li>\n<\/ul>\n<\/li>\n<\/ul>\n<p>En savoir plus : <a href=\"https:\/\/www.roubloff.ru\/en\/catalog\/artbrushes\/1117\/\" target=\"_blank\" rel=\"noopener noreferrer\">https:\/\/www.roubloff.ru\/en\/catalog\/artbrushes\/1117\/<\/a><\/p>\n<hr \/>\n<p><strong>Brush Roubloff Kolinsky \/ round short length-out 2\/ long black matt handle\/ gold ferrule<\/strong><\/p>\n<p>Round brush from soft pure kolinsky hair feels right in the hand thanks to balanced wooden handle. Anodized aluminum ferrule with mechanical crimping securely fixes matt black handle with brush head preserving its conical shape. This brush has excellent spring; short length-out makes hair even more flexible, so that it is perfect for impasto and watercolor techniques. Conical brush head combined with fine pointing lets you apply think strokes and model medium-sized and large objects as well as fine lines and detailed works<\/p>\n<pre>Application: Watercolor, Gouache, Oil, Tempera\r\nHair: Natural\r\nHair type: Kolinsky\r\nStiffness: 1\r\nFerrule: Gold (anodized aluminum)\r\nBrush head shape: Round\r\nHandle length: Long\r\nSize: 00, 0, 1, 1,5, 2, 3, 4, 5, 6, 7, 8, 9, 10, 11, 12\r\nAdvantages:\r\n- High hair quality\r\n- Light-weight birch handle\r\n- Hair treated by hand<\/pre>\n<p>Read more : <a href=\"https:\/\/www.roubloff.ru\/en\/catalog\/artbrushes\/1117\/\" target=\"_blank\" rel=\"noopener noreferrer\">https:\/\/www.roubloff.ru\/en\/catalog\/artbrushes\/1117\/<\/a><\/p>\n<p>&nbsp;<\/p>\n","protected":false},"excerpt":{"rendered":"<p><strong>Pinceau Roubloff Kolinsky (Martre), brosse ronde et courte d\u2019un format n\u00b02, avec un long manche de couleur noir mat avec une virole dor\u00e9e<\/strong><\/p>\n","protected":false},"featured_media":106,"template":"","meta":[],"product_brand":[],"product_cat":[22,226],"product_tag":[23,24,20],"class_list":{"0":"post-76","1":"product","2":"type-product","3":"status-publish","4":"has-post-thumbnail","6":"product_cat-serie-1117","7":"product_cat-111f-1115-11101117-kolinsky","8":"product_tag-23","9":"product_tag-1117-2","10":"product_tag-kolinsky","12":"first","13":"instock","14":"sale","15":"taxable","16":"shipping-taxable","17":"purchasable","18":"product-type-simple"},"yoast_head":"<!-- This site is optimized with the Yoast SEO plugin v27.3 - https:\/\/yoast.com\/product\/yoast-seo-wordpress\/ -->\n<title>Roubloff Kolinsky S\u00e9rie 1117-2 - Roubloff France - pinceaux d&#039;art<\/title>\n<meta name=\"description\" content=\"Pinceau Roubloff Kolinsky (Martre), brosse ronde et courte disponible d\u2019un format n\u00b000 \u00e0 12, avec un long manche de couleur noir mat avec une virole dor\u00e9e\" \/>\n<meta name=\"robots\" content=\"index, follow, max-snippet:-1, max-image-preview:large, max-video-preview:-1\" \/>\n<link rel=\"canonical\" href=\"https:\/\/roubloff-france.fr\/Roubloff\/produit\/roubloff-kolinsky-serie-1117-2\/\" \/>\n<meta property=\"og:locale\" content=\"fr_FR\" \/>\n<meta property=\"og:type\" content=\"article\" \/>\n<meta property=\"og:title\" content=\"Roubloff Kolinsky S\u00e9rie 1117-2 - Roubloff France - pinceaux d&#039;art\" \/>\n<meta property=\"og:description\" content=\"Pinceau Roubloff Kolinsky (Martre), brosse ronde et courte disponible d\u2019un format n\u00b000 \u00e0 12, avec un long manche de couleur noir mat avec une virole dor\u00e9e\" \/>\n<meta property=\"og:url\" content=\"https:\/\/roubloff-france.fr\/Roubloff\/produit\/roubloff-kolinsky-serie-1117-2\/\" \/>\n<meta property=\"og:site_name\" content=\"Roubloff France - pinceaux d&#039;art\" \/>\n<meta property=\"article:publisher\" content=\"https:\/\/www.instagram.com\/roubloff_france\/\" \/>\n<meta property=\"article:modified_time\" content=\"2026-04-08T11:56:50+00:00\" \/>\n<meta property=\"og:image\" content=\"http:\/\/roubloff-france.fr\/Roubloff\/wp-content\/uploads\/2021\/03\/1117-1.jpg\" \/>\n\t<meta property=\"og:image:width\" content=\"1080\" \/>\n\t<meta property=\"og:image:height\" content=\"1200\" \/>\n\t<meta property=\"og:image:type\" content=\"image\/jpeg\" \/>\n<meta name=\"twitter:card\" content=\"summary_large_image\" \/>\n<meta name=\"twitter:label1\" content=\"Dur\u00e9e de lecture estim\u00e9e\" \/>\n\t<meta name=\"twitter:data1\" content=\"2 minutes\" \/>\n<script type=\"application\/ld+json\" class=\"yoast-schema-graph\">{\"@context\":\"https:\\\/\\\/schema.org\",\"@graph\":[{\"@type\":\"WebPage\",\"@id\":\"https:\\\/\\\/roubloff-france.fr\\\/Roubloff\\\/produit\\\/roubloff-kolinsky-serie-1117-2\\\/\",\"url\":\"https:\\\/\\\/roubloff-france.fr\\\/Roubloff\\\/produit\\\/roubloff-kolinsky-serie-1117-2\\\/\",\"name\":\"Roubloff Kolinsky S\u00e9rie 1117-2 - Roubloff France - pinceaux d&#039;art\",\"isPartOf\":{\"@id\":\"https:\\\/\\\/roubloff-france.fr\\\/Roubloff\\\/#website\"},\"primaryImageOfPage\":{\"@id\":\"https:\\\/\\\/roubloff-france.fr\\\/Roubloff\\\/produit\\\/roubloff-kolinsky-serie-1117-2\\\/#primaryimage\"},\"image\":{\"@id\":\"https:\\\/\\\/roubloff-france.fr\\\/Roubloff\\\/produit\\\/roubloff-kolinsky-serie-1117-2\\\/#primaryimage\"},\"thumbnailUrl\":\"https:\\\/\\\/roubloff-france.fr\\\/Roubloff\\\/wp-content\\\/uploads\\\/2021\\\/03\\\/1117-1.jpg\",\"datePublished\":\"2021-03-20T17:43:50+00:00\",\"dateModified\":\"2026-04-08T11:56:50+00:00\",\"description\":\"Pinceau Roubloff Kolinsky (Martre), brosse ronde et courte disponible d\u2019un format n\u00b000 \u00e0 12, avec un long manche de couleur noir mat avec une virole dor\u00e9e\",\"breadcrumb\":{\"@id\":\"https:\\\/\\\/roubloff-france.fr\\\/Roubloff\\\/produit\\\/roubloff-kolinsky-serie-1117-2\\\/#breadcrumb\"},\"inLanguage\":\"fr-FR\",\"potentialAction\":[{\"@type\":\"ReadAction\",\"target\":[\"https:\\\/\\\/roubloff-france.fr\\\/Roubloff\\\/produit\\\/roubloff-kolinsky-serie-1117-2\\\/\"]}]},{\"@type\":\"ImageObject\",\"inLanguage\":\"fr-FR\",\"@id\":\"https:\\\/\\\/roubloff-france.fr\\\/Roubloff\\\/produit\\\/roubloff-kolinsky-serie-1117-2\\\/#primaryimage\",\"url\":\"https:\\\/\\\/roubloff-france.fr\\\/Roubloff\\\/wp-content\\\/uploads\\\/2021\\\/03\\\/1117-1.jpg\",\"contentUrl\":\"https:\\\/\\\/roubloff-france.fr\\\/Roubloff\\\/wp-content\\\/uploads\\\/2021\\\/03\\\/1117-1.jpg\",\"width\":1080,\"height\":1200},{\"@type\":\"BreadcrumbList\",\"@id\":\"https:\\\/\\\/roubloff-france.fr\\\/Roubloff\\\/produit\\\/roubloff-kolinsky-serie-1117-2\\\/#breadcrumb\",\"itemListElement\":[{\"@type\":\"ListItem\",\"position\":1,\"name\":\"Accueil\",\"item\":\"https:\\\/\\\/roubloff-france.fr\\\/Roubloff\\\/\"},{\"@type\":\"ListItem\",\"position\":2,\"name\":\"Les pinceaux Roubloff \u00a9 :\",\"item\":\"https:\\\/\\\/roubloff-france.fr\\\/Roubloff\\\/\"},{\"@type\":\"ListItem\",\"position\":3,\"name\":\"Roubloff Kolinsky S\u00e9rie 1117-2\"}]},{\"@type\":\"WebSite\",\"@id\":\"https:\\\/\\\/roubloff-france.fr\\\/Roubloff\\\/#website\",\"url\":\"https:\\\/\\\/roubloff-france.fr\\\/Roubloff\\\/\",\"name\":\"Roubloff France - pinceaux d'art\",\"description\":\"Les pinceaux d&#039;art pour les artistes, \u00e9coles d&#039;art, revendeurs\",\"publisher\":{\"@id\":\"https:\\\/\\\/roubloff-france.fr\\\/Roubloff\\\/#organization\"},\"potentialAction\":[{\"@type\":\"SearchAction\",\"target\":{\"@type\":\"EntryPoint\",\"urlTemplate\":\"https:\\\/\\\/roubloff-france.fr\\\/Roubloff\\\/?s={search_term_string}\"},\"query-input\":{\"@type\":\"PropertyValueSpecification\",\"valueRequired\":true,\"valueName\":\"search_term_string\"}}],\"inLanguage\":\"fr-FR\"},{\"@type\":\"Organization\",\"@id\":\"https:\\\/\\\/roubloff-france.fr\\\/Roubloff\\\/#organization\",\"name\":\"Roubloff France - pinceaux d'art\",\"url\":\"https:\\\/\\\/roubloff-france.fr\\\/Roubloff\\\/\",\"logo\":{\"@type\":\"ImageObject\",\"inLanguage\":\"fr-FR\",\"@id\":\"https:\\\/\\\/roubloff-france.fr\\\/Roubloff\\\/#\\\/schema\\\/logo\\\/image\\\/\",\"url\":\"https:\\\/\\\/roubloff-france.fr\\\/Roubloff\\\/wp-content\\\/uploads\\\/2022\\\/01\\\/cropped-Logo-Roubloff-Rouge-avec-filet-blanc-250-p.png\",\"contentUrl\":\"https:\\\/\\\/roubloff-france.fr\\\/Roubloff\\\/wp-content\\\/uploads\\\/2022\\\/01\\\/cropped-Logo-Roubloff-Rouge-avec-filet-blanc-250-p.png\",\"width\":261,\"height\":57,\"caption\":\"Roubloff France - pinceaux d'art\"},\"image\":{\"@id\":\"https:\\\/\\\/roubloff-france.fr\\\/Roubloff\\\/#\\\/schema\\\/logo\\\/image\\\/\"},\"sameAs\":[\"https:\\\/\\\/www.instagram.com\\\/roubloff_france\\\/\"]}]}<\/script>\n<!-- \/ Yoast SEO plugin. -->","yoast_head_json":{"title":"Roubloff Kolinsky S\u00e9rie 1117-2 - Roubloff France - pinceaux d&#039;art","description":"Pinceau Roubloff Kolinsky (Martre), brosse ronde et courte disponible d\u2019un format n\u00b000 \u00e0 12, avec un long manche de couleur noir mat avec une virole dor\u00e9e","robots":{"index":"index","follow":"follow","max-snippet":"max-snippet:-1","max-image-preview":"max-image-preview:large","max-video-preview":"max-video-preview:-1"},"canonical":"https:\/\/roubloff-france.fr\/Roubloff\/produit\/roubloff-kolinsky-serie-1117-2\/","og_locale":"fr_FR","og_type":"article","og_title":"Roubloff Kolinsky S\u00e9rie 1117-2 - Roubloff France - pinceaux d&#039;art","og_description":"Pinceau Roubloff Kolinsky (Martre), brosse ronde et courte disponible d\u2019un format n\u00b000 \u00e0 12, avec un long manche de couleur noir mat avec une virole dor\u00e9e","og_url":"https:\/\/roubloff-france.fr\/Roubloff\/produit\/roubloff-kolinsky-serie-1117-2\/","og_site_name":"Roubloff France - pinceaux d&#039;art","article_publisher":"https:\/\/www.instagram.com\/roubloff_france\/","article_modified_time":"2026-04-08T11:56:50+00:00","og_image":[{"width":1080,"height":1200,"url":"http:\/\/roubloff-france.fr\/Roubloff\/wp-content\/uploads\/2021\/03\/1117-1.jpg","type":"image\/jpeg"}],"twitter_card":"summary_large_image","twitter_misc":{"Dur\u00e9e de lecture estim\u00e9e":"2 minutes"},"schema":{"@context":"https:\/\/schema.org","@graph":[{"@type":"WebPage","@id":"https:\/\/roubloff-france.fr\/Roubloff\/produit\/roubloff-kolinsky-serie-1117-2\/","url":"https:\/\/roubloff-france.fr\/Roubloff\/produit\/roubloff-kolinsky-serie-1117-2\/","name":"Roubloff Kolinsky S\u00e9rie 1117-2 - Roubloff France - pinceaux d&#039;art","isPartOf":{"@id":"https:\/\/roubloff-france.fr\/Roubloff\/#website"},"primaryImageOfPage":{"@id":"https:\/\/roubloff-france.fr\/Roubloff\/produit\/roubloff-kolinsky-serie-1117-2\/#primaryimage"},"image":{"@id":"https:\/\/roubloff-france.fr\/Roubloff\/produit\/roubloff-kolinsky-serie-1117-2\/#primaryimage"},"thumbnailUrl":"https:\/\/roubloff-france.fr\/Roubloff\/wp-content\/uploads\/2021\/03\/1117-1.jpg","datePublished":"2021-03-20T17:43:50+00:00","dateModified":"2026-04-08T11:56:50+00:00","description":"Pinceau Roubloff Kolinsky (Martre), brosse ronde et courte disponible d\u2019un format n\u00b000 \u00e0 12, avec un long manche de couleur noir mat avec une virole dor\u00e9e","breadcrumb":{"@id":"https:\/\/roubloff-france.fr\/Roubloff\/produit\/roubloff-kolinsky-serie-1117-2\/#breadcrumb"},"inLanguage":"fr-FR","potentialAction":[{"@type":"ReadAction","target":["https:\/\/roubloff-france.fr\/Roubloff\/produit\/roubloff-kolinsky-serie-1117-2\/"]}]},{"@type":"ImageObject","inLanguage":"fr-FR","@id":"https:\/\/roubloff-france.fr\/Roubloff\/produit\/roubloff-kolinsky-serie-1117-2\/#primaryimage","url":"https:\/\/roubloff-france.fr\/Roubloff\/wp-content\/uploads\/2021\/03\/1117-1.jpg","contentUrl":"https:\/\/roubloff-france.fr\/Roubloff\/wp-content\/uploads\/2021\/03\/1117-1.jpg","width":1080,"height":1200},{"@type":"BreadcrumbList","@id":"https:\/\/roubloff-france.fr\/Roubloff\/produit\/roubloff-kolinsky-serie-1117-2\/#breadcrumb","itemListElement":[{"@type":"ListItem","position":1,"name":"Accueil","item":"https:\/\/roubloff-france.fr\/Roubloff\/"},{"@type":"ListItem","position":2,"name":"Les pinceaux Roubloff \u00a9 :","item":"https:\/\/roubloff-france.fr\/Roubloff\/"},{"@type":"ListItem","position":3,"name":"Roubloff Kolinsky S\u00e9rie 1117-2"}]},{"@type":"WebSite","@id":"https:\/\/roubloff-france.fr\/Roubloff\/#website","url":"https:\/\/roubloff-france.fr\/Roubloff\/","name":"Roubloff France - pinceaux d'art","description":"Les pinceaux d&#039;art pour les artistes, \u00e9coles d&#039;art, revendeurs","publisher":{"@id":"https:\/\/roubloff-france.fr\/Roubloff\/#organization"},"potentialAction":[{"@type":"SearchAction","target":{"@type":"EntryPoint","urlTemplate":"https:\/\/roubloff-france.fr\/Roubloff\/?s={search_term_string}"},"query-input":{"@type":"PropertyValueSpecification","valueRequired":true,"valueName":"search_term_string"}}],"inLanguage":"fr-FR"},{"@type":"Organization","@id":"https:\/\/roubloff-france.fr\/Roubloff\/#organization","name":"Roubloff France - pinceaux d'art","url":"https:\/\/roubloff-france.fr\/Roubloff\/","logo":{"@type":"ImageObject","inLanguage":"fr-FR","@id":"https:\/\/roubloff-france.fr\/Roubloff\/#\/schema\/logo\/image\/","url":"https:\/\/roubloff-france.fr\/Roubloff\/wp-content\/uploads\/2022\/01\/cropped-Logo-Roubloff-Rouge-avec-filet-blanc-250-p.png","contentUrl":"https:\/\/roubloff-france.fr\/Roubloff\/wp-content\/uploads\/2022\/01\/cropped-Logo-Roubloff-Rouge-avec-filet-blanc-250-p.png","width":261,"height":57,"caption":"Roubloff France - pinceaux d'art"},"image":{"@id":"https:\/\/roubloff-france.fr\/Roubloff\/#\/schema\/logo\/image\/"},"sameAs":["https:\/\/www.instagram.com\/roubloff_france\/"]}]}},"_links":{"self":[{"href":"https:\/\/roubloff-france.fr\/Roubloff\/wp-json\/wp\/v2\/product\/76","targetHints":{"allow":["GET"]}}],"collection":[{"href":"https:\/\/roubloff-france.fr\/Roubloff\/wp-json\/wp\/v2\/product"}],"about":[{"href":"https:\/\/roubloff-france.fr\/Roubloff\/wp-json\/wp\/v2\/types\/product"}],"wp:featuredmedia":[{"embeddable":true,"href":"https:\/\/roubloff-france.fr\/Roubloff\/wp-json\/wp\/v2\/media\/106"}],"wp:attachment":[{"href":"https:\/\/roubloff-france.fr\/Roubloff\/wp-json\/wp\/v2\/media?parent=76"}],"wp:term":[{"taxonomy":"product_brand","embeddable":true,"href":"https:\/\/roubloff-france.fr\/Roubloff\/wp-json\/wp\/v2\/product_brand?post=76"},{"taxonomy":"product_cat","embeddable":true,"href":"https:\/\/roubloff-france.fr\/Roubloff\/wp-json\/wp\/v2\/product_cat?post=76"},{"taxonomy":"product_tag","embeddable":true,"href":"https:\/\/roubloff-france.fr\/Roubloff\/wp-json\/wp\/v2\/product_tag?post=76"}],"curies":[{"name":"wp","href":"https:\/\/api.w.org\/{rel}","templated":true}]}}