{"id":735,"date":"2025-03-26T09:41:24","date_gmt":"2025-03-26T08:41:24","guid":{"rendered":"https:\/\/roubloff-france.fr\/Roubloff\/?post_type=product&#038;p=735"},"modified":"2026-04-09T08:29:42","modified_gmt":"2026-04-09T06:29:42","slug":"eraser-6-pour-enlever-delicatement-effacer-la-couche-de-peinture-en-aquarelle","status":"publish","type":"product","link":"https:\/\/roubloff-france.fr\/Roubloff\/produit\/eraser-6-pour-enlever-delicatement-effacer-la-couche-de-peinture-en-aquarelle\/","title":{"rendered":"Eraser 6 Roubloff &#8211; pour enlever d\u00e9licatement (effacer) la couche de peinture en aquarelle"},"content":{"rendered":"<p class=\"p1\">Un pinceau avec des poils synth\u00e9tiques courts, durs et flexibles, con\u00e7u pour enlever d\u00e9licatement (effacer) la couche de peinture en aquarelle.<\/p>\n<p class=\"p1\">Le bord fin et r\u00e9gulier de la t\u00eate du pinceau garantit une grande pr\u00e9cision pour restaurer les nuances, cr\u00e9er des rehauts, tracer des lignes fines et peindre de petits d\u00e9tails.<\/p>\n<p class=\"p1\">Le manche court et ergonomique du pinceau est prot\u00e9g\u00e9 par un vernis r\u00e9sistant aux produits chimiques<\/p>\n<p>Disponible en 4 tailles : 4, 6, 8, 10<\/p>\n<p>A brush with short, hard, flexible synthetic bristles for careful washing off(erasing) the<br \/>\npaint layer in watercolour art.<\/p>\n<p>The thin and even brush head edge ensures the accuracy of restoring overtones, highlighting, drawing fine lines and small details.<\/p>\n<p>Short, comfortable handle of the brush is protected with chemical-resistant lacquer.<\/p>\n<p>&nbsp;<\/p>\n","protected":false},"excerpt":{"rendered":"<p>Eraser 6 Roubloff &#8211; pour enlever d\u00e9licatement (effacer) la couche de peinture en aquarelle<\/p>\n","protected":false},"featured_media":959,"template":"","meta":[],"product_brand":[319],"product_cat":[300],"product_tag":[],"class_list":{"0":"post-735","1":"product","2":"type-product","3":"status-publish","4":"has-post-thumbnail","6":"product_brand-roubloff","7":"product_cat-2025-nouveautes","9":"first","10":"outofstock","11":"taxable","12":"shipping-taxable","13":"purchasable","14":"product-type-simple"},"yoast_head":"<!-- This site is optimized with the Yoast SEO plugin v27.4 - https:\/\/yoast.com\/product\/yoast-seo-wordpress\/ -->\n<title>Eraser 6 Roubloff - pour enlever d\u00e9licatement (effacer) la couche de peinture en aquarelle - Roubloff France - pinceaux d&#039;art<\/title>\n<meta name=\"robots\" content=\"index, follow, max-snippet:-1, max-image-preview:large, max-video-preview:-1\" \/>\n<link rel=\"canonical\" href=\"https:\/\/roubloff-france.fr\/Roubloff\/produit\/eraser-6-pour-enlever-delicatement-effacer-la-couche-de-peinture-en-aquarelle\/\" \/>\n<meta property=\"og:locale\" content=\"fr_FR\" \/>\n<meta property=\"og:type\" content=\"article\" \/>\n<meta property=\"og:title\" content=\"Eraser 6 Roubloff - pour enlever d\u00e9licatement (effacer) la couche de peinture en aquarelle - Roubloff France - pinceaux d&#039;art\" \/>\n<meta property=\"og:description\" content=\"Eraser 6 Roubloff - pour enlever d\u00e9licatement (effacer) la couche de peinture en aquarelle\" \/>\n<meta property=\"og:url\" content=\"https:\/\/roubloff-france.fr\/Roubloff\/produit\/eraser-6-pour-enlever-delicatement-effacer-la-couche-de-peinture-en-aquarelle\/\" \/>\n<meta property=\"og:site_name\" content=\"Roubloff France - pinceaux d&#039;art\" \/>\n<meta property=\"article:publisher\" content=\"https:\/\/www.instagram.com\/roubloff_france\/\" \/>\n<meta property=\"article:modified_time\" content=\"2026-04-09T06:29:42+00:00\" \/>\n<meta property=\"og:image\" content=\"http:\/\/roubloff-france.fr\/Roubloff\/wp-content\/uploads\/2025\/08\/Eraser_touffe_6_Roubloff.jpg\" \/>\n\t<meta property=\"og:image:width\" content=\"900\" \/>\n\t<meta property=\"og:image:height\" content=\"1000\" \/>\n\t<meta property=\"og:image:type\" content=\"image\/jpeg\" \/>\n<meta name=\"twitter:card\" content=\"summary_large_image\" \/>\n<meta name=\"twitter:label1\" content=\"Dur\u00e9e de lecture estim\u00e9e\" \/>\n\t<meta name=\"twitter:data1\" content=\"1 minute\" \/>\n<script type=\"application\/ld+json\" class=\"yoast-schema-graph\">{\"@context\":\"https:\\\/\\\/schema.org\",\"@graph\":[{\"@type\":\"WebPage\",\"@id\":\"https:\\\/\\\/roubloff-france.fr\\\/Roubloff\\\/produit\\\/eraser-6-pour-enlever-delicatement-effacer-la-couche-de-peinture-en-aquarelle\\\/\",\"url\":\"https:\\\/\\\/roubloff-france.fr\\\/Roubloff\\\/produit\\\/eraser-6-pour-enlever-delicatement-effacer-la-couche-de-peinture-en-aquarelle\\\/\",\"name\":\"Eraser 6 Roubloff - pour enlever d\u00e9licatement (effacer) la couche de peinture en aquarelle - Roubloff France - pinceaux d&#039;art\",\"isPartOf\":{\"@id\":\"https:\\\/\\\/roubloff-france.fr\\\/Roubloff\\\/#website\"},\"primaryImageOfPage\":{\"@id\":\"https:\\\/\\\/roubloff-france.fr\\\/Roubloff\\\/produit\\\/eraser-6-pour-enlever-delicatement-effacer-la-couche-de-peinture-en-aquarelle\\\/#primaryimage\"},\"image\":{\"@id\":\"https:\\\/\\\/roubloff-france.fr\\\/Roubloff\\\/produit\\\/eraser-6-pour-enlever-delicatement-effacer-la-couche-de-peinture-en-aquarelle\\\/#primaryimage\"},\"thumbnailUrl\":\"https:\\\/\\\/roubloff-france.fr\\\/Roubloff\\\/wp-content\\\/uploads\\\/2025\\\/08\\\/Eraser_touffe_6_Roubloff.jpg\",\"datePublished\":\"2025-03-26T08:41:24+00:00\",\"dateModified\":\"2026-04-09T06:29:42+00:00\",\"breadcrumb\":{\"@id\":\"https:\\\/\\\/roubloff-france.fr\\\/Roubloff\\\/produit\\\/eraser-6-pour-enlever-delicatement-effacer-la-couche-de-peinture-en-aquarelle\\\/#breadcrumb\"},\"inLanguage\":\"fr-FR\",\"potentialAction\":[{\"@type\":\"ReadAction\",\"target\":[\"https:\\\/\\\/roubloff-france.fr\\\/Roubloff\\\/produit\\\/eraser-6-pour-enlever-delicatement-effacer-la-couche-de-peinture-en-aquarelle\\\/\"]}]},{\"@type\":\"ImageObject\",\"inLanguage\":\"fr-FR\",\"@id\":\"https:\\\/\\\/roubloff-france.fr\\\/Roubloff\\\/produit\\\/eraser-6-pour-enlever-delicatement-effacer-la-couche-de-peinture-en-aquarelle\\\/#primaryimage\",\"url\":\"https:\\\/\\\/roubloff-france.fr\\\/Roubloff\\\/wp-content\\\/uploads\\\/2025\\\/08\\\/Eraser_touffe_6_Roubloff.jpg\",\"contentUrl\":\"https:\\\/\\\/roubloff-france.fr\\\/Roubloff\\\/wp-content\\\/uploads\\\/2025\\\/08\\\/Eraser_touffe_6_Roubloff.jpg\",\"width\":900,\"height\":1000},{\"@type\":\"BreadcrumbList\",\"@id\":\"https:\\\/\\\/roubloff-france.fr\\\/Roubloff\\\/produit\\\/eraser-6-pour-enlever-delicatement-effacer-la-couche-de-peinture-en-aquarelle\\\/#breadcrumb\",\"itemListElement\":[{\"@type\":\"ListItem\",\"position\":1,\"name\":\"Accueil\",\"item\":\"https:\\\/\\\/roubloff-france.fr\\\/Roubloff\\\/\"},{\"@type\":\"ListItem\",\"position\":2,\"name\":\"Les pinceaux Roubloff \u00a9 :\",\"item\":\"https:\\\/\\\/roubloff-france.fr\\\/Roubloff\\\/\"},{\"@type\":\"ListItem\",\"position\":3,\"name\":\"Eraser 6 Roubloff &#8211; pour enlever d\u00e9licatement (effacer) la couche de peinture en aquarelle\"}]},{\"@type\":\"WebSite\",\"@id\":\"https:\\\/\\\/roubloff-france.fr\\\/Roubloff\\\/#website\",\"url\":\"https:\\\/\\\/roubloff-france.fr\\\/Roubloff\\\/\",\"name\":\"Roubloff France - pinceaux d'art\",\"description\":\"Les pinceaux d&#039;art pour les artistes, \u00e9coles d&#039;art, revendeurs\",\"publisher\":{\"@id\":\"https:\\\/\\\/roubloff-france.fr\\\/Roubloff\\\/#organization\"},\"potentialAction\":[{\"@type\":\"SearchAction\",\"target\":{\"@type\":\"EntryPoint\",\"urlTemplate\":\"https:\\\/\\\/roubloff-france.fr\\\/Roubloff\\\/?s={search_term_string}\"},\"query-input\":{\"@type\":\"PropertyValueSpecification\",\"valueRequired\":true,\"valueName\":\"search_term_string\"}}],\"inLanguage\":\"fr-FR\"},{\"@type\":\"Organization\",\"@id\":\"https:\\\/\\\/roubloff-france.fr\\\/Roubloff\\\/#organization\",\"name\":\"Roubloff France - pinceaux d'art\",\"url\":\"https:\\\/\\\/roubloff-france.fr\\\/Roubloff\\\/\",\"logo\":{\"@type\":\"ImageObject\",\"inLanguage\":\"fr-FR\",\"@id\":\"https:\\\/\\\/roubloff-france.fr\\\/Roubloff\\\/#\\\/schema\\\/logo\\\/image\\\/\",\"url\":\"https:\\\/\\\/roubloff-france.fr\\\/Roubloff\\\/wp-content\\\/uploads\\\/2022\\\/01\\\/cropped-Logo-Roubloff-Rouge-avec-filet-blanc-250-p.png\",\"contentUrl\":\"https:\\\/\\\/roubloff-france.fr\\\/Roubloff\\\/wp-content\\\/uploads\\\/2022\\\/01\\\/cropped-Logo-Roubloff-Rouge-avec-filet-blanc-250-p.png\",\"width\":261,\"height\":57,\"caption\":\"Roubloff France - pinceaux d'art\"},\"image\":{\"@id\":\"https:\\\/\\\/roubloff-france.fr\\\/Roubloff\\\/#\\\/schema\\\/logo\\\/image\\\/\"},\"sameAs\":[\"https:\\\/\\\/www.instagram.com\\\/roubloff_france\\\/\"]}]}<\/script>\n<!-- \/ Yoast SEO plugin. -->","yoast_head_json":{"title":"Eraser 6 Roubloff - pour enlever d\u00e9licatement (effacer) la couche de peinture en aquarelle - Roubloff France - pinceaux d&#039;art","robots":{"index":"index","follow":"follow","max-snippet":"max-snippet:-1","max-image-preview":"max-image-preview:large","max-video-preview":"max-video-preview:-1"},"canonical":"https:\/\/roubloff-france.fr\/Roubloff\/produit\/eraser-6-pour-enlever-delicatement-effacer-la-couche-de-peinture-en-aquarelle\/","og_locale":"fr_FR","og_type":"article","og_title":"Eraser 6 Roubloff - pour enlever d\u00e9licatement (effacer) la couche de peinture en aquarelle - Roubloff France - pinceaux d&#039;art","og_description":"Eraser 6 Roubloff - pour enlever d\u00e9licatement (effacer) la couche de peinture en aquarelle","og_url":"https:\/\/roubloff-france.fr\/Roubloff\/produit\/eraser-6-pour-enlever-delicatement-effacer-la-couche-de-peinture-en-aquarelle\/","og_site_name":"Roubloff France - pinceaux d&#039;art","article_publisher":"https:\/\/www.instagram.com\/roubloff_france\/","article_modified_time":"2026-04-09T06:29:42+00:00","og_image":[{"width":900,"height":1000,"url":"http:\/\/roubloff-france.fr\/Roubloff\/wp-content\/uploads\/2025\/08\/Eraser_touffe_6_Roubloff.jpg","type":"image\/jpeg"}],"twitter_card":"summary_large_image","twitter_misc":{"Dur\u00e9e de lecture estim\u00e9e":"1 minute"},"schema":{"@context":"https:\/\/schema.org","@graph":[{"@type":"WebPage","@id":"https:\/\/roubloff-france.fr\/Roubloff\/produit\/eraser-6-pour-enlever-delicatement-effacer-la-couche-de-peinture-en-aquarelle\/","url":"https:\/\/roubloff-france.fr\/Roubloff\/produit\/eraser-6-pour-enlever-delicatement-effacer-la-couche-de-peinture-en-aquarelle\/","name":"Eraser 6 Roubloff - pour enlever d\u00e9licatement (effacer) la couche de peinture en aquarelle - Roubloff France - pinceaux d&#039;art","isPartOf":{"@id":"https:\/\/roubloff-france.fr\/Roubloff\/#website"},"primaryImageOfPage":{"@id":"https:\/\/roubloff-france.fr\/Roubloff\/produit\/eraser-6-pour-enlever-delicatement-effacer-la-couche-de-peinture-en-aquarelle\/#primaryimage"},"image":{"@id":"https:\/\/roubloff-france.fr\/Roubloff\/produit\/eraser-6-pour-enlever-delicatement-effacer-la-couche-de-peinture-en-aquarelle\/#primaryimage"},"thumbnailUrl":"https:\/\/roubloff-france.fr\/Roubloff\/wp-content\/uploads\/2025\/08\/Eraser_touffe_6_Roubloff.jpg","datePublished":"2025-03-26T08:41:24+00:00","dateModified":"2026-04-09T06:29:42+00:00","breadcrumb":{"@id":"https:\/\/roubloff-france.fr\/Roubloff\/produit\/eraser-6-pour-enlever-delicatement-effacer-la-couche-de-peinture-en-aquarelle\/#breadcrumb"},"inLanguage":"fr-FR","potentialAction":[{"@type":"ReadAction","target":["https:\/\/roubloff-france.fr\/Roubloff\/produit\/eraser-6-pour-enlever-delicatement-effacer-la-couche-de-peinture-en-aquarelle\/"]}]},{"@type":"ImageObject","inLanguage":"fr-FR","@id":"https:\/\/roubloff-france.fr\/Roubloff\/produit\/eraser-6-pour-enlever-delicatement-effacer-la-couche-de-peinture-en-aquarelle\/#primaryimage","url":"https:\/\/roubloff-france.fr\/Roubloff\/wp-content\/uploads\/2025\/08\/Eraser_touffe_6_Roubloff.jpg","contentUrl":"https:\/\/roubloff-france.fr\/Roubloff\/wp-content\/uploads\/2025\/08\/Eraser_touffe_6_Roubloff.jpg","width":900,"height":1000},{"@type":"BreadcrumbList","@id":"https:\/\/roubloff-france.fr\/Roubloff\/produit\/eraser-6-pour-enlever-delicatement-effacer-la-couche-de-peinture-en-aquarelle\/#breadcrumb","itemListElement":[{"@type":"ListItem","position":1,"name":"Accueil","item":"https:\/\/roubloff-france.fr\/Roubloff\/"},{"@type":"ListItem","position":2,"name":"Les pinceaux Roubloff \u00a9 :","item":"https:\/\/roubloff-france.fr\/Roubloff\/"},{"@type":"ListItem","position":3,"name":"Eraser 6 Roubloff &#8211; pour enlever d\u00e9licatement (effacer) la couche de peinture en aquarelle"}]},{"@type":"WebSite","@id":"https:\/\/roubloff-france.fr\/Roubloff\/#website","url":"https:\/\/roubloff-france.fr\/Roubloff\/","name":"Roubloff France - pinceaux d'art","description":"Les pinceaux d&#039;art pour les artistes, \u00e9coles d&#039;art, revendeurs","publisher":{"@id":"https:\/\/roubloff-france.fr\/Roubloff\/#organization"},"potentialAction":[{"@type":"SearchAction","target":{"@type":"EntryPoint","urlTemplate":"https:\/\/roubloff-france.fr\/Roubloff\/?s={search_term_string}"},"query-input":{"@type":"PropertyValueSpecification","valueRequired":true,"valueName":"search_term_string"}}],"inLanguage":"fr-FR"},{"@type":"Organization","@id":"https:\/\/roubloff-france.fr\/Roubloff\/#organization","name":"Roubloff France - pinceaux d'art","url":"https:\/\/roubloff-france.fr\/Roubloff\/","logo":{"@type":"ImageObject","inLanguage":"fr-FR","@id":"https:\/\/roubloff-france.fr\/Roubloff\/#\/schema\/logo\/image\/","url":"https:\/\/roubloff-france.fr\/Roubloff\/wp-content\/uploads\/2022\/01\/cropped-Logo-Roubloff-Rouge-avec-filet-blanc-250-p.png","contentUrl":"https:\/\/roubloff-france.fr\/Roubloff\/wp-content\/uploads\/2022\/01\/cropped-Logo-Roubloff-Rouge-avec-filet-blanc-250-p.png","width":261,"height":57,"caption":"Roubloff France - pinceaux d'art"},"image":{"@id":"https:\/\/roubloff-france.fr\/Roubloff\/#\/schema\/logo\/image\/"},"sameAs":["https:\/\/www.instagram.com\/roubloff_france\/"]}]}},"_links":{"self":[{"href":"https:\/\/roubloff-france.fr\/Roubloff\/wp-json\/wp\/v2\/product\/735","targetHints":{"allow":["GET"]}}],"collection":[{"href":"https:\/\/roubloff-france.fr\/Roubloff\/wp-json\/wp\/v2\/product"}],"about":[{"href":"https:\/\/roubloff-france.fr\/Roubloff\/wp-json\/wp\/v2\/types\/product"}],"wp:featuredmedia":[{"embeddable":true,"href":"https:\/\/roubloff-france.fr\/Roubloff\/wp-json\/wp\/v2\/media\/959"}],"wp:attachment":[{"href":"https:\/\/roubloff-france.fr\/Roubloff\/wp-json\/wp\/v2\/media?parent=735"}],"wp:term":[{"taxonomy":"product_brand","embeddable":true,"href":"https:\/\/roubloff-france.fr\/Roubloff\/wp-json\/wp\/v2\/product_brand?post=735"},{"taxonomy":"product_cat","embeddable":true,"href":"https:\/\/roubloff-france.fr\/Roubloff\/wp-json\/wp\/v2\/product_cat?post=735"},{"taxonomy":"product_tag","embeddable":true,"href":"https:\/\/roubloff-france.fr\/Roubloff\/wp-json\/wp\/v2\/product_tag?post=735"}],"curies":[{"name":"wp","href":"https:\/\/api.w.org\/{rel}","templated":true}]}}