{"id":726,"date":"2025-03-20T17:39:19","date_gmt":"2025-03-20T16:39:19","guid":{"rendered":"https:\/\/roubloff-france.fr\/Roubloff\/?post_type=product&#038;p=726"},"modified":"2025-03-20T18:20:01","modified_gmt":"2025-03-20T17:20:01","slug":"catalogue-pinceaux-speciaux-beaux-arts-2024","status":"publish","type":"product","link":"https:\/\/roubloff-france.fr\/Roubloff\/produit\/catalogue-pinceaux-speciaux-beaux-arts-2024\/","title":{"rendered":"Catalogue pinceaux sp\u00e9ciaux beaux-arts &#8211; 2024"},"content":{"rendered":"<p>Depuis 1988, nous fabriquons des pinceaux professionnels pour les artistes, peintres d&rsquo;ic\u00f4nes et restaurateurs, pour les arts d\u00e9coratifs appliqu\u00e9s et l&rsquo;artisanat populaire, en nous appuyant sur le savoir-faire du Fonds d&rsquo;Art et en collaborant avec des professionnels du monde de l&rsquo;art.<\/p>\n<p>Roubloff est une entreprise de production compl\u00e8te. Du traitement des poils et de l&rsquo;assemblage de la t\u00eate de pinceau \u00e0 la fabrication des manches et de l&#8217;emballage, toutes les \u00e9tapes de la fabrication des pinceaux sont r\u00e9alis\u00e9es selon des normes de production modernes et rigoureuses et un contr\u00f4le qualit\u00e9 rigoureux de chaque pinceau.<\/p>\n<p>Nous maintenons le traitement traditionnel des poils \u00e0 la main, tout en appliquant des technologies innovantes et en recherchant de nouvelles id\u00e9es pour cr\u00e9er le pinceau parfait. Notre entreprise d\u00e9tient les droits sur plus de 50 brevets pour ses propres produits.<\/p>\n<p>La gamme de produits de l&rsquo;entreprise comprend plus de 2\u00a0000 pinceaux de la marque Roubloff, ainsi que d&rsquo;autres marques fabriqu\u00e9es sur commande.<br \/>\nLes pinceaux Roubloff sont reconnus par les ma\u00eetres peintres de renomm\u00e9e mondiale.<\/p>\n","protected":false},"excerpt":{"rendered":"<p>Bienvenue dans l&rsquo;univers des pinceaux d&rsquo;Art Roubloff &#8211; pour t\u00e9l\u00e9charger gratuitement le catalogue ajouter ce produit \u00e0 votre panier.<\/p>\n","protected":false},"featured_media":727,"template":"","meta":[],"product_brand":[],"product_cat":[296],"product_tag":[298,297,279,43,181,156,299],"class_list":{"0":"post-726","1":"product","2":"type-product","3":"status-publish","4":"has-post-thumbnail","6":"product_cat-catalogue-des-pinceaux","7":"product_tag-beaux-arts","8":"product_tag-catalogue","9":"product_tag-pinceaux","10":"product_tag-pinceaux-dart","11":"product_tag-pinceaux-de-loisirs","12":"product_tag-pinceaux-de-voyage","13":"product_tag-pinceaux-professionnels","15":"first","16":"instock","17":"downloadable","18":"virtual","19":"sold-individually","20":"purchasable","21":"product-type-simple"},"yoast_head":"<!-- This site is optimized with the Yoast SEO plugin v27.3 - https:\/\/yoast.com\/product\/yoast-seo-wordpress\/ -->\n<title>Catalogue pinceaux sp\u00e9ciaux beaux-arts - 2024 - Roubloff France - pinceaux d&#039;art<\/title>\n<meta name=\"robots\" content=\"index, follow, max-snippet:-1, max-image-preview:large, max-video-preview:-1\" \/>\n<link rel=\"canonical\" href=\"https:\/\/roubloff-france.fr\/Roubloff\/produit\/catalogue-pinceaux-speciaux-beaux-arts-2024\/\" \/>\n<meta property=\"og:locale\" content=\"fr_FR\" \/>\n<meta property=\"og:type\" content=\"article\" \/>\n<meta property=\"og:title\" content=\"Catalogue pinceaux sp\u00e9ciaux beaux-arts - 2024 - Roubloff France - pinceaux d&#039;art\" \/>\n<meta property=\"og:description\" content=\"Bienvenue dans l&#039;univers des pinceaux d&#039;Art Roubloff - pour t\u00e9l\u00e9charger gratuitement le catalogue ajouter ce produit \u00e0 votre panier.\" \/>\n<meta property=\"og:url\" content=\"https:\/\/roubloff-france.fr\/Roubloff\/produit\/catalogue-pinceaux-speciaux-beaux-arts-2024\/\" \/>\n<meta property=\"og:site_name\" content=\"Roubloff France - pinceaux d&#039;art\" \/>\n<meta property=\"article:publisher\" content=\"https:\/\/www.instagram.com\/roubloff_france\/\" \/>\n<meta property=\"article:modified_time\" content=\"2025-03-20T17:20:01+00:00\" \/>\n<meta property=\"og:image\" content=\"https:\/\/roubloff-france.fr\/Roubloff\/wp-content\/uploads\/2025\/03\/Catalogue-Roubloff-France-COUVERTURE.jpg\" \/>\n\t<meta property=\"og:image:width\" content=\"1734\" \/>\n\t<meta property=\"og:image:height\" content=\"1513\" \/>\n\t<meta property=\"og:image:type\" content=\"image\/jpeg\" \/>\n<meta name=\"twitter:card\" content=\"summary_large_image\" \/>\n<meta name=\"twitter:label1\" content=\"Dur\u00e9e de lecture estim\u00e9e\" \/>\n\t<meta name=\"twitter:data1\" content=\"1 minute\" \/>\n<script type=\"application\/ld+json\" class=\"yoast-schema-graph\">{\"@context\":\"https:\\\/\\\/schema.org\",\"@graph\":[{\"@type\":\"WebPage\",\"@id\":\"https:\\\/\\\/roubloff-france.fr\\\/Roubloff\\\/produit\\\/catalogue-pinceaux-speciaux-beaux-arts-2024\\\/\",\"url\":\"https:\\\/\\\/roubloff-france.fr\\\/Roubloff\\\/produit\\\/catalogue-pinceaux-speciaux-beaux-arts-2024\\\/\",\"name\":\"Catalogue pinceaux sp\u00e9ciaux beaux-arts - 2024 - Roubloff France - pinceaux d&#039;art\",\"isPartOf\":{\"@id\":\"https:\\\/\\\/roubloff-france.fr\\\/Roubloff\\\/#website\"},\"primaryImageOfPage\":{\"@id\":\"https:\\\/\\\/roubloff-france.fr\\\/Roubloff\\\/produit\\\/catalogue-pinceaux-speciaux-beaux-arts-2024\\\/#primaryimage\"},\"image\":{\"@id\":\"https:\\\/\\\/roubloff-france.fr\\\/Roubloff\\\/produit\\\/catalogue-pinceaux-speciaux-beaux-arts-2024\\\/#primaryimage\"},\"thumbnailUrl\":\"https:\\\/\\\/roubloff-france.fr\\\/Roubloff\\\/wp-content\\\/uploads\\\/2025\\\/03\\\/Catalogue-Roubloff-France-COUVERTURE.jpg\",\"datePublished\":\"2025-03-20T16:39:19+00:00\",\"dateModified\":\"2025-03-20T17:20:01+00:00\",\"breadcrumb\":{\"@id\":\"https:\\\/\\\/roubloff-france.fr\\\/Roubloff\\\/produit\\\/catalogue-pinceaux-speciaux-beaux-arts-2024\\\/#breadcrumb\"},\"inLanguage\":\"fr-FR\",\"potentialAction\":[{\"@type\":\"ReadAction\",\"target\":[\"https:\\\/\\\/roubloff-france.fr\\\/Roubloff\\\/produit\\\/catalogue-pinceaux-speciaux-beaux-arts-2024\\\/\"]}]},{\"@type\":\"ImageObject\",\"inLanguage\":\"fr-FR\",\"@id\":\"https:\\\/\\\/roubloff-france.fr\\\/Roubloff\\\/produit\\\/catalogue-pinceaux-speciaux-beaux-arts-2024\\\/#primaryimage\",\"url\":\"https:\\\/\\\/roubloff-france.fr\\\/Roubloff\\\/wp-content\\\/uploads\\\/2025\\\/03\\\/Catalogue-Roubloff-France-COUVERTURE.jpg\",\"contentUrl\":\"https:\\\/\\\/roubloff-france.fr\\\/Roubloff\\\/wp-content\\\/uploads\\\/2025\\\/03\\\/Catalogue-Roubloff-France-COUVERTURE.jpg\",\"width\":1734,\"height\":1513,\"caption\":\"Catalogue pinceaux sp\u00e9ciaux beaux-arts \u2013 2024\"},{\"@type\":\"BreadcrumbList\",\"@id\":\"https:\\\/\\\/roubloff-france.fr\\\/Roubloff\\\/produit\\\/catalogue-pinceaux-speciaux-beaux-arts-2024\\\/#breadcrumb\",\"itemListElement\":[{\"@type\":\"ListItem\",\"position\":1,\"name\":\"Accueil\",\"item\":\"https:\\\/\\\/roubloff-france.fr\\\/Roubloff\\\/\"},{\"@type\":\"ListItem\",\"position\":2,\"name\":\"Les pinceaux Roubloff \u00a9 :\",\"item\":\"https:\\\/\\\/roubloff-france.fr\\\/Roubloff\\\/\"},{\"@type\":\"ListItem\",\"position\":3,\"name\":\"Catalogue pinceaux sp\u00e9ciaux beaux-arts &#8211; 2024\"}]},{\"@type\":\"WebSite\",\"@id\":\"https:\\\/\\\/roubloff-france.fr\\\/Roubloff\\\/#website\",\"url\":\"https:\\\/\\\/roubloff-france.fr\\\/Roubloff\\\/\",\"name\":\"Roubloff France - pinceaux d'art\",\"description\":\"Les pinceaux d&#039;art pour les artistes, \u00e9coles d&#039;art, revendeurs\",\"publisher\":{\"@id\":\"https:\\\/\\\/roubloff-france.fr\\\/Roubloff\\\/#organization\"},\"potentialAction\":[{\"@type\":\"SearchAction\",\"target\":{\"@type\":\"EntryPoint\",\"urlTemplate\":\"https:\\\/\\\/roubloff-france.fr\\\/Roubloff\\\/?s={search_term_string}\"},\"query-input\":{\"@type\":\"PropertyValueSpecification\",\"valueRequired\":true,\"valueName\":\"search_term_string\"}}],\"inLanguage\":\"fr-FR\"},{\"@type\":\"Organization\",\"@id\":\"https:\\\/\\\/roubloff-france.fr\\\/Roubloff\\\/#organization\",\"name\":\"Roubloff France - pinceaux d'art\",\"url\":\"https:\\\/\\\/roubloff-france.fr\\\/Roubloff\\\/\",\"logo\":{\"@type\":\"ImageObject\",\"inLanguage\":\"fr-FR\",\"@id\":\"https:\\\/\\\/roubloff-france.fr\\\/Roubloff\\\/#\\\/schema\\\/logo\\\/image\\\/\",\"url\":\"https:\\\/\\\/roubloff-france.fr\\\/Roubloff\\\/wp-content\\\/uploads\\\/2022\\\/01\\\/cropped-Logo-Roubloff-Rouge-avec-filet-blanc-250-p.png\",\"contentUrl\":\"https:\\\/\\\/roubloff-france.fr\\\/Roubloff\\\/wp-content\\\/uploads\\\/2022\\\/01\\\/cropped-Logo-Roubloff-Rouge-avec-filet-blanc-250-p.png\",\"width\":261,\"height\":57,\"caption\":\"Roubloff France - pinceaux d'art\"},\"image\":{\"@id\":\"https:\\\/\\\/roubloff-france.fr\\\/Roubloff\\\/#\\\/schema\\\/logo\\\/image\\\/\"},\"sameAs\":[\"https:\\\/\\\/www.instagram.com\\\/roubloff_france\\\/\"]}]}<\/script>\n<!-- \/ Yoast SEO plugin. -->","yoast_head_json":{"title":"Catalogue pinceaux sp\u00e9ciaux beaux-arts - 2024 - Roubloff France - pinceaux d&#039;art","robots":{"index":"index","follow":"follow","max-snippet":"max-snippet:-1","max-image-preview":"max-image-preview:large","max-video-preview":"max-video-preview:-1"},"canonical":"https:\/\/roubloff-france.fr\/Roubloff\/produit\/catalogue-pinceaux-speciaux-beaux-arts-2024\/","og_locale":"fr_FR","og_type":"article","og_title":"Catalogue pinceaux sp\u00e9ciaux beaux-arts - 2024 - Roubloff France - pinceaux d&#039;art","og_description":"Bienvenue dans l'univers des pinceaux d'Art Roubloff - pour t\u00e9l\u00e9charger gratuitement le catalogue ajouter ce produit \u00e0 votre panier.","og_url":"https:\/\/roubloff-france.fr\/Roubloff\/produit\/catalogue-pinceaux-speciaux-beaux-arts-2024\/","og_site_name":"Roubloff France - pinceaux d&#039;art","article_publisher":"https:\/\/www.instagram.com\/roubloff_france\/","article_modified_time":"2025-03-20T17:20:01+00:00","og_image":[{"width":1734,"height":1513,"url":"https:\/\/roubloff-france.fr\/Roubloff\/wp-content\/uploads\/2025\/03\/Catalogue-Roubloff-France-COUVERTURE.jpg","type":"image\/jpeg"}],"twitter_card":"summary_large_image","twitter_misc":{"Dur\u00e9e de lecture estim\u00e9e":"1 minute"},"schema":{"@context":"https:\/\/schema.org","@graph":[{"@type":"WebPage","@id":"https:\/\/roubloff-france.fr\/Roubloff\/produit\/catalogue-pinceaux-speciaux-beaux-arts-2024\/","url":"https:\/\/roubloff-france.fr\/Roubloff\/produit\/catalogue-pinceaux-speciaux-beaux-arts-2024\/","name":"Catalogue pinceaux sp\u00e9ciaux beaux-arts - 2024 - Roubloff France - pinceaux d&#039;art","isPartOf":{"@id":"https:\/\/roubloff-france.fr\/Roubloff\/#website"},"primaryImageOfPage":{"@id":"https:\/\/roubloff-france.fr\/Roubloff\/produit\/catalogue-pinceaux-speciaux-beaux-arts-2024\/#primaryimage"},"image":{"@id":"https:\/\/roubloff-france.fr\/Roubloff\/produit\/catalogue-pinceaux-speciaux-beaux-arts-2024\/#primaryimage"},"thumbnailUrl":"https:\/\/roubloff-france.fr\/Roubloff\/wp-content\/uploads\/2025\/03\/Catalogue-Roubloff-France-COUVERTURE.jpg","datePublished":"2025-03-20T16:39:19+00:00","dateModified":"2025-03-20T17:20:01+00:00","breadcrumb":{"@id":"https:\/\/roubloff-france.fr\/Roubloff\/produit\/catalogue-pinceaux-speciaux-beaux-arts-2024\/#breadcrumb"},"inLanguage":"fr-FR","potentialAction":[{"@type":"ReadAction","target":["https:\/\/roubloff-france.fr\/Roubloff\/produit\/catalogue-pinceaux-speciaux-beaux-arts-2024\/"]}]},{"@type":"ImageObject","inLanguage":"fr-FR","@id":"https:\/\/roubloff-france.fr\/Roubloff\/produit\/catalogue-pinceaux-speciaux-beaux-arts-2024\/#primaryimage","url":"https:\/\/roubloff-france.fr\/Roubloff\/wp-content\/uploads\/2025\/03\/Catalogue-Roubloff-France-COUVERTURE.jpg","contentUrl":"https:\/\/roubloff-france.fr\/Roubloff\/wp-content\/uploads\/2025\/03\/Catalogue-Roubloff-France-COUVERTURE.jpg","width":1734,"height":1513,"caption":"Catalogue pinceaux sp\u00e9ciaux beaux-arts \u2013 2024"},{"@type":"BreadcrumbList","@id":"https:\/\/roubloff-france.fr\/Roubloff\/produit\/catalogue-pinceaux-speciaux-beaux-arts-2024\/#breadcrumb","itemListElement":[{"@type":"ListItem","position":1,"name":"Accueil","item":"https:\/\/roubloff-france.fr\/Roubloff\/"},{"@type":"ListItem","position":2,"name":"Les pinceaux Roubloff \u00a9 :","item":"https:\/\/roubloff-france.fr\/Roubloff\/"},{"@type":"ListItem","position":3,"name":"Catalogue pinceaux sp\u00e9ciaux beaux-arts &#8211; 2024"}]},{"@type":"WebSite","@id":"https:\/\/roubloff-france.fr\/Roubloff\/#website","url":"https:\/\/roubloff-france.fr\/Roubloff\/","name":"Roubloff France - pinceaux d'art","description":"Les pinceaux d&#039;art pour les artistes, \u00e9coles d&#039;art, revendeurs","publisher":{"@id":"https:\/\/roubloff-france.fr\/Roubloff\/#organization"},"potentialAction":[{"@type":"SearchAction","target":{"@type":"EntryPoint","urlTemplate":"https:\/\/roubloff-france.fr\/Roubloff\/?s={search_term_string}"},"query-input":{"@type":"PropertyValueSpecification","valueRequired":true,"valueName":"search_term_string"}}],"inLanguage":"fr-FR"},{"@type":"Organization","@id":"https:\/\/roubloff-france.fr\/Roubloff\/#organization","name":"Roubloff France - pinceaux d'art","url":"https:\/\/roubloff-france.fr\/Roubloff\/","logo":{"@type":"ImageObject","inLanguage":"fr-FR","@id":"https:\/\/roubloff-france.fr\/Roubloff\/#\/schema\/logo\/image\/","url":"https:\/\/roubloff-france.fr\/Roubloff\/wp-content\/uploads\/2022\/01\/cropped-Logo-Roubloff-Rouge-avec-filet-blanc-250-p.png","contentUrl":"https:\/\/roubloff-france.fr\/Roubloff\/wp-content\/uploads\/2022\/01\/cropped-Logo-Roubloff-Rouge-avec-filet-blanc-250-p.png","width":261,"height":57,"caption":"Roubloff France - pinceaux d'art"},"image":{"@id":"https:\/\/roubloff-france.fr\/Roubloff\/#\/schema\/logo\/image\/"},"sameAs":["https:\/\/www.instagram.com\/roubloff_france\/"]}]}},"_links":{"self":[{"href":"https:\/\/roubloff-france.fr\/Roubloff\/wp-json\/wp\/v2\/product\/726","targetHints":{"allow":["GET"]}}],"collection":[{"href":"https:\/\/roubloff-france.fr\/Roubloff\/wp-json\/wp\/v2\/product"}],"about":[{"href":"https:\/\/roubloff-france.fr\/Roubloff\/wp-json\/wp\/v2\/types\/product"}],"wp:featuredmedia":[{"embeddable":true,"href":"https:\/\/roubloff-france.fr\/Roubloff\/wp-json\/wp\/v2\/media\/727"}],"wp:attachment":[{"href":"https:\/\/roubloff-france.fr\/Roubloff\/wp-json\/wp\/v2\/media?parent=726"}],"wp:term":[{"taxonomy":"product_brand","embeddable":true,"href":"https:\/\/roubloff-france.fr\/Roubloff\/wp-json\/wp\/v2\/product_brand?post=726"},{"taxonomy":"product_cat","embeddable":true,"href":"https:\/\/roubloff-france.fr\/Roubloff\/wp-json\/wp\/v2\/product_cat?post=726"},{"taxonomy":"product_tag","embeddable":true,"href":"https:\/\/roubloff-france.fr\/Roubloff\/wp-json\/wp\/v2\/product_tag?post=726"}],"curies":[{"name":"wp","href":"https:\/\/api.w.org\/{rel}","templated":true}]}}