{"id":670,"date":"2025-02-05T15:22:16","date_gmt":"2025-02-05T14:22:16","guid":{"rendered":"https:\/\/roubloff-france.fr\/Roubloff\/?post_type=product&#038;p=670"},"modified":"2025-02-05T15:24:04","modified_gmt":"2025-02-05T14:24:04","slug":"1s15-5-synthetique-imitation-kolinsky","status":"publish","type":"product","link":"https:\/\/roubloff-france.fr\/Roubloff\/produit\/1s15-5-synthetique-imitation-kolinsky\/","title":{"rendered":"1S15-5 &#8211; Synth\u00e9tique imitation Kolinsky"},"content":{"rendered":"<p><strong>Le pinceau 1S15 synth\u00e9tique, avec une brosse de format ronde, disponible dans les tailles 00, 0, 1, 2, 3, 4, 5, 6, 7, 8, 9 et 10, dispose d\u2019un manche ergonomique court avec rev\u00eatement mat et d\u2019une virole en aluminium anodis\u00e9 fixant solidement les fibres.<\/strong><\/p>\n<p>Le pinceau rond en imitation synth\u00e9tique de Kolinsky offre la plupart des qualit\u00e9s de Kolinsky \u00e0 un prix abordable.<\/p>\n<p>Pinceau rond polyvalent et flexible, adapt\u00e9 \u00e0 la gouache, la tempera, l\u2019acrylique et la peinture \u00e0 l\u2019huile. Ses poils r\u00e9silients garantissent pr\u00e9cision et contr\u00f4le du trait. Sa pointe fine est parfaite pour les d\u00e9tails, les motifs et la peinture d\u00e9corative sur diverses surfaces.<\/p>\n<p>Pinceau rond polyvalent et flexible, adapt\u00e9 \u00e0 la gouache, la tempera, l\u2019acrylique et la peinture \u00e0 l\u2019huile. Ses poils r\u00e9silients garantissent pr\u00e9cision et contr\u00f4le du trait. Sa pointe fine est parfaite pour les d\u00e9tails, les motifs et la peinture d\u00e9corative sur diverses surfaces.<\/p>\n<p>Excellent pour de nombreuses techniques classiques, en particulier dans l&rsquo;aquarelle et la peinture \u00e0 l&rsquo;huile, o\u00f9 une \u00e9lasticit\u00e9 et une \u00e9lasticit\u00e9 \u00e9lev\u00e9es sont requises.<\/p>\n<p>Le manche ergonomique court figur\u00e9 avec rev\u00eatement mat vous permet de travailler avec confort et plaisir.<\/p>\n<p>La virole en aluminium anodis\u00e9 fixe solidement les fibres synth\u00e9tiques de qualit\u00e9.<\/p>\n<p>La capacit\u00e9 d&rsquo;absorption des couleurs \u00e9tendue est id\u00e9ale pour les travaux subtils et d\u00e9taill\u00e9s tels que la peinture miniature, pour la peinture d&rsquo;objets de taille moyenne et grande, de paysages et de natures mortes, ainsi que pour les peintures murales<\/p>\n<p><strong>Pinceaux d&rsquo;art :<br \/>\n<\/strong><\/p>\n<ul>\n<li>Application: Acrylique, Aquarelle, Gouache, Huile<\/li>\n<li>Poils : Synth\u00e9tiques<\/li>\n<li>Type de poils : imitation Kolinsky<\/li>\n<li>Rigidit\u00e9 : 2<\/li>\n<li>Virole : Or (aluminium anodis\u00e9)<\/li>\n<li>Forme de la brosse : Ronde<\/li>\n<li>Longueur du manche : Court<\/li>\n<li>Tailles : 00, 0, 1, 2, 3, 4, 5, 6, 7, 8, 9 et 10<\/li>\n<\/ul>\n<p><strong>Avantages :<\/strong><\/p>\n<ul>\n<li>Haute qualit\u00e9 des poils<\/li>\n<li>Produit d&rsquo;origine<\/li>\n<li>Poils trait\u00e9s \u00e0 la main<\/li>\n<\/ul>\n<p>&nbsp;<\/p>\n<p><iframe loading=\"lazy\" title=\"\u0413\u043e\u0440\u0431\u0430\u0447\u0435\u0432 \u043f\u0440\u043e \u043a\u0438\u0441\u0442\u0438 - \u0418\u043c\u0438\u0442\u0430\u0446\u0438\u044f \u043a\u043e\u043b\u043e\u043d\u043a\u0430 1S15\" width=\"980\" height=\"551\" src=\"https:\/\/www.youtube.com\/embed\/DK-t71O5p8A?feature=oembed\" frameborder=\"0\" allow=\"accelerometer; autoplay; clipboard-write; encrypted-media; gyroscope; picture-in-picture; web-share\" referrerpolicy=\"strict-origin-when-cross-origin\" allowfullscreen><\/iframe><\/p>\n<hr \/>\n<p>&nbsp;<\/p>\n<h2>1S15 (Kolinsky imitation)<\/h2>\n<p>Round brush from synthetic kolinsky imitation gives most of the qualities of kolinsky at an affordable price.<\/p>\n<p>Flexible round multi-purpose brush for gouache, tempera, acrylic and oil painting. The resilient hair ensures precision and control over the brush stroke. The fine tip of this round brush is perfect for detailing, patterns and decorative painting on various types of surfaces.<\/p>\n<p>Excellent for many classical techniques, especially in watercolor and oil painting, where high elasticity and springiness are required.<\/p>\n<p>Ergonomic short figured handle with matt covering allows you to work with comfort and pleasure.<\/p>\n<p>Anodized aluminum ferrule securely fixes quality synthetic firbes.<\/p>\n<p>Extensive color absorbing ability makes is ideal for subtle and detailed works such as miniature painting, for painting medium-sized and large objects, landscapes and still lives, as well as for wall paintings<\/p>\n<p><strong>Art brushes<\/strong><\/p>\n<ul>\n<li>Application: Acrylic,Watercolor,Gouache,Oil<\/li>\n<li>Hair: Synthetic<\/li>\n<li>Hair type: Kolinsky imitation<\/li>\n<li>Stiffness: 2<\/li>\n<li>Ferrule: Gold (anodized aluminum)<\/li>\n<li>Brush head shape: Round<\/li>\n<li>Handle length: Short<\/li>\n<li>Sizes: 00, 0, 1, 2, 3, 4, 5, 6, 7, 8, 9 and 10<\/li>\n<\/ul>\n<p>Advantages:<\/p>\n<ul>\n<li>High hair quality<\/li>\n<li>Original product<\/li>\n<li>Hair treated by hand<\/li>\n<\/ul>\n<p>&nbsp;<\/p>\n<p><iframe loading=\"lazy\" title=\"\u0413\u043e\u0440\u0431\u0430\u0447\u0435\u0432 \u043f\u0440\u043e \u043a\u0438\u0441\u0442\u0438 - \u0418\u043c\u0438\u0442\u0430\u0446\u0438\u044f \u043a\u043e\u043b\u043e\u043d\u043a\u0430 1S15\" width=\"980\" height=\"551\" src=\"https:\/\/www.youtube.com\/embed\/DK-t71O5p8A?feature=oembed\" frameborder=\"0\" allow=\"accelerometer; autoplay; clipboard-write; encrypted-media; gyroscope; picture-in-picture; web-share\" referrerpolicy=\"strict-origin-when-cross-origin\" allowfullscreen><\/iframe><\/p>\n","protected":false},"excerpt":{"rendered":"<p><strong>Le pinceau 1S15 synth\u00e9tique, avec une brosse de format ronde, disponible dans les tailles 00, 0, 1, 2, 3, 4, 5, 6, 7, 8, 9 et 10, dispose d\u2019un manche ergonomique court avec rev\u00eatement mat et d\u2019une virole en aluminium anodis\u00e9 fixant solidement les fibres.<\/strong><\/p>\n","protected":false},"featured_media":315,"template":"","meta":[],"product_brand":[],"product_cat":[176,266],"product_tag":[177,178,114,104,115,116,120],"class_list":{"0":"post-670","1":"product","2":"type-product","3":"status-publish","4":"has-post-thumbnail","6":"product_cat-1s15","7":"product_cat-synthetiques-rigidite-moyenne","8":"product_tag-1s15","9":"product_tag-1s15-3","10":"product_tag-acrylique","11":"product_tag-aquarelle","12":"product_tag-gouache","13":"product_tag-huile","14":"product_tag-imitation-kolinsky","16":"first","17":"instock","18":"taxable","19":"shipping-taxable","20":"purchasable","21":"product-type-simple"},"yoast_head":"<!-- This site is optimized with the Yoast SEO plugin v27.3 - https:\/\/yoast.com\/product\/yoast-seo-wordpress\/ -->\n<title>1S15-5 - Synth\u00e9tique imitation Kolinsky - Roubloff France - pinceaux d&#039;art<\/title>\n<meta name=\"robots\" content=\"index, follow, max-snippet:-1, max-image-preview:large, max-video-preview:-1\" \/>\n<link rel=\"canonical\" href=\"https:\/\/roubloff-france.fr\/Roubloff\/produit\/1s15-5-synthetique-imitation-kolinsky\/\" \/>\n<meta property=\"og:locale\" content=\"fr_FR\" \/>\n<meta property=\"og:type\" content=\"article\" \/>\n<meta property=\"og:title\" content=\"1S15-5 - Synth\u00e9tique imitation Kolinsky - Roubloff France - pinceaux d&#039;art\" \/>\n<meta property=\"og:description\" content=\"Le pinceau 1S15 synth\u00e9tique, avec une brosse de format ronde, disponible dans les tailles 00, 0, 1, 2, 3, 4, 5, 6, 7, 8, 9 et 10, dispose d\u2019un manche ergonomique court avec rev\u00eatement mat et d\u2019une virole en aluminium anodis\u00e9 fixant solidement les fibres.\" \/>\n<meta property=\"og:url\" content=\"https:\/\/roubloff-france.fr\/Roubloff\/produit\/1s15-5-synthetique-imitation-kolinsky\/\" \/>\n<meta property=\"og:site_name\" content=\"Roubloff France - pinceaux d&#039;art\" \/>\n<meta property=\"article:publisher\" content=\"https:\/\/www.instagram.com\/roubloff_france\/\" \/>\n<meta property=\"article:modified_time\" content=\"2025-02-05T14:24:04+00:00\" \/>\n<meta property=\"og:image\" content=\"https:\/\/roubloff-france.fr\/Roubloff\/wp-content\/uploads\/2021\/10\/1S15-Roubloff-imitation-Kolinsky.jpg\" \/>\n\t<meta property=\"og:image:width\" content=\"900\" \/>\n\t<meta property=\"og:image:height\" content=\"1000\" \/>\n\t<meta property=\"og:image:type\" content=\"image\/jpeg\" \/>\n<meta name=\"twitter:card\" content=\"summary_large_image\" \/>\n<meta name=\"twitter:label1\" content=\"Dur\u00e9e de lecture estim\u00e9e\" \/>\n\t<meta name=\"twitter:data1\" content=\"2 minutes\" \/>\n<script type=\"application\/ld+json\" class=\"yoast-schema-graph\">{\"@context\":\"https:\\\/\\\/schema.org\",\"@graph\":[{\"@type\":\"WebPage\",\"@id\":\"https:\\\/\\\/roubloff-france.fr\\\/Roubloff\\\/produit\\\/1s15-5-synthetique-imitation-kolinsky\\\/\",\"url\":\"https:\\\/\\\/roubloff-france.fr\\\/Roubloff\\\/produit\\\/1s15-5-synthetique-imitation-kolinsky\\\/\",\"name\":\"1S15-5 - Synth\u00e9tique imitation Kolinsky - Roubloff France - pinceaux d&#039;art\",\"isPartOf\":{\"@id\":\"https:\\\/\\\/roubloff-france.fr\\\/Roubloff\\\/#website\"},\"primaryImageOfPage\":{\"@id\":\"https:\\\/\\\/roubloff-france.fr\\\/Roubloff\\\/produit\\\/1s15-5-synthetique-imitation-kolinsky\\\/#primaryimage\"},\"image\":{\"@id\":\"https:\\\/\\\/roubloff-france.fr\\\/Roubloff\\\/produit\\\/1s15-5-synthetique-imitation-kolinsky\\\/#primaryimage\"},\"thumbnailUrl\":\"https:\\\/\\\/roubloff-france.fr\\\/Roubloff\\\/wp-content\\\/uploads\\\/2021\\\/10\\\/1S15-Roubloff-imitation-Kolinsky.jpg\",\"datePublished\":\"2025-02-05T14:22:16+00:00\",\"dateModified\":\"2025-02-05T14:24:04+00:00\",\"breadcrumb\":{\"@id\":\"https:\\\/\\\/roubloff-france.fr\\\/Roubloff\\\/produit\\\/1s15-5-synthetique-imitation-kolinsky\\\/#breadcrumb\"},\"inLanguage\":\"fr-FR\",\"potentialAction\":[{\"@type\":\"ReadAction\",\"target\":[\"https:\\\/\\\/roubloff-france.fr\\\/Roubloff\\\/produit\\\/1s15-5-synthetique-imitation-kolinsky\\\/\"]}]},{\"@type\":\"ImageObject\",\"inLanguage\":\"fr-FR\",\"@id\":\"https:\\\/\\\/roubloff-france.fr\\\/Roubloff\\\/produit\\\/1s15-5-synthetique-imitation-kolinsky\\\/#primaryimage\",\"url\":\"https:\\\/\\\/roubloff-france.fr\\\/Roubloff\\\/wp-content\\\/uploads\\\/2021\\\/10\\\/1S15-Roubloff-imitation-Kolinsky.jpg\",\"contentUrl\":\"https:\\\/\\\/roubloff-france.fr\\\/Roubloff\\\/wp-content\\\/uploads\\\/2021\\\/10\\\/1S15-Roubloff-imitation-Kolinsky.jpg\",\"width\":900,\"height\":1000,\"caption\":\"1S15 Roubloff imitation Kolinsky\"},{\"@type\":\"BreadcrumbList\",\"@id\":\"https:\\\/\\\/roubloff-france.fr\\\/Roubloff\\\/produit\\\/1s15-5-synthetique-imitation-kolinsky\\\/#breadcrumb\",\"itemListElement\":[{\"@type\":\"ListItem\",\"position\":1,\"name\":\"Accueil\",\"item\":\"https:\\\/\\\/roubloff-france.fr\\\/Roubloff\\\/\"},{\"@type\":\"ListItem\",\"position\":2,\"name\":\"Les pinceaux Roubloff \u00a9 :\",\"item\":\"https:\\\/\\\/roubloff-france.fr\\\/Roubloff\\\/\"},{\"@type\":\"ListItem\",\"position\":3,\"name\":\"1S15-5 &#8211; Synth\u00e9tique imitation Kolinsky\"}]},{\"@type\":\"WebSite\",\"@id\":\"https:\\\/\\\/roubloff-france.fr\\\/Roubloff\\\/#website\",\"url\":\"https:\\\/\\\/roubloff-france.fr\\\/Roubloff\\\/\",\"name\":\"Roubloff France - pinceaux d'art\",\"description\":\"Les pinceaux d&#039;art pour les artistes, \u00e9coles d&#039;art, revendeurs\",\"publisher\":{\"@id\":\"https:\\\/\\\/roubloff-france.fr\\\/Roubloff\\\/#organization\"},\"potentialAction\":[{\"@type\":\"SearchAction\",\"target\":{\"@type\":\"EntryPoint\",\"urlTemplate\":\"https:\\\/\\\/roubloff-france.fr\\\/Roubloff\\\/?s={search_term_string}\"},\"query-input\":{\"@type\":\"PropertyValueSpecification\",\"valueRequired\":true,\"valueName\":\"search_term_string\"}}],\"inLanguage\":\"fr-FR\"},{\"@type\":\"Organization\",\"@id\":\"https:\\\/\\\/roubloff-france.fr\\\/Roubloff\\\/#organization\",\"name\":\"Roubloff France - pinceaux d'art\",\"url\":\"https:\\\/\\\/roubloff-france.fr\\\/Roubloff\\\/\",\"logo\":{\"@type\":\"ImageObject\",\"inLanguage\":\"fr-FR\",\"@id\":\"https:\\\/\\\/roubloff-france.fr\\\/Roubloff\\\/#\\\/schema\\\/logo\\\/image\\\/\",\"url\":\"https:\\\/\\\/roubloff-france.fr\\\/Roubloff\\\/wp-content\\\/uploads\\\/2022\\\/01\\\/cropped-Logo-Roubloff-Rouge-avec-filet-blanc-250-p.png\",\"contentUrl\":\"https:\\\/\\\/roubloff-france.fr\\\/Roubloff\\\/wp-content\\\/uploads\\\/2022\\\/01\\\/cropped-Logo-Roubloff-Rouge-avec-filet-blanc-250-p.png\",\"width\":261,\"height\":57,\"caption\":\"Roubloff France - pinceaux d'art\"},\"image\":{\"@id\":\"https:\\\/\\\/roubloff-france.fr\\\/Roubloff\\\/#\\\/schema\\\/logo\\\/image\\\/\"},\"sameAs\":[\"https:\\\/\\\/www.instagram.com\\\/roubloff_france\\\/\"]}]}<\/script>\n<!-- \/ Yoast SEO plugin. -->","yoast_head_json":{"title":"1S15-5 - Synth\u00e9tique imitation Kolinsky - Roubloff France - pinceaux d&#039;art","robots":{"index":"index","follow":"follow","max-snippet":"max-snippet:-1","max-image-preview":"max-image-preview:large","max-video-preview":"max-video-preview:-1"},"canonical":"https:\/\/roubloff-france.fr\/Roubloff\/produit\/1s15-5-synthetique-imitation-kolinsky\/","og_locale":"fr_FR","og_type":"article","og_title":"1S15-5 - Synth\u00e9tique imitation Kolinsky - Roubloff France - pinceaux d&#039;art","og_description":"Le pinceau 1S15 synth\u00e9tique, avec une brosse de format ronde, disponible dans les tailles 00, 0, 1, 2, 3, 4, 5, 6, 7, 8, 9 et 10, dispose d\u2019un manche ergonomique court avec rev\u00eatement mat et d\u2019une virole en aluminium anodis\u00e9 fixant solidement les fibres.","og_url":"https:\/\/roubloff-france.fr\/Roubloff\/produit\/1s15-5-synthetique-imitation-kolinsky\/","og_site_name":"Roubloff France - pinceaux d&#039;art","article_publisher":"https:\/\/www.instagram.com\/roubloff_france\/","article_modified_time":"2025-02-05T14:24:04+00:00","og_image":[{"width":900,"height":1000,"url":"https:\/\/roubloff-france.fr\/Roubloff\/wp-content\/uploads\/2021\/10\/1S15-Roubloff-imitation-Kolinsky.jpg","type":"image\/jpeg"}],"twitter_card":"summary_large_image","twitter_misc":{"Dur\u00e9e de lecture estim\u00e9e":"2 minutes"},"schema":{"@context":"https:\/\/schema.org","@graph":[{"@type":"WebPage","@id":"https:\/\/roubloff-france.fr\/Roubloff\/produit\/1s15-5-synthetique-imitation-kolinsky\/","url":"https:\/\/roubloff-france.fr\/Roubloff\/produit\/1s15-5-synthetique-imitation-kolinsky\/","name":"1S15-5 - Synth\u00e9tique imitation Kolinsky - Roubloff France - pinceaux d&#039;art","isPartOf":{"@id":"https:\/\/roubloff-france.fr\/Roubloff\/#website"},"primaryImageOfPage":{"@id":"https:\/\/roubloff-france.fr\/Roubloff\/produit\/1s15-5-synthetique-imitation-kolinsky\/#primaryimage"},"image":{"@id":"https:\/\/roubloff-france.fr\/Roubloff\/produit\/1s15-5-synthetique-imitation-kolinsky\/#primaryimage"},"thumbnailUrl":"https:\/\/roubloff-france.fr\/Roubloff\/wp-content\/uploads\/2021\/10\/1S15-Roubloff-imitation-Kolinsky.jpg","datePublished":"2025-02-05T14:22:16+00:00","dateModified":"2025-02-05T14:24:04+00:00","breadcrumb":{"@id":"https:\/\/roubloff-france.fr\/Roubloff\/produit\/1s15-5-synthetique-imitation-kolinsky\/#breadcrumb"},"inLanguage":"fr-FR","potentialAction":[{"@type":"ReadAction","target":["https:\/\/roubloff-france.fr\/Roubloff\/produit\/1s15-5-synthetique-imitation-kolinsky\/"]}]},{"@type":"ImageObject","inLanguage":"fr-FR","@id":"https:\/\/roubloff-france.fr\/Roubloff\/produit\/1s15-5-synthetique-imitation-kolinsky\/#primaryimage","url":"https:\/\/roubloff-france.fr\/Roubloff\/wp-content\/uploads\/2021\/10\/1S15-Roubloff-imitation-Kolinsky.jpg","contentUrl":"https:\/\/roubloff-france.fr\/Roubloff\/wp-content\/uploads\/2021\/10\/1S15-Roubloff-imitation-Kolinsky.jpg","width":900,"height":1000,"caption":"1S15 Roubloff imitation Kolinsky"},{"@type":"BreadcrumbList","@id":"https:\/\/roubloff-france.fr\/Roubloff\/produit\/1s15-5-synthetique-imitation-kolinsky\/#breadcrumb","itemListElement":[{"@type":"ListItem","position":1,"name":"Accueil","item":"https:\/\/roubloff-france.fr\/Roubloff\/"},{"@type":"ListItem","position":2,"name":"Les pinceaux Roubloff \u00a9 :","item":"https:\/\/roubloff-france.fr\/Roubloff\/"},{"@type":"ListItem","position":3,"name":"1S15-5 &#8211; Synth\u00e9tique imitation Kolinsky"}]},{"@type":"WebSite","@id":"https:\/\/roubloff-france.fr\/Roubloff\/#website","url":"https:\/\/roubloff-france.fr\/Roubloff\/","name":"Roubloff France - pinceaux d'art","description":"Les pinceaux d&#039;art pour les artistes, \u00e9coles d&#039;art, revendeurs","publisher":{"@id":"https:\/\/roubloff-france.fr\/Roubloff\/#organization"},"potentialAction":[{"@type":"SearchAction","target":{"@type":"EntryPoint","urlTemplate":"https:\/\/roubloff-france.fr\/Roubloff\/?s={search_term_string}"},"query-input":{"@type":"PropertyValueSpecification","valueRequired":true,"valueName":"search_term_string"}}],"inLanguage":"fr-FR"},{"@type":"Organization","@id":"https:\/\/roubloff-france.fr\/Roubloff\/#organization","name":"Roubloff France - pinceaux d'art","url":"https:\/\/roubloff-france.fr\/Roubloff\/","logo":{"@type":"ImageObject","inLanguage":"fr-FR","@id":"https:\/\/roubloff-france.fr\/Roubloff\/#\/schema\/logo\/image\/","url":"https:\/\/roubloff-france.fr\/Roubloff\/wp-content\/uploads\/2022\/01\/cropped-Logo-Roubloff-Rouge-avec-filet-blanc-250-p.png","contentUrl":"https:\/\/roubloff-france.fr\/Roubloff\/wp-content\/uploads\/2022\/01\/cropped-Logo-Roubloff-Rouge-avec-filet-blanc-250-p.png","width":261,"height":57,"caption":"Roubloff France - pinceaux d'art"},"image":{"@id":"https:\/\/roubloff-france.fr\/Roubloff\/#\/schema\/logo\/image\/"},"sameAs":["https:\/\/www.instagram.com\/roubloff_france\/"]}]}},"_links":{"self":[{"href":"https:\/\/roubloff-france.fr\/Roubloff\/wp-json\/wp\/v2\/product\/670","targetHints":{"allow":["GET"]}}],"collection":[{"href":"https:\/\/roubloff-france.fr\/Roubloff\/wp-json\/wp\/v2\/product"}],"about":[{"href":"https:\/\/roubloff-france.fr\/Roubloff\/wp-json\/wp\/v2\/types\/product"}],"wp:featuredmedia":[{"embeddable":true,"href":"https:\/\/roubloff-france.fr\/Roubloff\/wp-json\/wp\/v2\/media\/315"}],"wp:attachment":[{"href":"https:\/\/roubloff-france.fr\/Roubloff\/wp-json\/wp\/v2\/media?parent=670"}],"wp:term":[{"taxonomy":"product_brand","embeddable":true,"href":"https:\/\/roubloff-france.fr\/Roubloff\/wp-json\/wp\/v2\/product_brand?post=670"},{"taxonomy":"product_cat","embeddable":true,"href":"https:\/\/roubloff-france.fr\/Roubloff\/wp-json\/wp\/v2\/product_cat?post=670"},{"taxonomy":"product_tag","embeddable":true,"href":"https:\/\/roubloff-france.fr\/Roubloff\/wp-json\/wp\/v2\/product_tag?post=670"}],"curies":[{"name":"wp","href":"https:\/\/api.w.org\/{rel}","templated":true}]}}