{"id":654,"date":"2025-02-02T18:33:37","date_gmt":"2025-02-02T17:33:37","guid":{"rendered":"https:\/\/roubloff-france.fr\/Roubloff\/?post_type=product&#038;p=654"},"modified":"2025-02-05T19:41:57","modified_gmt":"2025-02-05T18:41:57","slug":"1b10w-3-roubloff-poils-synthetiques-rigides","status":"publish","type":"product","link":"https:\/\/roubloff-france.fr\/Roubloff\/produit\/1b10w-3-roubloff-poils-synthetiques-rigides\/","title":{"rendered":"1B10W-3 &#8211; Rond &#8211; poils Synth\u00e9tiques blancs Rigides"},"content":{"rendered":"<h1>Pinceau rond en poils synth\u00e9tiques rigides pour peinture acrylique et \u00e0 l\u2019huile.<\/h1>\n<div>Description : le pinceau rond en poils synth\u00e9tiques blancs est un excellent outil pour divers types de travaux de peinture.<br \/>\nSa forme conique avec une pointe parfaitement effil\u00e9e permet aussi bien d\u2019appliquer de larges traits denses que de tracer des lignes fines et \u00e9l\u00e9gantes. Son manche court et brillant, cercl\u00e9 d\u2019une virole en cuivre chrom\u00e9, offre un meilleur contr\u00f4le du pinceau.<br \/>\nLa couleur blanche des poils permet de mieux surveiller la puret\u00e9 des teintes, am\u00e9liorant ainsi la qualit\u00e9 du travail en termes de colorim\u00e9trie.<br \/>\nDe plus, une nouvelle technologie de fabrication des fibres synth\u00e9tiques a renforc\u00e9 l\u2019\u00e9lasticit\u00e9 et la souplesse du mat\u00e9riau.<\/div>\n<div><\/div>\n<h4>Caract\u00e9ristiques :<\/h4>\n<ul>\n<li>Utilisation : Acrylique, Gouache, Huile<\/li>\n<li>Poils : Synth\u00e9tiques<\/li>\n<li>D\u00e9tails des poils : Synth\u00e9tique blanc<\/li>\n<li>Taille disponible : 0, 1, 2, 3, 4, 5, 6<\/li>\n<li>Duret\u00e9 : 4<\/li>\n<li>Virole : Argent\u00e9e (cuivre chrom\u00e9)<\/li>\n<li>Forme : Ronde<\/li>\n<li>Longueur du manche : Court<\/li>\n<\/ul>\n<hr \/>\n<p>&nbsp;<\/p>\n<p><iframe loading=\"lazy\" title=\"\u041f\u0440\u0438\u043c\u0435\u043d\u0435\u043d\u0438\u0435 \u043a\u0438\u0441\u0442\u0435\u0439 \u0438\u0437 \u0431\u0435\u043b\u043e\u0439 \u0441\u0438\u043d\u0442\u0435\u0442\u0438\u043a\u0438 - \u043a\u0438\u0441\u0442\u0438 1B12W, 1B22W, 1B32W, 1B20W\" src=\"https:\/\/www.youtube.com\/embed\/BNHQ5Q0HKm0\" width=\"490\" height=\"276\" frameborder=\"0\" allowfullscreen=\"allowfullscreen\"><\/iframe><\/p>\n<hr \/>\n<p>Pinceau rond en fibres synth\u00e9tiques rigides, con\u00e7u pour la peinture acrylique et \u00e0 l\u2019huile. Ses poils r\u00e9silients garantissent pr\u00e9cision et contr\u00f4le du trait, tandis que sa pointe fine est id\u00e9ale pour les d\u00e9tails.<br \/>\nSon manche court et l\u00e9ger est pratique aussi bien pour le travail en atelier qu\u2019en plein air. Son manche long et l\u00e9ger est adapt\u00e9 aux grands formats et au travail sur chevalet.<br \/>\nLe vernis r\u00e9sistant aux produits chimiques prot\u00e8ge le manche des m\u00e9diums agressifs.<\/p>\n<p>Round brush from stiff synthetics for acrylic and oil painting. Its resilient hair ensures precision and control over the brush stroke, and the fine tip is perfect for detailing.<br \/>\nThe short lightweight handle is convenient both for studio work and en plein air. The long lightweight handle is convenient for large size painting or for working on an easel.<br \/>\nThe chemical-resistant lacquer protects the brush handle from aggressive media.<\/p>\n","protected":false},"excerpt":{"rendered":"<p>Pinceau rond en poils synth\u00e9tiques rigides pour peinture acrylique et \u00e0 l\u2019huile.<\/p>\n","protected":false},"featured_media":647,"template":"","meta":[],"product_brand":[],"product_cat":[158,247],"product_tag":[269,114,262,263,115,116,264,157],"class_list":{"0":"post-654","1":"product","2":"type-product","3":"status-publish","4":"has-post-thumbnail","6":"product_cat-1b12w","7":"product_cat-synthetiques-rigides","8":"product_tag-1b10w","9":"product_tag-acrylique","10":"product_tag-court","11":"product_tag-cuivre-chrome","12":"product_tag-gouache","13":"product_tag-huile","14":"product_tag-synthetique-blanc","15":"product_tag-synthetiques","17":"first","18":"instock","19":"taxable","20":"shipping-taxable","21":"purchasable","22":"product-type-simple"},"yoast_head":"<!-- This site is optimized with the Yoast SEO plugin v27.3 - https:\/\/yoast.com\/product\/yoast-seo-wordpress\/ -->\n<title>1B10W-3 - Rond - poils Synth\u00e9tiques blancs Rigides - Roubloff France - pinceaux d&#039;art<\/title>\n<meta name=\"robots\" content=\"index, follow, max-snippet:-1, max-image-preview:large, max-video-preview:-1\" \/>\n<link rel=\"canonical\" href=\"https:\/\/roubloff-france.fr\/Roubloff\/produit\/1b10w-3-roubloff-poils-synthetiques-rigides\/\" \/>\n<meta property=\"og:locale\" content=\"fr_FR\" \/>\n<meta property=\"og:type\" content=\"article\" \/>\n<meta property=\"og:title\" content=\"1B10W-3 - Rond - poils Synth\u00e9tiques blancs Rigides - Roubloff France - pinceaux d&#039;art\" \/>\n<meta property=\"og:description\" content=\"Pinceau rond en poils synth\u00e9tiques rigides pour peinture acrylique et \u00e0 l\u2019huile.\" \/>\n<meta property=\"og:url\" content=\"https:\/\/roubloff-france.fr\/Roubloff\/produit\/1b10w-3-roubloff-poils-synthetiques-rigides\/\" \/>\n<meta property=\"og:site_name\" content=\"Roubloff France - pinceaux d&#039;art\" \/>\n<meta property=\"article:publisher\" content=\"https:\/\/www.instagram.com\/roubloff_france\/\" \/>\n<meta property=\"article:modified_time\" content=\"2025-02-05T18:41:57+00:00\" \/>\n<meta property=\"og:image\" content=\"https:\/\/roubloff-france.fr\/Roubloff\/wp-content\/uploads\/2025\/02\/5-1B10W_1.jpg\" \/>\n\t<meta property=\"og:image:width\" content=\"900\" \/>\n\t<meta property=\"og:image:height\" content=\"1000\" \/>\n\t<meta property=\"og:image:type\" content=\"image\/jpeg\" \/>\n<meta name=\"twitter:card\" content=\"summary_large_image\" \/>\n<meta name=\"twitter:label1\" content=\"Dur\u00e9e de lecture estim\u00e9e\" \/>\n\t<meta name=\"twitter:data1\" content=\"2 minutes\" \/>\n<script type=\"application\/ld+json\" class=\"yoast-schema-graph\">{\"@context\":\"https:\\\/\\\/schema.org\",\"@graph\":[{\"@type\":\"WebPage\",\"@id\":\"https:\\\/\\\/roubloff-france.fr\\\/Roubloff\\\/produit\\\/1b10w-3-roubloff-poils-synthetiques-rigides\\\/\",\"url\":\"https:\\\/\\\/roubloff-france.fr\\\/Roubloff\\\/produit\\\/1b10w-3-roubloff-poils-synthetiques-rigides\\\/\",\"name\":\"1B10W-3 - Rond - poils Synth\u00e9tiques blancs Rigides - Roubloff France - pinceaux d&#039;art\",\"isPartOf\":{\"@id\":\"https:\\\/\\\/roubloff-france.fr\\\/Roubloff\\\/#website\"},\"primaryImageOfPage\":{\"@id\":\"https:\\\/\\\/roubloff-france.fr\\\/Roubloff\\\/produit\\\/1b10w-3-roubloff-poils-synthetiques-rigides\\\/#primaryimage\"},\"image\":{\"@id\":\"https:\\\/\\\/roubloff-france.fr\\\/Roubloff\\\/produit\\\/1b10w-3-roubloff-poils-synthetiques-rigides\\\/#primaryimage\"},\"thumbnailUrl\":\"https:\\\/\\\/roubloff-france.fr\\\/Roubloff\\\/wp-content\\\/uploads\\\/2025\\\/02\\\/5-1B10W_1.jpg\",\"datePublished\":\"2025-02-02T17:33:37+00:00\",\"dateModified\":\"2025-02-05T18:41:57+00:00\",\"breadcrumb\":{\"@id\":\"https:\\\/\\\/roubloff-france.fr\\\/Roubloff\\\/produit\\\/1b10w-3-roubloff-poils-synthetiques-rigides\\\/#breadcrumb\"},\"inLanguage\":\"fr-FR\",\"potentialAction\":[{\"@type\":\"ReadAction\",\"target\":[\"https:\\\/\\\/roubloff-france.fr\\\/Roubloff\\\/produit\\\/1b10w-3-roubloff-poils-synthetiques-rigides\\\/\"]}]},{\"@type\":\"ImageObject\",\"inLanguage\":\"fr-FR\",\"@id\":\"https:\\\/\\\/roubloff-france.fr\\\/Roubloff\\\/produit\\\/1b10w-3-roubloff-poils-synthetiques-rigides\\\/#primaryimage\",\"url\":\"https:\\\/\\\/roubloff-france.fr\\\/Roubloff\\\/wp-content\\\/uploads\\\/2025\\\/02\\\/5-1B10W_1.jpg\",\"contentUrl\":\"https:\\\/\\\/roubloff-france.fr\\\/Roubloff\\\/wp-content\\\/uploads\\\/2025\\\/02\\\/5-1B10W_1.jpg\",\"width\":900,\"height\":1000},{\"@type\":\"BreadcrumbList\",\"@id\":\"https:\\\/\\\/roubloff-france.fr\\\/Roubloff\\\/produit\\\/1b10w-3-roubloff-poils-synthetiques-rigides\\\/#breadcrumb\",\"itemListElement\":[{\"@type\":\"ListItem\",\"position\":1,\"name\":\"Accueil\",\"item\":\"https:\\\/\\\/roubloff-france.fr\\\/Roubloff\\\/\"},{\"@type\":\"ListItem\",\"position\":2,\"name\":\"Les pinceaux Roubloff \u00a9 :\",\"item\":\"https:\\\/\\\/roubloff-france.fr\\\/Roubloff\\\/\"},{\"@type\":\"ListItem\",\"position\":3,\"name\":\"1B10W-3 &#8211; Rond &#8211; poils Synth\u00e9tiques blancs Rigides\"}]},{\"@type\":\"WebSite\",\"@id\":\"https:\\\/\\\/roubloff-france.fr\\\/Roubloff\\\/#website\",\"url\":\"https:\\\/\\\/roubloff-france.fr\\\/Roubloff\\\/\",\"name\":\"Roubloff France - pinceaux d'art\",\"description\":\"Les pinceaux d&#039;art pour les artistes, \u00e9coles d&#039;art, revendeurs\",\"publisher\":{\"@id\":\"https:\\\/\\\/roubloff-france.fr\\\/Roubloff\\\/#organization\"},\"potentialAction\":[{\"@type\":\"SearchAction\",\"target\":{\"@type\":\"EntryPoint\",\"urlTemplate\":\"https:\\\/\\\/roubloff-france.fr\\\/Roubloff\\\/?s={search_term_string}\"},\"query-input\":{\"@type\":\"PropertyValueSpecification\",\"valueRequired\":true,\"valueName\":\"search_term_string\"}}],\"inLanguage\":\"fr-FR\"},{\"@type\":\"Organization\",\"@id\":\"https:\\\/\\\/roubloff-france.fr\\\/Roubloff\\\/#organization\",\"name\":\"Roubloff France - pinceaux d'art\",\"url\":\"https:\\\/\\\/roubloff-france.fr\\\/Roubloff\\\/\",\"logo\":{\"@type\":\"ImageObject\",\"inLanguage\":\"fr-FR\",\"@id\":\"https:\\\/\\\/roubloff-france.fr\\\/Roubloff\\\/#\\\/schema\\\/logo\\\/image\\\/\",\"url\":\"https:\\\/\\\/roubloff-france.fr\\\/Roubloff\\\/wp-content\\\/uploads\\\/2022\\\/01\\\/cropped-Logo-Roubloff-Rouge-avec-filet-blanc-250-p.png\",\"contentUrl\":\"https:\\\/\\\/roubloff-france.fr\\\/Roubloff\\\/wp-content\\\/uploads\\\/2022\\\/01\\\/cropped-Logo-Roubloff-Rouge-avec-filet-blanc-250-p.png\",\"width\":261,\"height\":57,\"caption\":\"Roubloff France - pinceaux d'art\"},\"image\":{\"@id\":\"https:\\\/\\\/roubloff-france.fr\\\/Roubloff\\\/#\\\/schema\\\/logo\\\/image\\\/\"},\"sameAs\":[\"https:\\\/\\\/www.instagram.com\\\/roubloff_france\\\/\"]}]}<\/script>\n<!-- \/ Yoast SEO plugin. -->","yoast_head_json":{"title":"1B10W-3 - Rond - poils Synth\u00e9tiques blancs Rigides - Roubloff France - pinceaux d&#039;art","robots":{"index":"index","follow":"follow","max-snippet":"max-snippet:-1","max-image-preview":"max-image-preview:large","max-video-preview":"max-video-preview:-1"},"canonical":"https:\/\/roubloff-france.fr\/Roubloff\/produit\/1b10w-3-roubloff-poils-synthetiques-rigides\/","og_locale":"fr_FR","og_type":"article","og_title":"1B10W-3 - Rond - poils Synth\u00e9tiques blancs Rigides - Roubloff France - pinceaux d&#039;art","og_description":"Pinceau rond en poils synth\u00e9tiques rigides pour peinture acrylique et \u00e0 l\u2019huile.","og_url":"https:\/\/roubloff-france.fr\/Roubloff\/produit\/1b10w-3-roubloff-poils-synthetiques-rigides\/","og_site_name":"Roubloff France - pinceaux d&#039;art","article_publisher":"https:\/\/www.instagram.com\/roubloff_france\/","article_modified_time":"2025-02-05T18:41:57+00:00","og_image":[{"width":900,"height":1000,"url":"https:\/\/roubloff-france.fr\/Roubloff\/wp-content\/uploads\/2025\/02\/5-1B10W_1.jpg","type":"image\/jpeg"}],"twitter_card":"summary_large_image","twitter_misc":{"Dur\u00e9e de lecture estim\u00e9e":"2 minutes"},"schema":{"@context":"https:\/\/schema.org","@graph":[{"@type":"WebPage","@id":"https:\/\/roubloff-france.fr\/Roubloff\/produit\/1b10w-3-roubloff-poils-synthetiques-rigides\/","url":"https:\/\/roubloff-france.fr\/Roubloff\/produit\/1b10w-3-roubloff-poils-synthetiques-rigides\/","name":"1B10W-3 - Rond - poils Synth\u00e9tiques blancs Rigides - Roubloff France - pinceaux d&#039;art","isPartOf":{"@id":"https:\/\/roubloff-france.fr\/Roubloff\/#website"},"primaryImageOfPage":{"@id":"https:\/\/roubloff-france.fr\/Roubloff\/produit\/1b10w-3-roubloff-poils-synthetiques-rigides\/#primaryimage"},"image":{"@id":"https:\/\/roubloff-france.fr\/Roubloff\/produit\/1b10w-3-roubloff-poils-synthetiques-rigides\/#primaryimage"},"thumbnailUrl":"https:\/\/roubloff-france.fr\/Roubloff\/wp-content\/uploads\/2025\/02\/5-1B10W_1.jpg","datePublished":"2025-02-02T17:33:37+00:00","dateModified":"2025-02-05T18:41:57+00:00","breadcrumb":{"@id":"https:\/\/roubloff-france.fr\/Roubloff\/produit\/1b10w-3-roubloff-poils-synthetiques-rigides\/#breadcrumb"},"inLanguage":"fr-FR","potentialAction":[{"@type":"ReadAction","target":["https:\/\/roubloff-france.fr\/Roubloff\/produit\/1b10w-3-roubloff-poils-synthetiques-rigides\/"]}]},{"@type":"ImageObject","inLanguage":"fr-FR","@id":"https:\/\/roubloff-france.fr\/Roubloff\/produit\/1b10w-3-roubloff-poils-synthetiques-rigides\/#primaryimage","url":"https:\/\/roubloff-france.fr\/Roubloff\/wp-content\/uploads\/2025\/02\/5-1B10W_1.jpg","contentUrl":"https:\/\/roubloff-france.fr\/Roubloff\/wp-content\/uploads\/2025\/02\/5-1B10W_1.jpg","width":900,"height":1000},{"@type":"BreadcrumbList","@id":"https:\/\/roubloff-france.fr\/Roubloff\/produit\/1b10w-3-roubloff-poils-synthetiques-rigides\/#breadcrumb","itemListElement":[{"@type":"ListItem","position":1,"name":"Accueil","item":"https:\/\/roubloff-france.fr\/Roubloff\/"},{"@type":"ListItem","position":2,"name":"Les pinceaux Roubloff \u00a9 :","item":"https:\/\/roubloff-france.fr\/Roubloff\/"},{"@type":"ListItem","position":3,"name":"1B10W-3 &#8211; Rond &#8211; poils Synth\u00e9tiques blancs Rigides"}]},{"@type":"WebSite","@id":"https:\/\/roubloff-france.fr\/Roubloff\/#website","url":"https:\/\/roubloff-france.fr\/Roubloff\/","name":"Roubloff France - pinceaux d'art","description":"Les pinceaux d&#039;art pour les artistes, \u00e9coles d&#039;art, revendeurs","publisher":{"@id":"https:\/\/roubloff-france.fr\/Roubloff\/#organization"},"potentialAction":[{"@type":"SearchAction","target":{"@type":"EntryPoint","urlTemplate":"https:\/\/roubloff-france.fr\/Roubloff\/?s={search_term_string}"},"query-input":{"@type":"PropertyValueSpecification","valueRequired":true,"valueName":"search_term_string"}}],"inLanguage":"fr-FR"},{"@type":"Organization","@id":"https:\/\/roubloff-france.fr\/Roubloff\/#organization","name":"Roubloff France - pinceaux d'art","url":"https:\/\/roubloff-france.fr\/Roubloff\/","logo":{"@type":"ImageObject","inLanguage":"fr-FR","@id":"https:\/\/roubloff-france.fr\/Roubloff\/#\/schema\/logo\/image\/","url":"https:\/\/roubloff-france.fr\/Roubloff\/wp-content\/uploads\/2022\/01\/cropped-Logo-Roubloff-Rouge-avec-filet-blanc-250-p.png","contentUrl":"https:\/\/roubloff-france.fr\/Roubloff\/wp-content\/uploads\/2022\/01\/cropped-Logo-Roubloff-Rouge-avec-filet-blanc-250-p.png","width":261,"height":57,"caption":"Roubloff France - pinceaux d'art"},"image":{"@id":"https:\/\/roubloff-france.fr\/Roubloff\/#\/schema\/logo\/image\/"},"sameAs":["https:\/\/www.instagram.com\/roubloff_france\/"]}]}},"_links":{"self":[{"href":"https:\/\/roubloff-france.fr\/Roubloff\/wp-json\/wp\/v2\/product\/654","targetHints":{"allow":["GET"]}}],"collection":[{"href":"https:\/\/roubloff-france.fr\/Roubloff\/wp-json\/wp\/v2\/product"}],"about":[{"href":"https:\/\/roubloff-france.fr\/Roubloff\/wp-json\/wp\/v2\/types\/product"}],"wp:featuredmedia":[{"embeddable":true,"href":"https:\/\/roubloff-france.fr\/Roubloff\/wp-json\/wp\/v2\/media\/647"}],"wp:attachment":[{"href":"https:\/\/roubloff-france.fr\/Roubloff\/wp-json\/wp\/v2\/media?parent=654"}],"wp:term":[{"taxonomy":"product_brand","embeddable":true,"href":"https:\/\/roubloff-france.fr\/Roubloff\/wp-json\/wp\/v2\/product_brand?post=654"},{"taxonomy":"product_cat","embeddable":true,"href":"https:\/\/roubloff-france.fr\/Roubloff\/wp-json\/wp\/v2\/product_cat?post=654"},{"taxonomy":"product_tag","embeddable":true,"href":"https:\/\/roubloff-france.fr\/Roubloff\/wp-json\/wp\/v2\/product_tag?post=654"}],"curies":[{"name":"wp","href":"https:\/\/api.w.org\/{rel}","templated":true}]}}