{"id":635,"date":"2025-01-30T23:08:11","date_gmt":"2025-01-30T22:08:11","guid":{"rendered":"https:\/\/roubloff-france.fr\/Roubloff\/?post_type=product&#038;p=635"},"modified":"2025-11-30T23:35:31","modified_gmt":"2025-11-30T22:35:31","slug":"set-de-pinceaux-miniature-2-roubloff","status":"publish","type":"product","link":"https:\/\/roubloff-france.fr\/Roubloff\/produit\/set-de-pinceaux-miniature-2-roubloff\/","title":{"rendered":"Miniature 2 : quatre pinceaux pour la peinture de maquettes et de figurines militaires &#8211; Roubloff"},"content":{"rendered":"<p class=\"p1\"><b>Ensemble pour la peinture de maquettes et de figurines militaires de toutes tailles.<\/b><\/p>\n<p class=\"p3\">Le set comprend 4 pinceaux dont le manche est \u00e0 coupe angulaire avec une virole dor\u00e9e<\/p>\n<p class=\"p4\">\u2022 <span class=\"s1\"><b>K2 N\u00b02<\/b><\/span> \u2013 Pinceau rond en poils de kolinsky<\/p>\n<p class=\"p4\">\u2022 <span class=\"s1\"><b>K1 N\u00b00<\/b><\/span> \u2013 Pinceau rond en poils de kolinsky<\/p>\n<p class=\"p4\">\u2022 <span class=\"s1\"><b>K1 N\u00b01.5<\/b><\/span> \u2013 Pinceau rond en poils de kolinsky<\/p>\n<p class=\"p4\">\u2022 <span class=\"s1\"><b>BrP N\u00b02<\/b><\/span> \u2013 Pinceau \u00e0 lavis en poils de castor pour le drybrush<\/p>\n<p class=\"p1\"><span class=\"s1\"><b>\u00a04 pinceaux<\/b><\/span> \/ Kolinsky, synth\u00e9tique \/ Manche \u00e0 coupe angulaire \/ Virole dor\u00e9e<\/p>\n<p>\u2022 Poign\u00e9e \u00e9paisse et sans couture pour soulager votre main ;<br \/>\n\u2022 Manche partiellement teint\u00e9 pour une meilleure pr\u00e9hension ;<br \/>\n\u2022 Le bord biseaut\u00e9 du manche peut \u00eatre utilis\u00e9 comme spatule.<\/p>\n<hr \/>\n<div class=\"page\" title=\"Page 26\">\n<div class=\"layoutArea\">\n<div class=\"column\">\n<p><strong>Set for scale modelling and painting military history miniatures of all sizes.<\/strong><\/p>\n<p>The set includes:<\/p>\n<p>K2 No.2 &#8211; round brush from kolinsky hair,<\/p>\n<p>K1 No.0 &#8211; round brush from kolinsky hair,<\/p>\n<p>K1 No.1.5 &#8211; round brush from kolinsky hair,<\/p>\n<p>BrP No.2 &#8211; mop brush from beaver hair for drybrushing.<\/p>\n<\/div>\n<\/div>\n<\/div>\n","protected":false},"excerpt":{"rendered":"<p class=\"p1\"><b>Ensemble pour la peinture de maquettes et de figurines militaires de toutes tailles.<\/b><\/p>\n<p class=\"p3\">Le set comprend 4 pinceaux dont le manche est \u00e0 coupe angulaire avec une virole dor\u00e9e<\/p>\n<p class=\"p4\">\u2022 <span class=\"s1\"><b>K2 N\u00b02<\/b><\/span> \u2013 Pinceau rond en poils de kolinsky<\/p>\n<p class=\"p4\">\u2022 <span class=\"s1\"><b>K1 N\u00b00<\/b><\/span> \u2013 Pinceau rond en poils de kolinsky<\/p>\n<p class=\"p4\">\u2022 <span class=\"s1\"><b>K1 N\u00b01.5<\/b><\/span> \u2013 Pinceau rond en poils de kolinsky<\/p>\n<p class=\"p4\">\u2022 <span class=\"s1\"><b>BrP N\u00b02<\/b><\/span> \u2013 Pinceau \u00e0 lavis en poils de castor pour le drybrush<\/p>\n","protected":false},"featured_media":695,"template":"","meta":[],"product_brand":[],"product_cat":[354,272],"product_tag":[],"class_list":{"0":"post-635","1":"product","2":"type-product","3":"status-publish","4":"has-post-thumbnail","6":"product_cat-ensemble-de-4-pinceaux-indispensables","7":"product_cat-pinceaux-pour-peinture-de-miniatures","9":"first","10":"outofstock","11":"taxable","12":"shipping-taxable","13":"purchasable","14":"product-type-simple"},"yoast_head":"<!-- This site is optimized with the Yoast SEO plugin v27.3 - https:\/\/yoast.com\/product\/yoast-seo-wordpress\/ -->\n<title>Miniature 2 : quatre pinceaux pour la peinture de maquettes et de figurines militaires - Roubloff - Roubloff France - pinceaux d&#039;art<\/title>\n<meta name=\"robots\" content=\"index, follow, max-snippet:-1, max-image-preview:large, max-video-preview:-1\" \/>\n<link rel=\"canonical\" href=\"https:\/\/roubloff-france.fr\/Roubloff\/produit\/set-de-pinceaux-miniature-2-roubloff\/\" \/>\n<meta property=\"og:locale\" content=\"fr_FR\" \/>\n<meta property=\"og:type\" content=\"article\" \/>\n<meta property=\"og:title\" content=\"Miniature 2 : quatre pinceaux pour la peinture de maquettes et de figurines militaires - Roubloff - Roubloff France - pinceaux d&#039;art\" \/>\n<meta property=\"og:description\" content=\"Ensemble pour la peinture de maquettes et de figurines militaires de toutes tailles. Le set comprend 4 pinceaux dont le manche est \u00e0 coupe angulaire avec une virole dor\u00e9e \u2022 K2 N\u00b02 \u2013 Pinceau rond en poils de kolinsky \u2022 K1 N\u00b00 \u2013 Pinceau rond en poils de kolinsky \u2022 K1 N\u00b01.5 \u2013 Pinceau rond en poils de kolinsky \u2022 BrP N\u00b02 \u2013 Pinceau \u00e0 lavis en poils de castor pour le drybrush\" \/>\n<meta property=\"og:url\" content=\"https:\/\/roubloff-france.fr\/Roubloff\/produit\/set-de-pinceaux-miniature-2-roubloff\/\" \/>\n<meta property=\"og:site_name\" content=\"Roubloff France - pinceaux d&#039;art\" \/>\n<meta property=\"article:publisher\" content=\"https:\/\/www.instagram.com\/roubloff_france\/\" \/>\n<meta property=\"article:modified_time\" content=\"2025-11-30T22:35:31+00:00\" \/>\n<meta property=\"og:image\" content=\"https:\/\/roubloff-france.fr\/Roubloff\/wp-content\/uploads\/2025\/01\/\u041c\u0438\u043d\u0438\u0430\u0442\u044e\u0440\u04302_1.jpg\" \/>\n\t<meta property=\"og:image:width\" content=\"900\" \/>\n\t<meta property=\"og:image:height\" content=\"1000\" \/>\n\t<meta property=\"og:image:type\" content=\"image\/jpeg\" \/>\n<meta name=\"twitter:card\" content=\"summary_large_image\" \/>\n<meta name=\"twitter:label1\" content=\"Dur\u00e9e de lecture estim\u00e9e\" \/>\n\t<meta name=\"twitter:data1\" content=\"1 minute\" \/>\n<script type=\"application\/ld+json\" class=\"yoast-schema-graph\">{\"@context\":\"https:\\\/\\\/schema.org\",\"@graph\":[{\"@type\":\"WebPage\",\"@id\":\"https:\\\/\\\/roubloff-france.fr\\\/Roubloff\\\/produit\\\/set-de-pinceaux-miniature-2-roubloff\\\/\",\"url\":\"https:\\\/\\\/roubloff-france.fr\\\/Roubloff\\\/produit\\\/set-de-pinceaux-miniature-2-roubloff\\\/\",\"name\":\"Miniature 2 : quatre pinceaux pour la peinture de maquettes et de figurines militaires - Roubloff - Roubloff France - pinceaux d&#039;art\",\"isPartOf\":{\"@id\":\"https:\\\/\\\/roubloff-france.fr\\\/Roubloff\\\/#website\"},\"primaryImageOfPage\":{\"@id\":\"https:\\\/\\\/roubloff-france.fr\\\/Roubloff\\\/produit\\\/set-de-pinceaux-miniature-2-roubloff\\\/#primaryimage\"},\"image\":{\"@id\":\"https:\\\/\\\/roubloff-france.fr\\\/Roubloff\\\/produit\\\/set-de-pinceaux-miniature-2-roubloff\\\/#primaryimage\"},\"thumbnailUrl\":\"https:\\\/\\\/roubloff-france.fr\\\/Roubloff\\\/wp-content\\\/uploads\\\/2025\\\/01\\\/\u041c\u0438\u043d\u0438\u0430\u0442\u044e\u0440\u04302_1.jpg\",\"datePublished\":\"2025-01-30T22:08:11+00:00\",\"dateModified\":\"2025-11-30T22:35:31+00:00\",\"breadcrumb\":{\"@id\":\"https:\\\/\\\/roubloff-france.fr\\\/Roubloff\\\/produit\\\/set-de-pinceaux-miniature-2-roubloff\\\/#breadcrumb\"},\"inLanguage\":\"fr-FR\",\"potentialAction\":[{\"@type\":\"ReadAction\",\"target\":[\"https:\\\/\\\/roubloff-france.fr\\\/Roubloff\\\/produit\\\/set-de-pinceaux-miniature-2-roubloff\\\/\"]}]},{\"@type\":\"ImageObject\",\"inLanguage\":\"fr-FR\",\"@id\":\"https:\\\/\\\/roubloff-france.fr\\\/Roubloff\\\/produit\\\/set-de-pinceaux-miniature-2-roubloff\\\/#primaryimage\",\"url\":\"https:\\\/\\\/roubloff-france.fr\\\/Roubloff\\\/wp-content\\\/uploads\\\/2025\\\/01\\\/\u041c\u0438\u043d\u0438\u0430\u0442\u044e\u0440\u04302_1.jpg\",\"contentUrl\":\"https:\\\/\\\/roubloff-france.fr\\\/Roubloff\\\/wp-content\\\/uploads\\\/2025\\\/01\\\/\u041c\u0438\u043d\u0438\u0430\u0442\u044e\u0440\u04302_1.jpg\",\"width\":900,\"height\":1000},{\"@type\":\"BreadcrumbList\",\"@id\":\"https:\\\/\\\/roubloff-france.fr\\\/Roubloff\\\/produit\\\/set-de-pinceaux-miniature-2-roubloff\\\/#breadcrumb\",\"itemListElement\":[{\"@type\":\"ListItem\",\"position\":1,\"name\":\"Accueil\",\"item\":\"https:\\\/\\\/roubloff-france.fr\\\/Roubloff\\\/\"},{\"@type\":\"ListItem\",\"position\":2,\"name\":\"Les pinceaux Roubloff \u00a9 :\",\"item\":\"https:\\\/\\\/roubloff-france.fr\\\/Roubloff\\\/\"},{\"@type\":\"ListItem\",\"position\":3,\"name\":\"Miniature 2 : quatre pinceaux pour la peinture de maquettes et de figurines militaires &#8211; Roubloff\"}]},{\"@type\":\"WebSite\",\"@id\":\"https:\\\/\\\/roubloff-france.fr\\\/Roubloff\\\/#website\",\"url\":\"https:\\\/\\\/roubloff-france.fr\\\/Roubloff\\\/\",\"name\":\"Roubloff France - pinceaux d'art\",\"description\":\"Les pinceaux d&#039;art pour les artistes, \u00e9coles d&#039;art, revendeurs\",\"publisher\":{\"@id\":\"https:\\\/\\\/roubloff-france.fr\\\/Roubloff\\\/#organization\"},\"potentialAction\":[{\"@type\":\"SearchAction\",\"target\":{\"@type\":\"EntryPoint\",\"urlTemplate\":\"https:\\\/\\\/roubloff-france.fr\\\/Roubloff\\\/?s={search_term_string}\"},\"query-input\":{\"@type\":\"PropertyValueSpecification\",\"valueRequired\":true,\"valueName\":\"search_term_string\"}}],\"inLanguage\":\"fr-FR\"},{\"@type\":\"Organization\",\"@id\":\"https:\\\/\\\/roubloff-france.fr\\\/Roubloff\\\/#organization\",\"name\":\"Roubloff France - pinceaux d'art\",\"url\":\"https:\\\/\\\/roubloff-france.fr\\\/Roubloff\\\/\",\"logo\":{\"@type\":\"ImageObject\",\"inLanguage\":\"fr-FR\",\"@id\":\"https:\\\/\\\/roubloff-france.fr\\\/Roubloff\\\/#\\\/schema\\\/logo\\\/image\\\/\",\"url\":\"https:\\\/\\\/roubloff-france.fr\\\/Roubloff\\\/wp-content\\\/uploads\\\/2022\\\/01\\\/cropped-Logo-Roubloff-Rouge-avec-filet-blanc-250-p.png\",\"contentUrl\":\"https:\\\/\\\/roubloff-france.fr\\\/Roubloff\\\/wp-content\\\/uploads\\\/2022\\\/01\\\/cropped-Logo-Roubloff-Rouge-avec-filet-blanc-250-p.png\",\"width\":261,\"height\":57,\"caption\":\"Roubloff France - pinceaux d'art\"},\"image\":{\"@id\":\"https:\\\/\\\/roubloff-france.fr\\\/Roubloff\\\/#\\\/schema\\\/logo\\\/image\\\/\"},\"sameAs\":[\"https:\\\/\\\/www.instagram.com\\\/roubloff_france\\\/\"]}]}<\/script>\n<!-- \/ Yoast SEO plugin. -->","yoast_head_json":{"title":"Miniature 2 : quatre pinceaux pour la peinture de maquettes et de figurines militaires - Roubloff - Roubloff France - pinceaux d&#039;art","robots":{"index":"index","follow":"follow","max-snippet":"max-snippet:-1","max-image-preview":"max-image-preview:large","max-video-preview":"max-video-preview:-1"},"canonical":"https:\/\/roubloff-france.fr\/Roubloff\/produit\/set-de-pinceaux-miniature-2-roubloff\/","og_locale":"fr_FR","og_type":"article","og_title":"Miniature 2 : quatre pinceaux pour la peinture de maquettes et de figurines militaires - Roubloff - Roubloff France - pinceaux d&#039;art","og_description":"Ensemble pour la peinture de maquettes et de figurines militaires de toutes tailles. Le set comprend 4 pinceaux dont le manche est \u00e0 coupe angulaire avec une virole dor\u00e9e \u2022 K2 N\u00b02 \u2013 Pinceau rond en poils de kolinsky \u2022 K1 N\u00b00 \u2013 Pinceau rond en poils de kolinsky \u2022 K1 N\u00b01.5 \u2013 Pinceau rond en poils de kolinsky \u2022 BrP N\u00b02 \u2013 Pinceau \u00e0 lavis en poils de castor pour le drybrush","og_url":"https:\/\/roubloff-france.fr\/Roubloff\/produit\/set-de-pinceaux-miniature-2-roubloff\/","og_site_name":"Roubloff France - pinceaux d&#039;art","article_publisher":"https:\/\/www.instagram.com\/roubloff_france\/","article_modified_time":"2025-11-30T22:35:31+00:00","og_image":[{"width":900,"height":1000,"url":"https:\/\/roubloff-france.fr\/Roubloff\/wp-content\/uploads\/2025\/01\/\u041c\u0438\u043d\u0438\u0430\u0442\u044e\u0440\u04302_1.jpg","type":"image\/jpeg"}],"twitter_card":"summary_large_image","twitter_misc":{"Dur\u00e9e de lecture estim\u00e9e":"1 minute"},"schema":{"@context":"https:\/\/schema.org","@graph":[{"@type":"WebPage","@id":"https:\/\/roubloff-france.fr\/Roubloff\/produit\/set-de-pinceaux-miniature-2-roubloff\/","url":"https:\/\/roubloff-france.fr\/Roubloff\/produit\/set-de-pinceaux-miniature-2-roubloff\/","name":"Miniature 2 : quatre pinceaux pour la peinture de maquettes et de figurines militaires - Roubloff - Roubloff France - pinceaux d&#039;art","isPartOf":{"@id":"https:\/\/roubloff-france.fr\/Roubloff\/#website"},"primaryImageOfPage":{"@id":"https:\/\/roubloff-france.fr\/Roubloff\/produit\/set-de-pinceaux-miniature-2-roubloff\/#primaryimage"},"image":{"@id":"https:\/\/roubloff-france.fr\/Roubloff\/produit\/set-de-pinceaux-miniature-2-roubloff\/#primaryimage"},"thumbnailUrl":"https:\/\/roubloff-france.fr\/Roubloff\/wp-content\/uploads\/2025\/01\/\u041c\u0438\u043d\u0438\u0430\u0442\u044e\u0440\u04302_1.jpg","datePublished":"2025-01-30T22:08:11+00:00","dateModified":"2025-11-30T22:35:31+00:00","breadcrumb":{"@id":"https:\/\/roubloff-france.fr\/Roubloff\/produit\/set-de-pinceaux-miniature-2-roubloff\/#breadcrumb"},"inLanguage":"fr-FR","potentialAction":[{"@type":"ReadAction","target":["https:\/\/roubloff-france.fr\/Roubloff\/produit\/set-de-pinceaux-miniature-2-roubloff\/"]}]},{"@type":"ImageObject","inLanguage":"fr-FR","@id":"https:\/\/roubloff-france.fr\/Roubloff\/produit\/set-de-pinceaux-miniature-2-roubloff\/#primaryimage","url":"https:\/\/roubloff-france.fr\/Roubloff\/wp-content\/uploads\/2025\/01\/\u041c\u0438\u043d\u0438\u0430\u0442\u044e\u0440\u04302_1.jpg","contentUrl":"https:\/\/roubloff-france.fr\/Roubloff\/wp-content\/uploads\/2025\/01\/\u041c\u0438\u043d\u0438\u0430\u0442\u044e\u0440\u04302_1.jpg","width":900,"height":1000},{"@type":"BreadcrumbList","@id":"https:\/\/roubloff-france.fr\/Roubloff\/produit\/set-de-pinceaux-miniature-2-roubloff\/#breadcrumb","itemListElement":[{"@type":"ListItem","position":1,"name":"Accueil","item":"https:\/\/roubloff-france.fr\/Roubloff\/"},{"@type":"ListItem","position":2,"name":"Les pinceaux Roubloff \u00a9 :","item":"https:\/\/roubloff-france.fr\/Roubloff\/"},{"@type":"ListItem","position":3,"name":"Miniature 2 : quatre pinceaux pour la peinture de maquettes et de figurines militaires &#8211; Roubloff"}]},{"@type":"WebSite","@id":"https:\/\/roubloff-france.fr\/Roubloff\/#website","url":"https:\/\/roubloff-france.fr\/Roubloff\/","name":"Roubloff France - pinceaux d'art","description":"Les pinceaux d&#039;art pour les artistes, \u00e9coles d&#039;art, revendeurs","publisher":{"@id":"https:\/\/roubloff-france.fr\/Roubloff\/#organization"},"potentialAction":[{"@type":"SearchAction","target":{"@type":"EntryPoint","urlTemplate":"https:\/\/roubloff-france.fr\/Roubloff\/?s={search_term_string}"},"query-input":{"@type":"PropertyValueSpecification","valueRequired":true,"valueName":"search_term_string"}}],"inLanguage":"fr-FR"},{"@type":"Organization","@id":"https:\/\/roubloff-france.fr\/Roubloff\/#organization","name":"Roubloff France - pinceaux d'art","url":"https:\/\/roubloff-france.fr\/Roubloff\/","logo":{"@type":"ImageObject","inLanguage":"fr-FR","@id":"https:\/\/roubloff-france.fr\/Roubloff\/#\/schema\/logo\/image\/","url":"https:\/\/roubloff-france.fr\/Roubloff\/wp-content\/uploads\/2022\/01\/cropped-Logo-Roubloff-Rouge-avec-filet-blanc-250-p.png","contentUrl":"https:\/\/roubloff-france.fr\/Roubloff\/wp-content\/uploads\/2022\/01\/cropped-Logo-Roubloff-Rouge-avec-filet-blanc-250-p.png","width":261,"height":57,"caption":"Roubloff France - pinceaux d'art"},"image":{"@id":"https:\/\/roubloff-france.fr\/Roubloff\/#\/schema\/logo\/image\/"},"sameAs":["https:\/\/www.instagram.com\/roubloff_france\/"]}]}},"_links":{"self":[{"href":"https:\/\/roubloff-france.fr\/Roubloff\/wp-json\/wp\/v2\/product\/635","targetHints":{"allow":["GET"]}}],"collection":[{"href":"https:\/\/roubloff-france.fr\/Roubloff\/wp-json\/wp\/v2\/product"}],"about":[{"href":"https:\/\/roubloff-france.fr\/Roubloff\/wp-json\/wp\/v2\/types\/product"}],"wp:featuredmedia":[{"embeddable":true,"href":"https:\/\/roubloff-france.fr\/Roubloff\/wp-json\/wp\/v2\/media\/695"}],"wp:attachment":[{"href":"https:\/\/roubloff-france.fr\/Roubloff\/wp-json\/wp\/v2\/media?parent=635"}],"wp:term":[{"taxonomy":"product_brand","embeddable":true,"href":"https:\/\/roubloff-france.fr\/Roubloff\/wp-json\/wp\/v2\/product_brand?post=635"},{"taxonomy":"product_cat","embeddable":true,"href":"https:\/\/roubloff-france.fr\/Roubloff\/wp-json\/wp\/v2\/product_cat?post=635"},{"taxonomy":"product_tag","embeddable":true,"href":"https:\/\/roubloff-france.fr\/Roubloff\/wp-json\/wp\/v2\/product_tag?post=635"}],"curies":[{"name":"wp","href":"https:\/\/api.w.org\/{rel}","templated":true}]}}