{"id":611,"date":"2024-10-12T14:36:34","date_gmt":"2024-10-12T12:36:34","guid":{"rendered":"https:\/\/roubloff-france.fr\/Roubloff\/?post_type=product&#038;p=611"},"modified":"2026-03-06T11:15:12","modified_gmt":"2026-03-06T10:15:12","slug":"141f-3-petit-gris","status":"publish","type":"product","link":"https:\/\/roubloff-france.fr\/Roubloff\/produit\/141f-3-petit-gris\/","title":{"rendered":"141F-3 &#8211; Petit Gris &#8211; Rond"},"content":{"rendered":"<p><strong>Pinceau Petit Gris Roubloff de forme ronde d\u2019une taille de 3 mm, avec un manche court de couleur noir mat et une virole argen<\/strong>t<\/p>\n<p>La brosse ronde pour \u00e9cureuil est utilis\u00e9e dans de nombreux types de peintures.<\/p>\n<p>Le manche court et ergonomique vous permet de peindre les moindres d\u00e9tails avec confort et plaisir.<\/p>\n<p>La virole en laiton chrom\u00e9 fixe solidement la t\u00eate de brosse.<\/p>\n<p>La brosse est id\u00e9ale pour les aquarelles car les poils d&rsquo;\u00e9cureuil sont fins, doux et \u00e9lastiques.<\/p>\n<p>Sa forme universelle offre une peinture lisse d&rsquo;un seul ton, comme des d\u00e9grad\u00e9s d&rsquo;eau, des arbres, des croquis de personnes et de b\u00e2timents en mettant des taches de peinture.<\/p>\n<ul>\n<li>Application : aquarelle<\/li>\n<li>Poils : Naturel<\/li>\n<li>Type de poils : \u00e9cureuil<\/li>\n<li>Rigidit\u00e9 : 0<\/li>\n<li>Virole : argent (laiton chrom\u00e9)<\/li>\n<li>Forme de t\u00eate de brosse : ronde<\/li>\n<li>Longueur du manche : court<\/li>\n<li>Taille : 0, 1, 2, 3, 4, 5, 6<\/li>\n<li>Avantages :\n<ul>\n<li>Haute qualit\u00e9 des cheveux<\/li>\n<li>Manche en bouleau l\u00e9ger<\/li>\n<li>Poils trait\u00e9s \u00e0 la main<\/li>\n<\/ul>\n<\/li>\n<\/ul>\n<p>En savoir plus : <a href=\"https:\/\/www.roubloff.ru\/en\/catalog\/artbrushes\/141f\/\" target=\"_blank\" rel=\"noopener noreferrer\">https:\/\/www.roubloff.ru\/en\/catalog\/artbrushes\/141f\/<\/a><\/p>\n<hr \/>\n<p><strong>Brush Roubloff squirrel\/ round 4\/ short figured black matt handle\/ silver ferrule<span class=\"Apple-converted-space\">\u00a0<\/span><\/strong><\/p>\n<p>Round squirrel brush is used in many types of paintings.<\/p>\n<p>Ergonomic short handle allows you to paint fine details with comfort and pleasure.<\/p>\n<p>Chrome plated brass ferrule securely fixes brush head.<\/p>\n<p>The brush is ideal for watercolors as squirrel hair is thin, soft and elastic.<\/p>\n<p>Its universal shape provides smooth one-tone painting such as water gradients, trees, sketches of people and buildings by putting paint spots<\/p>\n<ul>\n<li>Application: Watercolor<\/li>\n<li>Hair: Natural<\/li>\n<li>Hair type: Squirrel<\/li>\n<li>Stiffness: 0<\/li>\n<li>Ferrule: Silver (chrome plated brass)<\/li>\n<li>Brush head shape: Round<\/li>\n<li>Handle length: Short<\/li>\n<li>Size: 0, 1, 2, 3, 4, 5, 6<\/li>\n<li>Advantages:\n<ul>\n<li>High hair quality<\/li>\n<li>Light-weight birch handle<\/li>\n<li>Hair treated by hand<\/li>\n<\/ul>\n<\/li>\n<\/ul>\n<p>Read more : <a href=\"https:\/\/www.roubloff.ru\/en\/catalog\/artbrushes\/141f\/\" target=\"_blank\" rel=\"noopener noreferrer\">https:\/\/www.roubloff.ru\/en\/catalog\/artbrushes\/141f\/<\/a><\/p>\n","protected":false},"excerpt":{"rendered":"<p><strong>Pinceau Petit Gris Roubloff de forme ronde d\u2019une taille de 3 mm, avec un manche court de couleur noir mat et une virole argen<\/strong>t<\/p>\n","protected":false},"featured_media":0,"template":"","meta":[],"product_brand":[319],"product_cat":[36,237],"product_tag":[37,321,38,239,39],"class_list":{"0":"post-611","1":"product","2":"type-product","3":"status-publish","5":"product_brand-roubloff","6":"product_cat-petit-gris-serie-141f","7":"product_cat-ecureuil-squirrel","8":"product_tag-141f","9":"product_tag-141f-3","10":"product_tag-141f-4","11":"product_tag-ecureuil","12":"product_tag-petit-gris","14":"first","15":"instock","16":"taxable","17":"shipping-taxable","18":"purchasable","19":"product-type-simple"},"yoast_head":"<!-- This site is optimized with the Yoast SEO plugin v27.3 - https:\/\/yoast.com\/product\/yoast-seo-wordpress\/ -->\n<title>141F-3 - Petit Gris - Rond - Roubloff France - pinceaux d&#039;art<\/title>\n<meta name=\"description\" content=\"Pinceau Petit Gris Roubloff de forme ronde d\u2019une taille de 4 mm, avec un manche court de couleur noir mat et une virole argent\" \/>\n<meta name=\"robots\" content=\"index, follow, max-snippet:-1, max-image-preview:large, max-video-preview:-1\" \/>\n<link rel=\"canonical\" href=\"https:\/\/roubloff-france.fr\/Roubloff\/produit\/141f-3-petit-gris\/\" \/>\n<meta property=\"og:locale\" content=\"fr_FR\" \/>\n<meta property=\"og:type\" content=\"article\" \/>\n<meta property=\"og:title\" content=\"141F-3 - Petit Gris - Rond - Roubloff France - pinceaux d&#039;art\" \/>\n<meta property=\"og:description\" content=\"Pinceau Petit Gris Roubloff de forme ronde d\u2019une taille de 4 mm, avec un manche court de couleur noir mat et une virole argent\" \/>\n<meta property=\"og:url\" content=\"https:\/\/roubloff-france.fr\/Roubloff\/produit\/141f-3-petit-gris\/\" \/>\n<meta property=\"og:site_name\" content=\"Roubloff France - pinceaux d&#039;art\" \/>\n<meta property=\"article:publisher\" content=\"https:\/\/www.instagram.com\/roubloff_france\/\" \/>\n<meta property=\"article:modified_time\" content=\"2026-03-06T10:15:12+00:00\" \/>\n<meta name=\"twitter:card\" content=\"summary_large_image\" \/>\n<meta name=\"twitter:label1\" content=\"Dur\u00e9e de lecture estim\u00e9e\" \/>\n\t<meta name=\"twitter:data1\" content=\"1 minute\" \/>\n<script type=\"application\/ld+json\" class=\"yoast-schema-graph\">{\"@context\":\"https:\\\/\\\/schema.org\",\"@graph\":[{\"@type\":\"WebPage\",\"@id\":\"https:\\\/\\\/roubloff-france.fr\\\/Roubloff\\\/produit\\\/141f-3-petit-gris\\\/\",\"url\":\"https:\\\/\\\/roubloff-france.fr\\\/Roubloff\\\/produit\\\/141f-3-petit-gris\\\/\",\"name\":\"141F-3 - Petit Gris - Rond - Roubloff France - pinceaux d&#039;art\",\"isPartOf\":{\"@id\":\"https:\\\/\\\/roubloff-france.fr\\\/Roubloff\\\/#website\"},\"datePublished\":\"2024-10-12T12:36:34+00:00\",\"dateModified\":\"2026-03-06T10:15:12+00:00\",\"description\":\"Pinceau Petit Gris Roubloff de forme ronde d\u2019une taille de 4 mm, avec un manche court de couleur noir mat et une virole argent\",\"breadcrumb\":{\"@id\":\"https:\\\/\\\/roubloff-france.fr\\\/Roubloff\\\/produit\\\/141f-3-petit-gris\\\/#breadcrumb\"},\"inLanguage\":\"fr-FR\",\"potentialAction\":[{\"@type\":\"ReadAction\",\"target\":[\"https:\\\/\\\/roubloff-france.fr\\\/Roubloff\\\/produit\\\/141f-3-petit-gris\\\/\"]}]},{\"@type\":\"BreadcrumbList\",\"@id\":\"https:\\\/\\\/roubloff-france.fr\\\/Roubloff\\\/produit\\\/141f-3-petit-gris\\\/#breadcrumb\",\"itemListElement\":[{\"@type\":\"ListItem\",\"position\":1,\"name\":\"Accueil\",\"item\":\"https:\\\/\\\/roubloff-france.fr\\\/Roubloff\\\/\"},{\"@type\":\"ListItem\",\"position\":2,\"name\":\"Les pinceaux Roubloff \u00a9 :\",\"item\":\"https:\\\/\\\/roubloff-france.fr\\\/Roubloff\\\/\"},{\"@type\":\"ListItem\",\"position\":3,\"name\":\"141F-3 &#8211; Petit Gris &#8211; Rond\"}]},{\"@type\":\"WebSite\",\"@id\":\"https:\\\/\\\/roubloff-france.fr\\\/Roubloff\\\/#website\",\"url\":\"https:\\\/\\\/roubloff-france.fr\\\/Roubloff\\\/\",\"name\":\"Roubloff France - pinceaux d'art\",\"description\":\"Les pinceaux d&#039;art pour les artistes, \u00e9coles d&#039;art, revendeurs\",\"publisher\":{\"@id\":\"https:\\\/\\\/roubloff-france.fr\\\/Roubloff\\\/#organization\"},\"potentialAction\":[{\"@type\":\"SearchAction\",\"target\":{\"@type\":\"EntryPoint\",\"urlTemplate\":\"https:\\\/\\\/roubloff-france.fr\\\/Roubloff\\\/?s={search_term_string}\"},\"query-input\":{\"@type\":\"PropertyValueSpecification\",\"valueRequired\":true,\"valueName\":\"search_term_string\"}}],\"inLanguage\":\"fr-FR\"},{\"@type\":\"Organization\",\"@id\":\"https:\\\/\\\/roubloff-france.fr\\\/Roubloff\\\/#organization\",\"name\":\"Roubloff France - pinceaux d'art\",\"url\":\"https:\\\/\\\/roubloff-france.fr\\\/Roubloff\\\/\",\"logo\":{\"@type\":\"ImageObject\",\"inLanguage\":\"fr-FR\",\"@id\":\"https:\\\/\\\/roubloff-france.fr\\\/Roubloff\\\/#\\\/schema\\\/logo\\\/image\\\/\",\"url\":\"https:\\\/\\\/roubloff-france.fr\\\/Roubloff\\\/wp-content\\\/uploads\\\/2022\\\/01\\\/cropped-Logo-Roubloff-Rouge-avec-filet-blanc-250-p.png\",\"contentUrl\":\"https:\\\/\\\/roubloff-france.fr\\\/Roubloff\\\/wp-content\\\/uploads\\\/2022\\\/01\\\/cropped-Logo-Roubloff-Rouge-avec-filet-blanc-250-p.png\",\"width\":261,\"height\":57,\"caption\":\"Roubloff France - pinceaux d'art\"},\"image\":{\"@id\":\"https:\\\/\\\/roubloff-france.fr\\\/Roubloff\\\/#\\\/schema\\\/logo\\\/image\\\/\"},\"sameAs\":[\"https:\\\/\\\/www.instagram.com\\\/roubloff_france\\\/\"]}]}<\/script>\n<!-- \/ Yoast SEO plugin. -->","yoast_head_json":{"title":"141F-3 - Petit Gris - Rond - Roubloff France - pinceaux d&#039;art","description":"Pinceau Petit Gris Roubloff de forme ronde d\u2019une taille de 4 mm, avec un manche court de couleur noir mat et une virole argent","robots":{"index":"index","follow":"follow","max-snippet":"max-snippet:-1","max-image-preview":"max-image-preview:large","max-video-preview":"max-video-preview:-1"},"canonical":"https:\/\/roubloff-france.fr\/Roubloff\/produit\/141f-3-petit-gris\/","og_locale":"fr_FR","og_type":"article","og_title":"141F-3 - Petit Gris - Rond - Roubloff France - pinceaux d&#039;art","og_description":"Pinceau Petit Gris Roubloff de forme ronde d\u2019une taille de 4 mm, avec un manche court de couleur noir mat et une virole argent","og_url":"https:\/\/roubloff-france.fr\/Roubloff\/produit\/141f-3-petit-gris\/","og_site_name":"Roubloff France - pinceaux d&#039;art","article_publisher":"https:\/\/www.instagram.com\/roubloff_france\/","article_modified_time":"2026-03-06T10:15:12+00:00","twitter_card":"summary_large_image","twitter_misc":{"Dur\u00e9e de lecture estim\u00e9e":"1 minute"},"schema":{"@context":"https:\/\/schema.org","@graph":[{"@type":"WebPage","@id":"https:\/\/roubloff-france.fr\/Roubloff\/produit\/141f-3-petit-gris\/","url":"https:\/\/roubloff-france.fr\/Roubloff\/produit\/141f-3-petit-gris\/","name":"141F-3 - Petit Gris - Rond - Roubloff France - pinceaux d&#039;art","isPartOf":{"@id":"https:\/\/roubloff-france.fr\/Roubloff\/#website"},"datePublished":"2024-10-12T12:36:34+00:00","dateModified":"2026-03-06T10:15:12+00:00","description":"Pinceau Petit Gris Roubloff de forme ronde d\u2019une taille de 4 mm, avec un manche court de couleur noir mat et une virole argent","breadcrumb":{"@id":"https:\/\/roubloff-france.fr\/Roubloff\/produit\/141f-3-petit-gris\/#breadcrumb"},"inLanguage":"fr-FR","potentialAction":[{"@type":"ReadAction","target":["https:\/\/roubloff-france.fr\/Roubloff\/produit\/141f-3-petit-gris\/"]}]},{"@type":"BreadcrumbList","@id":"https:\/\/roubloff-france.fr\/Roubloff\/produit\/141f-3-petit-gris\/#breadcrumb","itemListElement":[{"@type":"ListItem","position":1,"name":"Accueil","item":"https:\/\/roubloff-france.fr\/Roubloff\/"},{"@type":"ListItem","position":2,"name":"Les pinceaux Roubloff \u00a9 :","item":"https:\/\/roubloff-france.fr\/Roubloff\/"},{"@type":"ListItem","position":3,"name":"141F-3 &#8211; Petit Gris &#8211; Rond"}]},{"@type":"WebSite","@id":"https:\/\/roubloff-france.fr\/Roubloff\/#website","url":"https:\/\/roubloff-france.fr\/Roubloff\/","name":"Roubloff France - pinceaux d'art","description":"Les pinceaux d&#039;art pour les artistes, \u00e9coles d&#039;art, revendeurs","publisher":{"@id":"https:\/\/roubloff-france.fr\/Roubloff\/#organization"},"potentialAction":[{"@type":"SearchAction","target":{"@type":"EntryPoint","urlTemplate":"https:\/\/roubloff-france.fr\/Roubloff\/?s={search_term_string}"},"query-input":{"@type":"PropertyValueSpecification","valueRequired":true,"valueName":"search_term_string"}}],"inLanguage":"fr-FR"},{"@type":"Organization","@id":"https:\/\/roubloff-france.fr\/Roubloff\/#organization","name":"Roubloff France - pinceaux d'art","url":"https:\/\/roubloff-france.fr\/Roubloff\/","logo":{"@type":"ImageObject","inLanguage":"fr-FR","@id":"https:\/\/roubloff-france.fr\/Roubloff\/#\/schema\/logo\/image\/","url":"https:\/\/roubloff-france.fr\/Roubloff\/wp-content\/uploads\/2022\/01\/cropped-Logo-Roubloff-Rouge-avec-filet-blanc-250-p.png","contentUrl":"https:\/\/roubloff-france.fr\/Roubloff\/wp-content\/uploads\/2022\/01\/cropped-Logo-Roubloff-Rouge-avec-filet-blanc-250-p.png","width":261,"height":57,"caption":"Roubloff France - pinceaux d'art"},"image":{"@id":"https:\/\/roubloff-france.fr\/Roubloff\/#\/schema\/logo\/image\/"},"sameAs":["https:\/\/www.instagram.com\/roubloff_france\/"]}]}},"_links":{"self":[{"href":"https:\/\/roubloff-france.fr\/Roubloff\/wp-json\/wp\/v2\/product\/611","targetHints":{"allow":["GET"]}}],"collection":[{"href":"https:\/\/roubloff-france.fr\/Roubloff\/wp-json\/wp\/v2\/product"}],"about":[{"href":"https:\/\/roubloff-france.fr\/Roubloff\/wp-json\/wp\/v2\/types\/product"}],"wp:attachment":[{"href":"https:\/\/roubloff-france.fr\/Roubloff\/wp-json\/wp\/v2\/media?parent=611"}],"wp:term":[{"taxonomy":"product_brand","embeddable":true,"href":"https:\/\/roubloff-france.fr\/Roubloff\/wp-json\/wp\/v2\/product_brand?post=611"},{"taxonomy":"product_cat","embeddable":true,"href":"https:\/\/roubloff-france.fr\/Roubloff\/wp-json\/wp\/v2\/product_cat?post=611"},{"taxonomy":"product_tag","embeddable":true,"href":"https:\/\/roubloff-france.fr\/Roubloff\/wp-json\/wp\/v2\/product_tag?post=611"}],"curies":[{"name":"wp","href":"https:\/\/api.w.org\/{rel}","templated":true}]}}