{"id":564,"date":"2023-11-30T20:02:05","date_gmt":"2023-11-30T19:02:05","guid":{"rendered":"https:\/\/roubloff-france.fr\/Roubloff\/?post_type=product&#038;p=564"},"modified":"2025-09-14T19:01:18","modified_gmt":"2025-09-14T17:01:18","slug":"1s25-8-synthetique-imitation-kolinsky","status":"publish","type":"product","link":"https:\/\/roubloff-france.fr\/Roubloff\/produit\/1s25-8-synthetique-imitation-kolinsky\/","title":{"rendered":"1S25-8 Synth\u00e9tique &#8211; imitation Kolinsky"},"content":{"rendered":"<p>Le pinceau plat en imitation synth\u00e9tique de Kolinsky offre la plupart des qualit\u00e9s d\u2019un poil Kolinsky \u00e0 un prix abordable.<br \/>\nLa virole en aluminium anodis\u00e9 fixe solidement les fibres synth\u00e9tiques de qualit\u00e9 avec un manche court noir mat.<br \/>\nIl peut cr\u00e9er de larges coups pr\u00e9cis avec le c\u00f4t\u00e9 plat ou des lignes fines avec son bord cisel\u00e9 fin.<br \/>\nLe type de t\u00eate de brosse est con\u00e7u pour la peinture d&rsquo;architecture et la repr\u00e9sentation de v\u00e9hicules de transport.<\/p>\n<p><strong>Pinceaux d&rsquo;art<\/strong><\/p>\n<ul>\n<li>Application : Acrylique,Aquarelle,Gouache,Huile<\/li>\n<li>Poils : Synth\u00e9tiques<\/li>\n<li>Type de poils : imitation Kolinsky<\/li>\n<li>Rigidit\u00e9 : 2<\/li>\n<li>Virole : Or (aluminium anodis\u00e9)<\/li>\n<li>Forme de la t\u00eate de brosse : Plat<\/li>\n<li>Longueur du manche : Court<\/li>\n<li>Tailles : 2, 3, 4, 6, 7, 8, 10, 12, 14, 16, 18, 20, 22, 24, 26, 30, 36<\/li>\n<\/ul>\n<p><strong>Avantages :<\/strong><\/p>\n<ul>\n<li>Poils de haute qualit\u00e9<\/li>\n<li>Produit d&rsquo;origine<\/li>\n<li>Poils trait\u00e9s \u00e0 la main<\/li>\n<\/ul>\n<hr \/>\n<h1>Synthetic 1S25 (imitation Kolinsky)<\/h1>\n<p>Flat brush from synthetic kolinsky imitation gives most of the qualities of kolinsky at an affordable price.<\/p>\n<p>Anodized aluminum ferrule securely fixes quality synthetic firbes with matt black short handle.<\/p>\n<p>It can create broad accurate stokes with the flat side or thin lines with its fine chisel edge.<\/p>\n<p>Brush head type is designed for architecture painting and depicting of transport vehicles.<\/p>\n<p><strong>Art brushes<\/strong><\/p>\n<ul>\n<li>Application: Acrylic,Watercolor,Gouache,Oil<\/li>\n<li>Hair: Synthetic<\/li>\n<li>Hair type: Kolinsky imitation<\/li>\n<li>Stiffness: 2<\/li>\n<li>Ferrule: Gold (anodized aluminum)<\/li>\n<li>Brush head shape: Flat<\/li>\n<li>Handle length: Short<\/li>\n<li>Sizes: 2, 3, 4, 6, 7, 8, 10, 12, 14, 16, 18, 20, 22, 24, 26, 30, 36<\/li>\n<\/ul>\n<p><strong>Advantages:<\/strong><\/p>\n<ul>\n<li>High hair quality<\/li>\n<li>Original product<\/li>\n<li>Hair treated by hand<\/li>\n<\/ul>\n<p>&nbsp;<\/p>\n","protected":false},"excerpt":{"rendered":"<p>Le pinceau plat en imitation synth\u00e9tique de Kolinsky offre la plupart des qualit\u00e9s d\u2019un poil Kolinsky \u00e0 un prix abordable.<br \/>\nLa virole en aluminium anodis\u00e9 fixe solidement les fibres synth\u00e9tiques de qualit\u00e9 avec un manche court noir mat.<br \/>\nIl peut cr\u00e9er de larges coups pr\u00e9cis avec le c\u00f4t\u00e9 plat ou des lignes fines avec son bord cisel\u00e9 fin.<br \/>\nLe type de t\u00eate de brosse est con\u00e7u pour la peinture d&rsquo;architecture et la repr\u00e9sentation de v\u00e9hicules de transport.<\/p>\n","protected":false},"featured_media":341,"template":"","meta":[],"product_brand":[319],"product_cat":[190,266],"product_tag":[192,191,120,105,106],"class_list":{"0":"post-564","1":"product","2":"type-product","3":"status-publish","4":"has-post-thumbnail","6":"product_brand-roubloff","7":"product_cat-1s25","8":"product_cat-synthetiques-rigidite-moyenne","9":"product_tag-1s25","10":"product_tag-1s25-24","11":"product_tag-imitation-kolinsky","12":"product_tag-synthetic","13":"product_tag-synthetique","15":"first","16":"outofstock","17":"taxable","18":"shipping-taxable","19":"purchasable","20":"product-type-simple"},"yoast_head":"<!-- This site is optimized with the Yoast SEO plugin v27.3 - https:\/\/yoast.com\/product\/yoast-seo-wordpress\/ -->\n<title>1S25-8 Synth\u00e9tique - imitation Kolinsky - Roubloff France - pinceaux d&#039;art<\/title>\n<meta name=\"robots\" content=\"index, follow, max-snippet:-1, max-image-preview:large, max-video-preview:-1\" \/>\n<link rel=\"canonical\" href=\"https:\/\/roubloff-france.fr\/Roubloff\/produit\/1s25-8-synthetique-imitation-kolinsky\/\" \/>\n<meta property=\"og:locale\" content=\"fr_FR\" \/>\n<meta property=\"og:type\" content=\"article\" \/>\n<meta property=\"og:title\" content=\"1S25-8 Synth\u00e9tique - imitation Kolinsky - Roubloff France - pinceaux d&#039;art\" \/>\n<meta property=\"og:description\" content=\"Le pinceau plat en imitation synth\u00e9tique de Kolinsky offre la plupart des qualit\u00e9s d\u2019un poil Kolinsky \u00e0 un prix abordable. La virole en aluminium anodis\u00e9 fixe solidement les fibres synth\u00e9tiques de qualit\u00e9 avec un manche court noir mat. Il peut cr\u00e9er de larges coups pr\u00e9cis avec le c\u00f4t\u00e9 plat ou des lignes fines avec son bord cisel\u00e9 fin. Le type de t\u00eate de brosse est con\u00e7u pour la peinture d&#039;architecture et la repr\u00e9sentation de v\u00e9hicules de transport.\" \/>\n<meta property=\"og:url\" content=\"https:\/\/roubloff-france.fr\/Roubloff\/produit\/1s25-8-synthetique-imitation-kolinsky\/\" \/>\n<meta property=\"og:site_name\" content=\"Roubloff France - pinceaux d&#039;art\" \/>\n<meta property=\"article:publisher\" content=\"https:\/\/www.instagram.com\/roubloff_france\/\" \/>\n<meta property=\"article:modified_time\" content=\"2025-09-14T17:01:18+00:00\" \/>\n<meta property=\"og:image\" content=\"https:\/\/roubloff-france.fr\/Roubloff\/wp-content\/uploads\/2021\/12\/1S25-Roubloff-Synthetic.jpg\" \/>\n\t<meta property=\"og:image:width\" content=\"900\" \/>\n\t<meta property=\"og:image:height\" content=\"1000\" \/>\n\t<meta property=\"og:image:type\" content=\"image\/jpeg\" \/>\n<meta name=\"twitter:card\" content=\"summary_large_image\" \/>\n<meta name=\"twitter:label1\" content=\"Dur\u00e9e de lecture estim\u00e9e\" \/>\n\t<meta name=\"twitter:data1\" content=\"1 minute\" \/>\n<script type=\"application\/ld+json\" class=\"yoast-schema-graph\">{\"@context\":\"https:\\\/\\\/schema.org\",\"@graph\":[{\"@type\":\"WebPage\",\"@id\":\"https:\\\/\\\/roubloff-france.fr\\\/Roubloff\\\/produit\\\/1s25-8-synthetique-imitation-kolinsky\\\/\",\"url\":\"https:\\\/\\\/roubloff-france.fr\\\/Roubloff\\\/produit\\\/1s25-8-synthetique-imitation-kolinsky\\\/\",\"name\":\"1S25-8 Synth\u00e9tique - imitation Kolinsky - Roubloff France - pinceaux d&#039;art\",\"isPartOf\":{\"@id\":\"https:\\\/\\\/roubloff-france.fr\\\/Roubloff\\\/#website\"},\"primaryImageOfPage\":{\"@id\":\"https:\\\/\\\/roubloff-france.fr\\\/Roubloff\\\/produit\\\/1s25-8-synthetique-imitation-kolinsky\\\/#primaryimage\"},\"image\":{\"@id\":\"https:\\\/\\\/roubloff-france.fr\\\/Roubloff\\\/produit\\\/1s25-8-synthetique-imitation-kolinsky\\\/#primaryimage\"},\"thumbnailUrl\":\"https:\\\/\\\/roubloff-france.fr\\\/Roubloff\\\/wp-content\\\/uploads\\\/2021\\\/12\\\/1S25-Roubloff-Synthetic.jpg\",\"datePublished\":\"2023-11-30T19:02:05+00:00\",\"dateModified\":\"2025-09-14T17:01:18+00:00\",\"breadcrumb\":{\"@id\":\"https:\\\/\\\/roubloff-france.fr\\\/Roubloff\\\/produit\\\/1s25-8-synthetique-imitation-kolinsky\\\/#breadcrumb\"},\"inLanguage\":\"fr-FR\",\"potentialAction\":[{\"@type\":\"ReadAction\",\"target\":[\"https:\\\/\\\/roubloff-france.fr\\\/Roubloff\\\/produit\\\/1s25-8-synthetique-imitation-kolinsky\\\/\"]}]},{\"@type\":\"ImageObject\",\"inLanguage\":\"fr-FR\",\"@id\":\"https:\\\/\\\/roubloff-france.fr\\\/Roubloff\\\/produit\\\/1s25-8-synthetique-imitation-kolinsky\\\/#primaryimage\",\"url\":\"https:\\\/\\\/roubloff-france.fr\\\/Roubloff\\\/wp-content\\\/uploads\\\/2021\\\/12\\\/1S25-Roubloff-Synthetic.jpg\",\"contentUrl\":\"https:\\\/\\\/roubloff-france.fr\\\/Roubloff\\\/wp-content\\\/uploads\\\/2021\\\/12\\\/1S25-Roubloff-Synthetic.jpg\",\"width\":900,\"height\":1000},{\"@type\":\"BreadcrumbList\",\"@id\":\"https:\\\/\\\/roubloff-france.fr\\\/Roubloff\\\/produit\\\/1s25-8-synthetique-imitation-kolinsky\\\/#breadcrumb\",\"itemListElement\":[{\"@type\":\"ListItem\",\"position\":1,\"name\":\"Accueil\",\"item\":\"https:\\\/\\\/roubloff-france.fr\\\/Roubloff\\\/\"},{\"@type\":\"ListItem\",\"position\":2,\"name\":\"Les pinceaux Roubloff \u00a9 :\",\"item\":\"https:\\\/\\\/roubloff-france.fr\\\/Roubloff\\\/\"},{\"@type\":\"ListItem\",\"position\":3,\"name\":\"1S25-8 Synth\u00e9tique &#8211; imitation Kolinsky\"}]},{\"@type\":\"WebSite\",\"@id\":\"https:\\\/\\\/roubloff-france.fr\\\/Roubloff\\\/#website\",\"url\":\"https:\\\/\\\/roubloff-france.fr\\\/Roubloff\\\/\",\"name\":\"Roubloff France - pinceaux d'art\",\"description\":\"Les pinceaux d&#039;art pour les artistes, \u00e9coles d&#039;art, revendeurs\",\"publisher\":{\"@id\":\"https:\\\/\\\/roubloff-france.fr\\\/Roubloff\\\/#organization\"},\"potentialAction\":[{\"@type\":\"SearchAction\",\"target\":{\"@type\":\"EntryPoint\",\"urlTemplate\":\"https:\\\/\\\/roubloff-france.fr\\\/Roubloff\\\/?s={search_term_string}\"},\"query-input\":{\"@type\":\"PropertyValueSpecification\",\"valueRequired\":true,\"valueName\":\"search_term_string\"}}],\"inLanguage\":\"fr-FR\"},{\"@type\":\"Organization\",\"@id\":\"https:\\\/\\\/roubloff-france.fr\\\/Roubloff\\\/#organization\",\"name\":\"Roubloff France - pinceaux d'art\",\"url\":\"https:\\\/\\\/roubloff-france.fr\\\/Roubloff\\\/\",\"logo\":{\"@type\":\"ImageObject\",\"inLanguage\":\"fr-FR\",\"@id\":\"https:\\\/\\\/roubloff-france.fr\\\/Roubloff\\\/#\\\/schema\\\/logo\\\/image\\\/\",\"url\":\"https:\\\/\\\/roubloff-france.fr\\\/Roubloff\\\/wp-content\\\/uploads\\\/2022\\\/01\\\/cropped-Logo-Roubloff-Rouge-avec-filet-blanc-250-p.png\",\"contentUrl\":\"https:\\\/\\\/roubloff-france.fr\\\/Roubloff\\\/wp-content\\\/uploads\\\/2022\\\/01\\\/cropped-Logo-Roubloff-Rouge-avec-filet-blanc-250-p.png\",\"width\":261,\"height\":57,\"caption\":\"Roubloff France - pinceaux d'art\"},\"image\":{\"@id\":\"https:\\\/\\\/roubloff-france.fr\\\/Roubloff\\\/#\\\/schema\\\/logo\\\/image\\\/\"},\"sameAs\":[\"https:\\\/\\\/www.instagram.com\\\/roubloff_france\\\/\"]}]}<\/script>\n<!-- \/ Yoast SEO plugin. -->","yoast_head_json":{"title":"1S25-8 Synth\u00e9tique - imitation Kolinsky - Roubloff France - pinceaux d&#039;art","robots":{"index":"index","follow":"follow","max-snippet":"max-snippet:-1","max-image-preview":"max-image-preview:large","max-video-preview":"max-video-preview:-1"},"canonical":"https:\/\/roubloff-france.fr\/Roubloff\/produit\/1s25-8-synthetique-imitation-kolinsky\/","og_locale":"fr_FR","og_type":"article","og_title":"1S25-8 Synth\u00e9tique - imitation Kolinsky - Roubloff France - pinceaux d&#039;art","og_description":"Le pinceau plat en imitation synth\u00e9tique de Kolinsky offre la plupart des qualit\u00e9s d\u2019un poil Kolinsky \u00e0 un prix abordable. La virole en aluminium anodis\u00e9 fixe solidement les fibres synth\u00e9tiques de qualit\u00e9 avec un manche court noir mat. Il peut cr\u00e9er de larges coups pr\u00e9cis avec le c\u00f4t\u00e9 plat ou des lignes fines avec son bord cisel\u00e9 fin. Le type de t\u00eate de brosse est con\u00e7u pour la peinture d'architecture et la repr\u00e9sentation de v\u00e9hicules de transport.","og_url":"https:\/\/roubloff-france.fr\/Roubloff\/produit\/1s25-8-synthetique-imitation-kolinsky\/","og_site_name":"Roubloff France - pinceaux d&#039;art","article_publisher":"https:\/\/www.instagram.com\/roubloff_france\/","article_modified_time":"2025-09-14T17:01:18+00:00","og_image":[{"width":900,"height":1000,"url":"https:\/\/roubloff-france.fr\/Roubloff\/wp-content\/uploads\/2021\/12\/1S25-Roubloff-Synthetic.jpg","type":"image\/jpeg"}],"twitter_card":"summary_large_image","twitter_misc":{"Dur\u00e9e de lecture estim\u00e9e":"1 minute"},"schema":{"@context":"https:\/\/schema.org","@graph":[{"@type":"WebPage","@id":"https:\/\/roubloff-france.fr\/Roubloff\/produit\/1s25-8-synthetique-imitation-kolinsky\/","url":"https:\/\/roubloff-france.fr\/Roubloff\/produit\/1s25-8-synthetique-imitation-kolinsky\/","name":"1S25-8 Synth\u00e9tique - imitation Kolinsky - Roubloff France - pinceaux d&#039;art","isPartOf":{"@id":"https:\/\/roubloff-france.fr\/Roubloff\/#website"},"primaryImageOfPage":{"@id":"https:\/\/roubloff-france.fr\/Roubloff\/produit\/1s25-8-synthetique-imitation-kolinsky\/#primaryimage"},"image":{"@id":"https:\/\/roubloff-france.fr\/Roubloff\/produit\/1s25-8-synthetique-imitation-kolinsky\/#primaryimage"},"thumbnailUrl":"https:\/\/roubloff-france.fr\/Roubloff\/wp-content\/uploads\/2021\/12\/1S25-Roubloff-Synthetic.jpg","datePublished":"2023-11-30T19:02:05+00:00","dateModified":"2025-09-14T17:01:18+00:00","breadcrumb":{"@id":"https:\/\/roubloff-france.fr\/Roubloff\/produit\/1s25-8-synthetique-imitation-kolinsky\/#breadcrumb"},"inLanguage":"fr-FR","potentialAction":[{"@type":"ReadAction","target":["https:\/\/roubloff-france.fr\/Roubloff\/produit\/1s25-8-synthetique-imitation-kolinsky\/"]}]},{"@type":"ImageObject","inLanguage":"fr-FR","@id":"https:\/\/roubloff-france.fr\/Roubloff\/produit\/1s25-8-synthetique-imitation-kolinsky\/#primaryimage","url":"https:\/\/roubloff-france.fr\/Roubloff\/wp-content\/uploads\/2021\/12\/1S25-Roubloff-Synthetic.jpg","contentUrl":"https:\/\/roubloff-france.fr\/Roubloff\/wp-content\/uploads\/2021\/12\/1S25-Roubloff-Synthetic.jpg","width":900,"height":1000},{"@type":"BreadcrumbList","@id":"https:\/\/roubloff-france.fr\/Roubloff\/produit\/1s25-8-synthetique-imitation-kolinsky\/#breadcrumb","itemListElement":[{"@type":"ListItem","position":1,"name":"Accueil","item":"https:\/\/roubloff-france.fr\/Roubloff\/"},{"@type":"ListItem","position":2,"name":"Les pinceaux Roubloff \u00a9 :","item":"https:\/\/roubloff-france.fr\/Roubloff\/"},{"@type":"ListItem","position":3,"name":"1S25-8 Synth\u00e9tique &#8211; imitation Kolinsky"}]},{"@type":"WebSite","@id":"https:\/\/roubloff-france.fr\/Roubloff\/#website","url":"https:\/\/roubloff-france.fr\/Roubloff\/","name":"Roubloff France - pinceaux d'art","description":"Les pinceaux d&#039;art pour les artistes, \u00e9coles d&#039;art, revendeurs","publisher":{"@id":"https:\/\/roubloff-france.fr\/Roubloff\/#organization"},"potentialAction":[{"@type":"SearchAction","target":{"@type":"EntryPoint","urlTemplate":"https:\/\/roubloff-france.fr\/Roubloff\/?s={search_term_string}"},"query-input":{"@type":"PropertyValueSpecification","valueRequired":true,"valueName":"search_term_string"}}],"inLanguage":"fr-FR"},{"@type":"Organization","@id":"https:\/\/roubloff-france.fr\/Roubloff\/#organization","name":"Roubloff France - pinceaux d'art","url":"https:\/\/roubloff-france.fr\/Roubloff\/","logo":{"@type":"ImageObject","inLanguage":"fr-FR","@id":"https:\/\/roubloff-france.fr\/Roubloff\/#\/schema\/logo\/image\/","url":"https:\/\/roubloff-france.fr\/Roubloff\/wp-content\/uploads\/2022\/01\/cropped-Logo-Roubloff-Rouge-avec-filet-blanc-250-p.png","contentUrl":"https:\/\/roubloff-france.fr\/Roubloff\/wp-content\/uploads\/2022\/01\/cropped-Logo-Roubloff-Rouge-avec-filet-blanc-250-p.png","width":261,"height":57,"caption":"Roubloff France - pinceaux d'art"},"image":{"@id":"https:\/\/roubloff-france.fr\/Roubloff\/#\/schema\/logo\/image\/"},"sameAs":["https:\/\/www.instagram.com\/roubloff_france\/"]}]}},"_links":{"self":[{"href":"https:\/\/roubloff-france.fr\/Roubloff\/wp-json\/wp\/v2\/product\/564","targetHints":{"allow":["GET"]}}],"collection":[{"href":"https:\/\/roubloff-france.fr\/Roubloff\/wp-json\/wp\/v2\/product"}],"about":[{"href":"https:\/\/roubloff-france.fr\/Roubloff\/wp-json\/wp\/v2\/types\/product"}],"wp:featuredmedia":[{"embeddable":true,"href":"https:\/\/roubloff-france.fr\/Roubloff\/wp-json\/wp\/v2\/media\/341"}],"wp:attachment":[{"href":"https:\/\/roubloff-france.fr\/Roubloff\/wp-json\/wp\/v2\/media?parent=564"}],"wp:term":[{"taxonomy":"product_brand","embeddable":true,"href":"https:\/\/roubloff-france.fr\/Roubloff\/wp-json\/wp\/v2\/product_brand?post=564"},{"taxonomy":"product_cat","embeddable":true,"href":"https:\/\/roubloff-france.fr\/Roubloff\/wp-json\/wp\/v2\/product_cat?post=564"},{"taxonomy":"product_tag","embeddable":true,"href":"https:\/\/roubloff-france.fr\/Roubloff\/wp-json\/wp\/v2\/product_tag?post=564"}],"curies":[{"name":"wp","href":"https:\/\/api.w.org\/{rel}","templated":true}]}}