{"id":533,"date":"2023-05-14T09:48:08","date_gmt":"2023-05-14T07:48:08","guid":{"rendered":"https:\/\/roubloff-france.fr\/Roubloff\/?post_type=product&#038;p=533"},"modified":"2025-02-02T22:56:34","modified_gmt":"2025-02-02T21:56:34","slug":"1t34-14-mangouste-synthetique-serie","status":"publish","type":"product","link":"https:\/\/roubloff-france.fr\/Roubloff\/produit\/1t34-14-mangouste-synthetique-serie\/","title":{"rendered":"1T34-14 Mangouste synth\u00e9tique"},"content":{"rendered":"<p><strong>Pinceau en mangouste synth\u00e9tique de forme ovale en taille n\u00b014, dot\u00e9 d\u2019un manche court de couleur panach\u00e9e et d\u2019une virole argent\u00e9e <\/strong><\/p>\n<p>Le pinceau ovale de courte longueur en imitation de mangouste synth\u00e9tique est plus durable que les poils d&rsquo;\u00e9cureuil et, en m\u00eame temps, plus flexible. Cette qualit\u00e9 vous permet de peindre \u00e0 l&rsquo;aquarelle, \u00e0 l&rsquo;encre, \u00e0 la gouache et \u00e0 l&rsquo;acrylique.<\/p>\n<p>La virole en laiton chrom\u00e9 fixe les fibres en toute s\u00e9curit\u00e9 avec une courte poign\u00e9e brillante.<\/p>\n<p>La forme ovale permet de contr\u00f4ler les traits appliqu\u00e9s le long du contour et de passer des lignes de r\u00e9flexion \u00e0 minces en changeant la pression et l&rsquo;angle de la main.<\/p>\n<p>Le pinceau est excellent pour remplir les zones, les objets arrondis de nature morte, le contour du visage lisse<\/p>\n<ul>\n<li>Application : acrylique, aquarelle, gouache, huile<\/li>\n<li>Poils : synth\u00e9tique<\/li>\n<li>Type de poils : imitation mangouste<\/li>\n<li>Rigidit\u00e9 : 1<\/li>\n<li>Virole : argent (laiton chrom\u00e9)<\/li>\n<li>Forme de t\u00eate de brosse : ovale<\/li>\n<li>Longueur du manche : court<\/li>\n<li>Tailles\u00a0: 4 6 10 12 14<\/li>\n<li>Avantages\u00a0:\n<ul>\n<li>Haute qualit\u00e9 des cheveux<\/li>\n<li>Produit original<\/li>\n<li>Poils trait\u00e9s \u00e0 la main<\/li>\n<\/ul>\n<\/li>\n<\/ul>\n<p>En savoir plus : <a href=\"https:\/\/roubloff.ru\/en\/catalog\/artbrushes\/1t34\/\" target=\"_blank\" rel=\"noopener noreferrer\">https:\/\/roubloff.ru\/en\/catalog\/artbrushes\/1t34\/<\/a><\/p>\n<p>&nbsp;<\/p>\n<hr \/>\n<p><strong>Brush Roubloff synthetic mongoose imitation with oval 14,<\/strong><br \/>\n<strong>short variegated handle and silver ferrule<\/strong><\/p>\n<p>1T34, Art brushes<\/p>\n<p>Oval brush with short length-out from synthetic mongoose imitation is more durable than squirrel hair and, at the same time, more flexible than bristle. This quality allows you to paint with watercolor, ink, gouache, and acrylic.<br \/>\nChrome plated brass ferrule securely fixes fibres with short glossy handle.<br \/>\nOval shape allows to control stokes applying along the contour and move from think lines to thin by changing pressure and hand angle.<br \/>\nThe brush is excellent for filling in areas, rounded objects of still life, smooth face contour<\/p>\n<pre>Application: Acrylic, Watercolor, Gouache, Oil\r\nHair: Synthetic\r\nHair type: Mongoose imitation\r\nStiffness: 1\r\nFerrule: Silver (chrome plated brass)\r\nBrush head shape: Oval\r\nHandle length: Short\r\nSizes\u00a0: 4 6 10 12 14\r\n\r\nAdvantages:\r\n- High hair quality\r\n- Original product\r\n- Hair treated by hand<\/pre>\n","protected":false},"excerpt":{"rendered":"<p><strong>Pinceau en mangouste synth\u00e9tique de forme ovale en taille n\u00b08, dot\u00e9 d\u2019un manche court de couleur panach\u00e9e et d\u2019une virole argent\u00e9e<\/strong><\/p>\n","protected":false},"featured_media":132,"template":"","meta":[],"product_brand":[],"product_cat":[50],"product_tag":[51,54,53,47],"class_list":{"0":"post-533","1":"product","2":"type-product","3":"status-publish","4":"has-post-thumbnail","6":"product_cat-serie-1t34","7":"product_tag-1t34","8":"product_tag-1t34-8","9":"product_tag-art-brushes","10":"product_tag-mangouste-synthetique","12":"first","13":"outofstock","14":"taxable","15":"shipping-taxable","16":"purchasable","17":"product-type-simple"},"yoast_head":"<!-- This site is optimized with the Yoast SEO plugin v27.3 - https:\/\/yoast.com\/product\/yoast-seo-wordpress\/ -->\n<title>1T34-14 Mangouste synth\u00e9tique - Roubloff France - pinceaux d&#039;art<\/title>\n<meta name=\"description\" content=\"Pinceau en mangouste synth\u00e9tique de forme ovale en taille n\u00b08, dot\u00e9 d\u2019un manche court de couleur panach\u00e9e et d\u2019une virole argent\u00e9e\" \/>\n<meta name=\"robots\" content=\"index, follow, max-snippet:-1, max-image-preview:large, max-video-preview:-1\" \/>\n<link rel=\"canonical\" href=\"https:\/\/roubloff-france.fr\/Roubloff\/produit\/1t34-14-mangouste-synthetique-serie\/\" \/>\n<meta property=\"og:locale\" content=\"fr_FR\" \/>\n<meta property=\"og:type\" content=\"article\" \/>\n<meta property=\"og:title\" content=\"1T34-14 Mangouste synth\u00e9tique - Roubloff France - pinceaux d&#039;art\" \/>\n<meta property=\"og:description\" content=\"Pinceau en mangouste synth\u00e9tique de forme ovale en taille n\u00b08, dot\u00e9 d\u2019un manche court de couleur panach\u00e9e et d\u2019une virole argent\u00e9e\" \/>\n<meta property=\"og:url\" content=\"https:\/\/roubloff-france.fr\/Roubloff\/produit\/1t34-14-mangouste-synthetique-serie\/\" \/>\n<meta property=\"og:site_name\" content=\"Roubloff France - pinceaux d&#039;art\" \/>\n<meta property=\"article:publisher\" content=\"https:\/\/www.instagram.com\/roubloff_france\/\" \/>\n<meta property=\"article:modified_time\" content=\"2025-02-02T21:56:34+00:00\" \/>\n<meta property=\"og:image\" content=\"https:\/\/roubloff-france.fr\/Roubloff\/wp-content\/uploads\/2021\/03\/1T34-1.jpg\" \/>\n\t<meta property=\"og:image:width\" content=\"900\" \/>\n\t<meta property=\"og:image:height\" content=\"1000\" \/>\n\t<meta property=\"og:image:type\" content=\"image\/jpeg\" \/>\n<meta name=\"twitter:card\" content=\"summary_large_image\" \/>\n<meta name=\"twitter:label1\" content=\"Dur\u00e9e de lecture estim\u00e9e\" \/>\n\t<meta name=\"twitter:data1\" content=\"2 minutes\" \/>\n<script type=\"application\/ld+json\" class=\"yoast-schema-graph\">{\"@context\":\"https:\\\/\\\/schema.org\",\"@graph\":[{\"@type\":\"WebPage\",\"@id\":\"https:\\\/\\\/roubloff-france.fr\\\/Roubloff\\\/produit\\\/1t34-14-mangouste-synthetique-serie\\\/\",\"url\":\"https:\\\/\\\/roubloff-france.fr\\\/Roubloff\\\/produit\\\/1t34-14-mangouste-synthetique-serie\\\/\",\"name\":\"1T34-14 Mangouste synth\u00e9tique - Roubloff France - pinceaux d&#039;art\",\"isPartOf\":{\"@id\":\"https:\\\/\\\/roubloff-france.fr\\\/Roubloff\\\/#website\"},\"primaryImageOfPage\":{\"@id\":\"https:\\\/\\\/roubloff-france.fr\\\/Roubloff\\\/produit\\\/1t34-14-mangouste-synthetique-serie\\\/#primaryimage\"},\"image\":{\"@id\":\"https:\\\/\\\/roubloff-france.fr\\\/Roubloff\\\/produit\\\/1t34-14-mangouste-synthetique-serie\\\/#primaryimage\"},\"thumbnailUrl\":\"https:\\\/\\\/roubloff-france.fr\\\/Roubloff\\\/wp-content\\\/uploads\\\/2021\\\/03\\\/1T34-1.jpg\",\"datePublished\":\"2023-05-14T07:48:08+00:00\",\"dateModified\":\"2025-02-02T21:56:34+00:00\",\"description\":\"Pinceau en mangouste synth\u00e9tique de forme ovale en taille n\u00b08, dot\u00e9 d\u2019un manche court de couleur panach\u00e9e et d\u2019une virole argent\u00e9e\",\"breadcrumb\":{\"@id\":\"https:\\\/\\\/roubloff-france.fr\\\/Roubloff\\\/produit\\\/1t34-14-mangouste-synthetique-serie\\\/#breadcrumb\"},\"inLanguage\":\"fr-FR\",\"potentialAction\":[{\"@type\":\"ReadAction\",\"target\":[\"https:\\\/\\\/roubloff-france.fr\\\/Roubloff\\\/produit\\\/1t34-14-mangouste-synthetique-serie\\\/\"]}]},{\"@type\":\"ImageObject\",\"inLanguage\":\"fr-FR\",\"@id\":\"https:\\\/\\\/roubloff-france.fr\\\/Roubloff\\\/produit\\\/1t34-14-mangouste-synthetique-serie\\\/#primaryimage\",\"url\":\"https:\\\/\\\/roubloff-france.fr\\\/Roubloff\\\/wp-content\\\/uploads\\\/2021\\\/03\\\/1T34-1.jpg\",\"contentUrl\":\"https:\\\/\\\/roubloff-france.fr\\\/Roubloff\\\/wp-content\\\/uploads\\\/2021\\\/03\\\/1T34-1.jpg\",\"width\":900,\"height\":1000},{\"@type\":\"BreadcrumbList\",\"@id\":\"https:\\\/\\\/roubloff-france.fr\\\/Roubloff\\\/produit\\\/1t34-14-mangouste-synthetique-serie\\\/#breadcrumb\",\"itemListElement\":[{\"@type\":\"ListItem\",\"position\":1,\"name\":\"Accueil\",\"item\":\"https:\\\/\\\/roubloff-france.fr\\\/Roubloff\\\/\"},{\"@type\":\"ListItem\",\"position\":2,\"name\":\"Les pinceaux Roubloff \u00a9 :\",\"item\":\"https:\\\/\\\/roubloff-france.fr\\\/Roubloff\\\/\"},{\"@type\":\"ListItem\",\"position\":3,\"name\":\"1T34-14 Mangouste synth\u00e9tique\"}]},{\"@type\":\"WebSite\",\"@id\":\"https:\\\/\\\/roubloff-france.fr\\\/Roubloff\\\/#website\",\"url\":\"https:\\\/\\\/roubloff-france.fr\\\/Roubloff\\\/\",\"name\":\"Roubloff France - pinceaux d'art\",\"description\":\"Les pinceaux d&#039;art pour les artistes, \u00e9coles d&#039;art, revendeurs\",\"publisher\":{\"@id\":\"https:\\\/\\\/roubloff-france.fr\\\/Roubloff\\\/#organization\"},\"potentialAction\":[{\"@type\":\"SearchAction\",\"target\":{\"@type\":\"EntryPoint\",\"urlTemplate\":\"https:\\\/\\\/roubloff-france.fr\\\/Roubloff\\\/?s={search_term_string}\"},\"query-input\":{\"@type\":\"PropertyValueSpecification\",\"valueRequired\":true,\"valueName\":\"search_term_string\"}}],\"inLanguage\":\"fr-FR\"},{\"@type\":\"Organization\",\"@id\":\"https:\\\/\\\/roubloff-france.fr\\\/Roubloff\\\/#organization\",\"name\":\"Roubloff France - pinceaux d'art\",\"url\":\"https:\\\/\\\/roubloff-france.fr\\\/Roubloff\\\/\",\"logo\":{\"@type\":\"ImageObject\",\"inLanguage\":\"fr-FR\",\"@id\":\"https:\\\/\\\/roubloff-france.fr\\\/Roubloff\\\/#\\\/schema\\\/logo\\\/image\\\/\",\"url\":\"https:\\\/\\\/roubloff-france.fr\\\/Roubloff\\\/wp-content\\\/uploads\\\/2022\\\/01\\\/cropped-Logo-Roubloff-Rouge-avec-filet-blanc-250-p.png\",\"contentUrl\":\"https:\\\/\\\/roubloff-france.fr\\\/Roubloff\\\/wp-content\\\/uploads\\\/2022\\\/01\\\/cropped-Logo-Roubloff-Rouge-avec-filet-blanc-250-p.png\",\"width\":261,\"height\":57,\"caption\":\"Roubloff France - pinceaux d'art\"},\"image\":{\"@id\":\"https:\\\/\\\/roubloff-france.fr\\\/Roubloff\\\/#\\\/schema\\\/logo\\\/image\\\/\"},\"sameAs\":[\"https:\\\/\\\/www.instagram.com\\\/roubloff_france\\\/\"]}]}<\/script>\n<!-- \/ Yoast SEO plugin. -->","yoast_head_json":{"title":"1T34-14 Mangouste synth\u00e9tique - Roubloff France - pinceaux d&#039;art","description":"Pinceau en mangouste synth\u00e9tique de forme ovale en taille n\u00b08, dot\u00e9 d\u2019un manche court de couleur panach\u00e9e et d\u2019une virole argent\u00e9e","robots":{"index":"index","follow":"follow","max-snippet":"max-snippet:-1","max-image-preview":"max-image-preview:large","max-video-preview":"max-video-preview:-1"},"canonical":"https:\/\/roubloff-france.fr\/Roubloff\/produit\/1t34-14-mangouste-synthetique-serie\/","og_locale":"fr_FR","og_type":"article","og_title":"1T34-14 Mangouste synth\u00e9tique - Roubloff France - pinceaux d&#039;art","og_description":"Pinceau en mangouste synth\u00e9tique de forme ovale en taille n\u00b08, dot\u00e9 d\u2019un manche court de couleur panach\u00e9e et d\u2019une virole argent\u00e9e","og_url":"https:\/\/roubloff-france.fr\/Roubloff\/produit\/1t34-14-mangouste-synthetique-serie\/","og_site_name":"Roubloff France - pinceaux d&#039;art","article_publisher":"https:\/\/www.instagram.com\/roubloff_france\/","article_modified_time":"2025-02-02T21:56:34+00:00","og_image":[{"width":900,"height":1000,"url":"https:\/\/roubloff-france.fr\/Roubloff\/wp-content\/uploads\/2021\/03\/1T34-1.jpg","type":"image\/jpeg"}],"twitter_card":"summary_large_image","twitter_misc":{"Dur\u00e9e de lecture estim\u00e9e":"2 minutes"},"schema":{"@context":"https:\/\/schema.org","@graph":[{"@type":"WebPage","@id":"https:\/\/roubloff-france.fr\/Roubloff\/produit\/1t34-14-mangouste-synthetique-serie\/","url":"https:\/\/roubloff-france.fr\/Roubloff\/produit\/1t34-14-mangouste-synthetique-serie\/","name":"1T34-14 Mangouste synth\u00e9tique - Roubloff France - pinceaux d&#039;art","isPartOf":{"@id":"https:\/\/roubloff-france.fr\/Roubloff\/#website"},"primaryImageOfPage":{"@id":"https:\/\/roubloff-france.fr\/Roubloff\/produit\/1t34-14-mangouste-synthetique-serie\/#primaryimage"},"image":{"@id":"https:\/\/roubloff-france.fr\/Roubloff\/produit\/1t34-14-mangouste-synthetique-serie\/#primaryimage"},"thumbnailUrl":"https:\/\/roubloff-france.fr\/Roubloff\/wp-content\/uploads\/2021\/03\/1T34-1.jpg","datePublished":"2023-05-14T07:48:08+00:00","dateModified":"2025-02-02T21:56:34+00:00","description":"Pinceau en mangouste synth\u00e9tique de forme ovale en taille n\u00b08, dot\u00e9 d\u2019un manche court de couleur panach\u00e9e et d\u2019une virole argent\u00e9e","breadcrumb":{"@id":"https:\/\/roubloff-france.fr\/Roubloff\/produit\/1t34-14-mangouste-synthetique-serie\/#breadcrumb"},"inLanguage":"fr-FR","potentialAction":[{"@type":"ReadAction","target":["https:\/\/roubloff-france.fr\/Roubloff\/produit\/1t34-14-mangouste-synthetique-serie\/"]}]},{"@type":"ImageObject","inLanguage":"fr-FR","@id":"https:\/\/roubloff-france.fr\/Roubloff\/produit\/1t34-14-mangouste-synthetique-serie\/#primaryimage","url":"https:\/\/roubloff-france.fr\/Roubloff\/wp-content\/uploads\/2021\/03\/1T34-1.jpg","contentUrl":"https:\/\/roubloff-france.fr\/Roubloff\/wp-content\/uploads\/2021\/03\/1T34-1.jpg","width":900,"height":1000},{"@type":"BreadcrumbList","@id":"https:\/\/roubloff-france.fr\/Roubloff\/produit\/1t34-14-mangouste-synthetique-serie\/#breadcrumb","itemListElement":[{"@type":"ListItem","position":1,"name":"Accueil","item":"https:\/\/roubloff-france.fr\/Roubloff\/"},{"@type":"ListItem","position":2,"name":"Les pinceaux Roubloff \u00a9 :","item":"https:\/\/roubloff-france.fr\/Roubloff\/"},{"@type":"ListItem","position":3,"name":"1T34-14 Mangouste synth\u00e9tique"}]},{"@type":"WebSite","@id":"https:\/\/roubloff-france.fr\/Roubloff\/#website","url":"https:\/\/roubloff-france.fr\/Roubloff\/","name":"Roubloff France - pinceaux d'art","description":"Les pinceaux d&#039;art pour les artistes, \u00e9coles d&#039;art, revendeurs","publisher":{"@id":"https:\/\/roubloff-france.fr\/Roubloff\/#organization"},"potentialAction":[{"@type":"SearchAction","target":{"@type":"EntryPoint","urlTemplate":"https:\/\/roubloff-france.fr\/Roubloff\/?s={search_term_string}"},"query-input":{"@type":"PropertyValueSpecification","valueRequired":true,"valueName":"search_term_string"}}],"inLanguage":"fr-FR"},{"@type":"Organization","@id":"https:\/\/roubloff-france.fr\/Roubloff\/#organization","name":"Roubloff France - pinceaux d'art","url":"https:\/\/roubloff-france.fr\/Roubloff\/","logo":{"@type":"ImageObject","inLanguage":"fr-FR","@id":"https:\/\/roubloff-france.fr\/Roubloff\/#\/schema\/logo\/image\/","url":"https:\/\/roubloff-france.fr\/Roubloff\/wp-content\/uploads\/2022\/01\/cropped-Logo-Roubloff-Rouge-avec-filet-blanc-250-p.png","contentUrl":"https:\/\/roubloff-france.fr\/Roubloff\/wp-content\/uploads\/2022\/01\/cropped-Logo-Roubloff-Rouge-avec-filet-blanc-250-p.png","width":261,"height":57,"caption":"Roubloff France - pinceaux d'art"},"image":{"@id":"https:\/\/roubloff-france.fr\/Roubloff\/#\/schema\/logo\/image\/"},"sameAs":["https:\/\/www.instagram.com\/roubloff_france\/"]}]}},"_links":{"self":[{"href":"https:\/\/roubloff-france.fr\/Roubloff\/wp-json\/wp\/v2\/product\/533","targetHints":{"allow":["GET"]}}],"collection":[{"href":"https:\/\/roubloff-france.fr\/Roubloff\/wp-json\/wp\/v2\/product"}],"about":[{"href":"https:\/\/roubloff-france.fr\/Roubloff\/wp-json\/wp\/v2\/types\/product"}],"wp:featuredmedia":[{"embeddable":true,"href":"https:\/\/roubloff-france.fr\/Roubloff\/wp-json\/wp\/v2\/media\/132"}],"wp:attachment":[{"href":"https:\/\/roubloff-france.fr\/Roubloff\/wp-json\/wp\/v2\/media?parent=533"}],"wp:term":[{"taxonomy":"product_brand","embeddable":true,"href":"https:\/\/roubloff-france.fr\/Roubloff\/wp-json\/wp\/v2\/product_brand?post=533"},{"taxonomy":"product_cat","embeddable":true,"href":"https:\/\/roubloff-france.fr\/Roubloff\/wp-json\/wp\/v2\/product_cat?post=533"},{"taxonomy":"product_tag","embeddable":true,"href":"https:\/\/roubloff-france.fr\/Roubloff\/wp-json\/wp\/v2\/product_tag?post=533"}],"curies":[{"name":"wp","href":"https:\/\/api.w.org\/{rel}","templated":true}]}}