{"id":529,"date":"2023-05-10T16:52:49","date_gmt":"2023-05-10T14:52:49","guid":{"rendered":"https:\/\/roubloff-france.fr\/Roubloff\/?post_type=product&#038;p=529"},"modified":"2023-05-10T16:55:09","modified_gmt":"2023-05-10T14:55:09","slug":"1t24-8-mangouste-synthetique","status":"publish","type":"product","link":"https:\/\/roubloff-france.fr\/Roubloff\/produit\/1t24-8-mangouste-synthetique\/","title":{"rendered":"1T24-8 Mangouste Synth\u00e9tique"},"content":{"rendered":"<h3>Le pinceau Roubloff \u00ab\u00a01T24\u00a0\u00bb est en poils synth\u00e9tiques imitation mangouste avec un brosse de forme plate en plusieurs tailles, dot\u00e9 d\u2019un manche court et brillant et d\u2019une virole en laiton chrom\u00e9.<\/h3>\n<p>La brosse plate de courte longueur en poils synth\u00e9tiques &#8211; imitation mangouste &#8211; est plus durable que les poils d&rsquo;\u00e9cureuil tout en \u00e9tant tr\u00e8s flexible.<\/p>\n<p>Cette qualit\u00e9 vous permet de peindre \u00e0 l&rsquo;aquarelle, \u00e0 l&rsquo;encre, \u00e0 la gouache et \u00e0 l&rsquo;acrylique.<\/p>\n<p>La virole en laiton chrom\u00e9 fixe solidement les fibres avec une poign\u00e9e courte et brillante pr\u00e9servant la forme sans perte de poils.<\/p>\n<p>Ce pinceau de forme plate est con\u00e7u pour peindre des d\u00e9corations int\u00e9rieures, des textures structurelles, des constructions architecturales, des croquis anatomiques<\/p>\n<p>&nbsp;<\/p>\n<ul>\n<li>Type : pinceaux d&rsquo;art<\/li>\n<li>Application : acrylique, aquarelle, gouache, huile<\/li>\n<li>Poils : synth\u00e9tique<\/li>\n<li>Type de poils : imitation de mangouste<\/li>\n<li>Rigidit\u00e9 : 1<\/li>\n<li>Virole : argent (laiton chrom\u00e9)<\/li>\n<li>Forme de la t\u00eate de brosse : plate<\/li>\n<li>Longueur du manche : plate<\/li>\n<li>Tailles\u00a0: 2, 4, 6, 7, 8, 10, 12, 14, 16, 18, 20<\/li>\n<li>Avantages : poils de haute qualit\u00e9, produit original, poils trait\u00e9s \u00e0 la main<\/li>\n<\/ul>\n<hr \/>\n<h3>Roubloff Synthetic 1T24<\/h3>\n<p>Flat brush with short length-out from synthetic mongoose imitation is more durable than squirrel hair and, at the same time, more flexible than bristle.<\/p>\n<p>This quality allows you to paint with watercolor, ink, gouache, and acrylic. Chrome plated brass ferrule securely fixes fibers with short glossy handle preserving the shape without hair loss. This flat shaped brush is designed for painting interior decorations, structural textures, architectural constructions, and anatomical sketches<\/p>\n<p>&nbsp;<\/p>\n<ul>\n<li>Type: Art brushes<\/li>\n<li>Application: Acrylic, Watercolor, Gouache and Oil<\/li>\n<li>Hair: Synthetic<\/li>\n<li>Hair type: Mongoose imitation<\/li>\n<li>Stiffness: 1<\/li>\n<li>Ferrule: Silver (chrome plated brass)<\/li>\n<li>Brush head shape: Flat<\/li>\n<li>Handle length: Short<\/li>\n<li>Sizes: 2, 4, 6 ,7, 8, 10, 12, 14, 16, 18, 20<\/li>\n<li>Advantages: High hair quality, Original product, Hair treated by hand<\/li>\n<\/ul>\n","protected":false},"excerpt":{"rendered":"<h3>Le pinceau Roubloff \u00ab\u00a01T24\u00a0\u00bb est en poils synth\u00e9tiques imitation mangouste avec un brosse de forme plate en plusieurs tailles, dot\u00e9 d\u2019un manche court et brillant et d\u2019une virole en laiton chrom\u00e9.<\/h3>\n","protected":false},"featured_media":164,"template":"","meta":[],"product_brand":[],"product_cat":[111,16],"product_tag":[112,220,114,104,115,116,117,43,118,105,106],"class_list":{"0":"post-529","1":"product","2":"type-product","3":"status-publish","4":"has-post-thumbnail","6":"product_cat-1t24","7":"product_cat-les-pinceaux-dart-roubloff","8":"product_tag-1t24","9":"product_tag-1t24-8","10":"product_tag-acrylique","11":"product_tag-aquarelle","12":"product_tag-gouache","13":"product_tag-huile","14":"product_tag-imitation-de-mangouste","15":"product_tag-pinceaux-dart","16":"product_tag-plate","17":"product_tag-synthetic","18":"product_tag-synthetique","20":"first","21":"instock","22":"taxable","23":"shipping-taxable","24":"purchasable","25":"product-type-simple"},"yoast_head":"<!-- This site is optimized with the Yoast SEO plugin v27.3 - https:\/\/yoast.com\/product\/yoast-seo-wordpress\/ -->\n<title>1T24-8 Mangouste Synth\u00e9tique - Roubloff France - pinceaux d&#039;art<\/title>\n<meta name=\"description\" content=\"Le pinceau Roubloff \u00ab 1T24 \u00bb est en poils synth\u00e9tiques imitation mangouste avec un brosse de forme plate en plusieurs tailles, dot\u00e9 d\u2019un manche court et brillant et d\u2019une virole en laiton chrom\u00e9.\" \/>\n<meta name=\"robots\" content=\"index, follow, max-snippet:-1, max-image-preview:large, max-video-preview:-1\" \/>\n<link rel=\"canonical\" href=\"https:\/\/roubloff-france.fr\/Roubloff\/produit\/1t24-8-mangouste-synthetique\/\" \/>\n<meta property=\"og:locale\" content=\"fr_FR\" \/>\n<meta property=\"og:type\" content=\"article\" \/>\n<meta property=\"og:title\" content=\"1T24-8 Mangouste Synth\u00e9tique - Roubloff France - pinceaux d&#039;art\" \/>\n<meta property=\"og:description\" content=\"Le pinceau Roubloff \u00ab 1T24 \u00bb est en poils synth\u00e9tiques imitation mangouste avec un brosse de forme plate en plusieurs tailles, dot\u00e9 d\u2019un manche court et brillant et d\u2019une virole en laiton chrom\u00e9.\" \/>\n<meta property=\"og:url\" content=\"https:\/\/roubloff-france.fr\/Roubloff\/produit\/1t24-8-mangouste-synthetique\/\" \/>\n<meta property=\"og:site_name\" content=\"Roubloff France - pinceaux d&#039;art\" \/>\n<meta property=\"article:publisher\" content=\"https:\/\/www.instagram.com\/roubloff_france\/\" \/>\n<meta property=\"article:modified_time\" content=\"2023-05-10T14:55:09+00:00\" \/>\n<meta property=\"og:image\" content=\"https:\/\/roubloff-france.fr\/Roubloff\/wp-content\/uploads\/2021\/03\/1T24-1.jpg\" \/>\n\t<meta property=\"og:image:width\" content=\"900\" \/>\n\t<meta property=\"og:image:height\" content=\"1000\" \/>\n\t<meta property=\"og:image:type\" content=\"image\/jpeg\" \/>\n<meta name=\"twitter:card\" content=\"summary_large_image\" \/>\n<meta name=\"twitter:label1\" content=\"Dur\u00e9e de lecture estim\u00e9e\" \/>\n\t<meta name=\"twitter:data1\" content=\"1 minute\" \/>\n<script type=\"application\/ld+json\" class=\"yoast-schema-graph\">{\"@context\":\"https:\\\/\\\/schema.org\",\"@graph\":[{\"@type\":\"WebPage\",\"@id\":\"https:\\\/\\\/roubloff-france.fr\\\/Roubloff\\\/produit\\\/1t24-8-mangouste-synthetique\\\/\",\"url\":\"https:\\\/\\\/roubloff-france.fr\\\/Roubloff\\\/produit\\\/1t24-8-mangouste-synthetique\\\/\",\"name\":\"1T24-8 Mangouste Synth\u00e9tique - Roubloff France - pinceaux d&#039;art\",\"isPartOf\":{\"@id\":\"https:\\\/\\\/roubloff-france.fr\\\/Roubloff\\\/#website\"},\"primaryImageOfPage\":{\"@id\":\"https:\\\/\\\/roubloff-france.fr\\\/Roubloff\\\/produit\\\/1t24-8-mangouste-synthetique\\\/#primaryimage\"},\"image\":{\"@id\":\"https:\\\/\\\/roubloff-france.fr\\\/Roubloff\\\/produit\\\/1t24-8-mangouste-synthetique\\\/#primaryimage\"},\"thumbnailUrl\":\"https:\\\/\\\/roubloff-france.fr\\\/Roubloff\\\/wp-content\\\/uploads\\\/2021\\\/03\\\/1T24-1.jpg\",\"datePublished\":\"2023-05-10T14:52:49+00:00\",\"dateModified\":\"2023-05-10T14:55:09+00:00\",\"description\":\"Le pinceau Roubloff \u00ab 1T24 \u00bb est en poils synth\u00e9tiques imitation mangouste avec un brosse de forme plate en plusieurs tailles, dot\u00e9 d\u2019un manche court et brillant et d\u2019une virole en laiton chrom\u00e9.\",\"breadcrumb\":{\"@id\":\"https:\\\/\\\/roubloff-france.fr\\\/Roubloff\\\/produit\\\/1t24-8-mangouste-synthetique\\\/#breadcrumb\"},\"inLanguage\":\"fr-FR\",\"potentialAction\":[{\"@type\":\"ReadAction\",\"target\":[\"https:\\\/\\\/roubloff-france.fr\\\/Roubloff\\\/produit\\\/1t24-8-mangouste-synthetique\\\/\"]}]},{\"@type\":\"ImageObject\",\"inLanguage\":\"fr-FR\",\"@id\":\"https:\\\/\\\/roubloff-france.fr\\\/Roubloff\\\/produit\\\/1t24-8-mangouste-synthetique\\\/#primaryimage\",\"url\":\"https:\\\/\\\/roubloff-france.fr\\\/Roubloff\\\/wp-content\\\/uploads\\\/2021\\\/03\\\/1T24-1.jpg\",\"contentUrl\":\"https:\\\/\\\/roubloff-france.fr\\\/Roubloff\\\/wp-content\\\/uploads\\\/2021\\\/03\\\/1T24-1.jpg\",\"width\":900,\"height\":1000},{\"@type\":\"BreadcrumbList\",\"@id\":\"https:\\\/\\\/roubloff-france.fr\\\/Roubloff\\\/produit\\\/1t24-8-mangouste-synthetique\\\/#breadcrumb\",\"itemListElement\":[{\"@type\":\"ListItem\",\"position\":1,\"name\":\"Accueil\",\"item\":\"https:\\\/\\\/roubloff-france.fr\\\/Roubloff\\\/\"},{\"@type\":\"ListItem\",\"position\":2,\"name\":\"Les pinceaux Roubloff \u00a9 :\",\"item\":\"https:\\\/\\\/roubloff-france.fr\\\/Roubloff\\\/\"},{\"@type\":\"ListItem\",\"position\":3,\"name\":\"1T24-8 Mangouste Synth\u00e9tique\"}]},{\"@type\":\"WebSite\",\"@id\":\"https:\\\/\\\/roubloff-france.fr\\\/Roubloff\\\/#website\",\"url\":\"https:\\\/\\\/roubloff-france.fr\\\/Roubloff\\\/\",\"name\":\"Roubloff France - pinceaux d'art\",\"description\":\"Les pinceaux d&#039;art pour les artistes, \u00e9coles d&#039;art, revendeurs\",\"publisher\":{\"@id\":\"https:\\\/\\\/roubloff-france.fr\\\/Roubloff\\\/#organization\"},\"potentialAction\":[{\"@type\":\"SearchAction\",\"target\":{\"@type\":\"EntryPoint\",\"urlTemplate\":\"https:\\\/\\\/roubloff-france.fr\\\/Roubloff\\\/?s={search_term_string}\"},\"query-input\":{\"@type\":\"PropertyValueSpecification\",\"valueRequired\":true,\"valueName\":\"search_term_string\"}}],\"inLanguage\":\"fr-FR\"},{\"@type\":\"Organization\",\"@id\":\"https:\\\/\\\/roubloff-france.fr\\\/Roubloff\\\/#organization\",\"name\":\"Roubloff France - pinceaux d'art\",\"url\":\"https:\\\/\\\/roubloff-france.fr\\\/Roubloff\\\/\",\"logo\":{\"@type\":\"ImageObject\",\"inLanguage\":\"fr-FR\",\"@id\":\"https:\\\/\\\/roubloff-france.fr\\\/Roubloff\\\/#\\\/schema\\\/logo\\\/image\\\/\",\"url\":\"https:\\\/\\\/roubloff-france.fr\\\/Roubloff\\\/wp-content\\\/uploads\\\/2022\\\/01\\\/cropped-Logo-Roubloff-Rouge-avec-filet-blanc-250-p.png\",\"contentUrl\":\"https:\\\/\\\/roubloff-france.fr\\\/Roubloff\\\/wp-content\\\/uploads\\\/2022\\\/01\\\/cropped-Logo-Roubloff-Rouge-avec-filet-blanc-250-p.png\",\"width\":261,\"height\":57,\"caption\":\"Roubloff France - pinceaux d'art\"},\"image\":{\"@id\":\"https:\\\/\\\/roubloff-france.fr\\\/Roubloff\\\/#\\\/schema\\\/logo\\\/image\\\/\"},\"sameAs\":[\"https:\\\/\\\/www.instagram.com\\\/roubloff_france\\\/\"]}]}<\/script>\n<!-- \/ Yoast SEO plugin. -->","yoast_head_json":{"title":"1T24-8 Mangouste Synth\u00e9tique - Roubloff France - pinceaux d&#039;art","description":"Le pinceau Roubloff \u00ab 1T24 \u00bb est en poils synth\u00e9tiques imitation mangouste avec un brosse de forme plate en plusieurs tailles, dot\u00e9 d\u2019un manche court et brillant et d\u2019une virole en laiton chrom\u00e9.","robots":{"index":"index","follow":"follow","max-snippet":"max-snippet:-1","max-image-preview":"max-image-preview:large","max-video-preview":"max-video-preview:-1"},"canonical":"https:\/\/roubloff-france.fr\/Roubloff\/produit\/1t24-8-mangouste-synthetique\/","og_locale":"fr_FR","og_type":"article","og_title":"1T24-8 Mangouste Synth\u00e9tique - Roubloff France - pinceaux d&#039;art","og_description":"Le pinceau Roubloff \u00ab 1T24 \u00bb est en poils synth\u00e9tiques imitation mangouste avec un brosse de forme plate en plusieurs tailles, dot\u00e9 d\u2019un manche court et brillant et d\u2019une virole en laiton chrom\u00e9.","og_url":"https:\/\/roubloff-france.fr\/Roubloff\/produit\/1t24-8-mangouste-synthetique\/","og_site_name":"Roubloff France - pinceaux d&#039;art","article_publisher":"https:\/\/www.instagram.com\/roubloff_france\/","article_modified_time":"2023-05-10T14:55:09+00:00","og_image":[{"width":900,"height":1000,"url":"https:\/\/roubloff-france.fr\/Roubloff\/wp-content\/uploads\/2021\/03\/1T24-1.jpg","type":"image\/jpeg"}],"twitter_card":"summary_large_image","twitter_misc":{"Dur\u00e9e de lecture estim\u00e9e":"1 minute"},"schema":{"@context":"https:\/\/schema.org","@graph":[{"@type":"WebPage","@id":"https:\/\/roubloff-france.fr\/Roubloff\/produit\/1t24-8-mangouste-synthetique\/","url":"https:\/\/roubloff-france.fr\/Roubloff\/produit\/1t24-8-mangouste-synthetique\/","name":"1T24-8 Mangouste Synth\u00e9tique - Roubloff France - pinceaux d&#039;art","isPartOf":{"@id":"https:\/\/roubloff-france.fr\/Roubloff\/#website"},"primaryImageOfPage":{"@id":"https:\/\/roubloff-france.fr\/Roubloff\/produit\/1t24-8-mangouste-synthetique\/#primaryimage"},"image":{"@id":"https:\/\/roubloff-france.fr\/Roubloff\/produit\/1t24-8-mangouste-synthetique\/#primaryimage"},"thumbnailUrl":"https:\/\/roubloff-france.fr\/Roubloff\/wp-content\/uploads\/2021\/03\/1T24-1.jpg","datePublished":"2023-05-10T14:52:49+00:00","dateModified":"2023-05-10T14:55:09+00:00","description":"Le pinceau Roubloff \u00ab 1T24 \u00bb est en poils synth\u00e9tiques imitation mangouste avec un brosse de forme plate en plusieurs tailles, dot\u00e9 d\u2019un manche court et brillant et d\u2019une virole en laiton chrom\u00e9.","breadcrumb":{"@id":"https:\/\/roubloff-france.fr\/Roubloff\/produit\/1t24-8-mangouste-synthetique\/#breadcrumb"},"inLanguage":"fr-FR","potentialAction":[{"@type":"ReadAction","target":["https:\/\/roubloff-france.fr\/Roubloff\/produit\/1t24-8-mangouste-synthetique\/"]}]},{"@type":"ImageObject","inLanguage":"fr-FR","@id":"https:\/\/roubloff-france.fr\/Roubloff\/produit\/1t24-8-mangouste-synthetique\/#primaryimage","url":"https:\/\/roubloff-france.fr\/Roubloff\/wp-content\/uploads\/2021\/03\/1T24-1.jpg","contentUrl":"https:\/\/roubloff-france.fr\/Roubloff\/wp-content\/uploads\/2021\/03\/1T24-1.jpg","width":900,"height":1000},{"@type":"BreadcrumbList","@id":"https:\/\/roubloff-france.fr\/Roubloff\/produit\/1t24-8-mangouste-synthetique\/#breadcrumb","itemListElement":[{"@type":"ListItem","position":1,"name":"Accueil","item":"https:\/\/roubloff-france.fr\/Roubloff\/"},{"@type":"ListItem","position":2,"name":"Les pinceaux Roubloff \u00a9 :","item":"https:\/\/roubloff-france.fr\/Roubloff\/"},{"@type":"ListItem","position":3,"name":"1T24-8 Mangouste Synth\u00e9tique"}]},{"@type":"WebSite","@id":"https:\/\/roubloff-france.fr\/Roubloff\/#website","url":"https:\/\/roubloff-france.fr\/Roubloff\/","name":"Roubloff France - pinceaux d'art","description":"Les pinceaux d&#039;art pour les artistes, \u00e9coles d&#039;art, revendeurs","publisher":{"@id":"https:\/\/roubloff-france.fr\/Roubloff\/#organization"},"potentialAction":[{"@type":"SearchAction","target":{"@type":"EntryPoint","urlTemplate":"https:\/\/roubloff-france.fr\/Roubloff\/?s={search_term_string}"},"query-input":{"@type":"PropertyValueSpecification","valueRequired":true,"valueName":"search_term_string"}}],"inLanguage":"fr-FR"},{"@type":"Organization","@id":"https:\/\/roubloff-france.fr\/Roubloff\/#organization","name":"Roubloff France - pinceaux d'art","url":"https:\/\/roubloff-france.fr\/Roubloff\/","logo":{"@type":"ImageObject","inLanguage":"fr-FR","@id":"https:\/\/roubloff-france.fr\/Roubloff\/#\/schema\/logo\/image\/","url":"https:\/\/roubloff-france.fr\/Roubloff\/wp-content\/uploads\/2022\/01\/cropped-Logo-Roubloff-Rouge-avec-filet-blanc-250-p.png","contentUrl":"https:\/\/roubloff-france.fr\/Roubloff\/wp-content\/uploads\/2022\/01\/cropped-Logo-Roubloff-Rouge-avec-filet-blanc-250-p.png","width":261,"height":57,"caption":"Roubloff France - pinceaux d'art"},"image":{"@id":"https:\/\/roubloff-france.fr\/Roubloff\/#\/schema\/logo\/image\/"},"sameAs":["https:\/\/www.instagram.com\/roubloff_france\/"]}]}},"_links":{"self":[{"href":"https:\/\/roubloff-france.fr\/Roubloff\/wp-json\/wp\/v2\/product\/529","targetHints":{"allow":["GET"]}}],"collection":[{"href":"https:\/\/roubloff-france.fr\/Roubloff\/wp-json\/wp\/v2\/product"}],"about":[{"href":"https:\/\/roubloff-france.fr\/Roubloff\/wp-json\/wp\/v2\/types\/product"}],"wp:featuredmedia":[{"embeddable":true,"href":"https:\/\/roubloff-france.fr\/Roubloff\/wp-json\/wp\/v2\/media\/164"}],"wp:attachment":[{"href":"https:\/\/roubloff-france.fr\/Roubloff\/wp-json\/wp\/v2\/media?parent=529"}],"wp:term":[{"taxonomy":"product_brand","embeddable":true,"href":"https:\/\/roubloff-france.fr\/Roubloff\/wp-json\/wp\/v2\/product_brand?post=529"},{"taxonomy":"product_cat","embeddable":true,"href":"https:\/\/roubloff-france.fr\/Roubloff\/wp-json\/wp\/v2\/product_cat?post=529"},{"taxonomy":"product_tag","embeddable":true,"href":"https:\/\/roubloff-france.fr\/Roubloff\/wp-json\/wp\/v2\/product_tag?post=529"}],"curies":[{"name":"wp","href":"https:\/\/api.w.org\/{rel}","templated":true}]}}