{"id":520,"date":"2023-04-29T23:16:31","date_gmt":"2023-04-29T21:16:31","guid":{"rendered":"https:\/\/roubloff-france.fr\/Roubloff\/?post_type=product&#038;p=520"},"modified":"2025-05-17T17:47:48","modified_gmt":"2025-05-17T15:47:48","slug":"1s35-10-synthetic-imitation-kolinsky-2","status":"publish","type":"product","link":"https:\/\/roubloff-france.fr\/Roubloff\/produit\/1s35-10-synthetic-imitation-kolinsky-2\/","title":{"rendered":"1S35-14 &#8211; Synth\u00e9tique imitation Kolinsky"},"content":{"rendered":"<p><strong>Le pinceau 1S35 synth\u00e9tique, avec une brosse de format ovale en poils synth\u00e9tique imitation Kolinsky, disponible dans les tailles 4, 6, 7, 8, 10, 12 et 14, a un manche court bien \u00e9quilibr\u00e9 et dispose d\u2019une virole en aluminium anodis\u00e9.<\/strong><\/p>\n<p style=\"padding-left: 40px;\">Le pinceau ovale est id\u00e9al pour cr\u00e9er du volume, r\u00e9aliser des d\u00e9grad\u00e9s doux, travailler sur de grandes surfaces et des formes arrondies.<\/p>\n<p style=\"padding-left: 40px;\">Le pinceau ovale en imitation synth\u00e9tique Kolinsky est id\u00e9al pour les techniques d&#8217;emp\u00e2tement et avec la peinture liquide.<\/p>\n<p style=\"padding-left: 40px;\">La virole en aluminium anodis\u00e9 fixe solidement les fibres synth\u00e9tiques de qualit\u00e9.<\/p>\n<p style=\"padding-left: 40px;\">La forme ovale permet de contr\u00f4ler les coups appliqu\u00e9s le long du contour et de passer des lignes de r\u00e9flexion \u00e0 fines en changeant la pression et l&rsquo;angle de la main.<\/p>\n<p style=\"padding-left: 40px;\">Le pinceau est excellent pour remplir les zones, les objets arrondis de la nature morte, le contour du visage lisse<\/p>\n<p style=\"padding-left: 40px;\"><strong>Pinceaux d&rsquo;art<\/strong><\/p>\n<ul>\n<li>Application : Acrylique, Aquarelle, Gouache, Huile<\/li>\n<li>Poils : Synth\u00e9tiques<\/li>\n<li>Type de cheveux : imitation Kolinsky<\/li>\n<li>Rigidit\u00e9 : 2<\/li>\n<li>Virole : Or (aluminium anodis\u00e9)<\/li>\n<li>Forme de la t\u00eate de brosse : Ovale<\/li>\n<li>Longueur du manche : Court<\/li>\n<li>Tailles : 4, 6, 7, 8, 10, 12, 14<\/li>\n<\/ul>\n<p style=\"padding-left: 40px;\"><strong>Avantages<\/strong> :<\/p>\n<ul>\n<li>Haute qualit\u00e9 de poils<\/li>\n<li>Produit d&rsquo;origine<\/li>\n<li>Poils trait\u00e9s \u00e0 la main<\/li>\n<\/ul>\n<p><iframe loading=\"lazy\" title=\"\u0413\u043e\u0440\u0431\u0430\u0447\u0435\u0432 \u043f\u0440\u043e \u043a\u0438\u0441\u0442\u0438 - \u0418\u043c\u0438\u0442\u0430\u0446\u0438\u044f \u043a\u043e\u043b\u043e\u043d\u043a\u0430 1S15\" width=\"980\" height=\"551\" src=\"https:\/\/www.youtube.com\/embed\/DK-t71O5p8A?feature=oembed\" frameborder=\"0\" allow=\"accelerometer; autoplay; clipboard-write; encrypted-media; gyroscope; picture-in-picture; web-share\" referrerpolicy=\"strict-origin-when-cross-origin\" allowfullscreen><\/iframe><\/p>\n<p>&nbsp;<\/p>\n<hr \/>\n<h2>Synthetic 1S35 (Kolinsky imitation)<\/h2>\n<p>Oval brush from synthetic kolinsky imitation is ideal for impasto techniques and with liquid paint.<\/p>\n<p>Anodized aluminum ferrule securely fixes quality synthetic firbes.<\/p>\n<p>Oval shape allows to control stokes applying along the contour and move from think lines to thin by changing pressure and hand angle.<\/p>\n<p>The brush is excellent for filling in areas, rounded objects of still life, smooth face contour<\/p>\n<p><strong>Art brushes<\/strong><\/p>\n<ul>\n<li>Application: Acrylic, Watercolor, Gouache, Oil<\/li>\n<li>Hair: Synthetic<\/li>\n<li>Hair type: Kolinsky imitation<\/li>\n<li>Stiffness: 2<\/li>\n<li>Ferrule: Gold (anodized aluminum)<\/li>\n<li>Brush head shape: Oval<\/li>\n<li>Handle length: Short<\/li>\n<li>Sizes : 4, 6, 7, 8, 10, 12, 14<\/li>\n<\/ul>\n<p>Advantages:<\/p>\n<ul>\n<li>High hair quality<\/li>\n<li>Original product<\/li>\n<li>Hair treated by hand<\/li>\n<\/ul>\n","protected":false},"excerpt":{"rendered":"<p><strong>Le pinceau 1S35 synth\u00e9tique, avec une brosse de format ovale en poils synth\u00e9tique imitation Kolinsky, disponible dans les tailles 4, 6, 7, 8, 10, 12 et 14, a un manche court bien \u00e9quilibr\u00e9 et dispose d\u2019une virole en aluminium anodis\u00e9.<\/strong><\/p>\n","protected":false},"featured_media":311,"template":"","meta":[],"product_brand":[],"product_cat":[173,266],"product_tag":[174,175,120,106],"class_list":{"0":"post-520","1":"product","2":"type-product","3":"status-publish","4":"has-post-thumbnail","6":"product_cat-1s35","7":"product_cat-synthetiques-rigidite-moyenne","8":"product_tag-1s35","9":"product_tag-1s35-8","10":"product_tag-imitation-kolinsky","11":"product_tag-synthetique","13":"first","14":"outofstock","15":"taxable","16":"shipping-taxable","17":"purchasable","18":"product-type-simple"},"yoast_head":"<!-- This site is optimized with the Yoast SEO plugin v27.3 - https:\/\/yoast.com\/product\/yoast-seo-wordpress\/ -->\n<title>1S35-14 - Synth\u00e9tique imitation Kolinsky - Roubloff France - pinceaux d&#039;art<\/title>\n<meta name=\"robots\" content=\"index, follow, max-snippet:-1, max-image-preview:large, max-video-preview:-1\" \/>\n<link rel=\"canonical\" href=\"https:\/\/roubloff-france.fr\/Roubloff\/produit\/1s35-10-synthetic-imitation-kolinsky-2\/\" \/>\n<meta property=\"og:locale\" content=\"fr_FR\" \/>\n<meta property=\"og:type\" content=\"article\" \/>\n<meta property=\"og:title\" content=\"1S35-14 - Synth\u00e9tique imitation Kolinsky - Roubloff France - pinceaux d&#039;art\" \/>\n<meta property=\"og:description\" content=\"Le pinceau 1S35 synth\u00e9tique, avec une brosse de format ovale en poils synth\u00e9tique imitation Kolinsky, disponible dans les tailles 4, 6, 7, 8, 10, 12 et 14, a un manche court bien \u00e9quilibr\u00e9 et dispose d\u2019une virole en aluminium anodis\u00e9.\" \/>\n<meta property=\"og:url\" content=\"https:\/\/roubloff-france.fr\/Roubloff\/produit\/1s35-10-synthetic-imitation-kolinsky-2\/\" \/>\n<meta property=\"og:site_name\" content=\"Roubloff France - pinceaux d&#039;art\" \/>\n<meta property=\"article:publisher\" content=\"https:\/\/www.instagram.com\/roubloff_france\/\" \/>\n<meta property=\"article:modified_time\" content=\"2025-05-17T15:47:48+00:00\" \/>\n<meta property=\"og:image\" content=\"https:\/\/roubloff-france.fr\/Roubloff\/wp-content\/uploads\/2021\/10\/1S35-Roubloff-imitation-Kolinsky.jpg\" \/>\n\t<meta property=\"og:image:width\" content=\"900\" \/>\n\t<meta property=\"og:image:height\" content=\"1000\" \/>\n\t<meta property=\"og:image:type\" content=\"image\/jpeg\" \/>\n<meta name=\"twitter:card\" content=\"summary_large_image\" \/>\n<meta name=\"twitter:label1\" content=\"Dur\u00e9e de lecture estim\u00e9e\" \/>\n\t<meta name=\"twitter:data1\" content=\"2 minutes\" \/>\n<script type=\"application\/ld+json\" class=\"yoast-schema-graph\">{\"@context\":\"https:\\\/\\\/schema.org\",\"@graph\":[{\"@type\":\"WebPage\",\"@id\":\"https:\\\/\\\/roubloff-france.fr\\\/Roubloff\\\/produit\\\/1s35-10-synthetic-imitation-kolinsky-2\\\/\",\"url\":\"https:\\\/\\\/roubloff-france.fr\\\/Roubloff\\\/produit\\\/1s35-10-synthetic-imitation-kolinsky-2\\\/\",\"name\":\"1S35-14 - Synth\u00e9tique imitation Kolinsky - Roubloff France - pinceaux d&#039;art\",\"isPartOf\":{\"@id\":\"https:\\\/\\\/roubloff-france.fr\\\/Roubloff\\\/#website\"},\"primaryImageOfPage\":{\"@id\":\"https:\\\/\\\/roubloff-france.fr\\\/Roubloff\\\/produit\\\/1s35-10-synthetic-imitation-kolinsky-2\\\/#primaryimage\"},\"image\":{\"@id\":\"https:\\\/\\\/roubloff-france.fr\\\/Roubloff\\\/produit\\\/1s35-10-synthetic-imitation-kolinsky-2\\\/#primaryimage\"},\"thumbnailUrl\":\"https:\\\/\\\/roubloff-france.fr\\\/Roubloff\\\/wp-content\\\/uploads\\\/2021\\\/10\\\/1S35-Roubloff-imitation-Kolinsky.jpg\",\"datePublished\":\"2023-04-29T21:16:31+00:00\",\"dateModified\":\"2025-05-17T15:47:48+00:00\",\"breadcrumb\":{\"@id\":\"https:\\\/\\\/roubloff-france.fr\\\/Roubloff\\\/produit\\\/1s35-10-synthetic-imitation-kolinsky-2\\\/#breadcrumb\"},\"inLanguage\":\"fr-FR\",\"potentialAction\":[{\"@type\":\"ReadAction\",\"target\":[\"https:\\\/\\\/roubloff-france.fr\\\/Roubloff\\\/produit\\\/1s35-10-synthetic-imitation-kolinsky-2\\\/\"]}]},{\"@type\":\"ImageObject\",\"inLanguage\":\"fr-FR\",\"@id\":\"https:\\\/\\\/roubloff-france.fr\\\/Roubloff\\\/produit\\\/1s35-10-synthetic-imitation-kolinsky-2\\\/#primaryimage\",\"url\":\"https:\\\/\\\/roubloff-france.fr\\\/Roubloff\\\/wp-content\\\/uploads\\\/2021\\\/10\\\/1S35-Roubloff-imitation-Kolinsky.jpg\",\"contentUrl\":\"https:\\\/\\\/roubloff-france.fr\\\/Roubloff\\\/wp-content\\\/uploads\\\/2021\\\/10\\\/1S35-Roubloff-imitation-Kolinsky.jpg\",\"width\":900,\"height\":1000},{\"@type\":\"BreadcrumbList\",\"@id\":\"https:\\\/\\\/roubloff-france.fr\\\/Roubloff\\\/produit\\\/1s35-10-synthetic-imitation-kolinsky-2\\\/#breadcrumb\",\"itemListElement\":[{\"@type\":\"ListItem\",\"position\":1,\"name\":\"Accueil\",\"item\":\"https:\\\/\\\/roubloff-france.fr\\\/Roubloff\\\/\"},{\"@type\":\"ListItem\",\"position\":2,\"name\":\"Les pinceaux Roubloff \u00a9 :\",\"item\":\"https:\\\/\\\/roubloff-france.fr\\\/Roubloff\\\/\"},{\"@type\":\"ListItem\",\"position\":3,\"name\":\"1S35-14 &#8211; Synth\u00e9tique imitation Kolinsky\"}]},{\"@type\":\"WebSite\",\"@id\":\"https:\\\/\\\/roubloff-france.fr\\\/Roubloff\\\/#website\",\"url\":\"https:\\\/\\\/roubloff-france.fr\\\/Roubloff\\\/\",\"name\":\"Roubloff France - pinceaux d'art\",\"description\":\"Les pinceaux d&#039;art pour les artistes, \u00e9coles d&#039;art, revendeurs\",\"publisher\":{\"@id\":\"https:\\\/\\\/roubloff-france.fr\\\/Roubloff\\\/#organization\"},\"potentialAction\":[{\"@type\":\"SearchAction\",\"target\":{\"@type\":\"EntryPoint\",\"urlTemplate\":\"https:\\\/\\\/roubloff-france.fr\\\/Roubloff\\\/?s={search_term_string}\"},\"query-input\":{\"@type\":\"PropertyValueSpecification\",\"valueRequired\":true,\"valueName\":\"search_term_string\"}}],\"inLanguage\":\"fr-FR\"},{\"@type\":\"Organization\",\"@id\":\"https:\\\/\\\/roubloff-france.fr\\\/Roubloff\\\/#organization\",\"name\":\"Roubloff France - pinceaux d'art\",\"url\":\"https:\\\/\\\/roubloff-france.fr\\\/Roubloff\\\/\",\"logo\":{\"@type\":\"ImageObject\",\"inLanguage\":\"fr-FR\",\"@id\":\"https:\\\/\\\/roubloff-france.fr\\\/Roubloff\\\/#\\\/schema\\\/logo\\\/image\\\/\",\"url\":\"https:\\\/\\\/roubloff-france.fr\\\/Roubloff\\\/wp-content\\\/uploads\\\/2022\\\/01\\\/cropped-Logo-Roubloff-Rouge-avec-filet-blanc-250-p.png\",\"contentUrl\":\"https:\\\/\\\/roubloff-france.fr\\\/Roubloff\\\/wp-content\\\/uploads\\\/2022\\\/01\\\/cropped-Logo-Roubloff-Rouge-avec-filet-blanc-250-p.png\",\"width\":261,\"height\":57,\"caption\":\"Roubloff France - pinceaux d'art\"},\"image\":{\"@id\":\"https:\\\/\\\/roubloff-france.fr\\\/Roubloff\\\/#\\\/schema\\\/logo\\\/image\\\/\"},\"sameAs\":[\"https:\\\/\\\/www.instagram.com\\\/roubloff_france\\\/\"]}]}<\/script>\n<!-- \/ Yoast SEO plugin. -->","yoast_head_json":{"title":"1S35-14 - Synth\u00e9tique imitation Kolinsky - Roubloff France - pinceaux d&#039;art","robots":{"index":"index","follow":"follow","max-snippet":"max-snippet:-1","max-image-preview":"max-image-preview:large","max-video-preview":"max-video-preview:-1"},"canonical":"https:\/\/roubloff-france.fr\/Roubloff\/produit\/1s35-10-synthetic-imitation-kolinsky-2\/","og_locale":"fr_FR","og_type":"article","og_title":"1S35-14 - Synth\u00e9tique imitation Kolinsky - Roubloff France - pinceaux d&#039;art","og_description":"Le pinceau 1S35 synth\u00e9tique, avec une brosse de format ovale en poils synth\u00e9tique imitation Kolinsky, disponible dans les tailles 4, 6, 7, 8, 10, 12 et 14, a un manche court bien \u00e9quilibr\u00e9 et dispose d\u2019une virole en aluminium anodis\u00e9.","og_url":"https:\/\/roubloff-france.fr\/Roubloff\/produit\/1s35-10-synthetic-imitation-kolinsky-2\/","og_site_name":"Roubloff France - pinceaux d&#039;art","article_publisher":"https:\/\/www.instagram.com\/roubloff_france\/","article_modified_time":"2025-05-17T15:47:48+00:00","og_image":[{"width":900,"height":1000,"url":"https:\/\/roubloff-france.fr\/Roubloff\/wp-content\/uploads\/2021\/10\/1S35-Roubloff-imitation-Kolinsky.jpg","type":"image\/jpeg"}],"twitter_card":"summary_large_image","twitter_misc":{"Dur\u00e9e de lecture estim\u00e9e":"2 minutes"},"schema":{"@context":"https:\/\/schema.org","@graph":[{"@type":"WebPage","@id":"https:\/\/roubloff-france.fr\/Roubloff\/produit\/1s35-10-synthetic-imitation-kolinsky-2\/","url":"https:\/\/roubloff-france.fr\/Roubloff\/produit\/1s35-10-synthetic-imitation-kolinsky-2\/","name":"1S35-14 - Synth\u00e9tique imitation Kolinsky - Roubloff France - pinceaux d&#039;art","isPartOf":{"@id":"https:\/\/roubloff-france.fr\/Roubloff\/#website"},"primaryImageOfPage":{"@id":"https:\/\/roubloff-france.fr\/Roubloff\/produit\/1s35-10-synthetic-imitation-kolinsky-2\/#primaryimage"},"image":{"@id":"https:\/\/roubloff-france.fr\/Roubloff\/produit\/1s35-10-synthetic-imitation-kolinsky-2\/#primaryimage"},"thumbnailUrl":"https:\/\/roubloff-france.fr\/Roubloff\/wp-content\/uploads\/2021\/10\/1S35-Roubloff-imitation-Kolinsky.jpg","datePublished":"2023-04-29T21:16:31+00:00","dateModified":"2025-05-17T15:47:48+00:00","breadcrumb":{"@id":"https:\/\/roubloff-france.fr\/Roubloff\/produit\/1s35-10-synthetic-imitation-kolinsky-2\/#breadcrumb"},"inLanguage":"fr-FR","potentialAction":[{"@type":"ReadAction","target":["https:\/\/roubloff-france.fr\/Roubloff\/produit\/1s35-10-synthetic-imitation-kolinsky-2\/"]}]},{"@type":"ImageObject","inLanguage":"fr-FR","@id":"https:\/\/roubloff-france.fr\/Roubloff\/produit\/1s35-10-synthetic-imitation-kolinsky-2\/#primaryimage","url":"https:\/\/roubloff-france.fr\/Roubloff\/wp-content\/uploads\/2021\/10\/1S35-Roubloff-imitation-Kolinsky.jpg","contentUrl":"https:\/\/roubloff-france.fr\/Roubloff\/wp-content\/uploads\/2021\/10\/1S35-Roubloff-imitation-Kolinsky.jpg","width":900,"height":1000},{"@type":"BreadcrumbList","@id":"https:\/\/roubloff-france.fr\/Roubloff\/produit\/1s35-10-synthetic-imitation-kolinsky-2\/#breadcrumb","itemListElement":[{"@type":"ListItem","position":1,"name":"Accueil","item":"https:\/\/roubloff-france.fr\/Roubloff\/"},{"@type":"ListItem","position":2,"name":"Les pinceaux Roubloff \u00a9 :","item":"https:\/\/roubloff-france.fr\/Roubloff\/"},{"@type":"ListItem","position":3,"name":"1S35-14 &#8211; Synth\u00e9tique imitation Kolinsky"}]},{"@type":"WebSite","@id":"https:\/\/roubloff-france.fr\/Roubloff\/#website","url":"https:\/\/roubloff-france.fr\/Roubloff\/","name":"Roubloff France - pinceaux d'art","description":"Les pinceaux d&#039;art pour les artistes, \u00e9coles d&#039;art, revendeurs","publisher":{"@id":"https:\/\/roubloff-france.fr\/Roubloff\/#organization"},"potentialAction":[{"@type":"SearchAction","target":{"@type":"EntryPoint","urlTemplate":"https:\/\/roubloff-france.fr\/Roubloff\/?s={search_term_string}"},"query-input":{"@type":"PropertyValueSpecification","valueRequired":true,"valueName":"search_term_string"}}],"inLanguage":"fr-FR"},{"@type":"Organization","@id":"https:\/\/roubloff-france.fr\/Roubloff\/#organization","name":"Roubloff France - pinceaux d'art","url":"https:\/\/roubloff-france.fr\/Roubloff\/","logo":{"@type":"ImageObject","inLanguage":"fr-FR","@id":"https:\/\/roubloff-france.fr\/Roubloff\/#\/schema\/logo\/image\/","url":"https:\/\/roubloff-france.fr\/Roubloff\/wp-content\/uploads\/2022\/01\/cropped-Logo-Roubloff-Rouge-avec-filet-blanc-250-p.png","contentUrl":"https:\/\/roubloff-france.fr\/Roubloff\/wp-content\/uploads\/2022\/01\/cropped-Logo-Roubloff-Rouge-avec-filet-blanc-250-p.png","width":261,"height":57,"caption":"Roubloff France - pinceaux d'art"},"image":{"@id":"https:\/\/roubloff-france.fr\/Roubloff\/#\/schema\/logo\/image\/"},"sameAs":["https:\/\/www.instagram.com\/roubloff_france\/"]}]}},"_links":{"self":[{"href":"https:\/\/roubloff-france.fr\/Roubloff\/wp-json\/wp\/v2\/product\/520","targetHints":{"allow":["GET"]}}],"collection":[{"href":"https:\/\/roubloff-france.fr\/Roubloff\/wp-json\/wp\/v2\/product"}],"about":[{"href":"https:\/\/roubloff-france.fr\/Roubloff\/wp-json\/wp\/v2\/types\/product"}],"wp:featuredmedia":[{"embeddable":true,"href":"https:\/\/roubloff-france.fr\/Roubloff\/wp-json\/wp\/v2\/media\/311"}],"wp:attachment":[{"href":"https:\/\/roubloff-france.fr\/Roubloff\/wp-json\/wp\/v2\/media?parent=520"}],"wp:term":[{"taxonomy":"product_brand","embeddable":true,"href":"https:\/\/roubloff-france.fr\/Roubloff\/wp-json\/wp\/v2\/product_brand?post=520"},{"taxonomy":"product_cat","embeddable":true,"href":"https:\/\/roubloff-france.fr\/Roubloff\/wp-json\/wp\/v2\/product_cat?post=520"},{"taxonomy":"product_tag","embeddable":true,"href":"https:\/\/roubloff-france.fr\/Roubloff\/wp-json\/wp\/v2\/product_tag?post=520"}],"curies":[{"name":"wp","href":"https:\/\/api.w.org\/{rel}","templated":true}]}}