{"id":401,"date":"2022-02-06T18:43:58","date_gmt":"2022-02-06T17:43:58","guid":{"rendered":"https:\/\/roubloff-france.fr\/Roubloff\/?post_type=product&#038;p=401"},"modified":"2026-03-31T20:22:07","modified_gmt":"2026-03-31T18:22:07","slug":"kolinsky-1110-1","status":"publish","type":"product","link":"https:\/\/roubloff-france.fr\/Roubloff\/produit\/kolinsky-1110-1\/","title":{"rendered":"1110-1 Kolinsky"},"content":{"rendered":"<p><strong>Pinceau Roubloff Kolinsky (martre), avec une brosse ronde de format n\u00b000 \u00e0 n\u00b06 ,<\/strong><br \/>\n<strong>avec un manche court impr\u00e9gn\u00e9 de laque et une virole Or (aluminium anodis\u00e9)<\/strong><\/p>\n<p>Une brosse ronde traditionnelle en poils de Kolinsky purs est destin\u00e9e aux travaux polyvalents.<br \/>\nLe manche ergonomique court impr\u00e9gn\u00e9 de laque permet de travailler le modelage des volumes avec confort et plaisir.<br \/>\nLa t\u00eate de brosse en forme de c\u00f4ne est solidement fix\u00e9e avec une virole en aluminium anodis\u00e9.<\/p>\n<pre>Peut \u00eatre utilis\u00e9 pour des traits larges ainsi que pour mettre en \u00e9vidence et peindre des objets de sc\u00e8ne de premier plan tels que des feuilles, de l'herbe, des vagues<\/pre>\n<p><strong>Pinceaux d&rsquo;art<\/strong><\/p>\n<ul>\n<li>Application : aquarelle, gouache, huile, tempera<\/li>\n<li>Poils : naturels<\/li>\n<li>Type de poils : Kolinsky<\/li>\n<li>Rigidit\u00e9 : 1<\/li>\n<li>Virole : Or (aluminium anodis\u00e9)<\/li>\n<li>Forme de la brosse : ronde<\/li>\n<li>Longueur du manche : court<\/li>\n<li>Avantages :<br \/>\nHaute qualit\u00e9 des poils<br \/>\nPoils trait\u00e9s \u00e0 la main<\/li>\n<\/ul>\n","protected":false},"excerpt":{"rendered":"<p><strong>Pinceau Roubloff Kolinsky (martre), avec une brosse ronde de format n\u00b000 \u00e0 n\u00b06 ,<\/strong><br \/>\n<strong>avec un manche court impr\u00e9gn\u00e9 de laque et une virole Or (aluminium anodis\u00e9)<\/strong><\/p>\n","protected":false},"featured_media":238,"template":"","meta":[],"product_brand":[319],"product_cat":[131,226],"product_tag":[132,137,104,136,115,116,20,135,134],"class_list":{"0":"post-401","1":"product","2":"type-product","3":"status-publish","4":"has-post-thumbnail","6":"product_brand-roubloff","7":"product_cat-1110-les-pinceaux-dart-roubloff","8":"product_cat-111f-1115-11101117-kolinsky","9":"product_tag-132","10":"product_tag-1110-0","11":"product_tag-aquarelle","12":"product_tag-brosse-ronde","13":"product_tag-gouache","14":"product_tag-huile","15":"product_tag-kolinsky","16":"product_tag-manche-court","17":"product_tag-tempera","19":"first","20":"instock","21":"taxable","22":"shipping-taxable","23":"purchasable","24":"product-type-simple"},"yoast_head":"<!-- This site is optimized with the Yoast SEO plugin v27.3 - https:\/\/yoast.com\/product\/yoast-seo-wordpress\/ -->\n<title>1110-1 Kolinsky - Roubloff France - pinceaux d&#039;art<\/title>\n<meta name=\"robots\" content=\"index, follow, max-snippet:-1, max-image-preview:large, max-video-preview:-1\" \/>\n<link rel=\"canonical\" href=\"https:\/\/roubloff-france.fr\/Roubloff\/produit\/kolinsky-1110-1\/\" \/>\n<meta property=\"og:locale\" content=\"fr_FR\" \/>\n<meta property=\"og:type\" content=\"article\" \/>\n<meta property=\"og:title\" content=\"1110-1 Kolinsky - Roubloff France - pinceaux d&#039;art\" \/>\n<meta property=\"og:description\" content=\"Pinceau Roubloff Kolinsky (martre), avec une brosse ronde de format n\u00b000 \u00e0 n\u00b06 , avec un manche court impr\u00e9gn\u00e9 de laque et une virole Or (aluminium anodis\u00e9)\" \/>\n<meta property=\"og:url\" content=\"https:\/\/roubloff-france.fr\/Roubloff\/produit\/kolinsky-1110-1\/\" \/>\n<meta property=\"og:site_name\" content=\"Roubloff France - pinceaux d&#039;art\" \/>\n<meta property=\"article:publisher\" content=\"https:\/\/www.instagram.com\/roubloff_france\/\" \/>\n<meta property=\"article:modified_time\" content=\"2026-03-31T18:22:07+00:00\" \/>\n<meta property=\"og:image\" content=\"https:\/\/roubloff-france.fr\/Roubloff\/wp-content\/uploads\/2021\/07\/1110-Roubloff-Kolinsky.jpg\" \/>\n\t<meta property=\"og:image:width\" content=\"900\" \/>\n\t<meta property=\"og:image:height\" content=\"1000\" \/>\n\t<meta property=\"og:image:type\" content=\"image\/jpeg\" \/>\n<meta name=\"twitter:card\" content=\"summary_large_image\" \/>\n<meta name=\"twitter:label1\" content=\"Dur\u00e9e de lecture estim\u00e9e\" \/>\n\t<meta name=\"twitter:data1\" content=\"1 minute\" \/>\n<script type=\"application\/ld+json\" class=\"yoast-schema-graph\">{\"@context\":\"https:\\\/\\\/schema.org\",\"@graph\":[{\"@type\":\"WebPage\",\"@id\":\"https:\\\/\\\/roubloff-france.fr\\\/Roubloff\\\/produit\\\/kolinsky-1110-1\\\/\",\"url\":\"https:\\\/\\\/roubloff-france.fr\\\/Roubloff\\\/produit\\\/kolinsky-1110-1\\\/\",\"name\":\"1110-1 Kolinsky - Roubloff France - pinceaux d&#039;art\",\"isPartOf\":{\"@id\":\"https:\\\/\\\/roubloff-france.fr\\\/Roubloff\\\/#website\"},\"primaryImageOfPage\":{\"@id\":\"https:\\\/\\\/roubloff-france.fr\\\/Roubloff\\\/produit\\\/kolinsky-1110-1\\\/#primaryimage\"},\"image\":{\"@id\":\"https:\\\/\\\/roubloff-france.fr\\\/Roubloff\\\/produit\\\/kolinsky-1110-1\\\/#primaryimage\"},\"thumbnailUrl\":\"https:\\\/\\\/roubloff-france.fr\\\/Roubloff\\\/wp-content\\\/uploads\\\/2021\\\/07\\\/1110-Roubloff-Kolinsky.jpg\",\"datePublished\":\"2022-02-06T17:43:58+00:00\",\"dateModified\":\"2026-03-31T18:22:07+00:00\",\"breadcrumb\":{\"@id\":\"https:\\\/\\\/roubloff-france.fr\\\/Roubloff\\\/produit\\\/kolinsky-1110-1\\\/#breadcrumb\"},\"inLanguage\":\"fr-FR\",\"potentialAction\":[{\"@type\":\"ReadAction\",\"target\":[\"https:\\\/\\\/roubloff-france.fr\\\/Roubloff\\\/produit\\\/kolinsky-1110-1\\\/\"]}]},{\"@type\":\"ImageObject\",\"inLanguage\":\"fr-FR\",\"@id\":\"https:\\\/\\\/roubloff-france.fr\\\/Roubloff\\\/produit\\\/kolinsky-1110-1\\\/#primaryimage\",\"url\":\"https:\\\/\\\/roubloff-france.fr\\\/Roubloff\\\/wp-content\\\/uploads\\\/2021\\\/07\\\/1110-Roubloff-Kolinsky.jpg\",\"contentUrl\":\"https:\\\/\\\/roubloff-france.fr\\\/Roubloff\\\/wp-content\\\/uploads\\\/2021\\\/07\\\/1110-Roubloff-Kolinsky.jpg\",\"width\":900,\"height\":1000,\"caption\":\"1110 Roubloff Kolinsky\"},{\"@type\":\"BreadcrumbList\",\"@id\":\"https:\\\/\\\/roubloff-france.fr\\\/Roubloff\\\/produit\\\/kolinsky-1110-1\\\/#breadcrumb\",\"itemListElement\":[{\"@type\":\"ListItem\",\"position\":1,\"name\":\"Accueil\",\"item\":\"https:\\\/\\\/roubloff-france.fr\\\/Roubloff\\\/\"},{\"@type\":\"ListItem\",\"position\":2,\"name\":\"Les pinceaux Roubloff \u00a9 :\",\"item\":\"https:\\\/\\\/roubloff-france.fr\\\/Roubloff\\\/\"},{\"@type\":\"ListItem\",\"position\":3,\"name\":\"1110-1 Kolinsky\"}]},{\"@type\":\"WebSite\",\"@id\":\"https:\\\/\\\/roubloff-france.fr\\\/Roubloff\\\/#website\",\"url\":\"https:\\\/\\\/roubloff-france.fr\\\/Roubloff\\\/\",\"name\":\"Roubloff France - pinceaux d'art\",\"description\":\"Les pinceaux d&#039;art pour les artistes, \u00e9coles d&#039;art, revendeurs\",\"publisher\":{\"@id\":\"https:\\\/\\\/roubloff-france.fr\\\/Roubloff\\\/#organization\"},\"potentialAction\":[{\"@type\":\"SearchAction\",\"target\":{\"@type\":\"EntryPoint\",\"urlTemplate\":\"https:\\\/\\\/roubloff-france.fr\\\/Roubloff\\\/?s={search_term_string}\"},\"query-input\":{\"@type\":\"PropertyValueSpecification\",\"valueRequired\":true,\"valueName\":\"search_term_string\"}}],\"inLanguage\":\"fr-FR\"},{\"@type\":\"Organization\",\"@id\":\"https:\\\/\\\/roubloff-france.fr\\\/Roubloff\\\/#organization\",\"name\":\"Roubloff France - pinceaux d'art\",\"url\":\"https:\\\/\\\/roubloff-france.fr\\\/Roubloff\\\/\",\"logo\":{\"@type\":\"ImageObject\",\"inLanguage\":\"fr-FR\",\"@id\":\"https:\\\/\\\/roubloff-france.fr\\\/Roubloff\\\/#\\\/schema\\\/logo\\\/image\\\/\",\"url\":\"https:\\\/\\\/roubloff-france.fr\\\/Roubloff\\\/wp-content\\\/uploads\\\/2022\\\/01\\\/cropped-Logo-Roubloff-Rouge-avec-filet-blanc-250-p.png\",\"contentUrl\":\"https:\\\/\\\/roubloff-france.fr\\\/Roubloff\\\/wp-content\\\/uploads\\\/2022\\\/01\\\/cropped-Logo-Roubloff-Rouge-avec-filet-blanc-250-p.png\",\"width\":261,\"height\":57,\"caption\":\"Roubloff France - pinceaux d'art\"},\"image\":{\"@id\":\"https:\\\/\\\/roubloff-france.fr\\\/Roubloff\\\/#\\\/schema\\\/logo\\\/image\\\/\"},\"sameAs\":[\"https:\\\/\\\/www.instagram.com\\\/roubloff_france\\\/\"]}]}<\/script>\n<!-- \/ Yoast SEO plugin. -->","yoast_head_json":{"title":"1110-1 Kolinsky - Roubloff France - pinceaux d&#039;art","robots":{"index":"index","follow":"follow","max-snippet":"max-snippet:-1","max-image-preview":"max-image-preview:large","max-video-preview":"max-video-preview:-1"},"canonical":"https:\/\/roubloff-france.fr\/Roubloff\/produit\/kolinsky-1110-1\/","og_locale":"fr_FR","og_type":"article","og_title":"1110-1 Kolinsky - Roubloff France - pinceaux d&#039;art","og_description":"Pinceau Roubloff Kolinsky (martre), avec une brosse ronde de format n\u00b000 \u00e0 n\u00b06 , avec un manche court impr\u00e9gn\u00e9 de laque et une virole Or (aluminium anodis\u00e9)","og_url":"https:\/\/roubloff-france.fr\/Roubloff\/produit\/kolinsky-1110-1\/","og_site_name":"Roubloff France - pinceaux d&#039;art","article_publisher":"https:\/\/www.instagram.com\/roubloff_france\/","article_modified_time":"2026-03-31T18:22:07+00:00","og_image":[{"width":900,"height":1000,"url":"https:\/\/roubloff-france.fr\/Roubloff\/wp-content\/uploads\/2021\/07\/1110-Roubloff-Kolinsky.jpg","type":"image\/jpeg"}],"twitter_card":"summary_large_image","twitter_misc":{"Dur\u00e9e de lecture estim\u00e9e":"1 minute"},"schema":{"@context":"https:\/\/schema.org","@graph":[{"@type":"WebPage","@id":"https:\/\/roubloff-france.fr\/Roubloff\/produit\/kolinsky-1110-1\/","url":"https:\/\/roubloff-france.fr\/Roubloff\/produit\/kolinsky-1110-1\/","name":"1110-1 Kolinsky - Roubloff France - pinceaux d&#039;art","isPartOf":{"@id":"https:\/\/roubloff-france.fr\/Roubloff\/#website"},"primaryImageOfPage":{"@id":"https:\/\/roubloff-france.fr\/Roubloff\/produit\/kolinsky-1110-1\/#primaryimage"},"image":{"@id":"https:\/\/roubloff-france.fr\/Roubloff\/produit\/kolinsky-1110-1\/#primaryimage"},"thumbnailUrl":"https:\/\/roubloff-france.fr\/Roubloff\/wp-content\/uploads\/2021\/07\/1110-Roubloff-Kolinsky.jpg","datePublished":"2022-02-06T17:43:58+00:00","dateModified":"2026-03-31T18:22:07+00:00","breadcrumb":{"@id":"https:\/\/roubloff-france.fr\/Roubloff\/produit\/kolinsky-1110-1\/#breadcrumb"},"inLanguage":"fr-FR","potentialAction":[{"@type":"ReadAction","target":["https:\/\/roubloff-france.fr\/Roubloff\/produit\/kolinsky-1110-1\/"]}]},{"@type":"ImageObject","inLanguage":"fr-FR","@id":"https:\/\/roubloff-france.fr\/Roubloff\/produit\/kolinsky-1110-1\/#primaryimage","url":"https:\/\/roubloff-france.fr\/Roubloff\/wp-content\/uploads\/2021\/07\/1110-Roubloff-Kolinsky.jpg","contentUrl":"https:\/\/roubloff-france.fr\/Roubloff\/wp-content\/uploads\/2021\/07\/1110-Roubloff-Kolinsky.jpg","width":900,"height":1000,"caption":"1110 Roubloff Kolinsky"},{"@type":"BreadcrumbList","@id":"https:\/\/roubloff-france.fr\/Roubloff\/produit\/kolinsky-1110-1\/#breadcrumb","itemListElement":[{"@type":"ListItem","position":1,"name":"Accueil","item":"https:\/\/roubloff-france.fr\/Roubloff\/"},{"@type":"ListItem","position":2,"name":"Les pinceaux Roubloff \u00a9 :","item":"https:\/\/roubloff-france.fr\/Roubloff\/"},{"@type":"ListItem","position":3,"name":"1110-1 Kolinsky"}]},{"@type":"WebSite","@id":"https:\/\/roubloff-france.fr\/Roubloff\/#website","url":"https:\/\/roubloff-france.fr\/Roubloff\/","name":"Roubloff France - pinceaux d'art","description":"Les pinceaux d&#039;art pour les artistes, \u00e9coles d&#039;art, revendeurs","publisher":{"@id":"https:\/\/roubloff-france.fr\/Roubloff\/#organization"},"potentialAction":[{"@type":"SearchAction","target":{"@type":"EntryPoint","urlTemplate":"https:\/\/roubloff-france.fr\/Roubloff\/?s={search_term_string}"},"query-input":{"@type":"PropertyValueSpecification","valueRequired":true,"valueName":"search_term_string"}}],"inLanguage":"fr-FR"},{"@type":"Organization","@id":"https:\/\/roubloff-france.fr\/Roubloff\/#organization","name":"Roubloff France - pinceaux d'art","url":"https:\/\/roubloff-france.fr\/Roubloff\/","logo":{"@type":"ImageObject","inLanguage":"fr-FR","@id":"https:\/\/roubloff-france.fr\/Roubloff\/#\/schema\/logo\/image\/","url":"https:\/\/roubloff-france.fr\/Roubloff\/wp-content\/uploads\/2022\/01\/cropped-Logo-Roubloff-Rouge-avec-filet-blanc-250-p.png","contentUrl":"https:\/\/roubloff-france.fr\/Roubloff\/wp-content\/uploads\/2022\/01\/cropped-Logo-Roubloff-Rouge-avec-filet-blanc-250-p.png","width":261,"height":57,"caption":"Roubloff France - pinceaux d'art"},"image":{"@id":"https:\/\/roubloff-france.fr\/Roubloff\/#\/schema\/logo\/image\/"},"sameAs":["https:\/\/www.instagram.com\/roubloff_france\/"]}]}},"_links":{"self":[{"href":"https:\/\/roubloff-france.fr\/Roubloff\/wp-json\/wp\/v2\/product\/401","targetHints":{"allow":["GET"]}}],"collection":[{"href":"https:\/\/roubloff-france.fr\/Roubloff\/wp-json\/wp\/v2\/product"}],"about":[{"href":"https:\/\/roubloff-france.fr\/Roubloff\/wp-json\/wp\/v2\/types\/product"}],"wp:featuredmedia":[{"embeddable":true,"href":"https:\/\/roubloff-france.fr\/Roubloff\/wp-json\/wp\/v2\/media\/238"}],"wp:attachment":[{"href":"https:\/\/roubloff-france.fr\/Roubloff\/wp-json\/wp\/v2\/media?parent=401"}],"wp:term":[{"taxonomy":"product_brand","embeddable":true,"href":"https:\/\/roubloff-france.fr\/Roubloff\/wp-json\/wp\/v2\/product_brand?post=401"},{"taxonomy":"product_cat","embeddable":true,"href":"https:\/\/roubloff-france.fr\/Roubloff\/wp-json\/wp\/v2\/product_cat?post=401"},{"taxonomy":"product_tag","embeddable":true,"href":"https:\/\/roubloff-france.fr\/Roubloff\/wp-json\/wp\/v2\/product_tag?post=401"}],"curies":[{"name":"wp","href":"https:\/\/api.w.org\/{rel}","templated":true}]}}