{"id":350,"date":"2021-12-18T08:58:01","date_gmt":"2021-12-18T07:58:01","guid":{"rendered":"https:\/\/roubloff-france.fr\/Roubloff\/?post_type=product&#038;p=350"},"modified":"2025-05-16T17:49:03","modified_gmt":"2025-05-16T15:49:03","slug":"petit-gris-synthetique-qf10-3","status":"publish","type":"product","link":"https:\/\/roubloff-france.fr\/Roubloff\/produit\/petit-gris-synthetique-qf10-3\/","title":{"rendered":"QF10-3 Petit Gris synth\u00e9tique"},"content":{"rendered":"<p><strong>Pinceau imitation petit-gris synth\u00e9tique Roubloff, format rond n\u00b03 mm avec un manche court laqu\u00e9 et une virole en plastique <\/strong><\/p>\n<p>La brosse ronde en imitation d&rsquo;\u00e9cureuil synth\u00e9tique se tient bien dans la main gr\u00e2ce \u00e0 un manche en bois court.<\/p>\n<p>Les poils de la brosse sont solidement fix\u00e9s avec une virole en plastique.<\/p>\n<p>Le manche verni offre une r\u00e9sistance au glissement et une viabilit\u00e9 \u00e0 long terme du pinceau.<\/p>\n<p>Cette s\u00e9rie est polyvalente dans son application : pour aquarelle, gouache, acrylique, encre (tous types de couleurs \u00e0 base d&rsquo;eau).<\/p>\n<p>La brosse est \u00e9galement parfaite pour la calligraphie, car elle absorbe beaucoup d&rsquo;eau et une pointe ac\u00e9r\u00e9e la transf\u00e8re facilement sur le papier avec de longues lignes fines.<\/p>\n<p>Avec un capuchon prot\u00e9geant le pinceau.<\/p>\n<ul>\n<li>Application : acrylique, aquarelle, gouache<\/li>\n<li>Poils : synth\u00e9tique<\/li>\n<li>Type de poils : imitation \u00e9cureuil<\/li>\n<li>Rigidit\u00e9 : 0<\/li>\n<li>Virole : transparente (avec un tube PVC de protection)<\/li>\n<li>Forme de la brosse : ronde<\/li>\n<li>Longueur du manche : court<\/li>\n<li>Tailles : 3, 4, 6, 8, 10, 12, 14<\/li>\n<\/ul>\n<p><strong>Avantages :<\/strong><\/p>\n<ul>\n<li>Haute qualit\u00e9 des poils<\/li>\n<li>Manche en bouleau l\u00e9ger<\/li>\n<li>Poils trait\u00e9s \u00e0 la main<\/li>\n<li style=\"list-style-type: none;\"><\/li>\n<\/ul>\n<hr \/>\n<p>&nbsp;<\/p>\n<p>Pinceau souple en imitation synth\u00e9tique de poil d\u2019\u00e9cureuil. Ses poils finement effil\u00e9s et son design particulier lui conf\u00e8rent une pointe pr\u00e9cise. Id\u00e9al pour l\u2019aquarelle, ce pinceau convient aussi bien aux lavis de grande surface qu\u2019aux d\u00e9tails fins.<br \/>\nGr\u00e2ce \u00e0 sa technologie brevet\u00e9e de virole sans fil de style fran\u00e7ais, il est \u00e0 la fois s\u00fbr et confortable \u00e0 tenir.<br \/>\nSon manche \u00e9l\u00e9gant et pratique, prot\u00e9g\u00e9 par un rev\u00eatement laqu\u00e9, r\u00e9siste aux m\u00e9diums agressifs.<br \/>\nLes poils du pinceau sont prot\u00e9g\u00e9s par un capuchon r\u00e9utilisable, qui peut \u00eatre retir\u00e9 et replac\u00e9 par le manche. Ce syst\u00e8me est particuli\u00e8rement pratique pour la peinture en plein air, \u00e9vitant d\u2019endommager les poils et de tacher d\u2019autres objets.<\/p>\n<p>Soft brush from synthetic squirrel imitation. The sharply tapered hair and the special design of the brush give it a pointed tip. This brush works well with watercolours and is suitable not only for large area washes, but also for fine details.<br \/>\nThe patented technology of the wire-free French style quill fastening makes the brush secure and comfortable to hold.<br \/>\nThe stylish and practical handle finish protected with lacquer is resistant to aggressive media.<br \/>\nThe hair is protected with a reusable cap which can be taken off and then put on through the brush shaft. It is convenient en plein air and prevents the brush hair from being damaged and from staining other items.<\/p>\n","protected":false},"excerpt":{"rendered":"<h3><strong>Pinceau imitation petit-gris synth\u00e9tique Roubloff, format rond n\u00b03 mm avec un manche court laqu\u00e9 et une virole en plastique<\/strong><\/h3>\n","protected":false},"featured_media":110,"template":"","meta":[],"product_brand":[],"product_cat":[29,267],"product_tag":[114,104,136,115,143,135,144,30,31,199,87,142,106,145,200],"class_list":{"0":"post-350","1":"product","2":"type-product","3":"status-publish","4":"has-post-thumbnail","6":"product_cat-petit-gris-synthetique-serie-qf10","7":"product_cat-synthetiques-souples","8":"product_tag-acrylique","9":"product_tag-aquarelle","10":"product_tag-brosse-ronde","11":"product_tag-gouache","12":"product_tag-imitation-ecureuil","13":"product_tag-manche-court","14":"product_tag-manche-en-bouleau","15":"product_tag-petit-gris-synthetique","16":"product_tag-qf10","17":"product_tag-qf10-3","18":"product_tag-qf10-6","19":"product_tag-qf10-8","20":"product_tag-synthetique","21":"product_tag-virole-plastique","22":"product_tag-f1-03-00","24":"first","25":"instock","26":"taxable","27":"shipping-taxable","28":"purchasable","29":"product-type-simple"},"yoast_head":"<!-- This site is optimized with the Yoast SEO plugin v27.3 - https:\/\/yoast.com\/product\/yoast-seo-wordpress\/ -->\n<title>QF10-3 Petit Gris synth\u00e9tique - Roubloff France - pinceaux d&#039;art<\/title>\n<meta name=\"description\" content=\"Pinceau imitation petit-gris synth\u00e9tique Roubloff, format rond n\u00b06 mm avec un manche court laqu\u00e9 et une virole en plastique\" \/>\n<meta name=\"robots\" content=\"index, follow, max-snippet:-1, max-image-preview:large, max-video-preview:-1\" \/>\n<link rel=\"canonical\" href=\"https:\/\/roubloff-france.fr\/Roubloff\/produit\/petit-gris-synthetique-qf10-3\/\" \/>\n<meta property=\"og:locale\" content=\"fr_FR\" \/>\n<meta property=\"og:type\" content=\"article\" \/>\n<meta property=\"og:title\" content=\"QF10-3 Petit Gris synth\u00e9tique - Roubloff France - pinceaux d&#039;art\" \/>\n<meta property=\"og:description\" content=\"Pinceau imitation petit-gris synth\u00e9tique Roubloff, format rond n\u00b06 mm avec un manche court laqu\u00e9 et une virole en plastique\" \/>\n<meta property=\"og:url\" content=\"https:\/\/roubloff-france.fr\/Roubloff\/produit\/petit-gris-synthetique-qf10-3\/\" \/>\n<meta property=\"og:site_name\" content=\"Roubloff France - pinceaux d&#039;art\" \/>\n<meta property=\"article:publisher\" content=\"https:\/\/www.instagram.com\/roubloff_france\/\" \/>\n<meta property=\"article:modified_time\" content=\"2025-05-16T15:49:03+00:00\" \/>\n<meta property=\"og:image\" content=\"https:\/\/roubloff-france.fr\/Roubloff\/wp-content\/uploads\/2021\/03\/QF10-1.jpg\" \/>\n\t<meta property=\"og:image:width\" content=\"1080\" \/>\n\t<meta property=\"og:image:height\" content=\"1200\" \/>\n\t<meta property=\"og:image:type\" content=\"image\/jpeg\" \/>\n<meta name=\"twitter:card\" content=\"summary_large_image\" \/>\n<meta name=\"twitter:label1\" content=\"Dur\u00e9e de lecture estim\u00e9e\" \/>\n\t<meta name=\"twitter:data1\" content=\"2 minutes\" \/>\n<script type=\"application\/ld+json\" class=\"yoast-schema-graph\">{\"@context\":\"https:\\\/\\\/schema.org\",\"@graph\":[{\"@type\":\"WebPage\",\"@id\":\"https:\\\/\\\/roubloff-france.fr\\\/Roubloff\\\/produit\\\/petit-gris-synthetique-qf10-3\\\/\",\"url\":\"https:\\\/\\\/roubloff-france.fr\\\/Roubloff\\\/produit\\\/petit-gris-synthetique-qf10-3\\\/\",\"name\":\"QF10-3 Petit Gris synth\u00e9tique - Roubloff France - pinceaux d&#039;art\",\"isPartOf\":{\"@id\":\"https:\\\/\\\/roubloff-france.fr\\\/Roubloff\\\/#website\"},\"primaryImageOfPage\":{\"@id\":\"https:\\\/\\\/roubloff-france.fr\\\/Roubloff\\\/produit\\\/petit-gris-synthetique-qf10-3\\\/#primaryimage\"},\"image\":{\"@id\":\"https:\\\/\\\/roubloff-france.fr\\\/Roubloff\\\/produit\\\/petit-gris-synthetique-qf10-3\\\/#primaryimage\"},\"thumbnailUrl\":\"https:\\\/\\\/roubloff-france.fr\\\/Roubloff\\\/wp-content\\\/uploads\\\/2021\\\/03\\\/QF10-1.jpg\",\"datePublished\":\"2021-12-18T07:58:01+00:00\",\"dateModified\":\"2025-05-16T15:49:03+00:00\",\"description\":\"Pinceau imitation petit-gris synth\u00e9tique Roubloff, format rond n\u00b06 mm avec un manche court laqu\u00e9 et une virole en plastique\",\"breadcrumb\":{\"@id\":\"https:\\\/\\\/roubloff-france.fr\\\/Roubloff\\\/produit\\\/petit-gris-synthetique-qf10-3\\\/#breadcrumb\"},\"inLanguage\":\"fr-FR\",\"potentialAction\":[{\"@type\":\"ReadAction\",\"target\":[\"https:\\\/\\\/roubloff-france.fr\\\/Roubloff\\\/produit\\\/petit-gris-synthetique-qf10-3\\\/\"]}]},{\"@type\":\"ImageObject\",\"inLanguage\":\"fr-FR\",\"@id\":\"https:\\\/\\\/roubloff-france.fr\\\/Roubloff\\\/produit\\\/petit-gris-synthetique-qf10-3\\\/#primaryimage\",\"url\":\"https:\\\/\\\/roubloff-france.fr\\\/Roubloff\\\/wp-content\\\/uploads\\\/2021\\\/03\\\/QF10-1.jpg\",\"contentUrl\":\"https:\\\/\\\/roubloff-france.fr\\\/Roubloff\\\/wp-content\\\/uploads\\\/2021\\\/03\\\/QF10-1.jpg\",\"width\":1080,\"height\":1200},{\"@type\":\"BreadcrumbList\",\"@id\":\"https:\\\/\\\/roubloff-france.fr\\\/Roubloff\\\/produit\\\/petit-gris-synthetique-qf10-3\\\/#breadcrumb\",\"itemListElement\":[{\"@type\":\"ListItem\",\"position\":1,\"name\":\"Accueil\",\"item\":\"https:\\\/\\\/roubloff-france.fr\\\/Roubloff\\\/\"},{\"@type\":\"ListItem\",\"position\":2,\"name\":\"Les pinceaux Roubloff \u00a9 :\",\"item\":\"https:\\\/\\\/roubloff-france.fr\\\/Roubloff\\\/\"},{\"@type\":\"ListItem\",\"position\":3,\"name\":\"QF10-3 Petit Gris synth\u00e9tique\"}]},{\"@type\":\"WebSite\",\"@id\":\"https:\\\/\\\/roubloff-france.fr\\\/Roubloff\\\/#website\",\"url\":\"https:\\\/\\\/roubloff-france.fr\\\/Roubloff\\\/\",\"name\":\"Roubloff France - pinceaux d'art\",\"description\":\"Les pinceaux d&#039;art pour les artistes, \u00e9coles d&#039;art, revendeurs\",\"publisher\":{\"@id\":\"https:\\\/\\\/roubloff-france.fr\\\/Roubloff\\\/#organization\"},\"potentialAction\":[{\"@type\":\"SearchAction\",\"target\":{\"@type\":\"EntryPoint\",\"urlTemplate\":\"https:\\\/\\\/roubloff-france.fr\\\/Roubloff\\\/?s={search_term_string}\"},\"query-input\":{\"@type\":\"PropertyValueSpecification\",\"valueRequired\":true,\"valueName\":\"search_term_string\"}}],\"inLanguage\":\"fr-FR\"},{\"@type\":\"Organization\",\"@id\":\"https:\\\/\\\/roubloff-france.fr\\\/Roubloff\\\/#organization\",\"name\":\"Roubloff France - pinceaux d'art\",\"url\":\"https:\\\/\\\/roubloff-france.fr\\\/Roubloff\\\/\",\"logo\":{\"@type\":\"ImageObject\",\"inLanguage\":\"fr-FR\",\"@id\":\"https:\\\/\\\/roubloff-france.fr\\\/Roubloff\\\/#\\\/schema\\\/logo\\\/image\\\/\",\"url\":\"https:\\\/\\\/roubloff-france.fr\\\/Roubloff\\\/wp-content\\\/uploads\\\/2022\\\/01\\\/cropped-Logo-Roubloff-Rouge-avec-filet-blanc-250-p.png\",\"contentUrl\":\"https:\\\/\\\/roubloff-france.fr\\\/Roubloff\\\/wp-content\\\/uploads\\\/2022\\\/01\\\/cropped-Logo-Roubloff-Rouge-avec-filet-blanc-250-p.png\",\"width\":261,\"height\":57,\"caption\":\"Roubloff France - pinceaux d'art\"},\"image\":{\"@id\":\"https:\\\/\\\/roubloff-france.fr\\\/Roubloff\\\/#\\\/schema\\\/logo\\\/image\\\/\"},\"sameAs\":[\"https:\\\/\\\/www.instagram.com\\\/roubloff_france\\\/\"]}]}<\/script>\n<!-- \/ Yoast SEO plugin. -->","yoast_head_json":{"title":"QF10-3 Petit Gris synth\u00e9tique - Roubloff France - pinceaux d&#039;art","description":"Pinceau imitation petit-gris synth\u00e9tique Roubloff, format rond n\u00b06 mm avec un manche court laqu\u00e9 et une virole en plastique","robots":{"index":"index","follow":"follow","max-snippet":"max-snippet:-1","max-image-preview":"max-image-preview:large","max-video-preview":"max-video-preview:-1"},"canonical":"https:\/\/roubloff-france.fr\/Roubloff\/produit\/petit-gris-synthetique-qf10-3\/","og_locale":"fr_FR","og_type":"article","og_title":"QF10-3 Petit Gris synth\u00e9tique - Roubloff France - pinceaux d&#039;art","og_description":"Pinceau imitation petit-gris synth\u00e9tique Roubloff, format rond n\u00b06 mm avec un manche court laqu\u00e9 et une virole en plastique","og_url":"https:\/\/roubloff-france.fr\/Roubloff\/produit\/petit-gris-synthetique-qf10-3\/","og_site_name":"Roubloff France - pinceaux d&#039;art","article_publisher":"https:\/\/www.instagram.com\/roubloff_france\/","article_modified_time":"2025-05-16T15:49:03+00:00","og_image":[{"width":1080,"height":1200,"url":"https:\/\/roubloff-france.fr\/Roubloff\/wp-content\/uploads\/2021\/03\/QF10-1.jpg","type":"image\/jpeg"}],"twitter_card":"summary_large_image","twitter_misc":{"Dur\u00e9e de lecture estim\u00e9e":"2 minutes"},"schema":{"@context":"https:\/\/schema.org","@graph":[{"@type":"WebPage","@id":"https:\/\/roubloff-france.fr\/Roubloff\/produit\/petit-gris-synthetique-qf10-3\/","url":"https:\/\/roubloff-france.fr\/Roubloff\/produit\/petit-gris-synthetique-qf10-3\/","name":"QF10-3 Petit Gris synth\u00e9tique - Roubloff France - pinceaux d&#039;art","isPartOf":{"@id":"https:\/\/roubloff-france.fr\/Roubloff\/#website"},"primaryImageOfPage":{"@id":"https:\/\/roubloff-france.fr\/Roubloff\/produit\/petit-gris-synthetique-qf10-3\/#primaryimage"},"image":{"@id":"https:\/\/roubloff-france.fr\/Roubloff\/produit\/petit-gris-synthetique-qf10-3\/#primaryimage"},"thumbnailUrl":"https:\/\/roubloff-france.fr\/Roubloff\/wp-content\/uploads\/2021\/03\/QF10-1.jpg","datePublished":"2021-12-18T07:58:01+00:00","dateModified":"2025-05-16T15:49:03+00:00","description":"Pinceau imitation petit-gris synth\u00e9tique Roubloff, format rond n\u00b06 mm avec un manche court laqu\u00e9 et une virole en plastique","breadcrumb":{"@id":"https:\/\/roubloff-france.fr\/Roubloff\/produit\/petit-gris-synthetique-qf10-3\/#breadcrumb"},"inLanguage":"fr-FR","potentialAction":[{"@type":"ReadAction","target":["https:\/\/roubloff-france.fr\/Roubloff\/produit\/petit-gris-synthetique-qf10-3\/"]}]},{"@type":"ImageObject","inLanguage":"fr-FR","@id":"https:\/\/roubloff-france.fr\/Roubloff\/produit\/petit-gris-synthetique-qf10-3\/#primaryimage","url":"https:\/\/roubloff-france.fr\/Roubloff\/wp-content\/uploads\/2021\/03\/QF10-1.jpg","contentUrl":"https:\/\/roubloff-france.fr\/Roubloff\/wp-content\/uploads\/2021\/03\/QF10-1.jpg","width":1080,"height":1200},{"@type":"BreadcrumbList","@id":"https:\/\/roubloff-france.fr\/Roubloff\/produit\/petit-gris-synthetique-qf10-3\/#breadcrumb","itemListElement":[{"@type":"ListItem","position":1,"name":"Accueil","item":"https:\/\/roubloff-france.fr\/Roubloff\/"},{"@type":"ListItem","position":2,"name":"Les pinceaux Roubloff \u00a9 :","item":"https:\/\/roubloff-france.fr\/Roubloff\/"},{"@type":"ListItem","position":3,"name":"QF10-3 Petit Gris synth\u00e9tique"}]},{"@type":"WebSite","@id":"https:\/\/roubloff-france.fr\/Roubloff\/#website","url":"https:\/\/roubloff-france.fr\/Roubloff\/","name":"Roubloff France - pinceaux d'art","description":"Les pinceaux d&#039;art pour les artistes, \u00e9coles d&#039;art, revendeurs","publisher":{"@id":"https:\/\/roubloff-france.fr\/Roubloff\/#organization"},"potentialAction":[{"@type":"SearchAction","target":{"@type":"EntryPoint","urlTemplate":"https:\/\/roubloff-france.fr\/Roubloff\/?s={search_term_string}"},"query-input":{"@type":"PropertyValueSpecification","valueRequired":true,"valueName":"search_term_string"}}],"inLanguage":"fr-FR"},{"@type":"Organization","@id":"https:\/\/roubloff-france.fr\/Roubloff\/#organization","name":"Roubloff France - pinceaux d'art","url":"https:\/\/roubloff-france.fr\/Roubloff\/","logo":{"@type":"ImageObject","inLanguage":"fr-FR","@id":"https:\/\/roubloff-france.fr\/Roubloff\/#\/schema\/logo\/image\/","url":"https:\/\/roubloff-france.fr\/Roubloff\/wp-content\/uploads\/2022\/01\/cropped-Logo-Roubloff-Rouge-avec-filet-blanc-250-p.png","contentUrl":"https:\/\/roubloff-france.fr\/Roubloff\/wp-content\/uploads\/2022\/01\/cropped-Logo-Roubloff-Rouge-avec-filet-blanc-250-p.png","width":261,"height":57,"caption":"Roubloff France - pinceaux d'art"},"image":{"@id":"https:\/\/roubloff-france.fr\/Roubloff\/#\/schema\/logo\/image\/"},"sameAs":["https:\/\/www.instagram.com\/roubloff_france\/"]}]}},"_links":{"self":[{"href":"https:\/\/roubloff-france.fr\/Roubloff\/wp-json\/wp\/v2\/product\/350","targetHints":{"allow":["GET"]}}],"collection":[{"href":"https:\/\/roubloff-france.fr\/Roubloff\/wp-json\/wp\/v2\/product"}],"about":[{"href":"https:\/\/roubloff-france.fr\/Roubloff\/wp-json\/wp\/v2\/types\/product"}],"wp:featuredmedia":[{"embeddable":true,"href":"https:\/\/roubloff-france.fr\/Roubloff\/wp-json\/wp\/v2\/media\/110"}],"wp:attachment":[{"href":"https:\/\/roubloff-france.fr\/Roubloff\/wp-json\/wp\/v2\/media?parent=350"}],"wp:term":[{"taxonomy":"product_brand","embeddable":true,"href":"https:\/\/roubloff-france.fr\/Roubloff\/wp-json\/wp\/v2\/product_brand?post=350"},{"taxonomy":"product_cat","embeddable":true,"href":"https:\/\/roubloff-france.fr\/Roubloff\/wp-json\/wp\/v2\/product_cat?post=350"},{"taxonomy":"product_tag","embeddable":true,"href":"https:\/\/roubloff-france.fr\/Roubloff\/wp-json\/wp\/v2\/product_tag?post=350"}],"curies":[{"name":"wp","href":"https:\/\/api.w.org\/{rel}","templated":true}]}}