{"id":337,"date":"2021-12-13T09:46:55","date_gmt":"2021-12-13T08:46:55","guid":{"rendered":"https:\/\/roubloff-france.fr\/Roubloff\/?post_type=product&#038;p=337"},"modified":"2026-04-08T13:19:37","modified_gmt":"2026-04-08T11:19:37","slug":"kolinsky-1022-3","status":"publish","type":"product","link":"https:\/\/roubloff-france.fr\/Roubloff\/produit\/kolinsky-1022-3\/","title":{"rendered":"1022-3 Kolinsky &#8211; Fin de s\u00e9rie &#8211; derni\u00e8res pi\u00e8ces en vente"},"content":{"rendered":"<h2>Fin de s\u00e9rie du 1022 &#8211; derni\u00e8res pi\u00e8ces en vente &#8211; Le pinceau 1022 en poils Kolinsky naturel, avec une brosse de forme plate, est disponible dans une large gamme de taille de 2 \u00e0 20, avec un manche long laqu\u00e9 et une virole argent\u00e9e.<\/h2>\n<p>Le pinceau plat en poils Kolinsky naturel est utilis\u00e9 dans de nombreuses techniques de peinture diff\u00e9rentes.<\/p>\n<p>La virole en laiton chrom\u00e9 fixe solidement les meilleurs poils de Kolinsky tr\u00e8s doux. Le manche impr\u00e9gn\u00e9 de laque assure la long\u00e9vit\u00e9 de la brosse.<\/p>\n<p>Il peut cr\u00e9er de larges coups pr\u00e9cis avec le c\u00f4t\u00e9 plat ou des lignes fines avec son bord cisel\u00e9 fin. Utilisation possible dans les travaux d\u2019une seule traite.<\/p>\n<p>Le type de t\u00eate de brosse est con\u00e7u pour la peinture d&rsquo;architecture, repr\u00e9sentant des v\u00e9hicules de transport et des objets lin\u00e9aires<\/p>\n<p><strong>Pinceaux d&rsquo;art<\/strong><\/p>\n<ul>\n<li>Application: Aquarelle, Gouache, Huile<\/li>\n<li>Poils : Naturels &#8211; Type de poils : Kolinsky &#8211; Rigidit\u00e9 : 1<\/li>\n<li>Virole : Argent (laiton chrom\u00e9)<\/li>\n<li>Forme de la t\u00eate de brosse : Plat<\/li>\n<li>Longueur du manche : Long<\/li>\n<li>Tailles : 2, 3, 4, 6, 7, 8, 10, 12, 14, 16, 18, 20<\/li>\n<\/ul>\n<p><strong>Avantages :<\/strong><\/p>\n<ul>\n<li>Poils de haute qualit\u00e9 &#8211; Produit d&rsquo;origine<\/li>\n<li>Poils trait\u00e9s \u00e0 la main<\/li>\n<li>Kolinsky 1022<\/li>\n<\/ul>\n<hr \/>\n<p>Flat brush from pure kolinsky hair is used in many different painting techniques.<\/p>\n<p>Chrome plated brass ferrule securely fixes finest very soft kolinsky hairs. Lacquer impregnated handle provides with longevity of the brush.<\/p>\n<p>It can create broad accurate stokes with the flat side or thin lines with its fine chisel edge.<br \/>\nPossible to use in one-stroke work.<\/p>\n<p>Brush head type is designed for architecture painting, depicting of transport vehicles and linear objects<\/p>\n<p><strong>Art brushes<\/strong><\/p>\n<ul>\n<li>Application: Watercolor, Gouache, Oil<\/li>\n<li>Hair: Natural<\/li>\n<li>Hair type: Kolinsky<\/li>\n<li>Stiffness: 1<\/li>\n<li>Ferrule: Silver (chrome plated brass)<\/li>\n<li>Brush head shape: Flat<\/li>\n<li>Handle length: Long<\/li>\n<li>Sizes: 2, 3, 4, 6, 7, 8, 10, 12, 14, 16, 18, 20<\/li>\n<\/ul>\n<p><strong>Advantages:<\/strong><\/p>\n<ul>\n<li>High hair quality<\/li>\n<li>Original product<\/li>\n<li>Hair treated by hand<\/li>\n<\/ul>\n","protected":false},"excerpt":{"rendered":"<h2>Le pinceau 1022 en poils Kolinsky naturel, avec une brosse de forme plate, est disponible dans une large gamme de taille de 2 \u00e0 20, avec un manche long laqu\u00e9 et une virole argent\u00e9e.<\/h2>\n","protected":false},"featured_media":0,"template":"","meta":[],"product_brand":[],"product_cat":[395],"product_tag":[188,189,20],"class_list":{"0":"post-337","1":"product","2":"type-product","3":"status-publish","5":"product_cat-kolinsky-1022-long","6":"product_tag-188","7":"product_tag-1022-3","8":"product_tag-kolinsky","10":"first","11":"instock","12":"sale","13":"taxable","14":"shipping-taxable","15":"purchasable","16":"product-type-simple"},"yoast_head":"<!-- This site is optimized with the Yoast SEO plugin v27.3 - https:\/\/yoast.com\/product\/yoast-seo-wordpress\/ -->\n<title>1022-3 Kolinsky - Fin de s\u00e9rie - derni\u00e8res pi\u00e8ces en vente - Roubloff France - pinceaux d&#039;art<\/title>\n<meta name=\"robots\" content=\"index, follow, max-snippet:-1, max-image-preview:large, max-video-preview:-1\" \/>\n<link rel=\"canonical\" href=\"https:\/\/roubloff-france.fr\/Roubloff\/produit\/kolinsky-1022-3\/\" \/>\n<meta property=\"og:locale\" content=\"fr_FR\" \/>\n<meta property=\"og:type\" content=\"article\" \/>\n<meta property=\"og:title\" content=\"1022-3 Kolinsky - Fin de s\u00e9rie - derni\u00e8res pi\u00e8ces en vente - Roubloff France - pinceaux d&#039;art\" \/>\n<meta property=\"og:description\" content=\"Le pinceau 1022 en poils Kolinsky naturel, avec une brosse de forme plate, est disponible dans une large gamme de taille de 2 \u00e0 20, avec un manche long laqu\u00e9 et une virole argent\u00e9e.\" \/>\n<meta property=\"og:url\" content=\"https:\/\/roubloff-france.fr\/Roubloff\/produit\/kolinsky-1022-3\/\" \/>\n<meta property=\"og:site_name\" content=\"Roubloff France - pinceaux d&#039;art\" \/>\n<meta property=\"article:publisher\" content=\"https:\/\/www.instagram.com\/roubloff_france\/\" \/>\n<meta property=\"article:modified_time\" content=\"2026-04-08T11:19:37+00:00\" \/>\n<meta name=\"twitter:card\" content=\"summary_large_image\" \/>\n<meta name=\"twitter:label1\" content=\"Dur\u00e9e de lecture estim\u00e9e\" \/>\n\t<meta name=\"twitter:data1\" content=\"2 minutes\" \/>\n<script type=\"application\/ld+json\" class=\"yoast-schema-graph\">{\"@context\":\"https:\\\/\\\/schema.org\",\"@graph\":[{\"@type\":\"WebPage\",\"@id\":\"https:\\\/\\\/roubloff-france.fr\\\/Roubloff\\\/produit\\\/kolinsky-1022-3\\\/\",\"url\":\"https:\\\/\\\/roubloff-france.fr\\\/Roubloff\\\/produit\\\/kolinsky-1022-3\\\/\",\"name\":\"1022-3 Kolinsky - Fin de s\u00e9rie - derni\u00e8res pi\u00e8ces en vente - Roubloff France - pinceaux d&#039;art\",\"isPartOf\":{\"@id\":\"https:\\\/\\\/roubloff-france.fr\\\/Roubloff\\\/#website\"},\"datePublished\":\"2021-12-13T08:46:55+00:00\",\"dateModified\":\"2026-04-08T11:19:37+00:00\",\"breadcrumb\":{\"@id\":\"https:\\\/\\\/roubloff-france.fr\\\/Roubloff\\\/produit\\\/kolinsky-1022-3\\\/#breadcrumb\"},\"inLanguage\":\"fr-FR\",\"potentialAction\":[{\"@type\":\"ReadAction\",\"target\":[\"https:\\\/\\\/roubloff-france.fr\\\/Roubloff\\\/produit\\\/kolinsky-1022-3\\\/\"]}]},{\"@type\":\"BreadcrumbList\",\"@id\":\"https:\\\/\\\/roubloff-france.fr\\\/Roubloff\\\/produit\\\/kolinsky-1022-3\\\/#breadcrumb\",\"itemListElement\":[{\"@type\":\"ListItem\",\"position\":1,\"name\":\"Accueil\",\"item\":\"https:\\\/\\\/roubloff-france.fr\\\/Roubloff\\\/\"},{\"@type\":\"ListItem\",\"position\":2,\"name\":\"Les pinceaux Roubloff \u00a9 :\",\"item\":\"https:\\\/\\\/roubloff-france.fr\\\/Roubloff\\\/\"},{\"@type\":\"ListItem\",\"position\":3,\"name\":\"1022-3 Kolinsky &#8211; Fin de s\u00e9rie &#8211; derni\u00e8res pi\u00e8ces en vente\"}]},{\"@type\":\"WebSite\",\"@id\":\"https:\\\/\\\/roubloff-france.fr\\\/Roubloff\\\/#website\",\"url\":\"https:\\\/\\\/roubloff-france.fr\\\/Roubloff\\\/\",\"name\":\"Roubloff France - pinceaux d'art\",\"description\":\"Les pinceaux d&#039;art pour les artistes, \u00e9coles d&#039;art, revendeurs\",\"publisher\":{\"@id\":\"https:\\\/\\\/roubloff-france.fr\\\/Roubloff\\\/#organization\"},\"potentialAction\":[{\"@type\":\"SearchAction\",\"target\":{\"@type\":\"EntryPoint\",\"urlTemplate\":\"https:\\\/\\\/roubloff-france.fr\\\/Roubloff\\\/?s={search_term_string}\"},\"query-input\":{\"@type\":\"PropertyValueSpecification\",\"valueRequired\":true,\"valueName\":\"search_term_string\"}}],\"inLanguage\":\"fr-FR\"},{\"@type\":\"Organization\",\"@id\":\"https:\\\/\\\/roubloff-france.fr\\\/Roubloff\\\/#organization\",\"name\":\"Roubloff France - pinceaux d'art\",\"url\":\"https:\\\/\\\/roubloff-france.fr\\\/Roubloff\\\/\",\"logo\":{\"@type\":\"ImageObject\",\"inLanguage\":\"fr-FR\",\"@id\":\"https:\\\/\\\/roubloff-france.fr\\\/Roubloff\\\/#\\\/schema\\\/logo\\\/image\\\/\",\"url\":\"https:\\\/\\\/roubloff-france.fr\\\/Roubloff\\\/wp-content\\\/uploads\\\/2022\\\/01\\\/cropped-Logo-Roubloff-Rouge-avec-filet-blanc-250-p.png\",\"contentUrl\":\"https:\\\/\\\/roubloff-france.fr\\\/Roubloff\\\/wp-content\\\/uploads\\\/2022\\\/01\\\/cropped-Logo-Roubloff-Rouge-avec-filet-blanc-250-p.png\",\"width\":261,\"height\":57,\"caption\":\"Roubloff France - pinceaux d'art\"},\"image\":{\"@id\":\"https:\\\/\\\/roubloff-france.fr\\\/Roubloff\\\/#\\\/schema\\\/logo\\\/image\\\/\"},\"sameAs\":[\"https:\\\/\\\/www.instagram.com\\\/roubloff_france\\\/\"]}]}<\/script>\n<!-- \/ Yoast SEO plugin. -->","yoast_head_json":{"title":"1022-3 Kolinsky - Fin de s\u00e9rie - derni\u00e8res pi\u00e8ces en vente - Roubloff France - pinceaux d&#039;art","robots":{"index":"index","follow":"follow","max-snippet":"max-snippet:-1","max-image-preview":"max-image-preview:large","max-video-preview":"max-video-preview:-1"},"canonical":"https:\/\/roubloff-france.fr\/Roubloff\/produit\/kolinsky-1022-3\/","og_locale":"fr_FR","og_type":"article","og_title":"1022-3 Kolinsky - Fin de s\u00e9rie - derni\u00e8res pi\u00e8ces en vente - Roubloff France - pinceaux d&#039;art","og_description":"Le pinceau 1022 en poils Kolinsky naturel, avec une brosse de forme plate, est disponible dans une large gamme de taille de 2 \u00e0 20, avec un manche long laqu\u00e9 et une virole argent\u00e9e.","og_url":"https:\/\/roubloff-france.fr\/Roubloff\/produit\/kolinsky-1022-3\/","og_site_name":"Roubloff France - pinceaux d&#039;art","article_publisher":"https:\/\/www.instagram.com\/roubloff_france\/","article_modified_time":"2026-04-08T11:19:37+00:00","twitter_card":"summary_large_image","twitter_misc":{"Dur\u00e9e de lecture estim\u00e9e":"2 minutes"},"schema":{"@context":"https:\/\/schema.org","@graph":[{"@type":"WebPage","@id":"https:\/\/roubloff-france.fr\/Roubloff\/produit\/kolinsky-1022-3\/","url":"https:\/\/roubloff-france.fr\/Roubloff\/produit\/kolinsky-1022-3\/","name":"1022-3 Kolinsky - Fin de s\u00e9rie - derni\u00e8res pi\u00e8ces en vente - Roubloff France - pinceaux d&#039;art","isPartOf":{"@id":"https:\/\/roubloff-france.fr\/Roubloff\/#website"},"datePublished":"2021-12-13T08:46:55+00:00","dateModified":"2026-04-08T11:19:37+00:00","breadcrumb":{"@id":"https:\/\/roubloff-france.fr\/Roubloff\/produit\/kolinsky-1022-3\/#breadcrumb"},"inLanguage":"fr-FR","potentialAction":[{"@type":"ReadAction","target":["https:\/\/roubloff-france.fr\/Roubloff\/produit\/kolinsky-1022-3\/"]}]},{"@type":"BreadcrumbList","@id":"https:\/\/roubloff-france.fr\/Roubloff\/produit\/kolinsky-1022-3\/#breadcrumb","itemListElement":[{"@type":"ListItem","position":1,"name":"Accueil","item":"https:\/\/roubloff-france.fr\/Roubloff\/"},{"@type":"ListItem","position":2,"name":"Les pinceaux Roubloff \u00a9 :","item":"https:\/\/roubloff-france.fr\/Roubloff\/"},{"@type":"ListItem","position":3,"name":"1022-3 Kolinsky &#8211; Fin de s\u00e9rie &#8211; derni\u00e8res pi\u00e8ces en vente"}]},{"@type":"WebSite","@id":"https:\/\/roubloff-france.fr\/Roubloff\/#website","url":"https:\/\/roubloff-france.fr\/Roubloff\/","name":"Roubloff France - pinceaux d'art","description":"Les pinceaux d&#039;art pour les artistes, \u00e9coles d&#039;art, revendeurs","publisher":{"@id":"https:\/\/roubloff-france.fr\/Roubloff\/#organization"},"potentialAction":[{"@type":"SearchAction","target":{"@type":"EntryPoint","urlTemplate":"https:\/\/roubloff-france.fr\/Roubloff\/?s={search_term_string}"},"query-input":{"@type":"PropertyValueSpecification","valueRequired":true,"valueName":"search_term_string"}}],"inLanguage":"fr-FR"},{"@type":"Organization","@id":"https:\/\/roubloff-france.fr\/Roubloff\/#organization","name":"Roubloff France - pinceaux d'art","url":"https:\/\/roubloff-france.fr\/Roubloff\/","logo":{"@type":"ImageObject","inLanguage":"fr-FR","@id":"https:\/\/roubloff-france.fr\/Roubloff\/#\/schema\/logo\/image\/","url":"https:\/\/roubloff-france.fr\/Roubloff\/wp-content\/uploads\/2022\/01\/cropped-Logo-Roubloff-Rouge-avec-filet-blanc-250-p.png","contentUrl":"https:\/\/roubloff-france.fr\/Roubloff\/wp-content\/uploads\/2022\/01\/cropped-Logo-Roubloff-Rouge-avec-filet-blanc-250-p.png","width":261,"height":57,"caption":"Roubloff France - pinceaux d'art"},"image":{"@id":"https:\/\/roubloff-france.fr\/Roubloff\/#\/schema\/logo\/image\/"},"sameAs":["https:\/\/www.instagram.com\/roubloff_france\/"]}]}},"_links":{"self":[{"href":"https:\/\/roubloff-france.fr\/Roubloff\/wp-json\/wp\/v2\/product\/337","targetHints":{"allow":["GET"]}}],"collection":[{"href":"https:\/\/roubloff-france.fr\/Roubloff\/wp-json\/wp\/v2\/product"}],"about":[{"href":"https:\/\/roubloff-france.fr\/Roubloff\/wp-json\/wp\/v2\/types\/product"}],"wp:attachment":[{"href":"https:\/\/roubloff-france.fr\/Roubloff\/wp-json\/wp\/v2\/media?parent=337"}],"wp:term":[{"taxonomy":"product_brand","embeddable":true,"href":"https:\/\/roubloff-france.fr\/Roubloff\/wp-json\/wp\/v2\/product_brand?post=337"},{"taxonomy":"product_cat","embeddable":true,"href":"https:\/\/roubloff-france.fr\/Roubloff\/wp-json\/wp\/v2\/product_cat?post=337"},{"taxonomy":"product_tag","embeddable":true,"href":"https:\/\/roubloff-france.fr\/Roubloff\/wp-json\/wp\/v2\/product_tag?post=337"}],"curies":[{"name":"wp","href":"https:\/\/api.w.org\/{rel}","templated":true}]}}