{"id":304,"date":"2021-10-07T08:15:51","date_gmt":"2021-10-07T06:15:51","guid":{"rendered":"https:\/\/roubloff-france.fr\/Roubloff\/?post_type=product&#038;p=304"},"modified":"2025-01-30T15:48:31","modified_gmt":"2025-01-30T14:48:31","slug":"premium-squirrel-round-5","status":"publish","type":"product","link":"https:\/\/roubloff-france.fr\/Roubloff\/produit\/premium-squirrel-round-5\/","title":{"rendered":"Premium Squirrel Round 5"},"content":{"rendered":"<p><strong>Le pinceau Premium Squirrel Round de forme ronde en poils de petit gris tendres, est disponible en taille 2, 3, 4, 5, 6, 7, 8, 9 et 10. Il est dot\u00e9 d\u2019un manche en bois court et l\u00e9ger est confortable et les poils de la brosse sont solidement fix\u00e9s dans une virole argent\u00e9e (laiton chrom\u00e9).<\/strong><\/p>\n<p style=\"padding-left: 40px;\">Les pinceaux ronds en poils d&rsquo;\u00e9cureuil tendres sont utilis\u00e9s dans de nombreux types de peintures.<\/p>\n<p style=\"padding-left: 40px;\">Cette s\u00e9rie de pinceaux est con\u00e7ue de mani\u00e8re experte pour \u00eatre utilis\u00e9e avec l&rsquo;aquarelle.<\/p>\n<p style=\"padding-left: 40px;\">Cette s\u00e9rie de pinceaux est pr\u00e9visible et responsable gr\u00e2ce \u00e0 sa longueur plus longue, ses poils naturels doux et sa pointe fine et pr\u00e9cise.<\/p>\n<p style=\"padding-left: 40px;\">Les propri\u00e9t\u00e9s naturelles des poils d&rsquo;\u00e9cureuil rendent les brosses plus pr\u00e9visibles du point de vue de l&rsquo;absorption d&rsquo;eau.<\/p>\n<p style=\"padding-left: 40px;\">Ces pinceaux pointus avec pr\u00e9cision sont parfaits pour les d\u00e9tails fins.<\/p>\n<p style=\"padding-left: 40px;\">Les excellentes qualit\u00e9s d&rsquo;absorption d&rsquo;eau des pinceaux seront utiles \u00e0 tout artiste pour \u00e9liminer l&rsquo;exc\u00e8s d&rsquo;humidit\u00e9 de la feuille.<\/p>\n<p style=\"padding-left: 40px;\">Cette s\u00e9rie de pinceaux ronds \u00ab\u00a0Premium\u00a0\u00bb est id\u00e9ale pour le glacis, car le pinceau ne lave pas les premi\u00e8res couches de peinture, n&rsquo;endommage pas la feuille et ne laisse pas de traces.<\/p>\n<p style=\"padding-left: 40px;\">Le manche en bois court et l\u00e9ger est confortable en action et les poils de la brosse sont solidement fix\u00e9s dans une virole laqu\u00e9e r\u00e9sistante.<\/p>\n<p><strong>Pinceaux d&rsquo;art<\/strong><\/p>\n<ul>\n<li>Application: aquarelle<\/li>\n<li>Poils : naturels<\/li>\n<li>Type de poils : Petit gris &#8211; \u00e9cureuil<\/li>\n<li>Rigidit\u00e9 : 0<\/li>\n<li>Virole : argent (laiton chrom\u00e9)<\/li>\n<li>Forme de la t\u00eate de brosse : ronde<\/li>\n<li>Longueur du manche : court<\/li>\n<li>Tailles : 2, 3, 4, 5, 6, 7, 8, 9, 10<\/li>\n<\/ul>\n<p><strong>Avantages :<\/strong><\/p>\n<ul>\n<li>Haute qualit\u00e9 des poils<\/li>\n<li>Mat\u00e9riaux de haute qualit\u00e9<\/li>\n<li>Pour les professionnels<\/li>\n<\/ul>\n<hr \/>\n<p><strong>Roubloff premium Squirrel Round n\u00b05<\/strong><\/p>\n<p style=\"padding-left: 40px;\">Round brushes made of tender squirrel hair are used in many types of paintings.<\/p>\n<p style=\"padding-left: 40px;\">This brush series is expertly crafted to be used with watercolour.<\/p>\n<p style=\"padding-left: 40px;\">This brush series is predictable and responsible thanks to its longer length-out, soft natural hair and precise fine point.<\/p>\n<p style=\"padding-left: 40px;\">Natural properties of squirrel hair make brushes more predictable from the point of water absorption. These precisely pointed brushes are ideal for fine detailing.<\/p>\n<p style=\"padding-left: 40px;\">Excellent water-absorbing qualities of the brushes will be useful for any artist to remove excess moisture from the sheet.<\/p>\n<p style=\"padding-left: 40px;\">This round \u201cPremium\u201d brush series is ideal for glazing, as the brush does not wash off the first layers of paint, does not damage the sheet and does not leave streaks.<\/p>\n<p style=\"padding-left: 40px;\">Short and light wooden handle is comfortable in action and brush hair is tightly secured in resilient, lacquered ferrule.<\/p>\n<p style=\"padding-left: 80px;\"><strong>Art brushes<\/strong><\/p>\n<ul>\n<li style=\"list-style-type: none;\">\n<ul>\n<li style=\"list-style-type: none;\">\n<ul>\n<li>Application: Watercolor<\/li>\n<li>Hair: Natural<\/li>\n<li>Hair type: Squirrel<\/li>\n<li>Stiffness: 0<\/li>\n<li>Ferrule: Silver (chrome plated brass)<\/li>\n<li>Brush head shape: Round<\/li>\n<li>Handle length: Short<\/li>\n<li>Sizes : 2, 3, 4, 5, 6, 7, 8, 9, 10<\/li>\n<\/ul>\n<\/li>\n<\/ul>\n<\/li>\n<\/ul>\n<p style=\"padding-left: 80px;\"><strong>Advantages:<\/strong><\/p>\n<ul>\n<li style=\"list-style-type: none;\">\n<ul>\n<li style=\"list-style-type: none;\">\n<ul>\n<li>High hair quality<\/li>\n<li>Materials of high quality<\/li>\n<li>For professionals<\/li>\n<\/ul>\n<\/li>\n<\/ul>\n<\/li>\n<\/ul>\n","protected":false},"excerpt":{"rendered":"<p>Le pinceau Premium Squirrel Round de forme ronde en poils de petit gris tendres, est disponible en taille 2, 3, 4, 5, 6, 7, 8, 9 et 10. Il est dot\u00e9 d\u2019un manche en bois court et l\u00e9ger est confortable et les poils de la brosse sont solidement fix\u00e9s dans une virole argent\u00e9e (laiton chrom\u00e9). [&hellip;]<\/p>\n","protected":false},"featured_media":0,"template":"","meta":[],"product_brand":[],"product_cat":[231],"product_tag":[],"class_list":{"0":"post-304","1":"product","2":"type-product","3":"status-publish","5":"product_cat-premium-squirrel","7":"first","8":"instock","9":"taxable","10":"shipping-taxable","11":"purchasable","12":"product-type-simple"},"yoast_head":"<!-- This site is optimized with the Yoast SEO plugin v27.3 - https:\/\/yoast.com\/product\/yoast-seo-wordpress\/ -->\n<title>Premium Squirrel Round 5 - Roubloff France - pinceaux d&#039;art<\/title>\n<meta name=\"robots\" content=\"index, follow, max-snippet:-1, max-image-preview:large, max-video-preview:-1\" \/>\n<link rel=\"canonical\" href=\"https:\/\/roubloff-france.fr\/Roubloff\/produit\/premium-squirrel-round-5\/\" \/>\n<meta property=\"og:locale\" content=\"fr_FR\" \/>\n<meta property=\"og:type\" content=\"article\" \/>\n<meta property=\"og:title\" content=\"Premium Squirrel Round 5 - Roubloff France - pinceaux d&#039;art\" \/>\n<meta property=\"og:description\" content=\"Le pinceau Premium Squirrel Round de forme ronde en poils de petit gris tendres, est disponible en taille 2, 3, 4, 5, 6, 7, 8, 9 et 10. Il est dot\u00e9 d\u2019un manche en bois court et l\u00e9ger est confortable et les poils de la brosse sont solidement fix\u00e9s dans une virole argent\u00e9e (laiton chrom\u00e9). [&hellip;]\" \/>\n<meta property=\"og:url\" content=\"https:\/\/roubloff-france.fr\/Roubloff\/produit\/premium-squirrel-round-5\/\" \/>\n<meta property=\"og:site_name\" content=\"Roubloff France - pinceaux d&#039;art\" \/>\n<meta property=\"article:publisher\" content=\"https:\/\/www.instagram.com\/roubloff_france\/\" \/>\n<meta property=\"article:modified_time\" content=\"2025-01-30T14:48:31+00:00\" \/>\n<meta name=\"twitter:card\" content=\"summary_large_image\" \/>\n<meta name=\"twitter:label1\" content=\"Dur\u00e9e de lecture estim\u00e9e\" \/>\n\t<meta name=\"twitter:data1\" content=\"2 minutes\" \/>\n<script type=\"application\/ld+json\" class=\"yoast-schema-graph\">{\"@context\":\"https:\\\/\\\/schema.org\",\"@graph\":[{\"@type\":\"WebPage\",\"@id\":\"https:\\\/\\\/roubloff-france.fr\\\/Roubloff\\\/produit\\\/premium-squirrel-round-5\\\/\",\"url\":\"https:\\\/\\\/roubloff-france.fr\\\/Roubloff\\\/produit\\\/premium-squirrel-round-5\\\/\",\"name\":\"Premium Squirrel Round 5 - Roubloff France - pinceaux d&#039;art\",\"isPartOf\":{\"@id\":\"https:\\\/\\\/roubloff-france.fr\\\/Roubloff\\\/#website\"},\"datePublished\":\"2021-10-07T06:15:51+00:00\",\"dateModified\":\"2025-01-30T14:48:31+00:00\",\"breadcrumb\":{\"@id\":\"https:\\\/\\\/roubloff-france.fr\\\/Roubloff\\\/produit\\\/premium-squirrel-round-5\\\/#breadcrumb\"},\"inLanguage\":\"fr-FR\",\"potentialAction\":[{\"@type\":\"ReadAction\",\"target\":[\"https:\\\/\\\/roubloff-france.fr\\\/Roubloff\\\/produit\\\/premium-squirrel-round-5\\\/\"]}]},{\"@type\":\"BreadcrumbList\",\"@id\":\"https:\\\/\\\/roubloff-france.fr\\\/Roubloff\\\/produit\\\/premium-squirrel-round-5\\\/#breadcrumb\",\"itemListElement\":[{\"@type\":\"ListItem\",\"position\":1,\"name\":\"Accueil\",\"item\":\"https:\\\/\\\/roubloff-france.fr\\\/Roubloff\\\/\"},{\"@type\":\"ListItem\",\"position\":2,\"name\":\"Les pinceaux Roubloff \u00a9 :\",\"item\":\"https:\\\/\\\/roubloff-france.fr\\\/Roubloff\\\/\"},{\"@type\":\"ListItem\",\"position\":3,\"name\":\"Premium Squirrel Round 5\"}]},{\"@type\":\"WebSite\",\"@id\":\"https:\\\/\\\/roubloff-france.fr\\\/Roubloff\\\/#website\",\"url\":\"https:\\\/\\\/roubloff-france.fr\\\/Roubloff\\\/\",\"name\":\"Roubloff France - pinceaux d'art\",\"description\":\"Les pinceaux d&#039;art pour les artistes, \u00e9coles d&#039;art, revendeurs\",\"publisher\":{\"@id\":\"https:\\\/\\\/roubloff-france.fr\\\/Roubloff\\\/#organization\"},\"potentialAction\":[{\"@type\":\"SearchAction\",\"target\":{\"@type\":\"EntryPoint\",\"urlTemplate\":\"https:\\\/\\\/roubloff-france.fr\\\/Roubloff\\\/?s={search_term_string}\"},\"query-input\":{\"@type\":\"PropertyValueSpecification\",\"valueRequired\":true,\"valueName\":\"search_term_string\"}}],\"inLanguage\":\"fr-FR\"},{\"@type\":\"Organization\",\"@id\":\"https:\\\/\\\/roubloff-france.fr\\\/Roubloff\\\/#organization\",\"name\":\"Roubloff France - pinceaux d'art\",\"url\":\"https:\\\/\\\/roubloff-france.fr\\\/Roubloff\\\/\",\"logo\":{\"@type\":\"ImageObject\",\"inLanguage\":\"fr-FR\",\"@id\":\"https:\\\/\\\/roubloff-france.fr\\\/Roubloff\\\/#\\\/schema\\\/logo\\\/image\\\/\",\"url\":\"https:\\\/\\\/roubloff-france.fr\\\/Roubloff\\\/wp-content\\\/uploads\\\/2022\\\/01\\\/cropped-Logo-Roubloff-Rouge-avec-filet-blanc-250-p.png\",\"contentUrl\":\"https:\\\/\\\/roubloff-france.fr\\\/Roubloff\\\/wp-content\\\/uploads\\\/2022\\\/01\\\/cropped-Logo-Roubloff-Rouge-avec-filet-blanc-250-p.png\",\"width\":261,\"height\":57,\"caption\":\"Roubloff France - pinceaux d'art\"},\"image\":{\"@id\":\"https:\\\/\\\/roubloff-france.fr\\\/Roubloff\\\/#\\\/schema\\\/logo\\\/image\\\/\"},\"sameAs\":[\"https:\\\/\\\/www.instagram.com\\\/roubloff_france\\\/\"]}]}<\/script>\n<!-- \/ Yoast SEO plugin. -->","yoast_head_json":{"title":"Premium Squirrel Round 5 - Roubloff France - pinceaux d&#039;art","robots":{"index":"index","follow":"follow","max-snippet":"max-snippet:-1","max-image-preview":"max-image-preview:large","max-video-preview":"max-video-preview:-1"},"canonical":"https:\/\/roubloff-france.fr\/Roubloff\/produit\/premium-squirrel-round-5\/","og_locale":"fr_FR","og_type":"article","og_title":"Premium Squirrel Round 5 - Roubloff France - pinceaux d&#039;art","og_description":"Le pinceau Premium Squirrel Round de forme ronde en poils de petit gris tendres, est disponible en taille 2, 3, 4, 5, 6, 7, 8, 9 et 10. Il est dot\u00e9 d\u2019un manche en bois court et l\u00e9ger est confortable et les poils de la brosse sont solidement fix\u00e9s dans une virole argent\u00e9e (laiton chrom\u00e9). [&hellip;]","og_url":"https:\/\/roubloff-france.fr\/Roubloff\/produit\/premium-squirrel-round-5\/","og_site_name":"Roubloff France - pinceaux d&#039;art","article_publisher":"https:\/\/www.instagram.com\/roubloff_france\/","article_modified_time":"2025-01-30T14:48:31+00:00","twitter_card":"summary_large_image","twitter_misc":{"Dur\u00e9e de lecture estim\u00e9e":"2 minutes"},"schema":{"@context":"https:\/\/schema.org","@graph":[{"@type":"WebPage","@id":"https:\/\/roubloff-france.fr\/Roubloff\/produit\/premium-squirrel-round-5\/","url":"https:\/\/roubloff-france.fr\/Roubloff\/produit\/premium-squirrel-round-5\/","name":"Premium Squirrel Round 5 - Roubloff France - pinceaux d&#039;art","isPartOf":{"@id":"https:\/\/roubloff-france.fr\/Roubloff\/#website"},"datePublished":"2021-10-07T06:15:51+00:00","dateModified":"2025-01-30T14:48:31+00:00","breadcrumb":{"@id":"https:\/\/roubloff-france.fr\/Roubloff\/produit\/premium-squirrel-round-5\/#breadcrumb"},"inLanguage":"fr-FR","potentialAction":[{"@type":"ReadAction","target":["https:\/\/roubloff-france.fr\/Roubloff\/produit\/premium-squirrel-round-5\/"]}]},{"@type":"BreadcrumbList","@id":"https:\/\/roubloff-france.fr\/Roubloff\/produit\/premium-squirrel-round-5\/#breadcrumb","itemListElement":[{"@type":"ListItem","position":1,"name":"Accueil","item":"https:\/\/roubloff-france.fr\/Roubloff\/"},{"@type":"ListItem","position":2,"name":"Les pinceaux Roubloff \u00a9 :","item":"https:\/\/roubloff-france.fr\/Roubloff\/"},{"@type":"ListItem","position":3,"name":"Premium Squirrel Round 5"}]},{"@type":"WebSite","@id":"https:\/\/roubloff-france.fr\/Roubloff\/#website","url":"https:\/\/roubloff-france.fr\/Roubloff\/","name":"Roubloff France - pinceaux d'art","description":"Les pinceaux d&#039;art pour les artistes, \u00e9coles d&#039;art, revendeurs","publisher":{"@id":"https:\/\/roubloff-france.fr\/Roubloff\/#organization"},"potentialAction":[{"@type":"SearchAction","target":{"@type":"EntryPoint","urlTemplate":"https:\/\/roubloff-france.fr\/Roubloff\/?s={search_term_string}"},"query-input":{"@type":"PropertyValueSpecification","valueRequired":true,"valueName":"search_term_string"}}],"inLanguage":"fr-FR"},{"@type":"Organization","@id":"https:\/\/roubloff-france.fr\/Roubloff\/#organization","name":"Roubloff France - pinceaux d'art","url":"https:\/\/roubloff-france.fr\/Roubloff\/","logo":{"@type":"ImageObject","inLanguage":"fr-FR","@id":"https:\/\/roubloff-france.fr\/Roubloff\/#\/schema\/logo\/image\/","url":"https:\/\/roubloff-france.fr\/Roubloff\/wp-content\/uploads\/2022\/01\/cropped-Logo-Roubloff-Rouge-avec-filet-blanc-250-p.png","contentUrl":"https:\/\/roubloff-france.fr\/Roubloff\/wp-content\/uploads\/2022\/01\/cropped-Logo-Roubloff-Rouge-avec-filet-blanc-250-p.png","width":261,"height":57,"caption":"Roubloff France - pinceaux d'art"},"image":{"@id":"https:\/\/roubloff-france.fr\/Roubloff\/#\/schema\/logo\/image\/"},"sameAs":["https:\/\/www.instagram.com\/roubloff_france\/"]}]}},"_links":{"self":[{"href":"https:\/\/roubloff-france.fr\/Roubloff\/wp-json\/wp\/v2\/product\/304","targetHints":{"allow":["GET"]}}],"collection":[{"href":"https:\/\/roubloff-france.fr\/Roubloff\/wp-json\/wp\/v2\/product"}],"about":[{"href":"https:\/\/roubloff-france.fr\/Roubloff\/wp-json\/wp\/v2\/types\/product"}],"wp:attachment":[{"href":"https:\/\/roubloff-france.fr\/Roubloff\/wp-json\/wp\/v2\/media?parent=304"}],"wp:term":[{"taxonomy":"product_brand","embeddable":true,"href":"https:\/\/roubloff-france.fr\/Roubloff\/wp-json\/wp\/v2\/product_brand?post=304"},{"taxonomy":"product_cat","embeddable":true,"href":"https:\/\/roubloff-france.fr\/Roubloff\/wp-json\/wp\/v2\/product_cat?post=304"},{"taxonomy":"product_tag","embeddable":true,"href":"https:\/\/roubloff-france.fr\/Roubloff\/wp-json\/wp\/v2\/product_tag?post=304"}],"curies":[{"name":"wp","href":"https:\/\/api.w.org\/{rel}","templated":true}]}}