{"id":299,"date":"2021-09-29T10:26:56","date_gmt":"2021-09-29T08:26:56","guid":{"rendered":"https:\/\/roubloff-france.fr\/Roubloff\/?post_type=product&#038;p=299"},"modified":"2026-03-07T23:20:47","modified_gmt":"2026-03-07T22:20:47","slug":"coffret-miniatures-n7-assortiment-de-quatre-pinceaux-de-precision","status":"publish","type":"product","link":"https:\/\/roubloff-france.fr\/Roubloff\/produit\/coffret-miniatures-n7-assortiment-de-quatre-pinceaux-de-precision\/","title":{"rendered":"Miniature \u2116  7 : quatre pinceaux essentiels pour la peinture de miniatures &#8211; Roubloff"},"content":{"rendered":"<h2>Ensemble de quatre pinceaux essentiels pour la peinture de miniatures monoblocs et modulaires.<\/h2>\n<p>Ces pinceaux vous permettent de travailler diff\u00e9rentes techniques avec diff\u00e9rents mat\u00e9riaux.<\/p>\n<p>Les embouts en aluminium anodis\u00e9 emp\u00eachent les poils de se casser ou de tomber, ce qui est important lorsque vous travaillez avec de petites pi\u00e8ces.<\/p>\n<p>Afin de faciliter la prise en main des pinceaux, le manche est partiellement peint.<\/p>\n<p>En outre, le manche l\u00e9ger et sans couture a une forme \u00e9paissie pour plus de confort lorsque vous travaillez avec des brosses pendant une longue p\u00e9riode.<\/p>\n<p>D&rsquo;autre part, un bord pointu du manche peut \u00eatre utilis\u00e9 pour des corrections de motifs ou comme une spatule.<\/p>\n<p class=\"p1\">Le set comprend :<\/p>\n<ul>\n<li><strong>S4 \u211600 \u2013 le pinceau \u00e0 rayer en imitation Kolinsky<\/strong> diminue la tension de la main lorsque vous travaillez avec une miniature, comme peindre les yeux d&rsquo;une poup\u00e9e ou tracer les sourcils ;<\/li>\n<li><strong>K1 \u21160 &#8211; le pinceau rond de Kolinsky<\/strong> fonctionne parfaitement avec la peinture, permet une application pr\u00e9cise et uniforme de la peinture, m\u00eame sur les zones difficiles ;<\/li>\n<li><strong>S1 \u21161 pinceau rond imitation Kolinsky e<\/strong>st optimal pour la technique en filigrane et les motifs de points ;<\/li>\n<li><strong>S2 \u21162 &#8211; le pinceau plat d&rsquo;imitation Kolinsky<\/strong> est excellent pour colorer de grandes surfaces sur des mod\u00e8les en plastique, ainsi que pour les coller; il glisse bien sur la surface et donne un r\u00e9sultat magnifique.<\/li>\n<\/ul>\n<p><strong>Pinceaux d&rsquo;art<\/strong><\/p>\n<ul>\n<li>Application : Pour la peinture miniature, Coffrets cadeaux<\/li>\n<li>Virole : Or (aluminium anodis\u00e9)<\/li>\n<li>Forme de la t\u00eate de brosse : Rond, Doublure, Plat<\/li>\n<li>Longueur du manche : Court<\/li>\n<\/ul>\n<p><strong>Avantages :<\/strong><\/p>\n<ul>\n<li>Pratique \u00e0 emporter<\/li>\n<li>Les brosses les plus n\u00e9cessaires dans un seul ensemble<\/li>\n<li>Convient pour le stockage et le transport<\/li>\n<\/ul>\n<hr \/>\n<h1>Set \u00ab\u00a0Miniature\u00a0\u00bb No 7<\/h1>\n<p>Set of 4 basic brushes. Essential for painting miniatures and collapsible models.<\/p>\n<p>These brushes let you work in different techniques with various materials.<\/p>\n<p>Anodized aluminum ferrules prevent the hair from breakage orfalling out, which is important while working with small parts.<\/p>\n<p>In order to make the brushes easier to hold, the handle is painted partially. Besides, the light and seamless handle has a thickened shape to provide comfort when working with brushes for a long time.<\/p>\n<p>On the other hand, a pointed edge of the handle can be used for pattern corrections or as a spatula.<\/p>\n<p><strong>The set includes:<\/strong><\/p>\n<ul>\n<li><strong>S4 \u211600 \u2013striper-brush made of kolinsky imitation<\/strong> lessens hand tension when working with a miniature, such as painting the eyes of a doll or lining eyebrows;<\/li>\n<li><strong>K1 \u21160 &#8211; round brush from kolinsky<\/strong> works perfectly with paint, provides accurate and even application of paint even on difficult areas;<\/li>\n<li>S<strong>1 \u21161-round brush with a shorterlength-outfromkolinsky imitation<\/strong> is optimal for filigree technique and dot patterns;<\/li>\n<li><strong>S2 \u21162 &#8211; flat brush fromkolinsky<\/strong> imitation is excellent for coloring large areas on plastic models, as well as for gluing them; it slides over the surface well and provides an wonderful result.<\/li>\n<\/ul>\n<p><strong>Art brushes<\/strong><\/p>\n<ul>\n<li>Application: For miniature painting,Gift sets<\/li>\n<li>Ferrule: Gold (anodized aluminum)<\/li>\n<li>Brush head shape: Round,Liner,Flat<\/li>\n<li>Handle length: Short<\/li>\n<\/ul>\n<p><strong>Advantages:<\/strong><\/p>\n<ul>\n<li>Convenient to bring along<\/li>\n<li>The most necessary brushes in one set<\/li>\n<li>Suitable for storing and transportation<\/li>\n<\/ul>\n","protected":false},"excerpt":{"rendered":"<div>Miniature : ensemble de quatre pinceaux essentiels pour la peinture de miniatures. Le set comprend :<\/div>\n<div>\u2022 S4 No.00 \u2013 pinceau striper en fibres synth\u00e9tiques,<\/div>\n<div>\u2022 K1 No.0 \u2013 pinceau rond en martre kolinsky naturelle,<\/div>\n<div>\u2022 S1 No.1 \u2013 pinceau rond \u00e0 virole courte en imitation de martre kolinsky,<\/div>\n<div>\u2022 S2 No.2 \u2013 pinceau plat en imitation de martre kolinsky.<\/div>\n","protected":false},"featured_media":697,"template":"","meta":[],"product_brand":[319],"product_cat":[354,272],"product_tag":[284,277,274,275,280,281,283,279,43,276,278,273,157,282],"class_list":{"0":"post-299","1":"product","2":"type-product","3":"status-publish","4":"has-post-thumbnail","6":"product_brand-roubloff","7":"product_cat-ensemble-de-4-pinceaux-indispensables","8":"product_cat-pinceaux-pour-peinture-de-miniatures","9":"product_tag-coffrets-cadeaux","10":"product_tag-imitation-de-martre-kolinsky","11":"product_tag-k1","12":"product_tag-martre-kolinsky-naturelle","13":"product_tag-miniatures","14":"product_tag-peindre-les-yeux-dune-poupee","15":"product_tag-peinture-miniature","16":"product_tag-pinceaux","17":"product_tag-pinceaux-dart","18":"product_tag-s1","19":"product_tag-s2","20":"product_tag-s4","21":"product_tag-synthetiques","22":"product_tag-tracer-les-sourcils","24":"first","25":"outofstock","26":"sold-individually","27":"taxable","28":"shipping-taxable","29":"purchasable","30":"product-type-simple"},"yoast_head":"<!-- This site is optimized with the Yoast SEO plugin v27.3 - https:\/\/yoast.com\/product\/yoast-seo-wordpress\/ -->\n<title>Miniature \u2116 7 : quatre pinceaux essentiels pour la peinture de miniatures - Roubloff - Roubloff France - pinceaux d&#039;art<\/title>\n<meta name=\"robots\" content=\"index, follow, max-snippet:-1, max-image-preview:large, max-video-preview:-1\" \/>\n<link rel=\"canonical\" href=\"https:\/\/roubloff-france.fr\/Roubloff\/produit\/coffret-miniatures-n7-assortiment-de-quatre-pinceaux-de-precision\/\" \/>\n<meta property=\"og:locale\" content=\"fr_FR\" \/>\n<meta property=\"og:type\" content=\"article\" \/>\n<meta property=\"og:title\" content=\"Miniature \u2116 7 : quatre pinceaux essentiels pour la peinture de miniatures - Roubloff - Roubloff France - pinceaux d&#039;art\" \/>\n<meta property=\"og:description\" content=\"Miniature : ensemble de quatre pinceaux essentiels pour la peinture de miniatures. Le set comprend : \u2022 S4 No.00 \u2013 pinceau striper en fibres synth\u00e9tiques, \u2022 K1 No.0 \u2013 pinceau rond en martre kolinsky naturelle, \u2022 S1 No.1 \u2013 pinceau rond \u00e0 virole courte en imitation de martre kolinsky, \u2022 S2 No.2 \u2013 pinceau plat en imitation de martre kolinsky.\" \/>\n<meta property=\"og:url\" content=\"https:\/\/roubloff-france.fr\/Roubloff\/produit\/coffret-miniatures-n7-assortiment-de-quatre-pinceaux-de-precision\/\" \/>\n<meta property=\"og:site_name\" content=\"Roubloff France - pinceaux d&#039;art\" \/>\n<meta property=\"article:publisher\" content=\"https:\/\/www.instagram.com\/roubloff_france\/\" \/>\n<meta property=\"article:modified_time\" content=\"2026-03-07T22:20:47+00:00\" \/>\n<meta property=\"og:image\" content=\"http:\/\/roubloff-france.fr\/Roubloff\/wp-content\/uploads\/2021\/09\/\u041c\u0438\u043d\u0438\u0430\u0442\u044e\u0440\u0430_1.jpg\" \/>\n\t<meta property=\"og:image:width\" content=\"900\" \/>\n\t<meta property=\"og:image:height\" content=\"1000\" \/>\n\t<meta property=\"og:image:type\" content=\"image\/jpeg\" \/>\n<meta name=\"twitter:card\" content=\"summary_large_image\" \/>\n<meta name=\"twitter:label1\" content=\"Dur\u00e9e de lecture estim\u00e9e\" \/>\n\t<meta name=\"twitter:data1\" content=\"3 minutes\" \/>\n<script type=\"application\/ld+json\" class=\"yoast-schema-graph\">{\"@context\":\"https:\\\/\\\/schema.org\",\"@graph\":[{\"@type\":\"WebPage\",\"@id\":\"https:\\\/\\\/roubloff-france.fr\\\/Roubloff\\\/produit\\\/coffret-miniatures-n7-assortiment-de-quatre-pinceaux-de-precision\\\/\",\"url\":\"https:\\\/\\\/roubloff-france.fr\\\/Roubloff\\\/produit\\\/coffret-miniatures-n7-assortiment-de-quatre-pinceaux-de-precision\\\/\",\"name\":\"Miniature \u2116 7 : quatre pinceaux essentiels pour la peinture de miniatures - Roubloff - Roubloff France - pinceaux d&#039;art\",\"isPartOf\":{\"@id\":\"https:\\\/\\\/roubloff-france.fr\\\/Roubloff\\\/#website\"},\"primaryImageOfPage\":{\"@id\":\"https:\\\/\\\/roubloff-france.fr\\\/Roubloff\\\/produit\\\/coffret-miniatures-n7-assortiment-de-quatre-pinceaux-de-precision\\\/#primaryimage\"},\"image\":{\"@id\":\"https:\\\/\\\/roubloff-france.fr\\\/Roubloff\\\/produit\\\/coffret-miniatures-n7-assortiment-de-quatre-pinceaux-de-precision\\\/#primaryimage\"},\"thumbnailUrl\":\"https:\\\/\\\/roubloff-france.fr\\\/Roubloff\\\/wp-content\\\/uploads\\\/2021\\\/09\\\/\u041c\u0438\u043d\u0438\u0430\u0442\u044e\u0440\u0430_1.jpg\",\"datePublished\":\"2021-09-29T08:26:56+00:00\",\"dateModified\":\"2026-03-07T22:20:47+00:00\",\"breadcrumb\":{\"@id\":\"https:\\\/\\\/roubloff-france.fr\\\/Roubloff\\\/produit\\\/coffret-miniatures-n7-assortiment-de-quatre-pinceaux-de-precision\\\/#breadcrumb\"},\"inLanguage\":\"fr-FR\",\"potentialAction\":[{\"@type\":\"ReadAction\",\"target\":[\"https:\\\/\\\/roubloff-france.fr\\\/Roubloff\\\/produit\\\/coffret-miniatures-n7-assortiment-de-quatre-pinceaux-de-precision\\\/\"]}]},{\"@type\":\"ImageObject\",\"inLanguage\":\"fr-FR\",\"@id\":\"https:\\\/\\\/roubloff-france.fr\\\/Roubloff\\\/produit\\\/coffret-miniatures-n7-assortiment-de-quatre-pinceaux-de-precision\\\/#primaryimage\",\"url\":\"https:\\\/\\\/roubloff-france.fr\\\/Roubloff\\\/wp-content\\\/uploads\\\/2021\\\/09\\\/\u041c\u0438\u043d\u0438\u0430\u0442\u044e\u0440\u0430_1.jpg\",\"contentUrl\":\"https:\\\/\\\/roubloff-france.fr\\\/Roubloff\\\/wp-content\\\/uploads\\\/2021\\\/09\\\/\u041c\u0438\u043d\u0438\u0430\u0442\u044e\u0440\u0430_1.jpg\",\"width\":900,\"height\":1000},{\"@type\":\"BreadcrumbList\",\"@id\":\"https:\\\/\\\/roubloff-france.fr\\\/Roubloff\\\/produit\\\/coffret-miniatures-n7-assortiment-de-quatre-pinceaux-de-precision\\\/#breadcrumb\",\"itemListElement\":[{\"@type\":\"ListItem\",\"position\":1,\"name\":\"Accueil\",\"item\":\"https:\\\/\\\/roubloff-france.fr\\\/Roubloff\\\/\"},{\"@type\":\"ListItem\",\"position\":2,\"name\":\"Les pinceaux Roubloff \u00a9 :\",\"item\":\"https:\\\/\\\/roubloff-france.fr\\\/Roubloff\\\/\"},{\"@type\":\"ListItem\",\"position\":3,\"name\":\"Miniature \u2116 7 : quatre pinceaux essentiels pour la peinture de miniatures &#8211; Roubloff\"}]},{\"@type\":\"WebSite\",\"@id\":\"https:\\\/\\\/roubloff-france.fr\\\/Roubloff\\\/#website\",\"url\":\"https:\\\/\\\/roubloff-france.fr\\\/Roubloff\\\/\",\"name\":\"Roubloff France - pinceaux d'art\",\"description\":\"Les pinceaux d&#039;art pour les artistes, \u00e9coles d&#039;art, revendeurs\",\"publisher\":{\"@id\":\"https:\\\/\\\/roubloff-france.fr\\\/Roubloff\\\/#organization\"},\"potentialAction\":[{\"@type\":\"SearchAction\",\"target\":{\"@type\":\"EntryPoint\",\"urlTemplate\":\"https:\\\/\\\/roubloff-france.fr\\\/Roubloff\\\/?s={search_term_string}\"},\"query-input\":{\"@type\":\"PropertyValueSpecification\",\"valueRequired\":true,\"valueName\":\"search_term_string\"}}],\"inLanguage\":\"fr-FR\"},{\"@type\":\"Organization\",\"@id\":\"https:\\\/\\\/roubloff-france.fr\\\/Roubloff\\\/#organization\",\"name\":\"Roubloff France - pinceaux d'art\",\"url\":\"https:\\\/\\\/roubloff-france.fr\\\/Roubloff\\\/\",\"logo\":{\"@type\":\"ImageObject\",\"inLanguage\":\"fr-FR\",\"@id\":\"https:\\\/\\\/roubloff-france.fr\\\/Roubloff\\\/#\\\/schema\\\/logo\\\/image\\\/\",\"url\":\"https:\\\/\\\/roubloff-france.fr\\\/Roubloff\\\/wp-content\\\/uploads\\\/2022\\\/01\\\/cropped-Logo-Roubloff-Rouge-avec-filet-blanc-250-p.png\",\"contentUrl\":\"https:\\\/\\\/roubloff-france.fr\\\/Roubloff\\\/wp-content\\\/uploads\\\/2022\\\/01\\\/cropped-Logo-Roubloff-Rouge-avec-filet-blanc-250-p.png\",\"width\":261,\"height\":57,\"caption\":\"Roubloff France - pinceaux d'art\"},\"image\":{\"@id\":\"https:\\\/\\\/roubloff-france.fr\\\/Roubloff\\\/#\\\/schema\\\/logo\\\/image\\\/\"},\"sameAs\":[\"https:\\\/\\\/www.instagram.com\\\/roubloff_france\\\/\"]}]}<\/script>\n<!-- \/ Yoast SEO plugin. -->","yoast_head_json":{"title":"Miniature \u2116 7 : quatre pinceaux essentiels pour la peinture de miniatures - Roubloff - Roubloff France - pinceaux d&#039;art","robots":{"index":"index","follow":"follow","max-snippet":"max-snippet:-1","max-image-preview":"max-image-preview:large","max-video-preview":"max-video-preview:-1"},"canonical":"https:\/\/roubloff-france.fr\/Roubloff\/produit\/coffret-miniatures-n7-assortiment-de-quatre-pinceaux-de-precision\/","og_locale":"fr_FR","og_type":"article","og_title":"Miniature \u2116 7 : quatre pinceaux essentiels pour la peinture de miniatures - Roubloff - Roubloff France - pinceaux d&#039;art","og_description":"Miniature : ensemble de quatre pinceaux essentiels pour la peinture de miniatures. Le set comprend : \u2022 S4 No.00 \u2013 pinceau striper en fibres synth\u00e9tiques, \u2022 K1 No.0 \u2013 pinceau rond en martre kolinsky naturelle, \u2022 S1 No.1 \u2013 pinceau rond \u00e0 virole courte en imitation de martre kolinsky, \u2022 S2 No.2 \u2013 pinceau plat en imitation de martre kolinsky.","og_url":"https:\/\/roubloff-france.fr\/Roubloff\/produit\/coffret-miniatures-n7-assortiment-de-quatre-pinceaux-de-precision\/","og_site_name":"Roubloff France - pinceaux d&#039;art","article_publisher":"https:\/\/www.instagram.com\/roubloff_france\/","article_modified_time":"2026-03-07T22:20:47+00:00","og_image":[{"width":900,"height":1000,"url":"http:\/\/roubloff-france.fr\/Roubloff\/wp-content\/uploads\/2021\/09\/\u041c\u0438\u043d\u0438\u0430\u0442\u044e\u0440\u0430_1.jpg","type":"image\/jpeg"}],"twitter_card":"summary_large_image","twitter_misc":{"Dur\u00e9e de lecture estim\u00e9e":"3 minutes"},"schema":{"@context":"https:\/\/schema.org","@graph":[{"@type":"WebPage","@id":"https:\/\/roubloff-france.fr\/Roubloff\/produit\/coffret-miniatures-n7-assortiment-de-quatre-pinceaux-de-precision\/","url":"https:\/\/roubloff-france.fr\/Roubloff\/produit\/coffret-miniatures-n7-assortiment-de-quatre-pinceaux-de-precision\/","name":"Miniature \u2116 7 : quatre pinceaux essentiels pour la peinture de miniatures - Roubloff - Roubloff France - pinceaux d&#039;art","isPartOf":{"@id":"https:\/\/roubloff-france.fr\/Roubloff\/#website"},"primaryImageOfPage":{"@id":"https:\/\/roubloff-france.fr\/Roubloff\/produit\/coffret-miniatures-n7-assortiment-de-quatre-pinceaux-de-precision\/#primaryimage"},"image":{"@id":"https:\/\/roubloff-france.fr\/Roubloff\/produit\/coffret-miniatures-n7-assortiment-de-quatre-pinceaux-de-precision\/#primaryimage"},"thumbnailUrl":"https:\/\/roubloff-france.fr\/Roubloff\/wp-content\/uploads\/2021\/09\/\u041c\u0438\u043d\u0438\u0430\u0442\u044e\u0440\u0430_1.jpg","datePublished":"2021-09-29T08:26:56+00:00","dateModified":"2026-03-07T22:20:47+00:00","breadcrumb":{"@id":"https:\/\/roubloff-france.fr\/Roubloff\/produit\/coffret-miniatures-n7-assortiment-de-quatre-pinceaux-de-precision\/#breadcrumb"},"inLanguage":"fr-FR","potentialAction":[{"@type":"ReadAction","target":["https:\/\/roubloff-france.fr\/Roubloff\/produit\/coffret-miniatures-n7-assortiment-de-quatre-pinceaux-de-precision\/"]}]},{"@type":"ImageObject","inLanguage":"fr-FR","@id":"https:\/\/roubloff-france.fr\/Roubloff\/produit\/coffret-miniatures-n7-assortiment-de-quatre-pinceaux-de-precision\/#primaryimage","url":"https:\/\/roubloff-france.fr\/Roubloff\/wp-content\/uploads\/2021\/09\/\u041c\u0438\u043d\u0438\u0430\u0442\u044e\u0440\u0430_1.jpg","contentUrl":"https:\/\/roubloff-france.fr\/Roubloff\/wp-content\/uploads\/2021\/09\/\u041c\u0438\u043d\u0438\u0430\u0442\u044e\u0440\u0430_1.jpg","width":900,"height":1000},{"@type":"BreadcrumbList","@id":"https:\/\/roubloff-france.fr\/Roubloff\/produit\/coffret-miniatures-n7-assortiment-de-quatre-pinceaux-de-precision\/#breadcrumb","itemListElement":[{"@type":"ListItem","position":1,"name":"Accueil","item":"https:\/\/roubloff-france.fr\/Roubloff\/"},{"@type":"ListItem","position":2,"name":"Les pinceaux Roubloff \u00a9 :","item":"https:\/\/roubloff-france.fr\/Roubloff\/"},{"@type":"ListItem","position":3,"name":"Miniature \u2116 7 : quatre pinceaux essentiels pour la peinture de miniatures &#8211; Roubloff"}]},{"@type":"WebSite","@id":"https:\/\/roubloff-france.fr\/Roubloff\/#website","url":"https:\/\/roubloff-france.fr\/Roubloff\/","name":"Roubloff France - pinceaux d'art","description":"Les pinceaux d&#039;art pour les artistes, \u00e9coles d&#039;art, revendeurs","publisher":{"@id":"https:\/\/roubloff-france.fr\/Roubloff\/#organization"},"potentialAction":[{"@type":"SearchAction","target":{"@type":"EntryPoint","urlTemplate":"https:\/\/roubloff-france.fr\/Roubloff\/?s={search_term_string}"},"query-input":{"@type":"PropertyValueSpecification","valueRequired":true,"valueName":"search_term_string"}}],"inLanguage":"fr-FR"},{"@type":"Organization","@id":"https:\/\/roubloff-france.fr\/Roubloff\/#organization","name":"Roubloff France - pinceaux d'art","url":"https:\/\/roubloff-france.fr\/Roubloff\/","logo":{"@type":"ImageObject","inLanguage":"fr-FR","@id":"https:\/\/roubloff-france.fr\/Roubloff\/#\/schema\/logo\/image\/","url":"https:\/\/roubloff-france.fr\/Roubloff\/wp-content\/uploads\/2022\/01\/cropped-Logo-Roubloff-Rouge-avec-filet-blanc-250-p.png","contentUrl":"https:\/\/roubloff-france.fr\/Roubloff\/wp-content\/uploads\/2022\/01\/cropped-Logo-Roubloff-Rouge-avec-filet-blanc-250-p.png","width":261,"height":57,"caption":"Roubloff France - pinceaux d'art"},"image":{"@id":"https:\/\/roubloff-france.fr\/Roubloff\/#\/schema\/logo\/image\/"},"sameAs":["https:\/\/www.instagram.com\/roubloff_france\/"]}]}},"_links":{"self":[{"href":"https:\/\/roubloff-france.fr\/Roubloff\/wp-json\/wp\/v2\/product\/299","targetHints":{"allow":["GET"]}}],"collection":[{"href":"https:\/\/roubloff-france.fr\/Roubloff\/wp-json\/wp\/v2\/product"}],"about":[{"href":"https:\/\/roubloff-france.fr\/Roubloff\/wp-json\/wp\/v2\/types\/product"}],"wp:featuredmedia":[{"embeddable":true,"href":"https:\/\/roubloff-france.fr\/Roubloff\/wp-json\/wp\/v2\/media\/697"}],"wp:attachment":[{"href":"https:\/\/roubloff-france.fr\/Roubloff\/wp-json\/wp\/v2\/media?parent=299"}],"wp:term":[{"taxonomy":"product_brand","embeddable":true,"href":"https:\/\/roubloff-france.fr\/Roubloff\/wp-json\/wp\/v2\/product_brand?post=299"},{"taxonomy":"product_cat","embeddable":true,"href":"https:\/\/roubloff-france.fr\/Roubloff\/wp-json\/wp\/v2\/product_cat?post=299"},{"taxonomy":"product_tag","embeddable":true,"href":"https:\/\/roubloff-france.fr\/Roubloff\/wp-json\/wp\/v2\/product_tag?post=299"}],"curies":[{"name":"wp","href":"https:\/\/api.w.org\/{rel}","templated":true}]}}