{"id":296,"date":"2021-09-29T08:08:07","date_gmt":"2021-09-29T06:08:07","guid":{"rendered":"https:\/\/roubloff-france.fr\/Roubloff\/?post_type=product&#038;p=296"},"modified":"2026-03-30T16:49:12","modified_gmt":"2026-03-30T14:49:12","slug":"pt1vt-pinceaux-de-voyage-en-mangouste-synthetique","status":"publish","type":"product","link":"https:\/\/roubloff-france.fr\/Roubloff\/produit\/pt1vt-pinceaux-de-voyage-en-mangouste-synthetique\/","title":{"rendered":"PT1VT-7 &#8211; Pinceau de voyage &#8211; Mangouste Synth\u00e9tique"},"content":{"rendered":"<h2>Le Pinceau de voyage Roubloff PT1VT en imitation mangouste, dispose d\u2019une brosse en taille unique de 7 mm, son manche chrom\u00e9 futuriste est bien \u00e9quilibr\u00e9.<\/h2>\n<p>Les pinceaux de voyage Roubloff ont une pointe tr\u00e8s pr\u00e9cise, tr\u00e8s utile pour les formes les plus \u00e9labor\u00e9es.<\/p>\n<p>L&rsquo;imitation de mangouste synth\u00e9tique douce et flexible permet au pinceau d&rsquo;absorber juste la bonne quantit\u00e9 d&rsquo;eau et de peinture.<\/p>\n<p>Ces pinceaux sont id\u00e9aux pour les techniques r\u00e9alistes et les croquis rapides \u00e0 l&rsquo;aquarelle, \u00e0 la gouache, \u00e0 l&rsquo;acrylique.<\/p>\n<p>Le couvercle de la poign\u00e9e au toucher doux rend le processus de peinture confortable et agr\u00e9able m\u00eame pendant les jours les plus chauds ou les plus froids lors de plein air.<\/p>\n<p>Le chromage donne \u00e0 la brosse un aspect futuriste et esth\u00e9tique, tout en prolongeant sa dur\u00e9e de vie.<\/p>\n<p>Il y a un trou de ventilation dans la partie pliante de la brosse.<\/p>\n<p>Vous pouvez facilement reconnaitre les poils utilis\u00e9s dans la brosse simplement en regardant le marquage sur le manche.<\/p>\n<p>Le manche est parfaitement \u00e9quilibr\u00e9 et a une forme id\u00e9ale, ce qui permet \u00e0 l&rsquo;artiste de peindre r\u00e9guli\u00e8rement.<\/p>\n<p><strong>Pinceaux d&rsquo;art<\/strong><\/p>\n<ul>\n<li>Application : Acrylique, Aquarelle, Gouache<\/li>\n<li>Poils : Synth\u00e9tiques<\/li>\n<li>Type de poils : imitation de mangouste<\/li>\n<li>Rigidit\u00e9 : 1<\/li>\n<li>Virole : toucher doux<\/li>\n<li>Forme de la t\u00eate de brosse : ronde<\/li>\n<li>Longueur de la poign\u00e9e : courte<\/li>\n<li>Type : Facile \u00e0 transporter<\/li>\n<li>Tailles : 7<\/li>\n<\/ul>\n<p><strong>Avantages :<\/strong><\/p>\n<ul>\n<li>Rev\u00eatement doux au toucher unique<\/li>\n<li>Conception \u00e9l\u00e9gante \u00e9labor\u00e9e<\/li>\n<li>Protection des poils de la touffe de brosse d\u00e9licate<\/li>\n<\/ul>\n<hr \/>\n<h2>Roubloff PT1VT-7 &#8211; Travel brushes synthetic mongoose<\/h2>\n<p>Roubloff travel brushes are precisely pointed for the most elaborate shapes.<\/p>\n<p>Soft and flexible synthetic mongoose imitation makes the brush absorb just the right amount of water and paint.<\/p>\n<p>These brushes are ideal for realistic techniques and quick sketches with watercolor, gouache, acrylic.<\/p>\n<p>Soft-touch handle cover makes the process of painting comfortable and enjoyable even during the hottest or coldest days of plein-air.<\/p>\n<p>Chrome plating makes the brush look futuristic and aesthetically pleasing, as well as extends its working lifespan.<\/p>\n<p>There is a ventilation hole in the folding part of the brush and you can easily interpret hair used in the brush just by looking at the markings on the handle.<\/p>\n<p>The handle is perfectly balanced and has an ideal shape, which allows artist to paint steadily.<\/p>\n<p><strong>Art brushes<\/strong><\/p>\n<ul>\n<li>Application: Acrylic,Watercolor,Gouache<\/li>\n<li>Hair: Synthetic<\/li>\n<li>Hair type: Mongoose imitation<\/li>\n<li>Stiffness: 1<\/li>\n<li>Ferrule: Soft touch<\/li>\n<li>Brush head shape: Round<\/li>\n<li>Handle length: Short<\/li>\n<li>Type: Easy to carry around<\/li>\n<li>Sizes: 7<\/li>\n<\/ul>\n<p><strong>Advantages<\/strong>:<\/p>\n<ul>\n<li>Unique soft-touch coating<\/li>\n<li>Elaborate stylish design<\/li>\n<li>Delicate brush tuft hair protection<\/li>\n<\/ul>\n","protected":false},"excerpt":{"rendered":"<p><strong>Le Pinceau de voyage Roubloff PT1VT en imitation mangouste, dispose d\u2019une brosse en taille unique de 7 mm, son manche chrom\u00e9 futuriste est bien \u00e9quilibr\u00e9.<\/strong><\/p>\n","protected":false},"featured_media":297,"template":"","meta":[],"product_brand":[],"product_cat":[152,170],"product_tag":[234,43,156,171],"class_list":{"0":"post-296","1":"product","2":"type-product","3":"status-publish","4":"has-post-thumbnail","6":"product_cat-pinceaux-de-voyage","7":"product_cat-pt1vt","8":"product_tag-mangouste","9":"product_tag-pinceaux-dart","10":"product_tag-pinceaux-de-voyage","11":"product_tag-pt1vt","13":"first","14":"outofstock","15":"taxable","16":"shipping-taxable","17":"purchasable","18":"product-type-simple"},"yoast_head":"<!-- This site is optimized with the Yoast SEO plugin v27.3 - https:\/\/yoast.com\/product\/yoast-seo-wordpress\/ -->\n<title>PT1VT-7 - Pinceau de voyage - Mangouste Synth\u00e9tique - Roubloff France - pinceaux d&#039;art<\/title>\n<meta name=\"robots\" content=\"index, follow, max-snippet:-1, max-image-preview:large, max-video-preview:-1\" \/>\n<link rel=\"canonical\" href=\"https:\/\/roubloff-france.fr\/Roubloff\/produit\/pt1vt-pinceaux-de-voyage-en-mangouste-synthetique\/\" \/>\n<meta property=\"og:locale\" content=\"fr_FR\" \/>\n<meta property=\"og:type\" content=\"article\" \/>\n<meta property=\"og:title\" content=\"PT1VT-7 - Pinceau de voyage - Mangouste Synth\u00e9tique - Roubloff France - pinceaux d&#039;art\" \/>\n<meta property=\"og:description\" content=\"Le Pinceau de voyage Roubloff PT1VT en imitation mangouste, dispose d\u2019une brosse en taille unique de 7 mm, son manche chrom\u00e9 futuriste est bien \u00e9quilibr\u00e9.\" \/>\n<meta property=\"og:url\" content=\"https:\/\/roubloff-france.fr\/Roubloff\/produit\/pt1vt-pinceaux-de-voyage-en-mangouste-synthetique\/\" \/>\n<meta property=\"og:site_name\" content=\"Roubloff France - pinceaux d&#039;art\" \/>\n<meta property=\"article:publisher\" content=\"https:\/\/www.instagram.com\/roubloff_france\/\" \/>\n<meta property=\"article:modified_time\" content=\"2026-03-30T14:49:12+00:00\" \/>\n<meta property=\"og:image\" content=\"https:\/\/roubloff-france.fr\/Roubloff\/wp-content\/uploads\/2021\/09\/PT1VT-7-Roubloff-pinceau-de-voyage-mangouste.jpg\" \/>\n\t<meta property=\"og:image:width\" content=\"900\" \/>\n\t<meta property=\"og:image:height\" content=\"1000\" \/>\n\t<meta property=\"og:image:type\" content=\"image\/jpeg\" \/>\n<meta name=\"twitter:card\" content=\"summary_large_image\" \/>\n<meta name=\"twitter:label1\" content=\"Dur\u00e9e de lecture estim\u00e9e\" \/>\n\t<meta name=\"twitter:data1\" content=\"2 minutes\" \/>\n<script type=\"application\/ld+json\" class=\"yoast-schema-graph\">{\"@context\":\"https:\\\/\\\/schema.org\",\"@graph\":[{\"@type\":\"WebPage\",\"@id\":\"https:\\\/\\\/roubloff-france.fr\\\/Roubloff\\\/produit\\\/pt1vt-pinceaux-de-voyage-en-mangouste-synthetique\\\/\",\"url\":\"https:\\\/\\\/roubloff-france.fr\\\/Roubloff\\\/produit\\\/pt1vt-pinceaux-de-voyage-en-mangouste-synthetique\\\/\",\"name\":\"PT1VT-7 - Pinceau de voyage - Mangouste Synth\u00e9tique - Roubloff France - pinceaux d&#039;art\",\"isPartOf\":{\"@id\":\"https:\\\/\\\/roubloff-france.fr\\\/Roubloff\\\/#website\"},\"primaryImageOfPage\":{\"@id\":\"https:\\\/\\\/roubloff-france.fr\\\/Roubloff\\\/produit\\\/pt1vt-pinceaux-de-voyage-en-mangouste-synthetique\\\/#primaryimage\"},\"image\":{\"@id\":\"https:\\\/\\\/roubloff-france.fr\\\/Roubloff\\\/produit\\\/pt1vt-pinceaux-de-voyage-en-mangouste-synthetique\\\/#primaryimage\"},\"thumbnailUrl\":\"https:\\\/\\\/roubloff-france.fr\\\/Roubloff\\\/wp-content\\\/uploads\\\/2021\\\/09\\\/PT1VT-7-Roubloff-pinceau-de-voyage-mangouste.jpg\",\"datePublished\":\"2021-09-29T06:08:07+00:00\",\"dateModified\":\"2026-03-30T14:49:12+00:00\",\"breadcrumb\":{\"@id\":\"https:\\\/\\\/roubloff-france.fr\\\/Roubloff\\\/produit\\\/pt1vt-pinceaux-de-voyage-en-mangouste-synthetique\\\/#breadcrumb\"},\"inLanguage\":\"fr-FR\",\"potentialAction\":[{\"@type\":\"ReadAction\",\"target\":[\"https:\\\/\\\/roubloff-france.fr\\\/Roubloff\\\/produit\\\/pt1vt-pinceaux-de-voyage-en-mangouste-synthetique\\\/\"]}]},{\"@type\":\"ImageObject\",\"inLanguage\":\"fr-FR\",\"@id\":\"https:\\\/\\\/roubloff-france.fr\\\/Roubloff\\\/produit\\\/pt1vt-pinceaux-de-voyage-en-mangouste-synthetique\\\/#primaryimage\",\"url\":\"https:\\\/\\\/roubloff-france.fr\\\/Roubloff\\\/wp-content\\\/uploads\\\/2021\\\/09\\\/PT1VT-7-Roubloff-pinceau-de-voyage-mangouste.jpg\",\"contentUrl\":\"https:\\\/\\\/roubloff-france.fr\\\/Roubloff\\\/wp-content\\\/uploads\\\/2021\\\/09\\\/PT1VT-7-Roubloff-pinceau-de-voyage-mangouste.jpg\",\"width\":900,\"height\":1000},{\"@type\":\"BreadcrumbList\",\"@id\":\"https:\\\/\\\/roubloff-france.fr\\\/Roubloff\\\/produit\\\/pt1vt-pinceaux-de-voyage-en-mangouste-synthetique\\\/#breadcrumb\",\"itemListElement\":[{\"@type\":\"ListItem\",\"position\":1,\"name\":\"Accueil\",\"item\":\"https:\\\/\\\/roubloff-france.fr\\\/Roubloff\\\/\"},{\"@type\":\"ListItem\",\"position\":2,\"name\":\"Les pinceaux Roubloff \u00a9 :\",\"item\":\"https:\\\/\\\/roubloff-france.fr\\\/Roubloff\\\/\"},{\"@type\":\"ListItem\",\"position\":3,\"name\":\"PT1VT-7 &#8211; Pinceau de voyage &#8211; Mangouste Synth\u00e9tique\"}]},{\"@type\":\"WebSite\",\"@id\":\"https:\\\/\\\/roubloff-france.fr\\\/Roubloff\\\/#website\",\"url\":\"https:\\\/\\\/roubloff-france.fr\\\/Roubloff\\\/\",\"name\":\"Roubloff France - pinceaux d'art\",\"description\":\"Les pinceaux d&#039;art pour les artistes, \u00e9coles d&#039;art, revendeurs\",\"publisher\":{\"@id\":\"https:\\\/\\\/roubloff-france.fr\\\/Roubloff\\\/#organization\"},\"potentialAction\":[{\"@type\":\"SearchAction\",\"target\":{\"@type\":\"EntryPoint\",\"urlTemplate\":\"https:\\\/\\\/roubloff-france.fr\\\/Roubloff\\\/?s={search_term_string}\"},\"query-input\":{\"@type\":\"PropertyValueSpecification\",\"valueRequired\":true,\"valueName\":\"search_term_string\"}}],\"inLanguage\":\"fr-FR\"},{\"@type\":\"Organization\",\"@id\":\"https:\\\/\\\/roubloff-france.fr\\\/Roubloff\\\/#organization\",\"name\":\"Roubloff France - pinceaux d'art\",\"url\":\"https:\\\/\\\/roubloff-france.fr\\\/Roubloff\\\/\",\"logo\":{\"@type\":\"ImageObject\",\"inLanguage\":\"fr-FR\",\"@id\":\"https:\\\/\\\/roubloff-france.fr\\\/Roubloff\\\/#\\\/schema\\\/logo\\\/image\\\/\",\"url\":\"https:\\\/\\\/roubloff-france.fr\\\/Roubloff\\\/wp-content\\\/uploads\\\/2022\\\/01\\\/cropped-Logo-Roubloff-Rouge-avec-filet-blanc-250-p.png\",\"contentUrl\":\"https:\\\/\\\/roubloff-france.fr\\\/Roubloff\\\/wp-content\\\/uploads\\\/2022\\\/01\\\/cropped-Logo-Roubloff-Rouge-avec-filet-blanc-250-p.png\",\"width\":261,\"height\":57,\"caption\":\"Roubloff France - pinceaux d'art\"},\"image\":{\"@id\":\"https:\\\/\\\/roubloff-france.fr\\\/Roubloff\\\/#\\\/schema\\\/logo\\\/image\\\/\"},\"sameAs\":[\"https:\\\/\\\/www.instagram.com\\\/roubloff_france\\\/\"]}]}<\/script>\n<!-- \/ Yoast SEO plugin. -->","yoast_head_json":{"title":"PT1VT-7 - Pinceau de voyage - Mangouste Synth\u00e9tique - Roubloff France - pinceaux d&#039;art","robots":{"index":"index","follow":"follow","max-snippet":"max-snippet:-1","max-image-preview":"max-image-preview:large","max-video-preview":"max-video-preview:-1"},"canonical":"https:\/\/roubloff-france.fr\/Roubloff\/produit\/pt1vt-pinceaux-de-voyage-en-mangouste-synthetique\/","og_locale":"fr_FR","og_type":"article","og_title":"PT1VT-7 - Pinceau de voyage - Mangouste Synth\u00e9tique - Roubloff France - pinceaux d&#039;art","og_description":"Le Pinceau de voyage Roubloff PT1VT en imitation mangouste, dispose d\u2019une brosse en taille unique de 7 mm, son manche chrom\u00e9 futuriste est bien \u00e9quilibr\u00e9.","og_url":"https:\/\/roubloff-france.fr\/Roubloff\/produit\/pt1vt-pinceaux-de-voyage-en-mangouste-synthetique\/","og_site_name":"Roubloff France - pinceaux d&#039;art","article_publisher":"https:\/\/www.instagram.com\/roubloff_france\/","article_modified_time":"2026-03-30T14:49:12+00:00","og_image":[{"width":900,"height":1000,"url":"https:\/\/roubloff-france.fr\/Roubloff\/wp-content\/uploads\/2021\/09\/PT1VT-7-Roubloff-pinceau-de-voyage-mangouste.jpg","type":"image\/jpeg"}],"twitter_card":"summary_large_image","twitter_misc":{"Dur\u00e9e de lecture estim\u00e9e":"2 minutes"},"schema":{"@context":"https:\/\/schema.org","@graph":[{"@type":"WebPage","@id":"https:\/\/roubloff-france.fr\/Roubloff\/produit\/pt1vt-pinceaux-de-voyage-en-mangouste-synthetique\/","url":"https:\/\/roubloff-france.fr\/Roubloff\/produit\/pt1vt-pinceaux-de-voyage-en-mangouste-synthetique\/","name":"PT1VT-7 - Pinceau de voyage - Mangouste Synth\u00e9tique - Roubloff France - pinceaux d&#039;art","isPartOf":{"@id":"https:\/\/roubloff-france.fr\/Roubloff\/#website"},"primaryImageOfPage":{"@id":"https:\/\/roubloff-france.fr\/Roubloff\/produit\/pt1vt-pinceaux-de-voyage-en-mangouste-synthetique\/#primaryimage"},"image":{"@id":"https:\/\/roubloff-france.fr\/Roubloff\/produit\/pt1vt-pinceaux-de-voyage-en-mangouste-synthetique\/#primaryimage"},"thumbnailUrl":"https:\/\/roubloff-france.fr\/Roubloff\/wp-content\/uploads\/2021\/09\/PT1VT-7-Roubloff-pinceau-de-voyage-mangouste.jpg","datePublished":"2021-09-29T06:08:07+00:00","dateModified":"2026-03-30T14:49:12+00:00","breadcrumb":{"@id":"https:\/\/roubloff-france.fr\/Roubloff\/produit\/pt1vt-pinceaux-de-voyage-en-mangouste-synthetique\/#breadcrumb"},"inLanguage":"fr-FR","potentialAction":[{"@type":"ReadAction","target":["https:\/\/roubloff-france.fr\/Roubloff\/produit\/pt1vt-pinceaux-de-voyage-en-mangouste-synthetique\/"]}]},{"@type":"ImageObject","inLanguage":"fr-FR","@id":"https:\/\/roubloff-france.fr\/Roubloff\/produit\/pt1vt-pinceaux-de-voyage-en-mangouste-synthetique\/#primaryimage","url":"https:\/\/roubloff-france.fr\/Roubloff\/wp-content\/uploads\/2021\/09\/PT1VT-7-Roubloff-pinceau-de-voyage-mangouste.jpg","contentUrl":"https:\/\/roubloff-france.fr\/Roubloff\/wp-content\/uploads\/2021\/09\/PT1VT-7-Roubloff-pinceau-de-voyage-mangouste.jpg","width":900,"height":1000},{"@type":"BreadcrumbList","@id":"https:\/\/roubloff-france.fr\/Roubloff\/produit\/pt1vt-pinceaux-de-voyage-en-mangouste-synthetique\/#breadcrumb","itemListElement":[{"@type":"ListItem","position":1,"name":"Accueil","item":"https:\/\/roubloff-france.fr\/Roubloff\/"},{"@type":"ListItem","position":2,"name":"Les pinceaux Roubloff \u00a9 :","item":"https:\/\/roubloff-france.fr\/Roubloff\/"},{"@type":"ListItem","position":3,"name":"PT1VT-7 &#8211; Pinceau de voyage &#8211; Mangouste Synth\u00e9tique"}]},{"@type":"WebSite","@id":"https:\/\/roubloff-france.fr\/Roubloff\/#website","url":"https:\/\/roubloff-france.fr\/Roubloff\/","name":"Roubloff France - pinceaux d'art","description":"Les pinceaux d&#039;art pour les artistes, \u00e9coles d&#039;art, revendeurs","publisher":{"@id":"https:\/\/roubloff-france.fr\/Roubloff\/#organization"},"potentialAction":[{"@type":"SearchAction","target":{"@type":"EntryPoint","urlTemplate":"https:\/\/roubloff-france.fr\/Roubloff\/?s={search_term_string}"},"query-input":{"@type":"PropertyValueSpecification","valueRequired":true,"valueName":"search_term_string"}}],"inLanguage":"fr-FR"},{"@type":"Organization","@id":"https:\/\/roubloff-france.fr\/Roubloff\/#organization","name":"Roubloff France - pinceaux d'art","url":"https:\/\/roubloff-france.fr\/Roubloff\/","logo":{"@type":"ImageObject","inLanguage":"fr-FR","@id":"https:\/\/roubloff-france.fr\/Roubloff\/#\/schema\/logo\/image\/","url":"https:\/\/roubloff-france.fr\/Roubloff\/wp-content\/uploads\/2022\/01\/cropped-Logo-Roubloff-Rouge-avec-filet-blanc-250-p.png","contentUrl":"https:\/\/roubloff-france.fr\/Roubloff\/wp-content\/uploads\/2022\/01\/cropped-Logo-Roubloff-Rouge-avec-filet-blanc-250-p.png","width":261,"height":57,"caption":"Roubloff France - pinceaux d'art"},"image":{"@id":"https:\/\/roubloff-france.fr\/Roubloff\/#\/schema\/logo\/image\/"},"sameAs":["https:\/\/www.instagram.com\/roubloff_france\/"]}]}},"_links":{"self":[{"href":"https:\/\/roubloff-france.fr\/Roubloff\/wp-json\/wp\/v2\/product\/296","targetHints":{"allow":["GET"]}}],"collection":[{"href":"https:\/\/roubloff-france.fr\/Roubloff\/wp-json\/wp\/v2\/product"}],"about":[{"href":"https:\/\/roubloff-france.fr\/Roubloff\/wp-json\/wp\/v2\/types\/product"}],"wp:featuredmedia":[{"embeddable":true,"href":"https:\/\/roubloff-france.fr\/Roubloff\/wp-json\/wp\/v2\/media\/297"}],"wp:attachment":[{"href":"https:\/\/roubloff-france.fr\/Roubloff\/wp-json\/wp\/v2\/media?parent=296"}],"wp:term":[{"taxonomy":"product_brand","embeddable":true,"href":"https:\/\/roubloff-france.fr\/Roubloff\/wp-json\/wp\/v2\/product_brand?post=296"},{"taxonomy":"product_cat","embeddable":true,"href":"https:\/\/roubloff-france.fr\/Roubloff\/wp-json\/wp\/v2\/product_cat?post=296"},{"taxonomy":"product_tag","embeddable":true,"href":"https:\/\/roubloff-france.fr\/Roubloff\/wp-json\/wp\/v2\/product_tag?post=296"}],"curies":[{"name":"wp","href":"https:\/\/api.w.org\/{rel}","templated":true}]}}