{"id":287,"date":"2021-09-24T11:06:27","date_gmt":"2021-09-24T09:06:27","guid":{"rendered":"https:\/\/roubloff-france.fr\/Roubloff\/?post_type=product&#038;p=287"},"modified":"2026-04-01T21:06:38","modified_gmt":"2026-04-01T19:06:38","slug":"roubloff-kolinsky-mix-serie-qd15-8","status":"publish","type":"product","link":"https:\/\/roubloff-france.fr\/Roubloff\/produit\/roubloff-kolinsky-mix-serie-qd15-8\/","title":{"rendered":"QD15-8 Kolinsky Mix"},"content":{"rendered":"<p><strong>Pinceaux m\u00e9lang\u00e9s Kolinsky (martre) et synth\u00e9tique, brosse ronde d\u2019une taille n\u00b0 8, avec un manche court noir mat et une virole en plastique<\/strong><\/p>\n<p>Le pinceau aquarelle est compos\u00e9 \u00e0 partir d&rsquo;un m\u00e9lange de kolinsky et de synth\u00e9tique jaune, c&rsquo;est un outil parfait pour diff\u00e9rentes techniques \u00e0 base d&rsquo;eau et de pigments. Les poils synth\u00e9tiques offrent \u00e9lasticit\u00e9 et flexibilit\u00e9, tout en prot\u00e9geant les poils naturels Kolinsky. Le manche court ergonomique, vous permettra de travailler avec confort et plaisir.<br \/>\nLa virole en plastique retient fermement les poils et prot\u00e8ge la connexion avec le manche. Ce pinceau convient parfaitement pour repr\u00e9senter l&rsquo;eau, des \u00e9l\u00e9ments de nature morte, des fleurs et des portraits.<\/p>\n<p>ATTENTION! LE PRODUIT EST BREVET\u00c9.<\/p>\n<pre>Application : aquarelle\r\nPoils : M\u00e9langer\r\nType de poils : Synth\u00e9tique + kolinsky\r\nRigidit\u00e9: 1\r\nVirole : Transparent (tube PVC)\r\nForme de t\u00eate de brosse : ronde\r\nLongueur du manche: court\r\nTailles : 4, 6, 8, 10\r\nAvantages :\r\n- Haute qualit\u00e9 des cheveux\r\n- Manche en bouleau l\u00e9ger\r\n- Cheveux trait\u00e9s \u00e0 la main\r\n\r\nEn savoir plus : <a href=\"https:\/\/www.roubloff.ru\/en\/catalog\/artbrushes\/qd15\/\" target=\"_blank\" rel=\"noopener noreferrer\">https:\/\/www.roubloff.ru\/en\/catalog\/artbrushes\/qd15\/<\/a>\r\n\r\nVid\u00e9o en langue pour l'instant, en cours de traduction\r\n<iframe loading=\"lazy\" src=\"https:\/\/www.youtube.com\/embed\/C2OQ45gifTM\" width=\"560\" height=\"315\" frameborder=\"0\" allowfullscreen=\"allowfullscreen\"><\/iframe><\/pre>\n<hr \/>\n<p><strong>Brush Roubloff kolinsky mix, round 8 with a \u00a0short black matt handle and a plastic ferrule<\/strong><\/p>\n<p>Watercolor brush from mix of kolinsky and yellow synthetic is a perfect tool for different water- and pigment-based techniques. Synthetic hairs provide with elasticity and flexibility and protect kolinsky natural hair.<br \/>\nErgonomic short handle allows you to work with comfort and pleasure.<br \/>\nPlastic ferrule securely holds hair and protects the connection with the handle. This brush fits perfect for depicting water, elements of still life, flowers and portraits.<\/p>\n<p>ATTENTION! THE PRODUCT IS PATENTED.<\/p>\n<pre>Application: Watercolor\r\nHair: Mix\r\nHair type: Synthetic + kolinsky\r\nStiffness: 1\r\nFerrule: Transparent (PVC tube)\r\nBrush head shape: Round\r\nHandle length: Short\r\nSizes : 6 8 10\r\nAdvantages: \r\n- High hair quality\r\n- Light-weight birch handle\r\n- Hair treated by hand\r\n\r\nRead more: <a href=\"https:\/\/www.roubloff.ru\/en\/catalog\/artbrushes\/qd15\/\" target=\"_blank\" rel=\"noopener noreferrer\">https:\/\/www.roubloff.ru\/en\/catalog\/artbrushes\/qd15\/<\/a>\r\n\r\n<\/pre>\n","protected":false},"excerpt":{"rendered":"<p><strong>Pinceaux m\u00e9lang\u00e9s Kolinsky (martre) et synth\u00e9tique, brosse ronde d\u2019une taille n\u00b0 4, avec un manche court noir mat et une virole en plastique<\/strong><\/p>\n","protected":false},"featured_media":818,"template":"","meta":[],"product_brand":[],"product_cat":[236,83],"product_tag":[84,85,86],"class_list":{"0":"post-287","1":"product","2":"type-product","3":"status-publish","4":"has-post-thumbnail","6":"product_cat-kolinsky-mix","7":"product_cat-serie-qd15","8":"product_tag-kolinsky-mix","9":"product_tag-qd15","10":"product_tag-qd15-4","12":"first","13":"outofstock","14":"taxable","15":"shipping-taxable","16":"purchasable","17":"product-type-simple"},"yoast_head":"<!-- This site is optimized with the Yoast SEO plugin v27.3 - https:\/\/yoast.com\/product\/yoast-seo-wordpress\/ -->\n<title>QD15-8 Kolinsky Mix - Roubloff France - pinceaux d&#039;art<\/title>\n<meta name=\"description\" content=\"Pinceaux m\u00e9lang\u00e9s Kolinsky (martre) et synth\u00e9tique, brosse ronde d\u2019une taille n\u00b0 4, avec un manche court noir mat et une virole en plastique\" \/>\n<meta name=\"robots\" content=\"index, follow, max-snippet:-1, max-image-preview:large, max-video-preview:-1\" \/>\n<link rel=\"canonical\" href=\"https:\/\/roubloff-france.fr\/Roubloff\/produit\/roubloff-kolinsky-mix-serie-qd15-8\/\" \/>\n<meta property=\"og:locale\" content=\"fr_FR\" \/>\n<meta property=\"og:type\" content=\"article\" \/>\n<meta property=\"og:title\" content=\"QD15-8 Kolinsky Mix - Roubloff France - pinceaux d&#039;art\" \/>\n<meta property=\"og:description\" content=\"Pinceaux m\u00e9lang\u00e9s Kolinsky (martre) et synth\u00e9tique, brosse ronde d\u2019une taille n\u00b0 4, avec un manche court noir mat et une virole en plastique\" \/>\n<meta property=\"og:url\" content=\"https:\/\/roubloff-france.fr\/Roubloff\/produit\/roubloff-kolinsky-mix-serie-qd15-8\/\" \/>\n<meta property=\"og:site_name\" content=\"Roubloff France - pinceaux d&#039;art\" \/>\n<meta property=\"article:publisher\" content=\"https:\/\/www.instagram.com\/roubloff_france\/\" \/>\n<meta property=\"article:modified_time\" content=\"2026-04-01T19:06:38+00:00\" \/>\n<meta property=\"og:image\" content=\"http:\/\/roubloff-france.fr\/Roubloff\/wp-content\/uploads\/2025\/05\/QD15-8_1.jpg\" \/>\n\t<meta property=\"og:image:width\" content=\"900\" \/>\n\t<meta property=\"og:image:height\" content=\"1000\" \/>\n\t<meta property=\"og:image:type\" content=\"image\/jpeg\" \/>\n<meta name=\"twitter:card\" content=\"summary_large_image\" \/>\n<meta name=\"twitter:label1\" content=\"Dur\u00e9e de lecture estim\u00e9e\" \/>\n\t<meta name=\"twitter:data1\" content=\"2 minutes\" \/>\n<script type=\"application\/ld+json\" class=\"yoast-schema-graph\">{\"@context\":\"https:\\\/\\\/schema.org\",\"@graph\":[{\"@type\":\"WebPage\",\"@id\":\"https:\\\/\\\/roubloff-france.fr\\\/Roubloff\\\/produit\\\/roubloff-kolinsky-mix-serie-qd15-8\\\/\",\"url\":\"https:\\\/\\\/roubloff-france.fr\\\/Roubloff\\\/produit\\\/roubloff-kolinsky-mix-serie-qd15-8\\\/\",\"name\":\"QD15-8 Kolinsky Mix - Roubloff France - pinceaux d&#039;art\",\"isPartOf\":{\"@id\":\"https:\\\/\\\/roubloff-france.fr\\\/Roubloff\\\/#website\"},\"primaryImageOfPage\":{\"@id\":\"https:\\\/\\\/roubloff-france.fr\\\/Roubloff\\\/produit\\\/roubloff-kolinsky-mix-serie-qd15-8\\\/#primaryimage\"},\"image\":{\"@id\":\"https:\\\/\\\/roubloff-france.fr\\\/Roubloff\\\/produit\\\/roubloff-kolinsky-mix-serie-qd15-8\\\/#primaryimage\"},\"thumbnailUrl\":\"https:\\\/\\\/roubloff-france.fr\\\/Roubloff\\\/wp-content\\\/uploads\\\/2025\\\/05\\\/QD15-8_1.jpg\",\"datePublished\":\"2021-09-24T09:06:27+00:00\",\"dateModified\":\"2026-04-01T19:06:38+00:00\",\"description\":\"Pinceaux m\u00e9lang\u00e9s Kolinsky (martre) et synth\u00e9tique, brosse ronde d\u2019une taille n\u00b0 4, avec un manche court noir mat et une virole en plastique\",\"breadcrumb\":{\"@id\":\"https:\\\/\\\/roubloff-france.fr\\\/Roubloff\\\/produit\\\/roubloff-kolinsky-mix-serie-qd15-8\\\/#breadcrumb\"},\"inLanguage\":\"fr-FR\",\"potentialAction\":[{\"@type\":\"ReadAction\",\"target\":[\"https:\\\/\\\/roubloff-france.fr\\\/Roubloff\\\/produit\\\/roubloff-kolinsky-mix-serie-qd15-8\\\/\"]}]},{\"@type\":\"ImageObject\",\"inLanguage\":\"fr-FR\",\"@id\":\"https:\\\/\\\/roubloff-france.fr\\\/Roubloff\\\/produit\\\/roubloff-kolinsky-mix-serie-qd15-8\\\/#primaryimage\",\"url\":\"https:\\\/\\\/roubloff-france.fr\\\/Roubloff\\\/wp-content\\\/uploads\\\/2025\\\/05\\\/QD15-8_1.jpg\",\"contentUrl\":\"https:\\\/\\\/roubloff-france.fr\\\/Roubloff\\\/wp-content\\\/uploads\\\/2025\\\/05\\\/QD15-8_1.jpg\",\"width\":900,\"height\":1000},{\"@type\":\"BreadcrumbList\",\"@id\":\"https:\\\/\\\/roubloff-france.fr\\\/Roubloff\\\/produit\\\/roubloff-kolinsky-mix-serie-qd15-8\\\/#breadcrumb\",\"itemListElement\":[{\"@type\":\"ListItem\",\"position\":1,\"name\":\"Accueil\",\"item\":\"https:\\\/\\\/roubloff-france.fr\\\/Roubloff\\\/\"},{\"@type\":\"ListItem\",\"position\":2,\"name\":\"Les pinceaux Roubloff \u00a9 :\",\"item\":\"https:\\\/\\\/roubloff-france.fr\\\/Roubloff\\\/\"},{\"@type\":\"ListItem\",\"position\":3,\"name\":\"QD15-8 Kolinsky Mix\"}]},{\"@type\":\"WebSite\",\"@id\":\"https:\\\/\\\/roubloff-france.fr\\\/Roubloff\\\/#website\",\"url\":\"https:\\\/\\\/roubloff-france.fr\\\/Roubloff\\\/\",\"name\":\"Roubloff France - pinceaux d'art\",\"description\":\"Les pinceaux d&#039;art pour les artistes, \u00e9coles d&#039;art, revendeurs\",\"publisher\":{\"@id\":\"https:\\\/\\\/roubloff-france.fr\\\/Roubloff\\\/#organization\"},\"potentialAction\":[{\"@type\":\"SearchAction\",\"target\":{\"@type\":\"EntryPoint\",\"urlTemplate\":\"https:\\\/\\\/roubloff-france.fr\\\/Roubloff\\\/?s={search_term_string}\"},\"query-input\":{\"@type\":\"PropertyValueSpecification\",\"valueRequired\":true,\"valueName\":\"search_term_string\"}}],\"inLanguage\":\"fr-FR\"},{\"@type\":\"Organization\",\"@id\":\"https:\\\/\\\/roubloff-france.fr\\\/Roubloff\\\/#organization\",\"name\":\"Roubloff France - pinceaux d'art\",\"url\":\"https:\\\/\\\/roubloff-france.fr\\\/Roubloff\\\/\",\"logo\":{\"@type\":\"ImageObject\",\"inLanguage\":\"fr-FR\",\"@id\":\"https:\\\/\\\/roubloff-france.fr\\\/Roubloff\\\/#\\\/schema\\\/logo\\\/image\\\/\",\"url\":\"https:\\\/\\\/roubloff-france.fr\\\/Roubloff\\\/wp-content\\\/uploads\\\/2022\\\/01\\\/cropped-Logo-Roubloff-Rouge-avec-filet-blanc-250-p.png\",\"contentUrl\":\"https:\\\/\\\/roubloff-france.fr\\\/Roubloff\\\/wp-content\\\/uploads\\\/2022\\\/01\\\/cropped-Logo-Roubloff-Rouge-avec-filet-blanc-250-p.png\",\"width\":261,\"height\":57,\"caption\":\"Roubloff France - pinceaux d'art\"},\"image\":{\"@id\":\"https:\\\/\\\/roubloff-france.fr\\\/Roubloff\\\/#\\\/schema\\\/logo\\\/image\\\/\"},\"sameAs\":[\"https:\\\/\\\/www.instagram.com\\\/roubloff_france\\\/\"]}]}<\/script>\n<!-- \/ Yoast SEO plugin. -->","yoast_head_json":{"title":"QD15-8 Kolinsky Mix - Roubloff France - pinceaux d&#039;art","description":"Pinceaux m\u00e9lang\u00e9s Kolinsky (martre) et synth\u00e9tique, brosse ronde d\u2019une taille n\u00b0 4, avec un manche court noir mat et une virole en plastique","robots":{"index":"index","follow":"follow","max-snippet":"max-snippet:-1","max-image-preview":"max-image-preview:large","max-video-preview":"max-video-preview:-1"},"canonical":"https:\/\/roubloff-france.fr\/Roubloff\/produit\/roubloff-kolinsky-mix-serie-qd15-8\/","og_locale":"fr_FR","og_type":"article","og_title":"QD15-8 Kolinsky Mix - Roubloff France - pinceaux d&#039;art","og_description":"Pinceaux m\u00e9lang\u00e9s Kolinsky (martre) et synth\u00e9tique, brosse ronde d\u2019une taille n\u00b0 4, avec un manche court noir mat et une virole en plastique","og_url":"https:\/\/roubloff-france.fr\/Roubloff\/produit\/roubloff-kolinsky-mix-serie-qd15-8\/","og_site_name":"Roubloff France - pinceaux d&#039;art","article_publisher":"https:\/\/www.instagram.com\/roubloff_france\/","article_modified_time":"2026-04-01T19:06:38+00:00","og_image":[{"width":900,"height":1000,"url":"http:\/\/roubloff-france.fr\/Roubloff\/wp-content\/uploads\/2025\/05\/QD15-8_1.jpg","type":"image\/jpeg"}],"twitter_card":"summary_large_image","twitter_misc":{"Dur\u00e9e de lecture estim\u00e9e":"2 minutes"},"schema":{"@context":"https:\/\/schema.org","@graph":[{"@type":"WebPage","@id":"https:\/\/roubloff-france.fr\/Roubloff\/produit\/roubloff-kolinsky-mix-serie-qd15-8\/","url":"https:\/\/roubloff-france.fr\/Roubloff\/produit\/roubloff-kolinsky-mix-serie-qd15-8\/","name":"QD15-8 Kolinsky Mix - Roubloff France - pinceaux d&#039;art","isPartOf":{"@id":"https:\/\/roubloff-france.fr\/Roubloff\/#website"},"primaryImageOfPage":{"@id":"https:\/\/roubloff-france.fr\/Roubloff\/produit\/roubloff-kolinsky-mix-serie-qd15-8\/#primaryimage"},"image":{"@id":"https:\/\/roubloff-france.fr\/Roubloff\/produit\/roubloff-kolinsky-mix-serie-qd15-8\/#primaryimage"},"thumbnailUrl":"https:\/\/roubloff-france.fr\/Roubloff\/wp-content\/uploads\/2025\/05\/QD15-8_1.jpg","datePublished":"2021-09-24T09:06:27+00:00","dateModified":"2026-04-01T19:06:38+00:00","description":"Pinceaux m\u00e9lang\u00e9s Kolinsky (martre) et synth\u00e9tique, brosse ronde d\u2019une taille n\u00b0 4, avec un manche court noir mat et une virole en plastique","breadcrumb":{"@id":"https:\/\/roubloff-france.fr\/Roubloff\/produit\/roubloff-kolinsky-mix-serie-qd15-8\/#breadcrumb"},"inLanguage":"fr-FR","potentialAction":[{"@type":"ReadAction","target":["https:\/\/roubloff-france.fr\/Roubloff\/produit\/roubloff-kolinsky-mix-serie-qd15-8\/"]}]},{"@type":"ImageObject","inLanguage":"fr-FR","@id":"https:\/\/roubloff-france.fr\/Roubloff\/produit\/roubloff-kolinsky-mix-serie-qd15-8\/#primaryimage","url":"https:\/\/roubloff-france.fr\/Roubloff\/wp-content\/uploads\/2025\/05\/QD15-8_1.jpg","contentUrl":"https:\/\/roubloff-france.fr\/Roubloff\/wp-content\/uploads\/2025\/05\/QD15-8_1.jpg","width":900,"height":1000},{"@type":"BreadcrumbList","@id":"https:\/\/roubloff-france.fr\/Roubloff\/produit\/roubloff-kolinsky-mix-serie-qd15-8\/#breadcrumb","itemListElement":[{"@type":"ListItem","position":1,"name":"Accueil","item":"https:\/\/roubloff-france.fr\/Roubloff\/"},{"@type":"ListItem","position":2,"name":"Les pinceaux Roubloff \u00a9 :","item":"https:\/\/roubloff-france.fr\/Roubloff\/"},{"@type":"ListItem","position":3,"name":"QD15-8 Kolinsky Mix"}]},{"@type":"WebSite","@id":"https:\/\/roubloff-france.fr\/Roubloff\/#website","url":"https:\/\/roubloff-france.fr\/Roubloff\/","name":"Roubloff France - pinceaux d'art","description":"Les pinceaux d&#039;art pour les artistes, \u00e9coles d&#039;art, revendeurs","publisher":{"@id":"https:\/\/roubloff-france.fr\/Roubloff\/#organization"},"potentialAction":[{"@type":"SearchAction","target":{"@type":"EntryPoint","urlTemplate":"https:\/\/roubloff-france.fr\/Roubloff\/?s={search_term_string}"},"query-input":{"@type":"PropertyValueSpecification","valueRequired":true,"valueName":"search_term_string"}}],"inLanguage":"fr-FR"},{"@type":"Organization","@id":"https:\/\/roubloff-france.fr\/Roubloff\/#organization","name":"Roubloff France - pinceaux d'art","url":"https:\/\/roubloff-france.fr\/Roubloff\/","logo":{"@type":"ImageObject","inLanguage":"fr-FR","@id":"https:\/\/roubloff-france.fr\/Roubloff\/#\/schema\/logo\/image\/","url":"https:\/\/roubloff-france.fr\/Roubloff\/wp-content\/uploads\/2022\/01\/cropped-Logo-Roubloff-Rouge-avec-filet-blanc-250-p.png","contentUrl":"https:\/\/roubloff-france.fr\/Roubloff\/wp-content\/uploads\/2022\/01\/cropped-Logo-Roubloff-Rouge-avec-filet-blanc-250-p.png","width":261,"height":57,"caption":"Roubloff France - pinceaux d'art"},"image":{"@id":"https:\/\/roubloff-france.fr\/Roubloff\/#\/schema\/logo\/image\/"},"sameAs":["https:\/\/www.instagram.com\/roubloff_france\/"]}]}},"_links":{"self":[{"href":"https:\/\/roubloff-france.fr\/Roubloff\/wp-json\/wp\/v2\/product\/287","targetHints":{"allow":["GET"]}}],"collection":[{"href":"https:\/\/roubloff-france.fr\/Roubloff\/wp-json\/wp\/v2\/product"}],"about":[{"href":"https:\/\/roubloff-france.fr\/Roubloff\/wp-json\/wp\/v2\/types\/product"}],"wp:featuredmedia":[{"embeddable":true,"href":"https:\/\/roubloff-france.fr\/Roubloff\/wp-json\/wp\/v2\/media\/818"}],"wp:attachment":[{"href":"https:\/\/roubloff-france.fr\/Roubloff\/wp-json\/wp\/v2\/media?parent=287"}],"wp:term":[{"taxonomy":"product_brand","embeddable":true,"href":"https:\/\/roubloff-france.fr\/Roubloff\/wp-json\/wp\/v2\/product_brand?post=287"},{"taxonomy":"product_cat","embeddable":true,"href":"https:\/\/roubloff-france.fr\/Roubloff\/wp-json\/wp\/v2\/product_cat?post=287"},{"taxonomy":"product_tag","embeddable":true,"href":"https:\/\/roubloff-france.fr\/Roubloff\/wp-json\/wp\/v2\/product_tag?post=287"}],"curies":[{"name":"wp","href":"https:\/\/api.w.org\/{rel}","templated":true}]}}