{"id":259,"date":"2021-07-15T09:01:18","date_gmt":"2021-07-15T07:01:18","guid":{"rendered":"https:\/\/roubloff-france.fr\/Roubloff\/?post_type=product&#038;p=259"},"modified":"2026-03-25T15:38:33","modified_gmt":"2026-03-25T14:38:33","slug":"le-pinceau-white-liner-est-preconise-pour-des-lignes-fines-precises","status":"publish","type":"product","link":"https:\/\/roubloff-france.fr\/Roubloff\/produit\/le-pinceau-white-liner-est-preconise-pour-des-lignes-fines-precises\/","title":{"rendered":"Aqua White liner n\u00b01"},"content":{"rendered":"<h3>Le pinceau Roubloff \u00ab\u00a0Aqua White liner\u00bb est en poils synth\u00e9tiques de couleur blanc neige avec une forme de brosse tr\u00e8s longue, taille N\u00b01 ou n\u00b02, avec un manche court blanc et d\u2019une virole soft-touch &#8211; doux au toucher.<\/h3>\n<p><iframe loading=\"lazy\" title=\"\u041a\u0438\u0441\u0442\u044c Roubloff Aqua White\" width=\"980\" height=\"551\" src=\"https:\/\/www.youtube.com\/embed\/39a_343LdT8?feature=oembed\" frameborder=\"0\" allow=\"accelerometer; autoplay; clipboard-write; encrypted-media; gyroscope; picture-in-picture; web-share\" referrerpolicy=\"strict-origin-when-cross-origin\" allowfullscreen><\/iframe><\/p>\n<p>A voir la video sur YouTube <a href=\"https:\/\/youtu.be\/39a_343LdT8\" target=\"_blank\" rel=\"noopener\">https:\/\/youtu.be\/39a_343LdT8<\/a><\/p>\n<p>Le <strong>Pinceau White liner<\/strong> est pr\u00e9conis\u00e9 pour des lignes fines pr\u00e9cises.<\/p>\n<p>Les poils de brosse uniques conviendraient non seulement aux couleurs, mais m\u00eame aux masques liquides &#8211; peinture \u00e0 l&rsquo;aquarelle, \u00e0 l&rsquo;acrylique et \u00e0 la r\u00e9serve.<\/p>\n<p>La fantaisie devient r\u00e9alit\u00e9!<\/p>\n<ul>\n<li>Application : aquarelle, Aqua<\/li>\n<li>Poils : synth\u00e9tique blanc neige<\/li>\n<li>Rigidit\u00e9 : 1<\/li>\n<li>Virole : toucher doux (soft touch)<\/li>\n<li>Forme de la t\u00eate de brosse : longue<\/li>\n<li>Longueur du manche : court<\/li>\n<li>Tailles : 1, 2<\/li>\n<\/ul>\n","protected":false},"excerpt":{"rendered":"<h3>Le pinceau Roubloff \u00ab\u00a0Aqua White liner\u00bb est en poils synth\u00e9tiques de couleur blanc neige avec une forme de brosse tr\u00e8s longue, taille N\u00b01 ou n\u00b02, avec un manche court blanc et d\u2019une virole soft-touch &#8211; doux au toucher.<\/h3>\n","protected":false},"featured_media":160,"template":"","meta":[],"product_brand":[319],"product_cat":[254,257,16],"product_tag":[114,164,104,165,135,99,166,106],"class_list":{"0":"post-259","1":"product","2":"type-product","3":"status-publish","4":"has-post-thumbnail","6":"product_brand-roubloff","7":"product_cat-aqua-aqua-blue-aqua-black-aqua-white-aqua-red-aqua-wide-flat","8":"product_cat-aqua-white-liner","9":"product_cat-les-pinceaux-dart-roubloff","10":"product_tag-acrylique","11":"product_tag-aqua-white-liner","12":"product_tag-aquarelle","13":"product_tag-brosse-longue","14":"product_tag-manche-court","15":"product_tag-poils-synthetiques","16":"product_tag-soft-touch","17":"product_tag-synthetique","19":"first","20":"outofstock","21":"taxable","22":"shipping-taxable","23":"purchasable","24":"product-type-simple"},"yoast_head":"<!-- This site is optimized with the Yoast SEO plugin v27.3 - https:\/\/yoast.com\/product\/yoast-seo-wordpress\/ -->\n<title>Aqua White liner n\u00b01 - Roubloff France - pinceaux d&#039;art<\/title>\n<meta name=\"description\" content=\"Le Pinceau White liner est pr\u00e9conis\u00e9 pour des lignes fines pr\u00e9cises\" \/>\n<meta name=\"robots\" content=\"index, follow, max-snippet:-1, max-image-preview:large, max-video-preview:-1\" \/>\n<link rel=\"canonical\" href=\"https:\/\/roubloff-france.fr\/Roubloff\/produit\/le-pinceau-white-liner-est-preconise-pour-des-lignes-fines-precises\/\" \/>\n<meta property=\"og:locale\" content=\"fr_FR\" \/>\n<meta property=\"og:type\" content=\"article\" \/>\n<meta property=\"og:title\" content=\"Aqua White liner n\u00b01 - Roubloff France - pinceaux d&#039;art\" \/>\n<meta property=\"og:description\" content=\"Le Pinceau White liner est pr\u00e9conis\u00e9 pour des lignes fines pr\u00e9cises\" \/>\n<meta property=\"og:url\" content=\"https:\/\/roubloff-france.fr\/Roubloff\/produit\/le-pinceau-white-liner-est-preconise-pour-des-lignes-fines-precises\/\" \/>\n<meta property=\"og:site_name\" content=\"Roubloff France - pinceaux d&#039;art\" \/>\n<meta property=\"article:publisher\" content=\"https:\/\/www.instagram.com\/roubloff_france\/\" \/>\n<meta property=\"article:modified_time\" content=\"2026-03-25T14:38:33+00:00\" \/>\n<meta property=\"og:image\" content=\"http:\/\/roubloff-france.fr\/Roubloff\/wp-content\/uploads\/2021\/03\/Aqua-White-liner-1.jpg\" \/>\n\t<meta property=\"og:image:width\" content=\"900\" \/>\n\t<meta property=\"og:image:height\" content=\"1000\" \/>\n\t<meta property=\"og:image:type\" content=\"image\/jpeg\" \/>\n<meta name=\"twitter:card\" content=\"summary_large_image\" \/>\n<meta name=\"twitter:label1\" content=\"Dur\u00e9e de lecture estim\u00e9e\" \/>\n\t<meta name=\"twitter:data1\" content=\"1 minute\" \/>\n<script type=\"application\/ld+json\" class=\"yoast-schema-graph\">{\"@context\":\"https:\\\/\\\/schema.org\",\"@graph\":[{\"@type\":\"WebPage\",\"@id\":\"https:\\\/\\\/roubloff-france.fr\\\/Roubloff\\\/produit\\\/le-pinceau-white-liner-est-preconise-pour-des-lignes-fines-precises\\\/\",\"url\":\"https:\\\/\\\/roubloff-france.fr\\\/Roubloff\\\/produit\\\/le-pinceau-white-liner-est-preconise-pour-des-lignes-fines-precises\\\/\",\"name\":\"Aqua White liner n\u00b01 - Roubloff France - pinceaux d&#039;art\",\"isPartOf\":{\"@id\":\"https:\\\/\\\/roubloff-france.fr\\\/Roubloff\\\/#website\"},\"primaryImageOfPage\":{\"@id\":\"https:\\\/\\\/roubloff-france.fr\\\/Roubloff\\\/produit\\\/le-pinceau-white-liner-est-preconise-pour-des-lignes-fines-precises\\\/#primaryimage\"},\"image\":{\"@id\":\"https:\\\/\\\/roubloff-france.fr\\\/Roubloff\\\/produit\\\/le-pinceau-white-liner-est-preconise-pour-des-lignes-fines-precises\\\/#primaryimage\"},\"thumbnailUrl\":\"https:\\\/\\\/roubloff-france.fr\\\/Roubloff\\\/wp-content\\\/uploads\\\/2021\\\/03\\\/Aqua-White-liner-1.jpg\",\"datePublished\":\"2021-07-15T07:01:18+00:00\",\"dateModified\":\"2026-03-25T14:38:33+00:00\",\"description\":\"Le Pinceau White liner est pr\u00e9conis\u00e9 pour des lignes fines pr\u00e9cises\",\"breadcrumb\":{\"@id\":\"https:\\\/\\\/roubloff-france.fr\\\/Roubloff\\\/produit\\\/le-pinceau-white-liner-est-preconise-pour-des-lignes-fines-precises\\\/#breadcrumb\"},\"inLanguage\":\"fr-FR\",\"potentialAction\":[{\"@type\":\"ReadAction\",\"target\":[\"https:\\\/\\\/roubloff-france.fr\\\/Roubloff\\\/produit\\\/le-pinceau-white-liner-est-preconise-pour-des-lignes-fines-precises\\\/\"]}]},{\"@type\":\"ImageObject\",\"inLanguage\":\"fr-FR\",\"@id\":\"https:\\\/\\\/roubloff-france.fr\\\/Roubloff\\\/produit\\\/le-pinceau-white-liner-est-preconise-pour-des-lignes-fines-precises\\\/#primaryimage\",\"url\":\"https:\\\/\\\/roubloff-france.fr\\\/Roubloff\\\/wp-content\\\/uploads\\\/2021\\\/03\\\/Aqua-White-liner-1.jpg\",\"contentUrl\":\"https:\\\/\\\/roubloff-france.fr\\\/Roubloff\\\/wp-content\\\/uploads\\\/2021\\\/03\\\/Aqua-White-liner-1.jpg\",\"width\":900,\"height\":1000},{\"@type\":\"BreadcrumbList\",\"@id\":\"https:\\\/\\\/roubloff-france.fr\\\/Roubloff\\\/produit\\\/le-pinceau-white-liner-est-preconise-pour-des-lignes-fines-precises\\\/#breadcrumb\",\"itemListElement\":[{\"@type\":\"ListItem\",\"position\":1,\"name\":\"Accueil\",\"item\":\"https:\\\/\\\/roubloff-france.fr\\\/Roubloff\\\/\"},{\"@type\":\"ListItem\",\"position\":2,\"name\":\"Les pinceaux Roubloff \u00a9 :\",\"item\":\"https:\\\/\\\/roubloff-france.fr\\\/Roubloff\\\/\"},{\"@type\":\"ListItem\",\"position\":3,\"name\":\"Aqua White liner n\u00b01\"}]},{\"@type\":\"WebSite\",\"@id\":\"https:\\\/\\\/roubloff-france.fr\\\/Roubloff\\\/#website\",\"url\":\"https:\\\/\\\/roubloff-france.fr\\\/Roubloff\\\/\",\"name\":\"Roubloff France - pinceaux d'art\",\"description\":\"Les pinceaux d&#039;art pour les artistes, \u00e9coles d&#039;art, revendeurs\",\"publisher\":{\"@id\":\"https:\\\/\\\/roubloff-france.fr\\\/Roubloff\\\/#organization\"},\"potentialAction\":[{\"@type\":\"SearchAction\",\"target\":{\"@type\":\"EntryPoint\",\"urlTemplate\":\"https:\\\/\\\/roubloff-france.fr\\\/Roubloff\\\/?s={search_term_string}\"},\"query-input\":{\"@type\":\"PropertyValueSpecification\",\"valueRequired\":true,\"valueName\":\"search_term_string\"}}],\"inLanguage\":\"fr-FR\"},{\"@type\":\"Organization\",\"@id\":\"https:\\\/\\\/roubloff-france.fr\\\/Roubloff\\\/#organization\",\"name\":\"Roubloff France - pinceaux d'art\",\"url\":\"https:\\\/\\\/roubloff-france.fr\\\/Roubloff\\\/\",\"logo\":{\"@type\":\"ImageObject\",\"inLanguage\":\"fr-FR\",\"@id\":\"https:\\\/\\\/roubloff-france.fr\\\/Roubloff\\\/#\\\/schema\\\/logo\\\/image\\\/\",\"url\":\"https:\\\/\\\/roubloff-france.fr\\\/Roubloff\\\/wp-content\\\/uploads\\\/2022\\\/01\\\/cropped-Logo-Roubloff-Rouge-avec-filet-blanc-250-p.png\",\"contentUrl\":\"https:\\\/\\\/roubloff-france.fr\\\/Roubloff\\\/wp-content\\\/uploads\\\/2022\\\/01\\\/cropped-Logo-Roubloff-Rouge-avec-filet-blanc-250-p.png\",\"width\":261,\"height\":57,\"caption\":\"Roubloff France - pinceaux d'art\"},\"image\":{\"@id\":\"https:\\\/\\\/roubloff-france.fr\\\/Roubloff\\\/#\\\/schema\\\/logo\\\/image\\\/\"},\"sameAs\":[\"https:\\\/\\\/www.instagram.com\\\/roubloff_france\\\/\"]}]}<\/script>\n<!-- \/ Yoast SEO plugin. -->","yoast_head_json":{"title":"Aqua White liner n\u00b01 - Roubloff France - pinceaux d&#039;art","description":"Le Pinceau White liner est pr\u00e9conis\u00e9 pour des lignes fines pr\u00e9cises","robots":{"index":"index","follow":"follow","max-snippet":"max-snippet:-1","max-image-preview":"max-image-preview:large","max-video-preview":"max-video-preview:-1"},"canonical":"https:\/\/roubloff-france.fr\/Roubloff\/produit\/le-pinceau-white-liner-est-preconise-pour-des-lignes-fines-precises\/","og_locale":"fr_FR","og_type":"article","og_title":"Aqua White liner n\u00b01 - Roubloff France - pinceaux d&#039;art","og_description":"Le Pinceau White liner est pr\u00e9conis\u00e9 pour des lignes fines pr\u00e9cises","og_url":"https:\/\/roubloff-france.fr\/Roubloff\/produit\/le-pinceau-white-liner-est-preconise-pour-des-lignes-fines-precises\/","og_site_name":"Roubloff France - pinceaux d&#039;art","article_publisher":"https:\/\/www.instagram.com\/roubloff_france\/","article_modified_time":"2026-03-25T14:38:33+00:00","og_image":[{"width":900,"height":1000,"url":"http:\/\/roubloff-france.fr\/Roubloff\/wp-content\/uploads\/2021\/03\/Aqua-White-liner-1.jpg","type":"image\/jpeg"}],"twitter_card":"summary_large_image","twitter_misc":{"Dur\u00e9e de lecture estim\u00e9e":"1 minute"},"schema":{"@context":"https:\/\/schema.org","@graph":[{"@type":"WebPage","@id":"https:\/\/roubloff-france.fr\/Roubloff\/produit\/le-pinceau-white-liner-est-preconise-pour-des-lignes-fines-precises\/","url":"https:\/\/roubloff-france.fr\/Roubloff\/produit\/le-pinceau-white-liner-est-preconise-pour-des-lignes-fines-precises\/","name":"Aqua White liner n\u00b01 - Roubloff France - pinceaux d&#039;art","isPartOf":{"@id":"https:\/\/roubloff-france.fr\/Roubloff\/#website"},"primaryImageOfPage":{"@id":"https:\/\/roubloff-france.fr\/Roubloff\/produit\/le-pinceau-white-liner-est-preconise-pour-des-lignes-fines-precises\/#primaryimage"},"image":{"@id":"https:\/\/roubloff-france.fr\/Roubloff\/produit\/le-pinceau-white-liner-est-preconise-pour-des-lignes-fines-precises\/#primaryimage"},"thumbnailUrl":"https:\/\/roubloff-france.fr\/Roubloff\/wp-content\/uploads\/2021\/03\/Aqua-White-liner-1.jpg","datePublished":"2021-07-15T07:01:18+00:00","dateModified":"2026-03-25T14:38:33+00:00","description":"Le Pinceau White liner est pr\u00e9conis\u00e9 pour des lignes fines pr\u00e9cises","breadcrumb":{"@id":"https:\/\/roubloff-france.fr\/Roubloff\/produit\/le-pinceau-white-liner-est-preconise-pour-des-lignes-fines-precises\/#breadcrumb"},"inLanguage":"fr-FR","potentialAction":[{"@type":"ReadAction","target":["https:\/\/roubloff-france.fr\/Roubloff\/produit\/le-pinceau-white-liner-est-preconise-pour-des-lignes-fines-precises\/"]}]},{"@type":"ImageObject","inLanguage":"fr-FR","@id":"https:\/\/roubloff-france.fr\/Roubloff\/produit\/le-pinceau-white-liner-est-preconise-pour-des-lignes-fines-precises\/#primaryimage","url":"https:\/\/roubloff-france.fr\/Roubloff\/wp-content\/uploads\/2021\/03\/Aqua-White-liner-1.jpg","contentUrl":"https:\/\/roubloff-france.fr\/Roubloff\/wp-content\/uploads\/2021\/03\/Aqua-White-liner-1.jpg","width":900,"height":1000},{"@type":"BreadcrumbList","@id":"https:\/\/roubloff-france.fr\/Roubloff\/produit\/le-pinceau-white-liner-est-preconise-pour-des-lignes-fines-precises\/#breadcrumb","itemListElement":[{"@type":"ListItem","position":1,"name":"Accueil","item":"https:\/\/roubloff-france.fr\/Roubloff\/"},{"@type":"ListItem","position":2,"name":"Les pinceaux Roubloff \u00a9 :","item":"https:\/\/roubloff-france.fr\/Roubloff\/"},{"@type":"ListItem","position":3,"name":"Aqua White liner n\u00b01"}]},{"@type":"WebSite","@id":"https:\/\/roubloff-france.fr\/Roubloff\/#website","url":"https:\/\/roubloff-france.fr\/Roubloff\/","name":"Roubloff France - pinceaux d'art","description":"Les pinceaux d&#039;art pour les artistes, \u00e9coles d&#039;art, revendeurs","publisher":{"@id":"https:\/\/roubloff-france.fr\/Roubloff\/#organization"},"potentialAction":[{"@type":"SearchAction","target":{"@type":"EntryPoint","urlTemplate":"https:\/\/roubloff-france.fr\/Roubloff\/?s={search_term_string}"},"query-input":{"@type":"PropertyValueSpecification","valueRequired":true,"valueName":"search_term_string"}}],"inLanguage":"fr-FR"},{"@type":"Organization","@id":"https:\/\/roubloff-france.fr\/Roubloff\/#organization","name":"Roubloff France - pinceaux d'art","url":"https:\/\/roubloff-france.fr\/Roubloff\/","logo":{"@type":"ImageObject","inLanguage":"fr-FR","@id":"https:\/\/roubloff-france.fr\/Roubloff\/#\/schema\/logo\/image\/","url":"https:\/\/roubloff-france.fr\/Roubloff\/wp-content\/uploads\/2022\/01\/cropped-Logo-Roubloff-Rouge-avec-filet-blanc-250-p.png","contentUrl":"https:\/\/roubloff-france.fr\/Roubloff\/wp-content\/uploads\/2022\/01\/cropped-Logo-Roubloff-Rouge-avec-filet-blanc-250-p.png","width":261,"height":57,"caption":"Roubloff France - pinceaux d'art"},"image":{"@id":"https:\/\/roubloff-france.fr\/Roubloff\/#\/schema\/logo\/image\/"},"sameAs":["https:\/\/www.instagram.com\/roubloff_france\/"]}]}},"_links":{"self":[{"href":"https:\/\/roubloff-france.fr\/Roubloff\/wp-json\/wp\/v2\/product\/259","targetHints":{"allow":["GET"]}}],"collection":[{"href":"https:\/\/roubloff-france.fr\/Roubloff\/wp-json\/wp\/v2\/product"}],"about":[{"href":"https:\/\/roubloff-france.fr\/Roubloff\/wp-json\/wp\/v2\/types\/product"}],"wp:featuredmedia":[{"embeddable":true,"href":"https:\/\/roubloff-france.fr\/Roubloff\/wp-json\/wp\/v2\/media\/160"}],"wp:attachment":[{"href":"https:\/\/roubloff-france.fr\/Roubloff\/wp-json\/wp\/v2\/media?parent=259"}],"wp:term":[{"taxonomy":"product_brand","embeddable":true,"href":"https:\/\/roubloff-france.fr\/Roubloff\/wp-json\/wp\/v2\/product_brand?post=259"},{"taxonomy":"product_cat","embeddable":true,"href":"https:\/\/roubloff-france.fr\/Roubloff\/wp-json\/wp\/v2\/product_cat?post=259"},{"taxonomy":"product_tag","embeddable":true,"href":"https:\/\/roubloff-france.fr\/Roubloff\/wp-json\/wp\/v2\/product_tag?post=259"}],"curies":[{"name":"wp","href":"https:\/\/api.w.org\/{rel}","templated":true}]}}