{"id":256,"date":"2021-07-15T07:42:16","date_gmt":"2021-07-15T05:42:16","guid":{"rendered":"https:\/\/roubloff-france.fr\/Roubloff\/?post_type=product&#038;p=256"},"modified":"2023-11-30T23:20:18","modified_gmt":"2023-11-30T22:20:18","slug":"roubloff-synthetic-1b12w-6","status":"publish","type":"product","link":"https:\/\/roubloff-france.fr\/Roubloff\/produit\/roubloff-synthetic-1b12w-6\/","title":{"rendered":"Roubloff Synthetic 1B12W-6"},"content":{"rendered":"<h3>Le Pinceau Roubloff en poils synth\u00e9tiques blancs, brosse ronde en forme de c\u00f4ne, existe en plusieurs tailles de 0 \u00e0 14 mm, avec un long manche blanc bien \u00e9quilibr\u00e9 et une virole argent\u00e9e.<\/h3>\n<p>Le pinceau rond en synth\u00e9tique blanc peut \u00eatre utilis\u00e9 dans diverses techniques classiques.<\/p>\n<p>La t\u00eate de brosse en forme de c\u00f4ne poss\u00e8de une pointe ac\u00e9r\u00e9e et vous permet de peindre des lignes fines continues et de larges traits \u00e9pais.<\/p>\n<p>La longue poign\u00e9e brillante \u00e9quilibr\u00e9e vous permet de travailler sur des toiles dispos\u00e9es verticalement en gardant la main \u00e0 distance.<\/p>\n<p>La couleur blanche du synth\u00e9tique permet de contr\u00f4ler facilement la tonalit\u00e9 des couleurs, ce qui est d&rsquo;une importance primordiale en termes de coloristique.<\/p>\n<p>Le nouveau synth\u00e9tique de haute qualit\u00e9 poss\u00e8de une grande r\u00e9sistance et un ressort<\/p>\n<p><strong>Pinceaux d&rsquo;art :<\/strong><\/p>\n<ul>\n<li>Application : acrylique, gouache, huile<\/li>\n<li>Poils : synth\u00e9tiques blanc<\/li>\n<li>Rigidit\u00e9 : 4<\/li>\n<li>Virole : argent (laiton chrom\u00e9)<\/li>\n<li>Forme de la t\u00eate de brosse : ronde<\/li>\n<li>Longueur du manche : long<\/li>\n<li>Taille : 0 1 2 3 4 5 6 7 8 10 12 14<\/li>\n<\/ul>\n<p>Avantages : haute qualit\u00e9 des poils, poils trait\u00e9s \u00e0 la main<\/p>\n","protected":false},"excerpt":{"rendered":"<h3>Le Pinceau Roubloff en poils synth\u00e9tiques blancs, brosse ronde en forme de c\u00f4ne, existe en plusieurs tailles de 0 \u00e0 14 mm, avec un long manche blanc bien \u00e9quilibr\u00e9 et une virole argent\u00e9e.<\/h3>\n","protected":false},"featured_media":258,"template":"","meta":[],"product_brand":[],"product_cat":[158,16],"product_tag":[160,159,161,114,136,115,116,98,162,43,99,100,157,101],"class_list":{"0":"post-256","1":"product","2":"type-product","3":"status-publish","4":"has-post-thumbnail","6":"product_cat-1b12w","7":"product_cat-les-pinceaux-dart-roubloff","8":"product_tag-1b","9":"product_tag-1b12w","10":"product_tag-1b12w-6","11":"product_tag-acrylique","12":"product_tag-brosse-ronde","13":"product_tag-gouache","14":"product_tag-huile","15":"product_tag-long-manche-blanc","16":"product_tag-manche-long","17":"product_tag-pinceaux-dart","18":"product_tag-poils-synthetiques","19":"product_tag-poils-synthetiques-blancs","20":"product_tag-synthetiques","21":"product_tag-virole-argentee","23":"first","24":"instock","25":"taxable","26":"shipping-taxable","27":"purchasable","28":"product-type-simple"},"yoast_head":"<!-- This site is optimized with the Yoast SEO plugin v27.4 - https:\/\/yoast.com\/product\/yoast-seo-wordpress\/ -->\n<title>Roubloff Synthetic 1B12W-6 - Roubloff France - pinceaux d&#039;art<\/title>\n<meta name=\"description\" content=\"Pinceau Roubloff en poils synth\u00e9tiques blancs, de forme ovale de 10 mm avec un long manche blanc et d\u2019une virole argent\u00e9e.\" \/>\n<meta name=\"robots\" content=\"index, follow, max-snippet:-1, max-image-preview:large, max-video-preview:-1\" \/>\n<link rel=\"canonical\" href=\"https:\/\/roubloff-france.fr\/Roubloff\/produit\/roubloff-synthetic-1b12w-6\/\" \/>\n<meta property=\"og:locale\" content=\"fr_FR\" \/>\n<meta property=\"og:type\" content=\"article\" \/>\n<meta property=\"og:title\" content=\"Roubloff Synthetic 1B12W-6 - Roubloff France - pinceaux d&#039;art\" \/>\n<meta property=\"og:description\" content=\"Pinceau Roubloff en poils synth\u00e9tiques blancs, de forme ovale de 10 mm avec un long manche blanc et d\u2019une virole argent\u00e9e.\" \/>\n<meta property=\"og:url\" content=\"https:\/\/roubloff-france.fr\/Roubloff\/produit\/roubloff-synthetic-1b12w-6\/\" \/>\n<meta property=\"og:site_name\" content=\"Roubloff France - pinceaux d&#039;art\" \/>\n<meta property=\"article:publisher\" content=\"https:\/\/www.instagram.com\/roubloff_france\/\" \/>\n<meta property=\"article:modified_time\" content=\"2023-11-30T22:20:18+00:00\" \/>\n<meta property=\"og:image\" content=\"https:\/\/roubloff-france.fr\/Roubloff\/wp-content\/uploads\/2021\/07\/1B12W-Roubloff-Synthetic.jpg\" \/>\n\t<meta property=\"og:image:width\" content=\"900\" \/>\n\t<meta property=\"og:image:height\" content=\"1000\" \/>\n\t<meta property=\"og:image:type\" content=\"image\/jpeg\" \/>\n<meta name=\"twitter:card\" content=\"summary_large_image\" \/>\n<meta name=\"twitter:label1\" content=\"Dur\u00e9e de lecture estim\u00e9e\" \/>\n\t<meta name=\"twitter:data1\" content=\"1 minute\" \/>\n<script type=\"application\/ld+json\" class=\"yoast-schema-graph\">{\"@context\":\"https:\\\/\\\/schema.org\",\"@graph\":[{\"@type\":\"WebPage\",\"@id\":\"https:\\\/\\\/roubloff-france.fr\\\/Roubloff\\\/produit\\\/roubloff-synthetic-1b12w-6\\\/\",\"url\":\"https:\\\/\\\/roubloff-france.fr\\\/Roubloff\\\/produit\\\/roubloff-synthetic-1b12w-6\\\/\",\"name\":\"Roubloff Synthetic 1B12W-6 - Roubloff France - pinceaux d&#039;art\",\"isPartOf\":{\"@id\":\"https:\\\/\\\/roubloff-france.fr\\\/Roubloff\\\/#website\"},\"primaryImageOfPage\":{\"@id\":\"https:\\\/\\\/roubloff-france.fr\\\/Roubloff\\\/produit\\\/roubloff-synthetic-1b12w-6\\\/#primaryimage\"},\"image\":{\"@id\":\"https:\\\/\\\/roubloff-france.fr\\\/Roubloff\\\/produit\\\/roubloff-synthetic-1b12w-6\\\/#primaryimage\"},\"thumbnailUrl\":\"https:\\\/\\\/roubloff-france.fr\\\/Roubloff\\\/wp-content\\\/uploads\\\/2021\\\/07\\\/1B12W-Roubloff-Synthetic.jpg\",\"datePublished\":\"2021-07-15T05:42:16+00:00\",\"dateModified\":\"2023-11-30T22:20:18+00:00\",\"description\":\"Pinceau Roubloff en poils synth\u00e9tiques blancs, de forme ovale de 10 mm avec un long manche blanc et d\u2019une virole argent\u00e9e.\",\"breadcrumb\":{\"@id\":\"https:\\\/\\\/roubloff-france.fr\\\/Roubloff\\\/produit\\\/roubloff-synthetic-1b12w-6\\\/#breadcrumb\"},\"inLanguage\":\"fr-FR\",\"potentialAction\":[{\"@type\":\"ReadAction\",\"target\":[\"https:\\\/\\\/roubloff-france.fr\\\/Roubloff\\\/produit\\\/roubloff-synthetic-1b12w-6\\\/\"]}]},{\"@type\":\"ImageObject\",\"inLanguage\":\"fr-FR\",\"@id\":\"https:\\\/\\\/roubloff-france.fr\\\/Roubloff\\\/produit\\\/roubloff-synthetic-1b12w-6\\\/#primaryimage\",\"url\":\"https:\\\/\\\/roubloff-france.fr\\\/Roubloff\\\/wp-content\\\/uploads\\\/2021\\\/07\\\/1B12W-Roubloff-Synthetic.jpg\",\"contentUrl\":\"https:\\\/\\\/roubloff-france.fr\\\/Roubloff\\\/wp-content\\\/uploads\\\/2021\\\/07\\\/1B12W-Roubloff-Synthetic.jpg\",\"width\":900,\"height\":1000,\"caption\":\"Roubloff Synthetic 1B12W\"},{\"@type\":\"BreadcrumbList\",\"@id\":\"https:\\\/\\\/roubloff-france.fr\\\/Roubloff\\\/produit\\\/roubloff-synthetic-1b12w-6\\\/#breadcrumb\",\"itemListElement\":[{\"@type\":\"ListItem\",\"position\":1,\"name\":\"Accueil\",\"item\":\"https:\\\/\\\/roubloff-france.fr\\\/Roubloff\\\/\"},{\"@type\":\"ListItem\",\"position\":2,\"name\":\"Les pinceaux Roubloff \u00a9 :\",\"item\":\"https:\\\/\\\/roubloff-france.fr\\\/Roubloff\\\/\"},{\"@type\":\"ListItem\",\"position\":3,\"name\":\"Roubloff Synthetic 1B12W-6\"}]},{\"@type\":\"WebSite\",\"@id\":\"https:\\\/\\\/roubloff-france.fr\\\/Roubloff\\\/#website\",\"url\":\"https:\\\/\\\/roubloff-france.fr\\\/Roubloff\\\/\",\"name\":\"Roubloff France - pinceaux d'art\",\"description\":\"Les pinceaux d&#039;art pour les artistes, \u00e9coles d&#039;art, revendeurs\",\"publisher\":{\"@id\":\"https:\\\/\\\/roubloff-france.fr\\\/Roubloff\\\/#organization\"},\"potentialAction\":[{\"@type\":\"SearchAction\",\"target\":{\"@type\":\"EntryPoint\",\"urlTemplate\":\"https:\\\/\\\/roubloff-france.fr\\\/Roubloff\\\/?s={search_term_string}\"},\"query-input\":{\"@type\":\"PropertyValueSpecification\",\"valueRequired\":true,\"valueName\":\"search_term_string\"}}],\"inLanguage\":\"fr-FR\"},{\"@type\":\"Organization\",\"@id\":\"https:\\\/\\\/roubloff-france.fr\\\/Roubloff\\\/#organization\",\"name\":\"Roubloff France - pinceaux d'art\",\"url\":\"https:\\\/\\\/roubloff-france.fr\\\/Roubloff\\\/\",\"logo\":{\"@type\":\"ImageObject\",\"inLanguage\":\"fr-FR\",\"@id\":\"https:\\\/\\\/roubloff-france.fr\\\/Roubloff\\\/#\\\/schema\\\/logo\\\/image\\\/\",\"url\":\"https:\\\/\\\/roubloff-france.fr\\\/Roubloff\\\/wp-content\\\/uploads\\\/2022\\\/01\\\/cropped-Logo-Roubloff-Rouge-avec-filet-blanc-250-p.png\",\"contentUrl\":\"https:\\\/\\\/roubloff-france.fr\\\/Roubloff\\\/wp-content\\\/uploads\\\/2022\\\/01\\\/cropped-Logo-Roubloff-Rouge-avec-filet-blanc-250-p.png\",\"width\":261,\"height\":57,\"caption\":\"Roubloff France - pinceaux d'art\"},\"image\":{\"@id\":\"https:\\\/\\\/roubloff-france.fr\\\/Roubloff\\\/#\\\/schema\\\/logo\\\/image\\\/\"},\"sameAs\":[\"https:\\\/\\\/www.instagram.com\\\/roubloff_france\\\/\"]}]}<\/script>\n<!-- \/ Yoast SEO plugin. -->","yoast_head_json":{"title":"Roubloff Synthetic 1B12W-6 - Roubloff France - pinceaux d&#039;art","description":"Pinceau Roubloff en poils synth\u00e9tiques blancs, de forme ovale de 10 mm avec un long manche blanc et d\u2019une virole argent\u00e9e.","robots":{"index":"index","follow":"follow","max-snippet":"max-snippet:-1","max-image-preview":"max-image-preview:large","max-video-preview":"max-video-preview:-1"},"canonical":"https:\/\/roubloff-france.fr\/Roubloff\/produit\/roubloff-synthetic-1b12w-6\/","og_locale":"fr_FR","og_type":"article","og_title":"Roubloff Synthetic 1B12W-6 - Roubloff France - pinceaux d&#039;art","og_description":"Pinceau Roubloff en poils synth\u00e9tiques blancs, de forme ovale de 10 mm avec un long manche blanc et d\u2019une virole argent\u00e9e.","og_url":"https:\/\/roubloff-france.fr\/Roubloff\/produit\/roubloff-synthetic-1b12w-6\/","og_site_name":"Roubloff France - pinceaux d&#039;art","article_publisher":"https:\/\/www.instagram.com\/roubloff_france\/","article_modified_time":"2023-11-30T22:20:18+00:00","og_image":[{"width":900,"height":1000,"url":"https:\/\/roubloff-france.fr\/Roubloff\/wp-content\/uploads\/2021\/07\/1B12W-Roubloff-Synthetic.jpg","type":"image\/jpeg"}],"twitter_card":"summary_large_image","twitter_misc":{"Dur\u00e9e de lecture estim\u00e9e":"1 minute"},"schema":{"@context":"https:\/\/schema.org","@graph":[{"@type":"WebPage","@id":"https:\/\/roubloff-france.fr\/Roubloff\/produit\/roubloff-synthetic-1b12w-6\/","url":"https:\/\/roubloff-france.fr\/Roubloff\/produit\/roubloff-synthetic-1b12w-6\/","name":"Roubloff Synthetic 1B12W-6 - Roubloff France - pinceaux d&#039;art","isPartOf":{"@id":"https:\/\/roubloff-france.fr\/Roubloff\/#website"},"primaryImageOfPage":{"@id":"https:\/\/roubloff-france.fr\/Roubloff\/produit\/roubloff-synthetic-1b12w-6\/#primaryimage"},"image":{"@id":"https:\/\/roubloff-france.fr\/Roubloff\/produit\/roubloff-synthetic-1b12w-6\/#primaryimage"},"thumbnailUrl":"https:\/\/roubloff-france.fr\/Roubloff\/wp-content\/uploads\/2021\/07\/1B12W-Roubloff-Synthetic.jpg","datePublished":"2021-07-15T05:42:16+00:00","dateModified":"2023-11-30T22:20:18+00:00","description":"Pinceau Roubloff en poils synth\u00e9tiques blancs, de forme ovale de 10 mm avec un long manche blanc et d\u2019une virole argent\u00e9e.","breadcrumb":{"@id":"https:\/\/roubloff-france.fr\/Roubloff\/produit\/roubloff-synthetic-1b12w-6\/#breadcrumb"},"inLanguage":"fr-FR","potentialAction":[{"@type":"ReadAction","target":["https:\/\/roubloff-france.fr\/Roubloff\/produit\/roubloff-synthetic-1b12w-6\/"]}]},{"@type":"ImageObject","inLanguage":"fr-FR","@id":"https:\/\/roubloff-france.fr\/Roubloff\/produit\/roubloff-synthetic-1b12w-6\/#primaryimage","url":"https:\/\/roubloff-france.fr\/Roubloff\/wp-content\/uploads\/2021\/07\/1B12W-Roubloff-Synthetic.jpg","contentUrl":"https:\/\/roubloff-france.fr\/Roubloff\/wp-content\/uploads\/2021\/07\/1B12W-Roubloff-Synthetic.jpg","width":900,"height":1000,"caption":"Roubloff Synthetic 1B12W"},{"@type":"BreadcrumbList","@id":"https:\/\/roubloff-france.fr\/Roubloff\/produit\/roubloff-synthetic-1b12w-6\/#breadcrumb","itemListElement":[{"@type":"ListItem","position":1,"name":"Accueil","item":"https:\/\/roubloff-france.fr\/Roubloff\/"},{"@type":"ListItem","position":2,"name":"Les pinceaux Roubloff \u00a9 :","item":"https:\/\/roubloff-france.fr\/Roubloff\/"},{"@type":"ListItem","position":3,"name":"Roubloff Synthetic 1B12W-6"}]},{"@type":"WebSite","@id":"https:\/\/roubloff-france.fr\/Roubloff\/#website","url":"https:\/\/roubloff-france.fr\/Roubloff\/","name":"Roubloff France - pinceaux d'art","description":"Les pinceaux d&#039;art pour les artistes, \u00e9coles d&#039;art, revendeurs","publisher":{"@id":"https:\/\/roubloff-france.fr\/Roubloff\/#organization"},"potentialAction":[{"@type":"SearchAction","target":{"@type":"EntryPoint","urlTemplate":"https:\/\/roubloff-france.fr\/Roubloff\/?s={search_term_string}"},"query-input":{"@type":"PropertyValueSpecification","valueRequired":true,"valueName":"search_term_string"}}],"inLanguage":"fr-FR"},{"@type":"Organization","@id":"https:\/\/roubloff-france.fr\/Roubloff\/#organization","name":"Roubloff France - pinceaux d'art","url":"https:\/\/roubloff-france.fr\/Roubloff\/","logo":{"@type":"ImageObject","inLanguage":"fr-FR","@id":"https:\/\/roubloff-france.fr\/Roubloff\/#\/schema\/logo\/image\/","url":"https:\/\/roubloff-france.fr\/Roubloff\/wp-content\/uploads\/2022\/01\/cropped-Logo-Roubloff-Rouge-avec-filet-blanc-250-p.png","contentUrl":"https:\/\/roubloff-france.fr\/Roubloff\/wp-content\/uploads\/2022\/01\/cropped-Logo-Roubloff-Rouge-avec-filet-blanc-250-p.png","width":261,"height":57,"caption":"Roubloff France - pinceaux d'art"},"image":{"@id":"https:\/\/roubloff-france.fr\/Roubloff\/#\/schema\/logo\/image\/"},"sameAs":["https:\/\/www.instagram.com\/roubloff_france\/"]}]}},"_links":{"self":[{"href":"https:\/\/roubloff-france.fr\/Roubloff\/wp-json\/wp\/v2\/product\/256","targetHints":{"allow":["GET"]}}],"collection":[{"href":"https:\/\/roubloff-france.fr\/Roubloff\/wp-json\/wp\/v2\/product"}],"about":[{"href":"https:\/\/roubloff-france.fr\/Roubloff\/wp-json\/wp\/v2\/types\/product"}],"wp:featuredmedia":[{"embeddable":true,"href":"https:\/\/roubloff-france.fr\/Roubloff\/wp-json\/wp\/v2\/media\/258"}],"wp:attachment":[{"href":"https:\/\/roubloff-france.fr\/Roubloff\/wp-json\/wp\/v2\/media?parent=256"}],"wp:term":[{"taxonomy":"product_brand","embeddable":true,"href":"https:\/\/roubloff-france.fr\/Roubloff\/wp-json\/wp\/v2\/product_brand?post=256"},{"taxonomy":"product_cat","embeddable":true,"href":"https:\/\/roubloff-france.fr\/Roubloff\/wp-json\/wp\/v2\/product_cat?post=256"},{"taxonomy":"product_tag","embeddable":true,"href":"https:\/\/roubloff-france.fr\/Roubloff\/wp-json\/wp\/v2\/product_tag?post=256"}],"curies":[{"name":"wp","href":"https:\/\/api.w.org\/{rel}","templated":true}]}}