{"id":252,"date":"2021-07-14T16:39:48","date_gmt":"2021-07-14T14:39:48","guid":{"rendered":"https:\/\/roubloff-france.fr\/Roubloff\/?post_type=product&#038;p=252"},"modified":"2026-01-08T17:52:30","modified_gmt":"2026-01-08T16:52:30","slug":"roubloff-pf1vt-7-pinceaux-de-voyage","status":"publish","type":"product","link":"https:\/\/roubloff-france.fr\/Roubloff\/produit\/roubloff-pf1vt-7-pinceaux-de-voyage\/","title":{"rendered":"PF1VT-7 Pinceaux de voyage &#8211; imitation \u00e9cureuil"},"content":{"rendered":"<p><strong>Le pinceau de voyage Roubloff PF1VT en imitation \u00e9cureuil, dispose d\u2019une brosse en taille unique de 7 mm, son manche chrom\u00e9 futuriste est bien \u00e9quilibr\u00e9.<\/strong><\/p>\n<p>Les pinceaux de voyage Roubloff sont pointus avec une pr\u00e9cision pour les formes les plus \u00e9labor\u00e9es.<\/p>\n<p>Le synth\u00e9tique souple et souple par rapport aux poils d&rsquo;\u00e9cureuil naturels rend les pinceaux plus pr\u00e9visibles du point de vue de l&rsquo;absorption d&rsquo;eau et de la peinture.<\/p>\n<p>Ces pinceaux ont \u00e9t\u00e9 cr\u00e9\u00e9s pour des croquis rapides et faciles.<\/p>\n<p>Cette ligne de pinceaux peut remplacer de nombreux pinceaux de diff\u00e9rentes tailles \u00e0 la fois et vous permet d&rsquo;effectuer toutes les \u00e9tapes de l&rsquo;esquisse, du mouillage, du remplissage aux d\u00e9tails fins.<\/p>\n<p>Le couvercle de la poign\u00e9e au toucher doux rend le processus de peinture confortable et agr\u00e9able m\u00eame pendant les jours les plus chauds ou les plus froids de plein air.<\/p>\n<p>Le chromage donne \u00e0 la brosse un aspect futuriste et esth\u00e9tique, tout en prolongeant sa dur\u00e9e de vie.<\/p>\n<p>Il y a un trou de ventilation dans la partie pliante de la brosse et vous pouvez facilement interpr\u00e9ter les poils utilis\u00e9s dans la brosse simplement en regardant les marques sur le manche.<\/p>\n<p>Le manche est parfaitement \u00e9quilibr\u00e9 et a une forme id\u00e9ale, ce qui permet \u00e0 l&rsquo;artiste de peindre r\u00e9guli\u00e8rement.<\/p>\n<p><strong>Pinceaux de voyage :<\/strong><\/p>\n<ul>\n<li>Application : aquarelle<\/li>\n<li>Poils : synth\u00e9tiques, imitation \u00e9cureuil<\/li>\n<li>Rigidit\u00e9 : 0<\/li>\n<li>Virole : toucher doux<\/li>\n<li>Forme de la brosse : ronde<\/li>\n<li>Longueur du manche : court<\/li>\n<li>Type : facile \u00e0 transporter<\/li>\n<li>Taille unique : 7 mm<\/li>\n<\/ul>\n<p><strong>Avantages :<\/strong><\/p>\n<ul>\n<li>Rev\u00eatement doux au toucher unique<\/li>\n<li>Conception \u00e9l\u00e9gante \u00e9labor\u00e9e<\/li>\n<li>Brosse d\u00e9licate protection de la touffe des poils<\/li>\n<\/ul>\n<p><strong>Pour en savoir plus :<\/strong> (site officiel Roubloff en anglais)<\/p>\n<p><a href=\"https:\/\/www.roubloff.ru\/en\/catalog\/artbrushes\/pf1vt\/\" target=\"_blank\" rel=\"noopener\">https:\/\/www.roubloff.ru\/en\/catalog\/artbrushes\/pf1vt\/<\/a><\/p>\n<p>&nbsp;<\/p>\n","protected":false},"excerpt":{"rendered":"<p><strong>Le pinceau de voyage Roubloff PF1VT en imitation \u00e9cureuil, dispose d\u2019une brosse en taille unique de 7 mm, son manche chrom\u00e9 futuriste est bien \u00e9quilibr\u00e9.<\/strong><\/p>\n","protected":false},"featured_media":0,"template":"","meta":[],"product_brand":[],"product_cat":[153,152],"product_tag":[104,136,143,135,154,155,156,157],"class_list":{"0":"post-252","1":"product","2":"type-product","3":"status-publish","5":"product_cat-pf1vt","6":"product_cat-pinceaux-de-voyage","7":"product_tag-aquarelle","8":"product_tag-brosse-ronde","9":"product_tag-imitation-ecureuil","10":"product_tag-manche-court","11":"product_tag-pf1vt","12":"product_tag-pf1vt-7","13":"product_tag-pinceaux-de-voyage","14":"product_tag-synthetiques","16":"first","17":"instock","18":"taxable","19":"shipping-taxable","20":"purchasable","21":"product-type-simple"},"yoast_head":"<!-- This site is optimized with the Yoast SEO plugin v27.4 - https:\/\/yoast.com\/product\/yoast-seo-wordpress\/ -->\n<title>PF1VT-7 Pinceaux de voyage - imitation \u00e9cureuil - Roubloff France - pinceaux d&#039;art<\/title>\n<meta name=\"robots\" content=\"index, follow, max-snippet:-1, max-image-preview:large, max-video-preview:-1\" \/>\n<link rel=\"canonical\" href=\"https:\/\/roubloff-france.fr\/Roubloff\/produit\/roubloff-pf1vt-7-pinceaux-de-voyage\/\" \/>\n<meta property=\"og:locale\" content=\"fr_FR\" \/>\n<meta property=\"og:type\" content=\"article\" \/>\n<meta property=\"og:title\" content=\"PF1VT-7 Pinceaux de voyage - imitation \u00e9cureuil - Roubloff France - pinceaux d&#039;art\" \/>\n<meta property=\"og:description\" content=\"Le pinceau de voyage Roubloff PF1VT en imitation \u00e9cureuil, dispose d\u2019une brosse en taille unique de 7 mm, son manche chrom\u00e9 futuriste est bien \u00e9quilibr\u00e9.\" \/>\n<meta property=\"og:url\" content=\"https:\/\/roubloff-france.fr\/Roubloff\/produit\/roubloff-pf1vt-7-pinceaux-de-voyage\/\" \/>\n<meta property=\"og:site_name\" content=\"Roubloff France - pinceaux d&#039;art\" \/>\n<meta property=\"article:publisher\" content=\"https:\/\/www.instagram.com\/roubloff_france\/\" \/>\n<meta property=\"article:modified_time\" content=\"2026-01-08T16:52:30+00:00\" \/>\n<meta name=\"twitter:card\" content=\"summary_large_image\" \/>\n<meta name=\"twitter:label1\" content=\"Dur\u00e9e de lecture estim\u00e9e\" \/>\n\t<meta name=\"twitter:data1\" content=\"1 minute\" \/>\n<script type=\"application\/ld+json\" class=\"yoast-schema-graph\">{\"@context\":\"https:\\\/\\\/schema.org\",\"@graph\":[{\"@type\":\"WebPage\",\"@id\":\"https:\\\/\\\/roubloff-france.fr\\\/Roubloff\\\/produit\\\/roubloff-pf1vt-7-pinceaux-de-voyage\\\/\",\"url\":\"https:\\\/\\\/roubloff-france.fr\\\/Roubloff\\\/produit\\\/roubloff-pf1vt-7-pinceaux-de-voyage\\\/\",\"name\":\"PF1VT-7 Pinceaux de voyage - imitation \u00e9cureuil - Roubloff France - pinceaux d&#039;art\",\"isPartOf\":{\"@id\":\"https:\\\/\\\/roubloff-france.fr\\\/Roubloff\\\/#website\"},\"datePublished\":\"2021-07-14T14:39:48+00:00\",\"dateModified\":\"2026-01-08T16:52:30+00:00\",\"breadcrumb\":{\"@id\":\"https:\\\/\\\/roubloff-france.fr\\\/Roubloff\\\/produit\\\/roubloff-pf1vt-7-pinceaux-de-voyage\\\/#breadcrumb\"},\"inLanguage\":\"fr-FR\",\"potentialAction\":[{\"@type\":\"ReadAction\",\"target\":[\"https:\\\/\\\/roubloff-france.fr\\\/Roubloff\\\/produit\\\/roubloff-pf1vt-7-pinceaux-de-voyage\\\/\"]}]},{\"@type\":\"BreadcrumbList\",\"@id\":\"https:\\\/\\\/roubloff-france.fr\\\/Roubloff\\\/produit\\\/roubloff-pf1vt-7-pinceaux-de-voyage\\\/#breadcrumb\",\"itemListElement\":[{\"@type\":\"ListItem\",\"position\":1,\"name\":\"Accueil\",\"item\":\"https:\\\/\\\/roubloff-france.fr\\\/Roubloff\\\/\"},{\"@type\":\"ListItem\",\"position\":2,\"name\":\"Les pinceaux Roubloff \u00a9 :\",\"item\":\"https:\\\/\\\/roubloff-france.fr\\\/Roubloff\\\/\"},{\"@type\":\"ListItem\",\"position\":3,\"name\":\"PF1VT-7 Pinceaux de voyage &#8211; imitation \u00e9cureuil\"}]},{\"@type\":\"WebSite\",\"@id\":\"https:\\\/\\\/roubloff-france.fr\\\/Roubloff\\\/#website\",\"url\":\"https:\\\/\\\/roubloff-france.fr\\\/Roubloff\\\/\",\"name\":\"Roubloff France - pinceaux d'art\",\"description\":\"Les pinceaux d&#039;art pour les artistes, \u00e9coles d&#039;art, revendeurs\",\"publisher\":{\"@id\":\"https:\\\/\\\/roubloff-france.fr\\\/Roubloff\\\/#organization\"},\"potentialAction\":[{\"@type\":\"SearchAction\",\"target\":{\"@type\":\"EntryPoint\",\"urlTemplate\":\"https:\\\/\\\/roubloff-france.fr\\\/Roubloff\\\/?s={search_term_string}\"},\"query-input\":{\"@type\":\"PropertyValueSpecification\",\"valueRequired\":true,\"valueName\":\"search_term_string\"}}],\"inLanguage\":\"fr-FR\"},{\"@type\":\"Organization\",\"@id\":\"https:\\\/\\\/roubloff-france.fr\\\/Roubloff\\\/#organization\",\"name\":\"Roubloff France - pinceaux d'art\",\"url\":\"https:\\\/\\\/roubloff-france.fr\\\/Roubloff\\\/\",\"logo\":{\"@type\":\"ImageObject\",\"inLanguage\":\"fr-FR\",\"@id\":\"https:\\\/\\\/roubloff-france.fr\\\/Roubloff\\\/#\\\/schema\\\/logo\\\/image\\\/\",\"url\":\"https:\\\/\\\/roubloff-france.fr\\\/Roubloff\\\/wp-content\\\/uploads\\\/2022\\\/01\\\/cropped-Logo-Roubloff-Rouge-avec-filet-blanc-250-p.png\",\"contentUrl\":\"https:\\\/\\\/roubloff-france.fr\\\/Roubloff\\\/wp-content\\\/uploads\\\/2022\\\/01\\\/cropped-Logo-Roubloff-Rouge-avec-filet-blanc-250-p.png\",\"width\":261,\"height\":57,\"caption\":\"Roubloff France - pinceaux d'art\"},\"image\":{\"@id\":\"https:\\\/\\\/roubloff-france.fr\\\/Roubloff\\\/#\\\/schema\\\/logo\\\/image\\\/\"},\"sameAs\":[\"https:\\\/\\\/www.instagram.com\\\/roubloff_france\\\/\"]}]}<\/script>\n<!-- \/ Yoast SEO plugin. -->","yoast_head_json":{"title":"PF1VT-7 Pinceaux de voyage - imitation \u00e9cureuil - Roubloff France - pinceaux d&#039;art","robots":{"index":"index","follow":"follow","max-snippet":"max-snippet:-1","max-image-preview":"max-image-preview:large","max-video-preview":"max-video-preview:-1"},"canonical":"https:\/\/roubloff-france.fr\/Roubloff\/produit\/roubloff-pf1vt-7-pinceaux-de-voyage\/","og_locale":"fr_FR","og_type":"article","og_title":"PF1VT-7 Pinceaux de voyage - imitation \u00e9cureuil - Roubloff France - pinceaux d&#039;art","og_description":"Le pinceau de voyage Roubloff PF1VT en imitation \u00e9cureuil, dispose d\u2019une brosse en taille unique de 7 mm, son manche chrom\u00e9 futuriste est bien \u00e9quilibr\u00e9.","og_url":"https:\/\/roubloff-france.fr\/Roubloff\/produit\/roubloff-pf1vt-7-pinceaux-de-voyage\/","og_site_name":"Roubloff France - pinceaux d&#039;art","article_publisher":"https:\/\/www.instagram.com\/roubloff_france\/","article_modified_time":"2026-01-08T16:52:30+00:00","twitter_card":"summary_large_image","twitter_misc":{"Dur\u00e9e de lecture estim\u00e9e":"1 minute"},"schema":{"@context":"https:\/\/schema.org","@graph":[{"@type":"WebPage","@id":"https:\/\/roubloff-france.fr\/Roubloff\/produit\/roubloff-pf1vt-7-pinceaux-de-voyage\/","url":"https:\/\/roubloff-france.fr\/Roubloff\/produit\/roubloff-pf1vt-7-pinceaux-de-voyage\/","name":"PF1VT-7 Pinceaux de voyage - imitation \u00e9cureuil - Roubloff France - pinceaux d&#039;art","isPartOf":{"@id":"https:\/\/roubloff-france.fr\/Roubloff\/#website"},"datePublished":"2021-07-14T14:39:48+00:00","dateModified":"2026-01-08T16:52:30+00:00","breadcrumb":{"@id":"https:\/\/roubloff-france.fr\/Roubloff\/produit\/roubloff-pf1vt-7-pinceaux-de-voyage\/#breadcrumb"},"inLanguage":"fr-FR","potentialAction":[{"@type":"ReadAction","target":["https:\/\/roubloff-france.fr\/Roubloff\/produit\/roubloff-pf1vt-7-pinceaux-de-voyage\/"]}]},{"@type":"BreadcrumbList","@id":"https:\/\/roubloff-france.fr\/Roubloff\/produit\/roubloff-pf1vt-7-pinceaux-de-voyage\/#breadcrumb","itemListElement":[{"@type":"ListItem","position":1,"name":"Accueil","item":"https:\/\/roubloff-france.fr\/Roubloff\/"},{"@type":"ListItem","position":2,"name":"Les pinceaux Roubloff \u00a9 :","item":"https:\/\/roubloff-france.fr\/Roubloff\/"},{"@type":"ListItem","position":3,"name":"PF1VT-7 Pinceaux de voyage &#8211; imitation \u00e9cureuil"}]},{"@type":"WebSite","@id":"https:\/\/roubloff-france.fr\/Roubloff\/#website","url":"https:\/\/roubloff-france.fr\/Roubloff\/","name":"Roubloff France - pinceaux d'art","description":"Les pinceaux d&#039;art pour les artistes, \u00e9coles d&#039;art, revendeurs","publisher":{"@id":"https:\/\/roubloff-france.fr\/Roubloff\/#organization"},"potentialAction":[{"@type":"SearchAction","target":{"@type":"EntryPoint","urlTemplate":"https:\/\/roubloff-france.fr\/Roubloff\/?s={search_term_string}"},"query-input":{"@type":"PropertyValueSpecification","valueRequired":true,"valueName":"search_term_string"}}],"inLanguage":"fr-FR"},{"@type":"Organization","@id":"https:\/\/roubloff-france.fr\/Roubloff\/#organization","name":"Roubloff France - pinceaux d'art","url":"https:\/\/roubloff-france.fr\/Roubloff\/","logo":{"@type":"ImageObject","inLanguage":"fr-FR","@id":"https:\/\/roubloff-france.fr\/Roubloff\/#\/schema\/logo\/image\/","url":"https:\/\/roubloff-france.fr\/Roubloff\/wp-content\/uploads\/2022\/01\/cropped-Logo-Roubloff-Rouge-avec-filet-blanc-250-p.png","contentUrl":"https:\/\/roubloff-france.fr\/Roubloff\/wp-content\/uploads\/2022\/01\/cropped-Logo-Roubloff-Rouge-avec-filet-blanc-250-p.png","width":261,"height":57,"caption":"Roubloff France - pinceaux d'art"},"image":{"@id":"https:\/\/roubloff-france.fr\/Roubloff\/#\/schema\/logo\/image\/"},"sameAs":["https:\/\/www.instagram.com\/roubloff_france\/"]}]}},"_links":{"self":[{"href":"https:\/\/roubloff-france.fr\/Roubloff\/wp-json\/wp\/v2\/product\/252","targetHints":{"allow":["GET"]}}],"collection":[{"href":"https:\/\/roubloff-france.fr\/Roubloff\/wp-json\/wp\/v2\/product"}],"about":[{"href":"https:\/\/roubloff-france.fr\/Roubloff\/wp-json\/wp\/v2\/types\/product"}],"wp:attachment":[{"href":"https:\/\/roubloff-france.fr\/Roubloff\/wp-json\/wp\/v2\/media?parent=252"}],"wp:term":[{"taxonomy":"product_brand","embeddable":true,"href":"https:\/\/roubloff-france.fr\/Roubloff\/wp-json\/wp\/v2\/product_brand?post=252"},{"taxonomy":"product_cat","embeddable":true,"href":"https:\/\/roubloff-france.fr\/Roubloff\/wp-json\/wp\/v2\/product_cat?post=252"},{"taxonomy":"product_tag","embeddable":true,"href":"https:\/\/roubloff-france.fr\/Roubloff\/wp-json\/wp\/v2\/product_tag?post=252"}],"curies":[{"name":"wp","href":"https:\/\/api.w.org\/{rel}","templated":true}]}}