{"id":244,"date":"2021-07-14T13:29:08","date_gmt":"2021-07-14T11:29:08","guid":{"rendered":"https:\/\/roubloff-france.fr\/Roubloff\/?post_type=product&#038;p=244"},"modified":"2025-01-30T21:55:19","modified_gmt":"2025-01-30T20:55:19","slug":"roubloff-petit-gris-mix-qa10-10","status":"publish","type":"product","link":"https:\/\/roubloff-france.fr\/Roubloff\/produit\/roubloff-petit-gris-mix-qa10-10\/","title":{"rendered":"Roubloff Petit Gris Mix QA10-10"},"content":{"rendered":"<p><strong>Pinceau aquarelle compos\u00e9 d&rsquo;un m\u00e9lange d&rsquo;\u00e9cureuil et de synth\u00e9tique, de format rond, disponible en 8, 10, 12 et 14 mm, avec un manche court verni, et une virole transparente avec un tube de protection en PVC.<\/strong><\/p>\n<p>Le pinceau aquarelle compos\u00e9 d&rsquo;un m\u00e9lange d&rsquo;\u00e9cureuil et de synth\u00e9tique est un digne remplacement du pinceau \u00e9cureuil standard.<\/p>\n<p>Les poils \u00e9pais et flexibles sont solidement fix\u00e9s avec une virole en plastique.<\/p>\n<p>Le manche verni offre une r\u00e9sistance au glissement et une viabilit\u00e9 \u00e0 long terme de la brosse.<\/p>\n<p>Cette s\u00e9rie est un outil parfait pour diff\u00e9rentes techniques, o\u00f9 il est n\u00e9cessaire de d\u00e9signer la forme reconnaissable des objets, par exemple des nuages duveteux ou des couronnes d&rsquo;arbres.<\/p>\n<p>La capacit\u00e9 d&rsquo;absorber beaucoup d&rsquo;eau permet d&rsquo;effectuer le remplissage et la mod\u00e9lisation du volume.<\/p>\n<p><strong>Pinceaux d&rsquo;art<\/strong><\/p>\n<p style=\"padding-left: 40px;\">\u2022 Application : aquarelle, gouache<br \/>\n\u2022 Poils : m\u00e9lange d&rsquo;\u00e9cureuil et de synth\u00e9tique<br \/>\n\u2022 Rigidit\u00e9 : 0<br \/>\n\u2022 Virole : transparente (avec un tube PVC de protection)<br \/>\n\u2022 Forme de la brosse : ronde<br \/>\n\u2022 Longueur du manche : court<br \/>\n\u2022 Tailles disponibles : 8, 10, 12 et 14<\/p>\n<p><strong>Avantages :<\/strong><\/p>\n<p style=\"padding-left: 40px;\">\u2022 Haute qualit\u00e9 des poils<br \/>\n\u2022 Manche en bouleau l\u00e9ger<br \/>\n\u2022 Poils trait\u00e9s \u00e0 la main<\/p>\n<p><strong>Pour en savoir plus :<\/strong> (site officiel Roubloff en anglais)<br \/>\n<a href=\"https:\/\/www.roubloff.ru\/en\/catalog\/artbrushes\/qa10\/\" target=\"_blank\" rel=\"noopener\">https:\/\/www.roubloff.ru\/en\/catalog\/artbrushes\/qa10\/<\/a><\/p>\n<p><strong>Vid\u00e9o de d\u00e9monstration :<\/strong><br \/>\n<a href=\"https:\/\/youtu.be\/DseMV6qRFQs\" target=\"_blank\" rel=\"noopener\">https:\/\/youtu.be\/DseMV6qRFQs<\/a><\/p>\n<p><iframe loading=\"lazy\" title=\"\u041a\u0438\u0441\u0442\u044c \u0434\u043b\u044f \u0430\u043a\u0432\u0430\u0440\u0435\u043b\u0438 QA10 \u043e\u0442 \u043a\u043e\u043c\u043f\u0430\u043d\u0438\u044f Roubloff\" width=\"980\" height=\"551\" src=\"https:\/\/www.youtube.com\/embed\/DseMV6qRFQs?feature=oembed\" frameborder=\"0\" allow=\"accelerometer; autoplay; clipboard-write; encrypted-media; gyroscope; picture-in-picture; web-share\" referrerpolicy=\"strict-origin-when-cross-origin\" allowfullscreen><\/iframe><\/p>\n","protected":false},"excerpt":{"rendered":"<p><strong>Pinceau aquarelle compos\u00e9 d&rsquo;un m\u00e9lange d&rsquo;\u00e9cureuil et de synth\u00e9tique, de format rond, disponible en 8, 10, 12 et 14 mm, avec un manche court verni, et une virole transparente avec un tube de protection en PVC.<\/strong><\/p>\n","protected":false},"featured_media":245,"template":"","meta":[],"product_brand":[],"product_cat":[16,146],"product_tag":[104,136,147,115,135,144,148,145],"class_list":{"0":"post-244","1":"product","2":"type-product","3":"status-publish","4":"has-post-thumbnail","6":"product_cat-les-pinceaux-dart-roubloff","7":"product_cat-qa10","8":"product_tag-aquarelle","9":"product_tag-brosse-ronde","10":"product_tag-ecureuil-et-synthetique","11":"product_tag-gouache","12":"product_tag-manche-court","13":"product_tag-manche-en-bouleau","14":"product_tag-petit-gris-mix","15":"product_tag-virole-plastique","17":"first","18":"instock","19":"sold-individually","20":"taxable","21":"shipping-taxable","22":"purchasable","23":"product-type-simple"},"yoast_head":"<!-- This site is optimized with the Yoast SEO plugin v27.3 - https:\/\/yoast.com\/product\/yoast-seo-wordpress\/ -->\n<title>Roubloff Petit Gris Mix QA10-10 - Roubloff France - pinceaux d&#039;art<\/title>\n<meta name=\"robots\" content=\"index, follow, max-snippet:-1, max-image-preview:large, max-video-preview:-1\" \/>\n<link rel=\"canonical\" href=\"https:\/\/roubloff-france.fr\/Roubloff\/produit\/roubloff-petit-gris-mix-qa10-10\/\" \/>\n<meta property=\"og:locale\" content=\"fr_FR\" \/>\n<meta property=\"og:type\" content=\"article\" \/>\n<meta property=\"og:title\" content=\"Roubloff Petit Gris Mix QA10-10 - Roubloff France - pinceaux d&#039;art\" \/>\n<meta property=\"og:description\" content=\"Pinceau aquarelle compos\u00e9 d&#039;un m\u00e9lange d&#039;\u00e9cureuil et de synth\u00e9tique, de format rond, disponible en 8, 10, 12 et 14 mm, avec un manche court verni, et une virole transparente avec un tube de protection en PVC.\" \/>\n<meta property=\"og:url\" content=\"https:\/\/roubloff-france.fr\/Roubloff\/produit\/roubloff-petit-gris-mix-qa10-10\/\" \/>\n<meta property=\"og:site_name\" content=\"Roubloff France - pinceaux d&#039;art\" \/>\n<meta property=\"article:publisher\" content=\"https:\/\/www.instagram.com\/roubloff_france\/\" \/>\n<meta property=\"article:modified_time\" content=\"2025-01-30T20:55:19+00:00\" \/>\n<meta property=\"og:image\" content=\"https:\/\/roubloff-france.fr\/Roubloff\/wp-content\/uploads\/2021\/07\/QA10-Roubloff-Petit-Gris-Mix-entier.jpg\" \/>\n\t<meta property=\"og:image:width\" content=\"900\" \/>\n\t<meta property=\"og:image:height\" content=\"1000\" \/>\n\t<meta property=\"og:image:type\" content=\"image\/jpeg\" \/>\n<meta name=\"twitter:card\" content=\"summary_large_image\" \/>\n<meta name=\"twitter:label1\" content=\"Dur\u00e9e de lecture estim\u00e9e\" \/>\n\t<meta name=\"twitter:data1\" content=\"1 minute\" \/>\n<script type=\"application\/ld+json\" class=\"yoast-schema-graph\">{\"@context\":\"https:\\\/\\\/schema.org\",\"@graph\":[{\"@type\":\"WebPage\",\"@id\":\"https:\\\/\\\/roubloff-france.fr\\\/Roubloff\\\/produit\\\/roubloff-petit-gris-mix-qa10-10\\\/\",\"url\":\"https:\\\/\\\/roubloff-france.fr\\\/Roubloff\\\/produit\\\/roubloff-petit-gris-mix-qa10-10\\\/\",\"name\":\"Roubloff Petit Gris Mix QA10-10 - Roubloff France - pinceaux d&#039;art\",\"isPartOf\":{\"@id\":\"https:\\\/\\\/roubloff-france.fr\\\/Roubloff\\\/#website\"},\"primaryImageOfPage\":{\"@id\":\"https:\\\/\\\/roubloff-france.fr\\\/Roubloff\\\/produit\\\/roubloff-petit-gris-mix-qa10-10\\\/#primaryimage\"},\"image\":{\"@id\":\"https:\\\/\\\/roubloff-france.fr\\\/Roubloff\\\/produit\\\/roubloff-petit-gris-mix-qa10-10\\\/#primaryimage\"},\"thumbnailUrl\":\"https:\\\/\\\/roubloff-france.fr\\\/Roubloff\\\/wp-content\\\/uploads\\\/2021\\\/07\\\/QA10-Roubloff-Petit-Gris-Mix-entier.jpg\",\"datePublished\":\"2021-07-14T11:29:08+00:00\",\"dateModified\":\"2025-01-30T20:55:19+00:00\",\"breadcrumb\":{\"@id\":\"https:\\\/\\\/roubloff-france.fr\\\/Roubloff\\\/produit\\\/roubloff-petit-gris-mix-qa10-10\\\/#breadcrumb\"},\"inLanguage\":\"fr-FR\",\"potentialAction\":[{\"@type\":\"ReadAction\",\"target\":[\"https:\\\/\\\/roubloff-france.fr\\\/Roubloff\\\/produit\\\/roubloff-petit-gris-mix-qa10-10\\\/\"]}]},{\"@type\":\"ImageObject\",\"inLanguage\":\"fr-FR\",\"@id\":\"https:\\\/\\\/roubloff-france.fr\\\/Roubloff\\\/produit\\\/roubloff-petit-gris-mix-qa10-10\\\/#primaryimage\",\"url\":\"https:\\\/\\\/roubloff-france.fr\\\/Roubloff\\\/wp-content\\\/uploads\\\/2021\\\/07\\\/QA10-Roubloff-Petit-Gris-Mix-entier.jpg\",\"contentUrl\":\"https:\\\/\\\/roubloff-france.fr\\\/Roubloff\\\/wp-content\\\/uploads\\\/2021\\\/07\\\/QA10-Roubloff-Petit-Gris-Mix-entier.jpg\",\"width\":900,\"height\":1000,\"caption\":\"QA10 Roubloff Petit Gris Mix\"},{\"@type\":\"BreadcrumbList\",\"@id\":\"https:\\\/\\\/roubloff-france.fr\\\/Roubloff\\\/produit\\\/roubloff-petit-gris-mix-qa10-10\\\/#breadcrumb\",\"itemListElement\":[{\"@type\":\"ListItem\",\"position\":1,\"name\":\"Accueil\",\"item\":\"https:\\\/\\\/roubloff-france.fr\\\/Roubloff\\\/\"},{\"@type\":\"ListItem\",\"position\":2,\"name\":\"Les pinceaux Roubloff \u00a9 :\",\"item\":\"https:\\\/\\\/roubloff-france.fr\\\/Roubloff\\\/\"},{\"@type\":\"ListItem\",\"position\":3,\"name\":\"Roubloff Petit Gris Mix QA10-10\"}]},{\"@type\":\"WebSite\",\"@id\":\"https:\\\/\\\/roubloff-france.fr\\\/Roubloff\\\/#website\",\"url\":\"https:\\\/\\\/roubloff-france.fr\\\/Roubloff\\\/\",\"name\":\"Roubloff France - pinceaux d'art\",\"description\":\"Les pinceaux d&#039;art pour les artistes, \u00e9coles d&#039;art, revendeurs\",\"publisher\":{\"@id\":\"https:\\\/\\\/roubloff-france.fr\\\/Roubloff\\\/#organization\"},\"potentialAction\":[{\"@type\":\"SearchAction\",\"target\":{\"@type\":\"EntryPoint\",\"urlTemplate\":\"https:\\\/\\\/roubloff-france.fr\\\/Roubloff\\\/?s={search_term_string}\"},\"query-input\":{\"@type\":\"PropertyValueSpecification\",\"valueRequired\":true,\"valueName\":\"search_term_string\"}}],\"inLanguage\":\"fr-FR\"},{\"@type\":\"Organization\",\"@id\":\"https:\\\/\\\/roubloff-france.fr\\\/Roubloff\\\/#organization\",\"name\":\"Roubloff France - pinceaux d'art\",\"url\":\"https:\\\/\\\/roubloff-france.fr\\\/Roubloff\\\/\",\"logo\":{\"@type\":\"ImageObject\",\"inLanguage\":\"fr-FR\",\"@id\":\"https:\\\/\\\/roubloff-france.fr\\\/Roubloff\\\/#\\\/schema\\\/logo\\\/image\\\/\",\"url\":\"https:\\\/\\\/roubloff-france.fr\\\/Roubloff\\\/wp-content\\\/uploads\\\/2022\\\/01\\\/cropped-Logo-Roubloff-Rouge-avec-filet-blanc-250-p.png\",\"contentUrl\":\"https:\\\/\\\/roubloff-france.fr\\\/Roubloff\\\/wp-content\\\/uploads\\\/2022\\\/01\\\/cropped-Logo-Roubloff-Rouge-avec-filet-blanc-250-p.png\",\"width\":261,\"height\":57,\"caption\":\"Roubloff France - pinceaux d'art\"},\"image\":{\"@id\":\"https:\\\/\\\/roubloff-france.fr\\\/Roubloff\\\/#\\\/schema\\\/logo\\\/image\\\/\"},\"sameAs\":[\"https:\\\/\\\/www.instagram.com\\\/roubloff_france\\\/\"]}]}<\/script>\n<!-- \/ Yoast SEO plugin. -->","yoast_head_json":{"title":"Roubloff Petit Gris Mix QA10-10 - Roubloff France - pinceaux d&#039;art","robots":{"index":"index","follow":"follow","max-snippet":"max-snippet:-1","max-image-preview":"max-image-preview:large","max-video-preview":"max-video-preview:-1"},"canonical":"https:\/\/roubloff-france.fr\/Roubloff\/produit\/roubloff-petit-gris-mix-qa10-10\/","og_locale":"fr_FR","og_type":"article","og_title":"Roubloff Petit Gris Mix QA10-10 - Roubloff France - pinceaux d&#039;art","og_description":"Pinceau aquarelle compos\u00e9 d'un m\u00e9lange d'\u00e9cureuil et de synth\u00e9tique, de format rond, disponible en 8, 10, 12 et 14 mm, avec un manche court verni, et une virole transparente avec un tube de protection en PVC.","og_url":"https:\/\/roubloff-france.fr\/Roubloff\/produit\/roubloff-petit-gris-mix-qa10-10\/","og_site_name":"Roubloff France - pinceaux d&#039;art","article_publisher":"https:\/\/www.instagram.com\/roubloff_france\/","article_modified_time":"2025-01-30T20:55:19+00:00","og_image":[{"width":900,"height":1000,"url":"https:\/\/roubloff-france.fr\/Roubloff\/wp-content\/uploads\/2021\/07\/QA10-Roubloff-Petit-Gris-Mix-entier.jpg","type":"image\/jpeg"}],"twitter_card":"summary_large_image","twitter_misc":{"Dur\u00e9e de lecture estim\u00e9e":"1 minute"},"schema":{"@context":"https:\/\/schema.org","@graph":[{"@type":"WebPage","@id":"https:\/\/roubloff-france.fr\/Roubloff\/produit\/roubloff-petit-gris-mix-qa10-10\/","url":"https:\/\/roubloff-france.fr\/Roubloff\/produit\/roubloff-petit-gris-mix-qa10-10\/","name":"Roubloff Petit Gris Mix QA10-10 - Roubloff France - pinceaux d&#039;art","isPartOf":{"@id":"https:\/\/roubloff-france.fr\/Roubloff\/#website"},"primaryImageOfPage":{"@id":"https:\/\/roubloff-france.fr\/Roubloff\/produit\/roubloff-petit-gris-mix-qa10-10\/#primaryimage"},"image":{"@id":"https:\/\/roubloff-france.fr\/Roubloff\/produit\/roubloff-petit-gris-mix-qa10-10\/#primaryimage"},"thumbnailUrl":"https:\/\/roubloff-france.fr\/Roubloff\/wp-content\/uploads\/2021\/07\/QA10-Roubloff-Petit-Gris-Mix-entier.jpg","datePublished":"2021-07-14T11:29:08+00:00","dateModified":"2025-01-30T20:55:19+00:00","breadcrumb":{"@id":"https:\/\/roubloff-france.fr\/Roubloff\/produit\/roubloff-petit-gris-mix-qa10-10\/#breadcrumb"},"inLanguage":"fr-FR","potentialAction":[{"@type":"ReadAction","target":["https:\/\/roubloff-france.fr\/Roubloff\/produit\/roubloff-petit-gris-mix-qa10-10\/"]}]},{"@type":"ImageObject","inLanguage":"fr-FR","@id":"https:\/\/roubloff-france.fr\/Roubloff\/produit\/roubloff-petit-gris-mix-qa10-10\/#primaryimage","url":"https:\/\/roubloff-france.fr\/Roubloff\/wp-content\/uploads\/2021\/07\/QA10-Roubloff-Petit-Gris-Mix-entier.jpg","contentUrl":"https:\/\/roubloff-france.fr\/Roubloff\/wp-content\/uploads\/2021\/07\/QA10-Roubloff-Petit-Gris-Mix-entier.jpg","width":900,"height":1000,"caption":"QA10 Roubloff Petit Gris Mix"},{"@type":"BreadcrumbList","@id":"https:\/\/roubloff-france.fr\/Roubloff\/produit\/roubloff-petit-gris-mix-qa10-10\/#breadcrumb","itemListElement":[{"@type":"ListItem","position":1,"name":"Accueil","item":"https:\/\/roubloff-france.fr\/Roubloff\/"},{"@type":"ListItem","position":2,"name":"Les pinceaux Roubloff \u00a9 :","item":"https:\/\/roubloff-france.fr\/Roubloff\/"},{"@type":"ListItem","position":3,"name":"Roubloff Petit Gris Mix QA10-10"}]},{"@type":"WebSite","@id":"https:\/\/roubloff-france.fr\/Roubloff\/#website","url":"https:\/\/roubloff-france.fr\/Roubloff\/","name":"Roubloff France - pinceaux d'art","description":"Les pinceaux d&#039;art pour les artistes, \u00e9coles d&#039;art, revendeurs","publisher":{"@id":"https:\/\/roubloff-france.fr\/Roubloff\/#organization"},"potentialAction":[{"@type":"SearchAction","target":{"@type":"EntryPoint","urlTemplate":"https:\/\/roubloff-france.fr\/Roubloff\/?s={search_term_string}"},"query-input":{"@type":"PropertyValueSpecification","valueRequired":true,"valueName":"search_term_string"}}],"inLanguage":"fr-FR"},{"@type":"Organization","@id":"https:\/\/roubloff-france.fr\/Roubloff\/#organization","name":"Roubloff France - pinceaux d'art","url":"https:\/\/roubloff-france.fr\/Roubloff\/","logo":{"@type":"ImageObject","inLanguage":"fr-FR","@id":"https:\/\/roubloff-france.fr\/Roubloff\/#\/schema\/logo\/image\/","url":"https:\/\/roubloff-france.fr\/Roubloff\/wp-content\/uploads\/2022\/01\/cropped-Logo-Roubloff-Rouge-avec-filet-blanc-250-p.png","contentUrl":"https:\/\/roubloff-france.fr\/Roubloff\/wp-content\/uploads\/2022\/01\/cropped-Logo-Roubloff-Rouge-avec-filet-blanc-250-p.png","width":261,"height":57,"caption":"Roubloff France - pinceaux d'art"},"image":{"@id":"https:\/\/roubloff-france.fr\/Roubloff\/#\/schema\/logo\/image\/"},"sameAs":["https:\/\/www.instagram.com\/roubloff_france\/"]}]}},"_links":{"self":[{"href":"https:\/\/roubloff-france.fr\/Roubloff\/wp-json\/wp\/v2\/product\/244","targetHints":{"allow":["GET"]}}],"collection":[{"href":"https:\/\/roubloff-france.fr\/Roubloff\/wp-json\/wp\/v2\/product"}],"about":[{"href":"https:\/\/roubloff-france.fr\/Roubloff\/wp-json\/wp\/v2\/types\/product"}],"wp:featuredmedia":[{"embeddable":true,"href":"https:\/\/roubloff-france.fr\/Roubloff\/wp-json\/wp\/v2\/media\/245"}],"wp:attachment":[{"href":"https:\/\/roubloff-france.fr\/Roubloff\/wp-json\/wp\/v2\/media?parent=244"}],"wp:term":[{"taxonomy":"product_brand","embeddable":true,"href":"https:\/\/roubloff-france.fr\/Roubloff\/wp-json\/wp\/v2\/product_brand?post=244"},{"taxonomy":"product_cat","embeddable":true,"href":"https:\/\/roubloff-france.fr\/Roubloff\/wp-json\/wp\/v2\/product_cat?post=244"},{"taxonomy":"product_tag","embeddable":true,"href":"https:\/\/roubloff-france.fr\/Roubloff\/wp-json\/wp\/v2\/product_tag?post=244"}],"curies":[{"name":"wp","href":"https:\/\/api.w.org\/{rel}","templated":true}]}}