{"id":240,"date":"2021-07-14T12:18:32","date_gmt":"2021-07-14T10:18:32","guid":{"rendered":"https:\/\/roubloff-france.fr\/Roubloff\/?post_type=product&#038;p=240"},"modified":"2026-04-08T13:31:34","modified_gmt":"2026-04-08T11:31:34","slug":"roubloff-kolinsky-1150-4","status":"publish","type":"product","link":"https:\/\/roubloff-france.fr\/Roubloff\/produit\/roubloff-kolinsky-1150-4\/","title":{"rendered":"1150-4 Kolinsky"},"content":{"rendered":"<p><strong>Pinceau Roubloff Kolinsky (martre), avec une brosse ronde avec un ventre plat, de format n\u00b000 \u00e0 n\u00b06 , avec un manche court impr\u00e9gn\u00e9 de laque et une virole Or (aluminium anodis\u00e9)<\/strong><\/p>\n<p>Le pinceau rond en poils fins et purs Kolinsky est un outil parfait pour diverses techniques de peinture.<\/p>\n<p>Le manche ergonomique court impr\u00e9gn\u00e9 de laque permet de travailler le modelage des volumes avec confort et plaisir.<\/p>\n<p>La caract\u00e9ristique distinctive de cette brosse est le ventre plein, qui offre une capacit\u00e9 d&rsquo;absorption d&rsquo;eau et un contr\u00f4le du d\u00e9bit exceptionnels.<\/p>\n<p>Une longueur plus courte rend les poils Kolinsky plus \u00e9lastiques.<\/p>\n<p>Sa forme universelle permet de prendre la forme d&rsquo;objets de sc\u00e8ne d&rsquo;arri\u00e8re-plan ainsi que ceux de premier plan tels que les vagues de la mer, les nuages, les animaux et les arbres<\/p>\n<p><strong>Pinceaux d&rsquo;art<\/strong><\/p>\n<p style=\"padding-left: 40px;\">\u2022 Application : aquarelle, gouache, huile, tempera<br \/>\n\u2022 Poils : naturels<br \/>\n\u2022 Type de poils : Kolinsky<br \/>\n\u2022 Rigidit\u00e9 : 1<br \/>\n\u2022 Virole : Or (aluminium anodis\u00e9)<br \/>\n\u2022 Forme de la t\u00eate de brosse : ronde avec un ventre plein<br \/>\n\u2022 Longueur du manche : court<\/p>\n<p><strong>Avantages :<\/strong><\/p>\n<p style=\"padding-left: 40px;\">\u2022 Haute qualit\u00e9 des poils<br \/>\n\u2022 Poils trait\u00e9s \u00e0 la main<\/p>\n<p><strong>En savoir plus :<\/strong> (version anglaise sur le site Roubloff)<\/p>\n<p><a href=\"https:\/\/www.roubloff.ru\/en\/catalog\/artbrushes\/1150\/\" target=\"_blank\" rel=\"noopener\">https:\/\/www.roubloff.ru\/en\/catalog\/artbrushes\/1150\/<\/a><\/p>\n<p>&nbsp;<\/p>\n","protected":false},"excerpt":{"rendered":"<p><strong>Pinceau Roubloff Kolinsky (martre), avec une brosse ronde avec un ventre plat, de format n\u00b000 \u00e0 n\u00b06 , avec un manche court impr\u00e9gn\u00e9 de laque et une virole Or (aluminium anodis\u00e9)<\/strong><\/p>\n","protected":false},"featured_media":242,"template":"","meta":[],"product_brand":[],"product_cat":[227,16],"product_tag":[104,136,115,116,20,135,140,134,139],"class_list":{"0":"post-240","1":"product","2":"type-product","3":"status-publish","4":"has-post-thumbnail","6":"product_cat-kolinsky-1150","7":"product_cat-les-pinceaux-dart-roubloff","8":"product_tag-aquarelle","9":"product_tag-brosse-ronde","10":"product_tag-gouache","11":"product_tag-huile","12":"product_tag-kolinsky","13":"product_tag-manche-court","14":"product_tag-martre","15":"product_tag-tempera","16":"product_tag-virole-or","18":"first","19":"instock","20":"sale","21":"taxable","22":"shipping-taxable","23":"purchasable","24":"product-type-simple"},"yoast_head":"<!-- This site is optimized with the Yoast SEO plugin v27.3 - https:\/\/yoast.com\/product\/yoast-seo-wordpress\/ -->\n<title>1150-4 Kolinsky - Roubloff France - pinceaux d&#039;art<\/title>\n<meta name=\"robots\" content=\"index, follow, max-snippet:-1, max-image-preview:large, max-video-preview:-1\" \/>\n<link rel=\"canonical\" href=\"https:\/\/roubloff-france.fr\/Roubloff\/produit\/roubloff-kolinsky-1150-4\/\" \/>\n<meta property=\"og:locale\" content=\"fr_FR\" \/>\n<meta property=\"og:type\" content=\"article\" \/>\n<meta property=\"og:title\" content=\"1150-4 Kolinsky - Roubloff France - pinceaux d&#039;art\" \/>\n<meta property=\"og:description\" content=\"Pinceau Roubloff Kolinsky (martre), avec une brosse ronde avec un ventre plat, de format n\u00b000 \u00e0 n\u00b06 , avec un manche court impr\u00e9gn\u00e9 de laque et une virole Or (aluminium anodis\u00e9)\" \/>\n<meta property=\"og:url\" content=\"https:\/\/roubloff-france.fr\/Roubloff\/produit\/roubloff-kolinsky-1150-4\/\" \/>\n<meta property=\"og:site_name\" content=\"Roubloff France - pinceaux d&#039;art\" \/>\n<meta property=\"article:publisher\" content=\"https:\/\/www.instagram.com\/roubloff_france\/\" \/>\n<meta property=\"article:modified_time\" content=\"2026-04-08T11:31:34+00:00\" \/>\n<meta property=\"og:image\" content=\"http:\/\/roubloff-france.fr\/Roubloff\/wp-content\/uploads\/2021\/07\/1150-Roubloff-Kolinsky.jpg\" \/>\n\t<meta property=\"og:image:width\" content=\"900\" \/>\n\t<meta property=\"og:image:height\" content=\"1000\" \/>\n\t<meta property=\"og:image:type\" content=\"image\/jpeg\" \/>\n<meta name=\"twitter:card\" content=\"summary_large_image\" \/>\n<meta name=\"twitter:label1\" content=\"Dur\u00e9e de lecture estim\u00e9e\" \/>\n\t<meta name=\"twitter:data1\" content=\"1 minute\" \/>\n<script type=\"application\/ld+json\" class=\"yoast-schema-graph\">{\"@context\":\"https:\\\/\\\/schema.org\",\"@graph\":[{\"@type\":\"WebPage\",\"@id\":\"https:\\\/\\\/roubloff-france.fr\\\/Roubloff\\\/produit\\\/roubloff-kolinsky-1150-4\\\/\",\"url\":\"https:\\\/\\\/roubloff-france.fr\\\/Roubloff\\\/produit\\\/roubloff-kolinsky-1150-4\\\/\",\"name\":\"1150-4 Kolinsky - Roubloff France - pinceaux d&#039;art\",\"isPartOf\":{\"@id\":\"https:\\\/\\\/roubloff-france.fr\\\/Roubloff\\\/#website\"},\"primaryImageOfPage\":{\"@id\":\"https:\\\/\\\/roubloff-france.fr\\\/Roubloff\\\/produit\\\/roubloff-kolinsky-1150-4\\\/#primaryimage\"},\"image\":{\"@id\":\"https:\\\/\\\/roubloff-france.fr\\\/Roubloff\\\/produit\\\/roubloff-kolinsky-1150-4\\\/#primaryimage\"},\"thumbnailUrl\":\"https:\\\/\\\/roubloff-france.fr\\\/Roubloff\\\/wp-content\\\/uploads\\\/2021\\\/07\\\/1150-Roubloff-Kolinsky.jpg\",\"datePublished\":\"2021-07-14T10:18:32+00:00\",\"dateModified\":\"2026-04-08T11:31:34+00:00\",\"breadcrumb\":{\"@id\":\"https:\\\/\\\/roubloff-france.fr\\\/Roubloff\\\/produit\\\/roubloff-kolinsky-1150-4\\\/#breadcrumb\"},\"inLanguage\":\"fr-FR\",\"potentialAction\":[{\"@type\":\"ReadAction\",\"target\":[\"https:\\\/\\\/roubloff-france.fr\\\/Roubloff\\\/produit\\\/roubloff-kolinsky-1150-4\\\/\"]}]},{\"@type\":\"ImageObject\",\"inLanguage\":\"fr-FR\",\"@id\":\"https:\\\/\\\/roubloff-france.fr\\\/Roubloff\\\/produit\\\/roubloff-kolinsky-1150-4\\\/#primaryimage\",\"url\":\"https:\\\/\\\/roubloff-france.fr\\\/Roubloff\\\/wp-content\\\/uploads\\\/2021\\\/07\\\/1150-Roubloff-Kolinsky.jpg\",\"contentUrl\":\"https:\\\/\\\/roubloff-france.fr\\\/Roubloff\\\/wp-content\\\/uploads\\\/2021\\\/07\\\/1150-Roubloff-Kolinsky.jpg\",\"width\":900,\"height\":1000,\"caption\":\"Roubloff Kolinsky 1150\"},{\"@type\":\"BreadcrumbList\",\"@id\":\"https:\\\/\\\/roubloff-france.fr\\\/Roubloff\\\/produit\\\/roubloff-kolinsky-1150-4\\\/#breadcrumb\",\"itemListElement\":[{\"@type\":\"ListItem\",\"position\":1,\"name\":\"Accueil\",\"item\":\"https:\\\/\\\/roubloff-france.fr\\\/Roubloff\\\/\"},{\"@type\":\"ListItem\",\"position\":2,\"name\":\"Les pinceaux Roubloff \u00a9 :\",\"item\":\"https:\\\/\\\/roubloff-france.fr\\\/Roubloff\\\/\"},{\"@type\":\"ListItem\",\"position\":3,\"name\":\"1150-4 Kolinsky\"}]},{\"@type\":\"WebSite\",\"@id\":\"https:\\\/\\\/roubloff-france.fr\\\/Roubloff\\\/#website\",\"url\":\"https:\\\/\\\/roubloff-france.fr\\\/Roubloff\\\/\",\"name\":\"Roubloff France - pinceaux d'art\",\"description\":\"Les pinceaux d&#039;art pour les artistes, \u00e9coles d&#039;art, revendeurs\",\"publisher\":{\"@id\":\"https:\\\/\\\/roubloff-france.fr\\\/Roubloff\\\/#organization\"},\"potentialAction\":[{\"@type\":\"SearchAction\",\"target\":{\"@type\":\"EntryPoint\",\"urlTemplate\":\"https:\\\/\\\/roubloff-france.fr\\\/Roubloff\\\/?s={search_term_string}\"},\"query-input\":{\"@type\":\"PropertyValueSpecification\",\"valueRequired\":true,\"valueName\":\"search_term_string\"}}],\"inLanguage\":\"fr-FR\"},{\"@type\":\"Organization\",\"@id\":\"https:\\\/\\\/roubloff-france.fr\\\/Roubloff\\\/#organization\",\"name\":\"Roubloff France - pinceaux d'art\",\"url\":\"https:\\\/\\\/roubloff-france.fr\\\/Roubloff\\\/\",\"logo\":{\"@type\":\"ImageObject\",\"inLanguage\":\"fr-FR\",\"@id\":\"https:\\\/\\\/roubloff-france.fr\\\/Roubloff\\\/#\\\/schema\\\/logo\\\/image\\\/\",\"url\":\"https:\\\/\\\/roubloff-france.fr\\\/Roubloff\\\/wp-content\\\/uploads\\\/2022\\\/01\\\/cropped-Logo-Roubloff-Rouge-avec-filet-blanc-250-p.png\",\"contentUrl\":\"https:\\\/\\\/roubloff-france.fr\\\/Roubloff\\\/wp-content\\\/uploads\\\/2022\\\/01\\\/cropped-Logo-Roubloff-Rouge-avec-filet-blanc-250-p.png\",\"width\":261,\"height\":57,\"caption\":\"Roubloff France - pinceaux d'art\"},\"image\":{\"@id\":\"https:\\\/\\\/roubloff-france.fr\\\/Roubloff\\\/#\\\/schema\\\/logo\\\/image\\\/\"},\"sameAs\":[\"https:\\\/\\\/www.instagram.com\\\/roubloff_france\\\/\"]}]}<\/script>\n<!-- \/ Yoast SEO plugin. -->","yoast_head_json":{"title":"1150-4 Kolinsky - Roubloff France - pinceaux d&#039;art","robots":{"index":"index","follow":"follow","max-snippet":"max-snippet:-1","max-image-preview":"max-image-preview:large","max-video-preview":"max-video-preview:-1"},"canonical":"https:\/\/roubloff-france.fr\/Roubloff\/produit\/roubloff-kolinsky-1150-4\/","og_locale":"fr_FR","og_type":"article","og_title":"1150-4 Kolinsky - Roubloff France - pinceaux d&#039;art","og_description":"Pinceau Roubloff Kolinsky (martre), avec une brosse ronde avec un ventre plat, de format n\u00b000 \u00e0 n\u00b06 , avec un manche court impr\u00e9gn\u00e9 de laque et une virole Or (aluminium anodis\u00e9)","og_url":"https:\/\/roubloff-france.fr\/Roubloff\/produit\/roubloff-kolinsky-1150-4\/","og_site_name":"Roubloff France - pinceaux d&#039;art","article_publisher":"https:\/\/www.instagram.com\/roubloff_france\/","article_modified_time":"2026-04-08T11:31:34+00:00","og_image":[{"width":900,"height":1000,"url":"http:\/\/roubloff-france.fr\/Roubloff\/wp-content\/uploads\/2021\/07\/1150-Roubloff-Kolinsky.jpg","type":"image\/jpeg"}],"twitter_card":"summary_large_image","twitter_misc":{"Dur\u00e9e de lecture estim\u00e9e":"1 minute"},"schema":{"@context":"https:\/\/schema.org","@graph":[{"@type":"WebPage","@id":"https:\/\/roubloff-france.fr\/Roubloff\/produit\/roubloff-kolinsky-1150-4\/","url":"https:\/\/roubloff-france.fr\/Roubloff\/produit\/roubloff-kolinsky-1150-4\/","name":"1150-4 Kolinsky - Roubloff France - pinceaux d&#039;art","isPartOf":{"@id":"https:\/\/roubloff-france.fr\/Roubloff\/#website"},"primaryImageOfPage":{"@id":"https:\/\/roubloff-france.fr\/Roubloff\/produit\/roubloff-kolinsky-1150-4\/#primaryimage"},"image":{"@id":"https:\/\/roubloff-france.fr\/Roubloff\/produit\/roubloff-kolinsky-1150-4\/#primaryimage"},"thumbnailUrl":"https:\/\/roubloff-france.fr\/Roubloff\/wp-content\/uploads\/2021\/07\/1150-Roubloff-Kolinsky.jpg","datePublished":"2021-07-14T10:18:32+00:00","dateModified":"2026-04-08T11:31:34+00:00","breadcrumb":{"@id":"https:\/\/roubloff-france.fr\/Roubloff\/produit\/roubloff-kolinsky-1150-4\/#breadcrumb"},"inLanguage":"fr-FR","potentialAction":[{"@type":"ReadAction","target":["https:\/\/roubloff-france.fr\/Roubloff\/produit\/roubloff-kolinsky-1150-4\/"]}]},{"@type":"ImageObject","inLanguage":"fr-FR","@id":"https:\/\/roubloff-france.fr\/Roubloff\/produit\/roubloff-kolinsky-1150-4\/#primaryimage","url":"https:\/\/roubloff-france.fr\/Roubloff\/wp-content\/uploads\/2021\/07\/1150-Roubloff-Kolinsky.jpg","contentUrl":"https:\/\/roubloff-france.fr\/Roubloff\/wp-content\/uploads\/2021\/07\/1150-Roubloff-Kolinsky.jpg","width":900,"height":1000,"caption":"Roubloff Kolinsky 1150"},{"@type":"BreadcrumbList","@id":"https:\/\/roubloff-france.fr\/Roubloff\/produit\/roubloff-kolinsky-1150-4\/#breadcrumb","itemListElement":[{"@type":"ListItem","position":1,"name":"Accueil","item":"https:\/\/roubloff-france.fr\/Roubloff\/"},{"@type":"ListItem","position":2,"name":"Les pinceaux Roubloff \u00a9 :","item":"https:\/\/roubloff-france.fr\/Roubloff\/"},{"@type":"ListItem","position":3,"name":"1150-4 Kolinsky"}]},{"@type":"WebSite","@id":"https:\/\/roubloff-france.fr\/Roubloff\/#website","url":"https:\/\/roubloff-france.fr\/Roubloff\/","name":"Roubloff France - pinceaux d'art","description":"Les pinceaux d&#039;art pour les artistes, \u00e9coles d&#039;art, revendeurs","publisher":{"@id":"https:\/\/roubloff-france.fr\/Roubloff\/#organization"},"potentialAction":[{"@type":"SearchAction","target":{"@type":"EntryPoint","urlTemplate":"https:\/\/roubloff-france.fr\/Roubloff\/?s={search_term_string}"},"query-input":{"@type":"PropertyValueSpecification","valueRequired":true,"valueName":"search_term_string"}}],"inLanguage":"fr-FR"},{"@type":"Organization","@id":"https:\/\/roubloff-france.fr\/Roubloff\/#organization","name":"Roubloff France - pinceaux d'art","url":"https:\/\/roubloff-france.fr\/Roubloff\/","logo":{"@type":"ImageObject","inLanguage":"fr-FR","@id":"https:\/\/roubloff-france.fr\/Roubloff\/#\/schema\/logo\/image\/","url":"https:\/\/roubloff-france.fr\/Roubloff\/wp-content\/uploads\/2022\/01\/cropped-Logo-Roubloff-Rouge-avec-filet-blanc-250-p.png","contentUrl":"https:\/\/roubloff-france.fr\/Roubloff\/wp-content\/uploads\/2022\/01\/cropped-Logo-Roubloff-Rouge-avec-filet-blanc-250-p.png","width":261,"height":57,"caption":"Roubloff France - pinceaux d'art"},"image":{"@id":"https:\/\/roubloff-france.fr\/Roubloff\/#\/schema\/logo\/image\/"},"sameAs":["https:\/\/www.instagram.com\/roubloff_france\/"]}]}},"_links":{"self":[{"href":"https:\/\/roubloff-france.fr\/Roubloff\/wp-json\/wp\/v2\/product\/240","targetHints":{"allow":["GET"]}}],"collection":[{"href":"https:\/\/roubloff-france.fr\/Roubloff\/wp-json\/wp\/v2\/product"}],"about":[{"href":"https:\/\/roubloff-france.fr\/Roubloff\/wp-json\/wp\/v2\/types\/product"}],"wp:featuredmedia":[{"embeddable":true,"href":"https:\/\/roubloff-france.fr\/Roubloff\/wp-json\/wp\/v2\/media\/242"}],"wp:attachment":[{"href":"https:\/\/roubloff-france.fr\/Roubloff\/wp-json\/wp\/v2\/media?parent=240"}],"wp:term":[{"taxonomy":"product_brand","embeddable":true,"href":"https:\/\/roubloff-france.fr\/Roubloff\/wp-json\/wp\/v2\/product_brand?post=240"},{"taxonomy":"product_cat","embeddable":true,"href":"https:\/\/roubloff-france.fr\/Roubloff\/wp-json\/wp\/v2\/product_cat?post=240"},{"taxonomy":"product_tag","embeddable":true,"href":"https:\/\/roubloff-france.fr\/Roubloff\/wp-json\/wp\/v2\/product_tag?post=240"}],"curies":[{"name":"wp","href":"https:\/\/api.w.org\/{rel}","templated":true}]}}