{"id":128,"date":"2021-03-20T18:44:13","date_gmt":"2021-03-20T17:44:13","guid":{"rendered":"https:\/\/roubloff-france.fr\/Roubloff\/?post_type=product&#038;p=128"},"modified":"2022-07-11T15:26:35","modified_gmt":"2022-07-11T13:26:35","slug":"roubloff-synthetic-1b20w-7","status":"publish","type":"product","link":"https:\/\/roubloff-france.fr\/Roubloff\/produit\/roubloff-synthetic-1b20w-7\/","title":{"rendered":"Roubloff Synthetic \u2013 1B20W-7"},"content":{"rendered":"<h3>Le pinceau Roubloff \u00ab\u00a01B20W\u00a0\u00bb est en poils synth\u00e9tiques de couleur blanche avec un brosse de forme rectangulaire en plusieurs tailles, dot\u00e9 d\u2019un manche court blanc et brillant et d\u2019une virole en laiton chrom\u00e9.<\/h3>\n<p>Le pinceau plat en poils synth\u00e9tiques blancs vous permet de travailler avec des peintures de diff\u00e9rents degr\u00e9s de viscosit\u00e9 dans des techniques pittoresques et d\u00e9coratives.<\/p>\n<p>La virole en laiton chrom\u00e9 prot\u00e8ge la touffe de poils et la fixe au manche blanc brillant. Cette couleur de poils permet de bien v\u00e9rifier la puret\u00e9 d&rsquo;une teinte de couleur, ce qui augmente la qualit\u00e9 du travail en termes de couleur. Et, une nouvelle approche de la technologie de production de filament l&rsquo;a rendu plus \u00e9lastique.<\/p>\n<p>La forme rectangulaire du pinceau vous aide \u00e0 donner un lavage de peinture en larges rayures, \u00e0 repr\u00e9senter des structures architecturales en simulant facilement le volume de mat\u00e9riaux tels que la brique et la pierre et \u00e0 appliquer des taches structurelles au stade initial de la mise en page.<\/p>\n<ul>\n<li>Type : pinceaux d&rsquo;art<\/li>\n<li>Application : acrylique, huile<\/li>\n<li>Poils : synth\u00e9tique<\/li>\n<li>Type de poils : Synth\u00e9tique blanc<\/li>\n<li>Rigidit\u00e9 : 4<\/li>\n<li>Virole : argent (laiton chrom\u00e9)<\/li>\n<li>Forme de la t\u00eate de brosse : plate<\/li>\n<li>Longueur du manche : court<\/li>\n<li>Tailles : 2, 4, 6, 7, 8, 10, 12, 14, 16, 18, 20<\/li>\n<li>Avantages : multifonctionnel, produit original, poils trait\u00e9s \u00e0 la main<\/li>\n<\/ul>\n<p>&nbsp;<\/p>\n<p><iframe loading=\"lazy\" title=\"\u041f\u0440\u0438\u043c\u0435\u043d\u0435\u043d\u0438\u0435 \u043a\u0438\u0441\u0442\u0435\u0439 \u0438\u0437 \u0431\u0435\u043b\u043e\u0439 \u0441\u0438\u043d\u0442\u0435\u0442\u0438\u043a\u0438 - \u043a\u0438\u0441\u0442\u0438 1B12W, 1B22W, 1B32W, 1B20W\" width=\"980\" height=\"551\" src=\"https:\/\/www.youtube.com\/embed\/BNHQ5Q0HKm0?feature=oembed\" frameborder=\"0\" allow=\"accelerometer; autoplay; clipboard-write; encrypted-media; gyroscope; picture-in-picture; web-share\" referrerpolicy=\"strict-origin-when-cross-origin\" allowfullscreen><\/iframe><\/p>\n<p>&nbsp;<\/p>\n<hr \/>\n<h3>Roubloff Synthetic \u2013 1B20W<\/h3>\n<p>Flat brush from white synthetic lets you work with paints of various viscosity degrees in picturesque and decorative techniques.<\/p>\n<p>The chrome plated brass ferrule protects the tuft and attaches it to the white glossy handle. This hair color allows you to thoroughly check the purity of a color shade, which increases the quality of work in terms of color. And a new approach to the technology of producing filament has made it more elastic.<\/p>\n<p>The rectangular shape of the brush helps you give a wash of paint in wide stripes, depict architectural structures by easily simulating the volume of such materials as brick and stone and apply structural stains at the initial stage of the layout<\/p>\n<ul>\n<li>Type: Art brushes<\/li>\n<li>Application: Acrylic, Oil<\/li>\n<li>Hair: Synthetic<\/li>\n<li>Hair type: White synthetic<\/li>\n<li>Stiffness: 4<\/li>\n<li>Ferrule: Silver (chrome plated brass)<\/li>\n<li>Brush head shape: Flat<\/li>\n<li>Handle length: Short<\/li>\n<li>Sizes: 2, 4, 6, 7, 8, 10, 12, 14, 16, 18, 20<\/li>\n<li>Advantages: Multifunctional, Original product, Hair treated by hand<\/li>\n<\/ul>\n<p>&nbsp;<\/p>\n<p>Pour en savoir plus : <a href=\"https:\/\/www.roubloff.ru\/en\/catalog\/artbrushes\/1b20w\/\" target=\"_blank\" rel=\"noopener noreferrer\">https:\/\/www.roubloff.ru\/en\/catalog\/artbrushes\/1b20w\/<\/a><\/p>\n","protected":false},"excerpt":{"rendered":"<h3>Le pinceau Roubloff \u00ab\u00a01B20W\u00a0\u00bb est en poils synth\u00e9tiques de couleur blanche avec un brosse de frome rectangulaire en plusieurs tailles, dot\u00e9 d\u2019un manche court blanc et brillant et d\u2019une virole en laiton chrom\u00e9.<\/h3>\n","protected":false},"featured_media":162,"template":"","meta":[],"product_brand":[],"product_cat":[109,16],"product_tag":[110,53,99,105],"class_list":{"0":"post-128","1":"product","2":"type-product","3":"status-publish","4":"has-post-thumbnail","6":"product_cat-1b20w","7":"product_cat-les-pinceaux-dart-roubloff","8":"product_tag-1b20w","9":"product_tag-art-brushes","10":"product_tag-poils-synthetiques","11":"product_tag-synthetic","13":"first","14":"instock","15":"taxable","16":"shipping-taxable","17":"purchasable","18":"product-type-simple"},"yoast_head":"<!-- This site is optimized with the Yoast SEO plugin v27.3 - https:\/\/yoast.com\/product\/yoast-seo-wordpress\/ -->\n<title>Roubloff Synthetic \u2013 1B20W-7 - Roubloff France - pinceaux d&#039;art<\/title>\n<meta name=\"description\" content=\"Le pinceau Roubloff 1B20W en poils synth\u00e9tiques de couleur blanche avec un brosse de frome rectangulaire en plusieurs tailles, dot\u00e9 d\u2019un manche court blanc et brillant et d\u2019une virole en laiton chrom\u00e9.\" \/>\n<meta name=\"robots\" content=\"index, follow, max-snippet:-1, max-image-preview:large, max-video-preview:-1\" \/>\n<link rel=\"canonical\" href=\"https:\/\/roubloff-france.fr\/Roubloff\/produit\/roubloff-synthetic-1b20w-7\/\" \/>\n<meta property=\"og:locale\" content=\"fr_FR\" \/>\n<meta property=\"og:type\" content=\"article\" \/>\n<meta property=\"og:title\" content=\"Roubloff Synthetic \u2013 1B20W-7 - Roubloff France - pinceaux d&#039;art\" \/>\n<meta property=\"og:description\" content=\"Le pinceau Roubloff 1B20W en poils synth\u00e9tiques de couleur blanche avec un brosse de frome rectangulaire en plusieurs tailles, dot\u00e9 d\u2019un manche court blanc et brillant et d\u2019une virole en laiton chrom\u00e9.\" \/>\n<meta property=\"og:url\" content=\"https:\/\/roubloff-france.fr\/Roubloff\/produit\/roubloff-synthetic-1b20w-7\/\" \/>\n<meta property=\"og:site_name\" content=\"Roubloff France - pinceaux d&#039;art\" \/>\n<meta property=\"article:publisher\" content=\"https:\/\/www.instagram.com\/roubloff_france\/\" \/>\n<meta property=\"article:modified_time\" content=\"2022-07-11T13:26:35+00:00\" \/>\n<meta property=\"og:image\" content=\"https:\/\/roubloff-france.fr\/Roubloff\/wp-content\/uploads\/2021\/03\/1B20W-1.jpg\" \/>\n\t<meta property=\"og:image:width\" content=\"900\" \/>\n\t<meta property=\"og:image:height\" content=\"1000\" \/>\n\t<meta property=\"og:image:type\" content=\"image\/jpeg\" \/>\n<meta name=\"twitter:card\" content=\"summary_large_image\" \/>\n<meta name=\"twitter:label1\" content=\"Dur\u00e9e de lecture estim\u00e9e\" \/>\n\t<meta name=\"twitter:data1\" content=\"2 minutes\" \/>\n<script type=\"application\/ld+json\" class=\"yoast-schema-graph\">{\"@context\":\"https:\\\/\\\/schema.org\",\"@graph\":[{\"@type\":[\"WebPage\",\"ItemPage\"],\"@id\":\"https:\\\/\\\/roubloff-france.fr\\\/Roubloff\\\/produit\\\/roubloff-synthetic-1b20w-7\\\/\",\"url\":\"https:\\\/\\\/roubloff-france.fr\\\/Roubloff\\\/produit\\\/roubloff-synthetic-1b20w-7\\\/\",\"name\":\"Roubloff Synthetic \u2013 1B20W-7 - Roubloff France - pinceaux d&#039;art\",\"isPartOf\":{\"@id\":\"https:\\\/\\\/roubloff-france.fr\\\/Roubloff\\\/#website\"},\"primaryImageOfPage\":{\"@id\":\"https:\\\/\\\/roubloff-france.fr\\\/Roubloff\\\/produit\\\/roubloff-synthetic-1b20w-7\\\/#primaryimage\"},\"image\":{\"@id\":\"https:\\\/\\\/roubloff-france.fr\\\/Roubloff\\\/produit\\\/roubloff-synthetic-1b20w-7\\\/#primaryimage\"},\"thumbnailUrl\":\"https:\\\/\\\/roubloff-france.fr\\\/Roubloff\\\/wp-content\\\/uploads\\\/2021\\\/03\\\/1B20W-1.jpg\",\"datePublished\":\"2021-03-20T17:44:13+00:00\",\"dateModified\":\"2022-07-11T13:26:35+00:00\",\"description\":\"Le pinceau Roubloff 1B20W en poils synth\u00e9tiques de couleur blanche avec un brosse de frome rectangulaire en plusieurs tailles, dot\u00e9 d\u2019un manche court blanc et brillant et d\u2019une virole en laiton chrom\u00e9.\",\"breadcrumb\":{\"@id\":\"https:\\\/\\\/roubloff-france.fr\\\/Roubloff\\\/produit\\\/roubloff-synthetic-1b20w-7\\\/#breadcrumb\"},\"inLanguage\":\"fr-FR\",\"potentialAction\":[{\"@type\":\"ReadAction\",\"target\":[\"https:\\\/\\\/roubloff-france.fr\\\/Roubloff\\\/produit\\\/roubloff-synthetic-1b20w-7\\\/\"]}]},{\"@type\":\"ImageObject\",\"inLanguage\":\"fr-FR\",\"@id\":\"https:\\\/\\\/roubloff-france.fr\\\/Roubloff\\\/produit\\\/roubloff-synthetic-1b20w-7\\\/#primaryimage\",\"url\":\"https:\\\/\\\/roubloff-france.fr\\\/Roubloff\\\/wp-content\\\/uploads\\\/2021\\\/03\\\/1B20W-1.jpg\",\"contentUrl\":\"https:\\\/\\\/roubloff-france.fr\\\/Roubloff\\\/wp-content\\\/uploads\\\/2021\\\/03\\\/1B20W-1.jpg\",\"width\":900,\"height\":1000},{\"@type\":\"BreadcrumbList\",\"@id\":\"https:\\\/\\\/roubloff-france.fr\\\/Roubloff\\\/produit\\\/roubloff-synthetic-1b20w-7\\\/#breadcrumb\",\"itemListElement\":[{\"@type\":\"ListItem\",\"position\":1,\"name\":\"Accueil\",\"item\":\"https:\\\/\\\/roubloff-france.fr\\\/Roubloff\\\/\"},{\"@type\":\"ListItem\",\"position\":2,\"name\":\"Les pinceaux Roubloff \u00a9 :\",\"item\":\"https:\\\/\\\/roubloff-france.fr\\\/Roubloff\\\/\"},{\"@type\":\"ListItem\",\"position\":3,\"name\":\"Roubloff Synthetic \u2013 1B20W-7\"}]},{\"@type\":\"WebSite\",\"@id\":\"https:\\\/\\\/roubloff-france.fr\\\/Roubloff\\\/#website\",\"url\":\"https:\\\/\\\/roubloff-france.fr\\\/Roubloff\\\/\",\"name\":\"Roubloff France - pinceaux d'art\",\"description\":\"Les pinceaux d&#039;art pour les artistes, \u00e9coles d&#039;art, revendeurs\",\"publisher\":{\"@id\":\"https:\\\/\\\/roubloff-france.fr\\\/Roubloff\\\/#organization\"},\"potentialAction\":[{\"@type\":\"SearchAction\",\"target\":{\"@type\":\"EntryPoint\",\"urlTemplate\":\"https:\\\/\\\/roubloff-france.fr\\\/Roubloff\\\/?s={search_term_string}\"},\"query-input\":{\"@type\":\"PropertyValueSpecification\",\"valueRequired\":true,\"valueName\":\"search_term_string\"}}],\"inLanguage\":\"fr-FR\"},{\"@type\":\"Organization\",\"@id\":\"https:\\\/\\\/roubloff-france.fr\\\/Roubloff\\\/#organization\",\"name\":\"Roubloff France - pinceaux d'art\",\"url\":\"https:\\\/\\\/roubloff-france.fr\\\/Roubloff\\\/\",\"logo\":{\"@type\":\"ImageObject\",\"inLanguage\":\"fr-FR\",\"@id\":\"https:\\\/\\\/roubloff-france.fr\\\/Roubloff\\\/#\\\/schema\\\/logo\\\/image\\\/\",\"url\":\"https:\\\/\\\/roubloff-france.fr\\\/Roubloff\\\/wp-content\\\/uploads\\\/2022\\\/01\\\/cropped-Logo-Roubloff-Rouge-avec-filet-blanc-250-p.png\",\"contentUrl\":\"https:\\\/\\\/roubloff-france.fr\\\/Roubloff\\\/wp-content\\\/uploads\\\/2022\\\/01\\\/cropped-Logo-Roubloff-Rouge-avec-filet-blanc-250-p.png\",\"width\":261,\"height\":57,\"caption\":\"Roubloff France - pinceaux d'art\"},\"image\":{\"@id\":\"https:\\\/\\\/roubloff-france.fr\\\/Roubloff\\\/#\\\/schema\\\/logo\\\/image\\\/\"},\"sameAs\":[\"https:\\\/\\\/www.instagram.com\\\/roubloff_france\\\/\"]}]}<\/script>\n<!-- \/ Yoast SEO plugin. -->","yoast_head_json":{"title":"Roubloff Synthetic \u2013 1B20W-7 - Roubloff France - pinceaux d&#039;art","description":"Le pinceau Roubloff 1B20W en poils synth\u00e9tiques de couleur blanche avec un brosse de frome rectangulaire en plusieurs tailles, dot\u00e9 d\u2019un manche court blanc et brillant et d\u2019une virole en laiton chrom\u00e9.","robots":{"index":"index","follow":"follow","max-snippet":"max-snippet:-1","max-image-preview":"max-image-preview:large","max-video-preview":"max-video-preview:-1"},"canonical":"https:\/\/roubloff-france.fr\/Roubloff\/produit\/roubloff-synthetic-1b20w-7\/","og_locale":"fr_FR","og_type":"article","og_title":"Roubloff Synthetic \u2013 1B20W-7 - Roubloff France - pinceaux d&#039;art","og_description":"Le pinceau Roubloff 1B20W en poils synth\u00e9tiques de couleur blanche avec un brosse de frome rectangulaire en plusieurs tailles, dot\u00e9 d\u2019un manche court blanc et brillant et d\u2019une virole en laiton chrom\u00e9.","og_url":"https:\/\/roubloff-france.fr\/Roubloff\/produit\/roubloff-synthetic-1b20w-7\/","og_site_name":"Roubloff France - pinceaux d&#039;art","article_publisher":"https:\/\/www.instagram.com\/roubloff_france\/","article_modified_time":"2022-07-11T13:26:35+00:00","og_image":[{"width":900,"height":1000,"url":"https:\/\/roubloff-france.fr\/Roubloff\/wp-content\/uploads\/2021\/03\/1B20W-1.jpg","type":"image\/jpeg"}],"twitter_card":"summary_large_image","twitter_misc":{"Dur\u00e9e de lecture estim\u00e9e":"2 minutes"},"schema":{"@context":"https:\/\/schema.org","@graph":[{"@type":["WebPage","ItemPage"],"@id":"https:\/\/roubloff-france.fr\/Roubloff\/produit\/roubloff-synthetic-1b20w-7\/","url":"https:\/\/roubloff-france.fr\/Roubloff\/produit\/roubloff-synthetic-1b20w-7\/","name":"Roubloff Synthetic \u2013 1B20W-7 - Roubloff France - pinceaux d&#039;art","isPartOf":{"@id":"https:\/\/roubloff-france.fr\/Roubloff\/#website"},"primaryImageOfPage":{"@id":"https:\/\/roubloff-france.fr\/Roubloff\/produit\/roubloff-synthetic-1b20w-7\/#primaryimage"},"image":{"@id":"https:\/\/roubloff-france.fr\/Roubloff\/produit\/roubloff-synthetic-1b20w-7\/#primaryimage"},"thumbnailUrl":"https:\/\/roubloff-france.fr\/Roubloff\/wp-content\/uploads\/2021\/03\/1B20W-1.jpg","datePublished":"2021-03-20T17:44:13+00:00","dateModified":"2022-07-11T13:26:35+00:00","description":"Le pinceau Roubloff 1B20W en poils synth\u00e9tiques de couleur blanche avec un brosse de frome rectangulaire en plusieurs tailles, dot\u00e9 d\u2019un manche court blanc et brillant et d\u2019une virole en laiton chrom\u00e9.","breadcrumb":{"@id":"https:\/\/roubloff-france.fr\/Roubloff\/produit\/roubloff-synthetic-1b20w-7\/#breadcrumb"},"inLanguage":"fr-FR","potentialAction":[{"@type":"ReadAction","target":["https:\/\/roubloff-france.fr\/Roubloff\/produit\/roubloff-synthetic-1b20w-7\/"]}]},{"@type":"ImageObject","inLanguage":"fr-FR","@id":"https:\/\/roubloff-france.fr\/Roubloff\/produit\/roubloff-synthetic-1b20w-7\/#primaryimage","url":"https:\/\/roubloff-france.fr\/Roubloff\/wp-content\/uploads\/2021\/03\/1B20W-1.jpg","contentUrl":"https:\/\/roubloff-france.fr\/Roubloff\/wp-content\/uploads\/2021\/03\/1B20W-1.jpg","width":900,"height":1000},{"@type":"BreadcrumbList","@id":"https:\/\/roubloff-france.fr\/Roubloff\/produit\/roubloff-synthetic-1b20w-7\/#breadcrumb","itemListElement":[{"@type":"ListItem","position":1,"name":"Accueil","item":"https:\/\/roubloff-france.fr\/Roubloff\/"},{"@type":"ListItem","position":2,"name":"Les pinceaux Roubloff \u00a9 :","item":"https:\/\/roubloff-france.fr\/Roubloff\/"},{"@type":"ListItem","position":3,"name":"Roubloff Synthetic \u2013 1B20W-7"}]},{"@type":"WebSite","@id":"https:\/\/roubloff-france.fr\/Roubloff\/#website","url":"https:\/\/roubloff-france.fr\/Roubloff\/","name":"Roubloff France - pinceaux d'art","description":"Les pinceaux d&#039;art pour les artistes, \u00e9coles d&#039;art, revendeurs","publisher":{"@id":"https:\/\/roubloff-france.fr\/Roubloff\/#organization"},"potentialAction":[{"@type":"SearchAction","target":{"@type":"EntryPoint","urlTemplate":"https:\/\/roubloff-france.fr\/Roubloff\/?s={search_term_string}"},"query-input":{"@type":"PropertyValueSpecification","valueRequired":true,"valueName":"search_term_string"}}],"inLanguage":"fr-FR"},{"@type":"Organization","@id":"https:\/\/roubloff-france.fr\/Roubloff\/#organization","name":"Roubloff France - pinceaux d'art","url":"https:\/\/roubloff-france.fr\/Roubloff\/","logo":{"@type":"ImageObject","inLanguage":"fr-FR","@id":"https:\/\/roubloff-france.fr\/Roubloff\/#\/schema\/logo\/image\/","url":"https:\/\/roubloff-france.fr\/Roubloff\/wp-content\/uploads\/2022\/01\/cropped-Logo-Roubloff-Rouge-avec-filet-blanc-250-p.png","contentUrl":"https:\/\/roubloff-france.fr\/Roubloff\/wp-content\/uploads\/2022\/01\/cropped-Logo-Roubloff-Rouge-avec-filet-blanc-250-p.png","width":261,"height":57,"caption":"Roubloff France - pinceaux d'art"},"image":{"@id":"https:\/\/roubloff-france.fr\/Roubloff\/#\/schema\/logo\/image\/"},"sameAs":["https:\/\/www.instagram.com\/roubloff_france\/"]}]}},"_links":{"self":[{"href":"https:\/\/roubloff-france.fr\/Roubloff\/wp-json\/wp\/v2\/product\/128","targetHints":{"allow":["GET"]}}],"collection":[{"href":"https:\/\/roubloff-france.fr\/Roubloff\/wp-json\/wp\/v2\/product"}],"about":[{"href":"https:\/\/roubloff-france.fr\/Roubloff\/wp-json\/wp\/v2\/types\/product"}],"wp:featuredmedia":[{"embeddable":true,"href":"https:\/\/roubloff-france.fr\/Roubloff\/wp-json\/wp\/v2\/media\/162"}],"wp:attachment":[{"href":"https:\/\/roubloff-france.fr\/Roubloff\/wp-json\/wp\/v2\/media?parent=128"}],"wp:term":[{"taxonomy":"product_brand","embeddable":true,"href":"https:\/\/roubloff-france.fr\/Roubloff\/wp-json\/wp\/v2\/product_brand?post=128"},{"taxonomy":"product_cat","embeddable":true,"href":"https:\/\/roubloff-france.fr\/Roubloff\/wp-json\/wp\/v2\/product_cat?post=128"},{"taxonomy":"product_tag","embeddable":true,"href":"https:\/\/roubloff-france.fr\/Roubloff\/wp-json\/wp\/v2\/product_tag?post=128"}],"curies":[{"name":"wp","href":"https:\/\/api.w.org\/{rel}","templated":true}]}}