{"id":1270,"date":"2026-02-18T21:10:23","date_gmt":"2026-02-18T20:10:23","guid":{"rendered":"https:\/\/roubloff-france.fr\/Roubloff\/?post_type=product&#038;p=1270"},"modified":"2026-03-17T21:17:05","modified_gmt":"2026-03-17T20:17:05","slug":"1015-1-pinceau-rond-en-poils-de-martre-kolinsky","status":"publish","type":"product","link":"https:\/\/roubloff-france.fr\/Roubloff\/produit\/1015-1-pinceau-rond-en-poils-de-martre-kolinsky\/","title":{"rendered":"1015-1 Pinceau rond en poils de martre Kolinsky"},"content":{"rendered":"<p>Pinceau rond en poils naturels Kolinsky de qualit\u00e9 sup\u00e9rieure.<br \/>\nLa souplesse et l\u2019\u00e9lasticit\u00e9 des poils offrent un contr\u00f4le pr\u00e9cis du flux de peinture et de la forme du trait.<br \/>\nId\u00e9al pour l\u2019aquarelle, la gouache et la peinture \u00e0 l\u2019huile.<br \/>\nLe manche \u00e9l\u00e9gant, verni et r\u00e9sistant aux m\u00e9diums agressifs, assure une prise en main confortable.<br \/>\nCon\u00e7u pour de longues sessions cr\u00e9atives, il est parfait pour la peinture miniature et botanique.<\/p>\n<hr \/>\n<p>Round brush made of natural high quality kolinsky hair.<br \/>\nResilience and spring of the hair give you full control over the flow of paint and stroke shape.<br \/>\nIt works well with watercolour, gouache and oil paints.<br \/>\nThe stylish and practical handle finish protected with lacquer is resistant to aggressive media.<br \/>\nThe figured handle provides extra comfort; it is designed for a long creative process, miniature and botanical painting.<\/p>\n","protected":false},"excerpt":{"rendered":"<p>1015 &#8211; Pinceau rond en poils naturels Kolinsky de qualit\u00e9 sup\u00e9rieure.<\/p>\n","protected":false},"featured_media":1264,"template":"","meta":[],"product_brand":[319],"product_cat":[224,225],"product_tag":[104,377,372,371,373,388,389,370,382,381,384,386,115,364,365,363,368,367,375,366,385,271,376,283,378,360,362,374,379,383,369,361,380,387,107],"class_list":{"0":"post-1270","1":"product","2":"type-product","3":"status-publish","4":"has-post-thumbnail","6":"product_brand-roubloff","7":"product_cat-224","8":"product_cat-kolinsky-101f-et-1015","9":"product_tag-aquarelle","10":"product_tag-botanical-painting","11":"product_tag-comfort","12":"product_tag-confort","13":"product_tag-controle-precis","14":"product_tag-creatif","15":"product_tag-creative","16":"product_tag-durable","17":"product_tag-elasticite","18":"product_tag-flexibility","19":"product_tag-flux-de-peinture","20":"product_tag-forme-du-trait","21":"product_tag-gouache","22":"product_tag-haute-qualite","23":"product_tag-high-quality","24":"product_tag-kolinsky-hair","25":"product_tag-lacquered-handle","26":"product_tag-manche-verni","27":"product_tag-miniature-painting","28":"product_tag-oil-paints","29":"product_tag-paint-flow","30":"product_tag-peinture-a-lhuile","31":"product_tag-peinture-botanique","32":"product_tag-peinture-miniature","33":"product_tag-pinceau-professionnel","34":"product_tag-pinceau-rond","35":"product_tag-poils-kolinsky","36":"product_tag-precise-control","37":"product_tag-professional-brush","38":"product_tag-resilience","39":"product_tag-resistant","40":"product_tag-round-brush","41":"product_tag-souplesse","42":"product_tag-stroke-shape","43":"product_tag-watercolor","45":"first","46":"instock","47":"taxable","48":"shipping-taxable","49":"purchasable","50":"product-type-simple"},"yoast_head":"<!-- This site is optimized with the Yoast SEO plugin v27.3 - https:\/\/yoast.com\/product\/yoast-seo-wordpress\/ -->\n<title>1015-1 Pinceau rond en poils de martre Kolinsky - Roubloff France - pinceaux d&#039;art<\/title>\n<meta name=\"description\" content=\"Pinceau rond en poils naturels Kolinsky de qualit\u00e9 sup\u00e9rieure.La souplesse et l\u2019\u00e9lasticit\u00e9 des poils offrent un contr\u00f4le pr\u00e9cis du flux de peinture et de la forme du trait.Id\u00e9al pour l\u2019aquarelle, la gouache et la peinture \u00e0 l\u2019huile.Le manche \u00e9l\u00e9gant, verni et r\u00e9sistant aux m\u00e9diums agressifs, assure une prise en main confortable.Con\u00e7u pour de longues sessions cr\u00e9atives, il est parfait pour la peinture miniature et botanique.\" \/>\n<meta name=\"robots\" content=\"index, follow, max-snippet:-1, max-image-preview:large, max-video-preview:-1\" \/>\n<link rel=\"canonical\" href=\"https:\/\/roubloff-france.fr\/Roubloff\/produit\/1015-1-pinceau-rond-en-poils-de-martre-kolinsky\/\" \/>\n<meta property=\"og:locale\" content=\"fr_FR\" \/>\n<meta property=\"og:type\" content=\"article\" \/>\n<meta property=\"og:title\" content=\"1015-1 Pinceau rond en poils de martre Kolinsky - Roubloff France - pinceaux d&#039;art\" \/>\n<meta property=\"og:description\" content=\"Pinceau rond en poils naturels Kolinsky de qualit\u00e9 sup\u00e9rieure.La souplesse et l\u2019\u00e9lasticit\u00e9 des poils offrent un contr\u00f4le pr\u00e9cis du flux de peinture et de la forme du trait.Id\u00e9al pour l\u2019aquarelle, la gouache et la peinture \u00e0 l\u2019huile.Le manche \u00e9l\u00e9gant, verni et r\u00e9sistant aux m\u00e9diums agressifs, assure une prise en main confortable.Con\u00e7u pour de longues sessions cr\u00e9atives, il est parfait pour la peinture miniature et botanique.\" \/>\n<meta property=\"og:url\" content=\"https:\/\/roubloff-france.fr\/Roubloff\/produit\/1015-1-pinceau-rond-en-poils-de-martre-kolinsky\/\" \/>\n<meta property=\"og:site_name\" content=\"Roubloff France - pinceaux d&#039;art\" \/>\n<meta property=\"article:publisher\" content=\"https:\/\/www.instagram.com\/roubloff_france\/\" \/>\n<meta property=\"article:modified_time\" content=\"2026-03-17T20:17:05+00:00\" \/>\n<meta property=\"og:image\" content=\"http:\/\/roubloff-france.fr\/Roubloff\/wp-content\/uploads\/2026\/02\/1-1015_1-1.jpg\" \/>\n\t<meta property=\"og:image:width\" content=\"900\" \/>\n\t<meta property=\"og:image:height\" content=\"1000\" \/>\n\t<meta property=\"og:image:type\" content=\"image\/jpeg\" \/>\n<meta name=\"twitter:card\" content=\"summary_large_image\" \/>\n<meta name=\"twitter:label1\" content=\"Dur\u00e9e de lecture estim\u00e9e\" \/>\n\t<meta name=\"twitter:data1\" content=\"1 minute\" \/>\n<script type=\"application\/ld+json\" class=\"yoast-schema-graph\">{\"@context\":\"https:\\\/\\\/schema.org\",\"@graph\":[{\"@type\":\"WebPage\",\"@id\":\"https:\\\/\\\/roubloff-france.fr\\\/Roubloff\\\/produit\\\/1015-1-pinceau-rond-en-poils-de-martre-kolinsky\\\/\",\"url\":\"https:\\\/\\\/roubloff-france.fr\\\/Roubloff\\\/produit\\\/1015-1-pinceau-rond-en-poils-de-martre-kolinsky\\\/\",\"name\":\"1015-1 Pinceau rond en poils de martre Kolinsky - Roubloff France - pinceaux d&#039;art\",\"isPartOf\":{\"@id\":\"https:\\\/\\\/roubloff-france.fr\\\/Roubloff\\\/#website\"},\"primaryImageOfPage\":{\"@id\":\"https:\\\/\\\/roubloff-france.fr\\\/Roubloff\\\/produit\\\/1015-1-pinceau-rond-en-poils-de-martre-kolinsky\\\/#primaryimage\"},\"image\":{\"@id\":\"https:\\\/\\\/roubloff-france.fr\\\/Roubloff\\\/produit\\\/1015-1-pinceau-rond-en-poils-de-martre-kolinsky\\\/#primaryimage\"},\"thumbnailUrl\":\"https:\\\/\\\/roubloff-france.fr\\\/Roubloff\\\/wp-content\\\/uploads\\\/2026\\\/02\\\/1-1015_1-1.jpg\",\"datePublished\":\"2026-02-18T20:10:23+00:00\",\"dateModified\":\"2026-03-17T20:17:05+00:00\",\"description\":\"Pinceau rond en poils naturels Kolinsky de qualit\u00e9 sup\u00e9rieure.La souplesse et l\u2019\u00e9lasticit\u00e9 des poils offrent un contr\u00f4le pr\u00e9cis du flux de peinture et de la forme du trait.Id\u00e9al pour l\u2019aquarelle, la gouache et la peinture \u00e0 l\u2019huile.Le manche \u00e9l\u00e9gant, verni et r\u00e9sistant aux m\u00e9diums agressifs, assure une prise en main confortable.Con\u00e7u pour de longues sessions cr\u00e9atives, il est parfait pour la peinture miniature et botanique.\",\"breadcrumb\":{\"@id\":\"https:\\\/\\\/roubloff-france.fr\\\/Roubloff\\\/produit\\\/1015-1-pinceau-rond-en-poils-de-martre-kolinsky\\\/#breadcrumb\"},\"inLanguage\":\"fr-FR\",\"potentialAction\":[{\"@type\":\"ReadAction\",\"target\":[\"https:\\\/\\\/roubloff-france.fr\\\/Roubloff\\\/produit\\\/1015-1-pinceau-rond-en-poils-de-martre-kolinsky\\\/\"]}]},{\"@type\":\"ImageObject\",\"inLanguage\":\"fr-FR\",\"@id\":\"https:\\\/\\\/roubloff-france.fr\\\/Roubloff\\\/produit\\\/1015-1-pinceau-rond-en-poils-de-martre-kolinsky\\\/#primaryimage\",\"url\":\"https:\\\/\\\/roubloff-france.fr\\\/Roubloff\\\/wp-content\\\/uploads\\\/2026\\\/02\\\/1-1015_1-1.jpg\",\"contentUrl\":\"https:\\\/\\\/roubloff-france.fr\\\/Roubloff\\\/wp-content\\\/uploads\\\/2026\\\/02\\\/1-1015_1-1.jpg\",\"width\":900,\"height\":1000},{\"@type\":\"BreadcrumbList\",\"@id\":\"https:\\\/\\\/roubloff-france.fr\\\/Roubloff\\\/produit\\\/1015-1-pinceau-rond-en-poils-de-martre-kolinsky\\\/#breadcrumb\",\"itemListElement\":[{\"@type\":\"ListItem\",\"position\":1,\"name\":\"Accueil\",\"item\":\"https:\\\/\\\/roubloff-france.fr\\\/Roubloff\\\/\"},{\"@type\":\"ListItem\",\"position\":2,\"name\":\"Les pinceaux Roubloff \u00a9 :\",\"item\":\"https:\\\/\\\/roubloff-france.fr\\\/Roubloff\\\/\"},{\"@type\":\"ListItem\",\"position\":3,\"name\":\"1015-1 Pinceau rond en poils de martre Kolinsky\"}]},{\"@type\":\"WebSite\",\"@id\":\"https:\\\/\\\/roubloff-france.fr\\\/Roubloff\\\/#website\",\"url\":\"https:\\\/\\\/roubloff-france.fr\\\/Roubloff\\\/\",\"name\":\"Roubloff France - pinceaux d'art\",\"description\":\"Les pinceaux d&#039;art pour les artistes, \u00e9coles d&#039;art, revendeurs\",\"publisher\":{\"@id\":\"https:\\\/\\\/roubloff-france.fr\\\/Roubloff\\\/#organization\"},\"potentialAction\":[{\"@type\":\"SearchAction\",\"target\":{\"@type\":\"EntryPoint\",\"urlTemplate\":\"https:\\\/\\\/roubloff-france.fr\\\/Roubloff\\\/?s={search_term_string}\"},\"query-input\":{\"@type\":\"PropertyValueSpecification\",\"valueRequired\":true,\"valueName\":\"search_term_string\"}}],\"inLanguage\":\"fr-FR\"},{\"@type\":\"Organization\",\"@id\":\"https:\\\/\\\/roubloff-france.fr\\\/Roubloff\\\/#organization\",\"name\":\"Roubloff France - pinceaux d'art\",\"url\":\"https:\\\/\\\/roubloff-france.fr\\\/Roubloff\\\/\",\"logo\":{\"@type\":\"ImageObject\",\"inLanguage\":\"fr-FR\",\"@id\":\"https:\\\/\\\/roubloff-france.fr\\\/Roubloff\\\/#\\\/schema\\\/logo\\\/image\\\/\",\"url\":\"https:\\\/\\\/roubloff-france.fr\\\/Roubloff\\\/wp-content\\\/uploads\\\/2022\\\/01\\\/cropped-Logo-Roubloff-Rouge-avec-filet-blanc-250-p.png\",\"contentUrl\":\"https:\\\/\\\/roubloff-france.fr\\\/Roubloff\\\/wp-content\\\/uploads\\\/2022\\\/01\\\/cropped-Logo-Roubloff-Rouge-avec-filet-blanc-250-p.png\",\"width\":261,\"height\":57,\"caption\":\"Roubloff France - pinceaux d'art\"},\"image\":{\"@id\":\"https:\\\/\\\/roubloff-france.fr\\\/Roubloff\\\/#\\\/schema\\\/logo\\\/image\\\/\"},\"sameAs\":[\"https:\\\/\\\/www.instagram.com\\\/roubloff_france\\\/\"]}]}<\/script>\n<!-- \/ Yoast SEO plugin. -->","yoast_head_json":{"title":"1015-1 Pinceau rond en poils de martre Kolinsky - Roubloff France - pinceaux d&#039;art","description":"Pinceau rond en poils naturels Kolinsky de qualit\u00e9 sup\u00e9rieure.La souplesse et l\u2019\u00e9lasticit\u00e9 des poils offrent un contr\u00f4le pr\u00e9cis du flux de peinture et de la forme du trait.Id\u00e9al pour l\u2019aquarelle, la gouache et la peinture \u00e0 l\u2019huile.Le manche \u00e9l\u00e9gant, verni et r\u00e9sistant aux m\u00e9diums agressifs, assure une prise en main confortable.Con\u00e7u pour de longues sessions cr\u00e9atives, il est parfait pour la peinture miniature et botanique.","robots":{"index":"index","follow":"follow","max-snippet":"max-snippet:-1","max-image-preview":"max-image-preview:large","max-video-preview":"max-video-preview:-1"},"canonical":"https:\/\/roubloff-france.fr\/Roubloff\/produit\/1015-1-pinceau-rond-en-poils-de-martre-kolinsky\/","og_locale":"fr_FR","og_type":"article","og_title":"1015-1 Pinceau rond en poils de martre Kolinsky - Roubloff France - pinceaux d&#039;art","og_description":"Pinceau rond en poils naturels Kolinsky de qualit\u00e9 sup\u00e9rieure.La souplesse et l\u2019\u00e9lasticit\u00e9 des poils offrent un contr\u00f4le pr\u00e9cis du flux de peinture et de la forme du trait.Id\u00e9al pour l\u2019aquarelle, la gouache et la peinture \u00e0 l\u2019huile.Le manche \u00e9l\u00e9gant, verni et r\u00e9sistant aux m\u00e9diums agressifs, assure une prise en main confortable.Con\u00e7u pour de longues sessions cr\u00e9atives, il est parfait pour la peinture miniature et botanique.","og_url":"https:\/\/roubloff-france.fr\/Roubloff\/produit\/1015-1-pinceau-rond-en-poils-de-martre-kolinsky\/","og_site_name":"Roubloff France - pinceaux d&#039;art","article_publisher":"https:\/\/www.instagram.com\/roubloff_france\/","article_modified_time":"2026-03-17T20:17:05+00:00","og_image":[{"width":900,"height":1000,"url":"http:\/\/roubloff-france.fr\/Roubloff\/wp-content\/uploads\/2026\/02\/1-1015_1-1.jpg","type":"image\/jpeg"}],"twitter_card":"summary_large_image","twitter_misc":{"Dur\u00e9e de lecture estim\u00e9e":"1 minute"},"schema":{"@context":"https:\/\/schema.org","@graph":[{"@type":"WebPage","@id":"https:\/\/roubloff-france.fr\/Roubloff\/produit\/1015-1-pinceau-rond-en-poils-de-martre-kolinsky\/","url":"https:\/\/roubloff-france.fr\/Roubloff\/produit\/1015-1-pinceau-rond-en-poils-de-martre-kolinsky\/","name":"1015-1 Pinceau rond en poils de martre Kolinsky - Roubloff France - pinceaux d&#039;art","isPartOf":{"@id":"https:\/\/roubloff-france.fr\/Roubloff\/#website"},"primaryImageOfPage":{"@id":"https:\/\/roubloff-france.fr\/Roubloff\/produit\/1015-1-pinceau-rond-en-poils-de-martre-kolinsky\/#primaryimage"},"image":{"@id":"https:\/\/roubloff-france.fr\/Roubloff\/produit\/1015-1-pinceau-rond-en-poils-de-martre-kolinsky\/#primaryimage"},"thumbnailUrl":"https:\/\/roubloff-france.fr\/Roubloff\/wp-content\/uploads\/2026\/02\/1-1015_1-1.jpg","datePublished":"2026-02-18T20:10:23+00:00","dateModified":"2026-03-17T20:17:05+00:00","description":"Pinceau rond en poils naturels Kolinsky de qualit\u00e9 sup\u00e9rieure.La souplesse et l\u2019\u00e9lasticit\u00e9 des poils offrent un contr\u00f4le pr\u00e9cis du flux de peinture et de la forme du trait.Id\u00e9al pour l\u2019aquarelle, la gouache et la peinture \u00e0 l\u2019huile.Le manche \u00e9l\u00e9gant, verni et r\u00e9sistant aux m\u00e9diums agressifs, assure une prise en main confortable.Con\u00e7u pour de longues sessions cr\u00e9atives, il est parfait pour la peinture miniature et botanique.","breadcrumb":{"@id":"https:\/\/roubloff-france.fr\/Roubloff\/produit\/1015-1-pinceau-rond-en-poils-de-martre-kolinsky\/#breadcrumb"},"inLanguage":"fr-FR","potentialAction":[{"@type":"ReadAction","target":["https:\/\/roubloff-france.fr\/Roubloff\/produit\/1015-1-pinceau-rond-en-poils-de-martre-kolinsky\/"]}]},{"@type":"ImageObject","inLanguage":"fr-FR","@id":"https:\/\/roubloff-france.fr\/Roubloff\/produit\/1015-1-pinceau-rond-en-poils-de-martre-kolinsky\/#primaryimage","url":"https:\/\/roubloff-france.fr\/Roubloff\/wp-content\/uploads\/2026\/02\/1-1015_1-1.jpg","contentUrl":"https:\/\/roubloff-france.fr\/Roubloff\/wp-content\/uploads\/2026\/02\/1-1015_1-1.jpg","width":900,"height":1000},{"@type":"BreadcrumbList","@id":"https:\/\/roubloff-france.fr\/Roubloff\/produit\/1015-1-pinceau-rond-en-poils-de-martre-kolinsky\/#breadcrumb","itemListElement":[{"@type":"ListItem","position":1,"name":"Accueil","item":"https:\/\/roubloff-france.fr\/Roubloff\/"},{"@type":"ListItem","position":2,"name":"Les pinceaux Roubloff \u00a9 :","item":"https:\/\/roubloff-france.fr\/Roubloff\/"},{"@type":"ListItem","position":3,"name":"1015-1 Pinceau rond en poils de martre Kolinsky"}]},{"@type":"WebSite","@id":"https:\/\/roubloff-france.fr\/Roubloff\/#website","url":"https:\/\/roubloff-france.fr\/Roubloff\/","name":"Roubloff France - pinceaux d'art","description":"Les pinceaux d&#039;art pour les artistes, \u00e9coles d&#039;art, revendeurs","publisher":{"@id":"https:\/\/roubloff-france.fr\/Roubloff\/#organization"},"potentialAction":[{"@type":"SearchAction","target":{"@type":"EntryPoint","urlTemplate":"https:\/\/roubloff-france.fr\/Roubloff\/?s={search_term_string}"},"query-input":{"@type":"PropertyValueSpecification","valueRequired":true,"valueName":"search_term_string"}}],"inLanguage":"fr-FR"},{"@type":"Organization","@id":"https:\/\/roubloff-france.fr\/Roubloff\/#organization","name":"Roubloff France - pinceaux d'art","url":"https:\/\/roubloff-france.fr\/Roubloff\/","logo":{"@type":"ImageObject","inLanguage":"fr-FR","@id":"https:\/\/roubloff-france.fr\/Roubloff\/#\/schema\/logo\/image\/","url":"https:\/\/roubloff-france.fr\/Roubloff\/wp-content\/uploads\/2022\/01\/cropped-Logo-Roubloff-Rouge-avec-filet-blanc-250-p.png","contentUrl":"https:\/\/roubloff-france.fr\/Roubloff\/wp-content\/uploads\/2022\/01\/cropped-Logo-Roubloff-Rouge-avec-filet-blanc-250-p.png","width":261,"height":57,"caption":"Roubloff France - pinceaux d'art"},"image":{"@id":"https:\/\/roubloff-france.fr\/Roubloff\/#\/schema\/logo\/image\/"},"sameAs":["https:\/\/www.instagram.com\/roubloff_france\/"]}]}},"_links":{"self":[{"href":"https:\/\/roubloff-france.fr\/Roubloff\/wp-json\/wp\/v2\/product\/1270","targetHints":{"allow":["GET"]}}],"collection":[{"href":"https:\/\/roubloff-france.fr\/Roubloff\/wp-json\/wp\/v2\/product"}],"about":[{"href":"https:\/\/roubloff-france.fr\/Roubloff\/wp-json\/wp\/v2\/types\/product"}],"wp:featuredmedia":[{"embeddable":true,"href":"https:\/\/roubloff-france.fr\/Roubloff\/wp-json\/wp\/v2\/media\/1264"}],"wp:attachment":[{"href":"https:\/\/roubloff-france.fr\/Roubloff\/wp-json\/wp\/v2\/media?parent=1270"}],"wp:term":[{"taxonomy":"product_brand","embeddable":true,"href":"https:\/\/roubloff-france.fr\/Roubloff\/wp-json\/wp\/v2\/product_brand?post=1270"},{"taxonomy":"product_cat","embeddable":true,"href":"https:\/\/roubloff-france.fr\/Roubloff\/wp-json\/wp\/v2\/product_cat?post=1270"},{"taxonomy":"product_tag","embeddable":true,"href":"https:\/\/roubloff-france.fr\/Roubloff\/wp-json\/wp\/v2\/product_tag?post=1270"}],"curies":[{"name":"wp","href":"https:\/\/api.w.org\/{rel}","templated":true}]}}