{"id":126,"date":"2021-03-20T18:44:13","date_gmt":"2021-03-20T17:44:13","guid":{"rendered":"https:\/\/roubloff-france.fr\/Roubloff\/?post_type=product&#038;p=126"},"modified":"2026-03-07T21:50:20","modified_gmt":"2026-03-07T20:50:20","slug":"roubloff-en-soie-de-porc-synthetique-serie-blur-10","status":"publish","type":"product","link":"https:\/\/roubloff-france.fr\/Roubloff\/produit\/roubloff-en-soie-de-porc-synthetique-serie-blur-10\/","title":{"rendered":"Blur-10 Roubloff en Soie de porc synth\u00e9tique"},"content":{"rendered":"<h3>Pinceau en soie de porc synth\u00e9tique blanche et rouge cerise, fibres douces, taille n\u00b0 5 ou n\u00b0 10 avec un manche noir mat plus long et une virole argent<\/h3>\n<p>Pinceau en \u00e9ventail sp\u00e9cial pour de magnifiques effets d&rsquo;aquarelle tels qu&rsquo;un d\u00e9grad\u00e9 lisse, des \u00e9claboussures expressives et des empreintes.<br \/>\nLes synth\u00e9tiques blancs minces retiennent parfaitement l&rsquo;eau, tandis que les synth\u00e9tiques cerises rigides conservent la forme d&rsquo;origine et offrent un ombrage id\u00e9al.<br \/>\nLa longue poign\u00e9e mat antid\u00e9rapante est solidement fix\u00e9e aux cheveux avec une virole en laiton chrom\u00e9.<\/p>\n<ul>\n<li>Application : acrylique, aquarelle, gouache, huile<\/li>\n<li>Poils : M\u00e9lange<\/li>\n<li>Type de poils : Synth\u00e9tique blanc + cerise<\/li>\n<li>Virole : argent (laiton chrom\u00e9)<\/li>\n<li>Forme de t\u00eate de brosse : ventilateur<\/li>\n<li>Longueur du manche : long<\/li>\n<li>Tailles :\u00a05, 10<\/li>\n<\/ul>\n<p>Avantages :<\/p>\n<ul>\n<li style=\"list-style-type: none;\">\n<ul>\n<li>Mat\u00e9riaux de haute qualit\u00e9<\/li>\n<li>Manche en bouleau l\u00e9ger<\/li>\n<li>Produit original<\/li>\n<\/ul>\n<\/li>\n<\/ul>\n<p>Pour en savoir plus : <a href=\"https:\/\/roubloff.ru\/en\/catalog\/artbrushes\/blur\/\" target=\"_blank\" rel=\"noopener noreferrer\">https:\/\/roubloff.ru\/en\/catalog\/artbrushes\/blur\/<\/a><\/p>\n<pre>Vid\u00e9o en langue russe uniquement pour l'instant !<\/pre>\n<p><iframe loading=\"lazy\" src=\"https:\/\/www.youtube.com\/embed\/TS8oW6_60xM\" width=\"560\" height=\"315\" frameborder=\"0\" allowfullscreen=\"allowfullscreen\" data-mce-fragment=\"1\"><\/iframe><\/p>\n<p>&nbsp;<\/p>\n<p>&nbsp;<\/p>\n","protected":false},"excerpt":{"rendered":"<h3><strong>Pinceau en soie de porc synth\u00e9tique blanche et rouge cerise, fibres douces, taille n\u00b0 5 ou n\u00b0 10 avec un manche noir mat plus long et une virole argent<\/strong><\/h3>\n","protected":false},"featured_media":144,"template":"","meta":[],"product_brand":[],"product_cat":[167,16],"product_tag":[78,79,80,81,82],"class_list":{"0":"post-126","1":"product","2":"type-product","3":"status-publish","4":"has-post-thumbnail","6":"product_cat-blur","7":"product_cat-les-pinceaux-dart-roubloff","8":"product_tag-blur","9":"product_tag-blur-10","10":"product_tag-blur-5","11":"product_tag-soie-de-porc","12":"product_tag-soie-de-porc-synthetique","14":"first","15":"outofstock","16":"taxable","17":"shipping-taxable","18":"purchasable","19":"product-type-simple"},"yoast_head":"<!-- This site is optimized with the Yoast SEO plugin v27.4 - https:\/\/yoast.com\/product\/yoast-seo-wordpress\/ -->\n<title>Blur-10 Roubloff en Soie de porc synth\u00e9tique - Roubloff France - pinceaux d&#039;art<\/title>\n<meta name=\"description\" content=\"Pinceau en soie de porc synth\u00e9tique blanche et rouge cerise, fibres douces, taille n\u00b0 5 avec un manche noir mat plus long et une virole argent Roubloff France - pinceaux d&#039;art\" \/>\n<meta name=\"robots\" content=\"index, follow, max-snippet:-1, max-image-preview:large, max-video-preview:-1\" \/>\n<link rel=\"canonical\" href=\"https:\/\/roubloff-france.fr\/Roubloff\/produit\/roubloff-en-soie-de-porc-synthetique-serie-blur-10\/\" \/>\n<meta property=\"og:locale\" content=\"fr_FR\" \/>\n<meta property=\"og:type\" content=\"article\" \/>\n<meta property=\"og:title\" content=\"Blur-10 Roubloff en Soie de porc synth\u00e9tique - Roubloff France - pinceaux d&#039;art\" \/>\n<meta property=\"og:description\" content=\"Pinceau en soie de porc synth\u00e9tique blanche et rouge cerise, fibres douces, taille n\u00b0 5 avec un manche noir mat plus long et une virole argent Roubloff France - pinceaux d&#039;art\" \/>\n<meta property=\"og:url\" content=\"https:\/\/roubloff-france.fr\/Roubloff\/produit\/roubloff-en-soie-de-porc-synthetique-serie-blur-10\/\" \/>\n<meta property=\"og:site_name\" content=\"Roubloff France - pinceaux d&#039;art\" \/>\n<meta property=\"article:publisher\" content=\"https:\/\/www.instagram.com\/roubloff_france\/\" \/>\n<meta property=\"article:modified_time\" content=\"2026-03-07T20:50:20+00:00\" \/>\n<meta property=\"og:image\" content=\"http:\/\/roubloff-france.fr\/Roubloff\/wp-content\/uploads\/2021\/03\/Blur-1.jpg\" \/>\n\t<meta property=\"og:image:width\" content=\"900\" \/>\n\t<meta property=\"og:image:height\" content=\"1000\" \/>\n\t<meta property=\"og:image:type\" content=\"image\/jpeg\" \/>\n<meta name=\"twitter:card\" content=\"summary_large_image\" \/>\n<meta name=\"twitter:label1\" content=\"Dur\u00e9e de lecture estim\u00e9e\" \/>\n\t<meta name=\"twitter:data1\" content=\"1 minute\" \/>\n<script type=\"application\/ld+json\" class=\"yoast-schema-graph\">{\"@context\":\"https:\\\/\\\/schema.org\",\"@graph\":[{\"@type\":\"WebPage\",\"@id\":\"https:\\\/\\\/roubloff-france.fr\\\/Roubloff\\\/produit\\\/roubloff-en-soie-de-porc-synthetique-serie-blur-10\\\/\",\"url\":\"https:\\\/\\\/roubloff-france.fr\\\/Roubloff\\\/produit\\\/roubloff-en-soie-de-porc-synthetique-serie-blur-10\\\/\",\"name\":\"Blur-10 Roubloff en Soie de porc synth\u00e9tique - Roubloff France - pinceaux d&#039;art\",\"isPartOf\":{\"@id\":\"https:\\\/\\\/roubloff-france.fr\\\/Roubloff\\\/#website\"},\"primaryImageOfPage\":{\"@id\":\"https:\\\/\\\/roubloff-france.fr\\\/Roubloff\\\/produit\\\/roubloff-en-soie-de-porc-synthetique-serie-blur-10\\\/#primaryimage\"},\"image\":{\"@id\":\"https:\\\/\\\/roubloff-france.fr\\\/Roubloff\\\/produit\\\/roubloff-en-soie-de-porc-synthetique-serie-blur-10\\\/#primaryimage\"},\"thumbnailUrl\":\"https:\\\/\\\/roubloff-france.fr\\\/Roubloff\\\/wp-content\\\/uploads\\\/2021\\\/03\\\/Blur-1.jpg\",\"datePublished\":\"2021-03-20T17:44:13+00:00\",\"dateModified\":\"2026-03-07T20:50:20+00:00\",\"description\":\"Pinceau en soie de porc synth\u00e9tique blanche et rouge cerise, fibres douces, taille n\u00b0 5 avec un manche noir mat plus long et une virole argent Roubloff France - pinceaux d&#039;art\",\"breadcrumb\":{\"@id\":\"https:\\\/\\\/roubloff-france.fr\\\/Roubloff\\\/produit\\\/roubloff-en-soie-de-porc-synthetique-serie-blur-10\\\/#breadcrumb\"},\"inLanguage\":\"fr-FR\",\"potentialAction\":[{\"@type\":\"ReadAction\",\"target\":[\"https:\\\/\\\/roubloff-france.fr\\\/Roubloff\\\/produit\\\/roubloff-en-soie-de-porc-synthetique-serie-blur-10\\\/\"]}]},{\"@type\":\"ImageObject\",\"inLanguage\":\"fr-FR\",\"@id\":\"https:\\\/\\\/roubloff-france.fr\\\/Roubloff\\\/produit\\\/roubloff-en-soie-de-porc-synthetique-serie-blur-10\\\/#primaryimage\",\"url\":\"https:\\\/\\\/roubloff-france.fr\\\/Roubloff\\\/wp-content\\\/uploads\\\/2021\\\/03\\\/Blur-1.jpg\",\"contentUrl\":\"https:\\\/\\\/roubloff-france.fr\\\/Roubloff\\\/wp-content\\\/uploads\\\/2021\\\/03\\\/Blur-1.jpg\",\"width\":900,\"height\":1000},{\"@type\":\"BreadcrumbList\",\"@id\":\"https:\\\/\\\/roubloff-france.fr\\\/Roubloff\\\/produit\\\/roubloff-en-soie-de-porc-synthetique-serie-blur-10\\\/#breadcrumb\",\"itemListElement\":[{\"@type\":\"ListItem\",\"position\":1,\"name\":\"Accueil\",\"item\":\"https:\\\/\\\/roubloff-france.fr\\\/Roubloff\\\/\"},{\"@type\":\"ListItem\",\"position\":2,\"name\":\"Les pinceaux Roubloff \u00a9 :\",\"item\":\"https:\\\/\\\/roubloff-france.fr\\\/Roubloff\\\/\"},{\"@type\":\"ListItem\",\"position\":3,\"name\":\"Blur-10 Roubloff en Soie de porc synth\u00e9tique\"}]},{\"@type\":\"WebSite\",\"@id\":\"https:\\\/\\\/roubloff-france.fr\\\/Roubloff\\\/#website\",\"url\":\"https:\\\/\\\/roubloff-france.fr\\\/Roubloff\\\/\",\"name\":\"Roubloff France - pinceaux d'art\",\"description\":\"Les pinceaux d&#039;art pour les artistes, \u00e9coles d&#039;art, revendeurs\",\"publisher\":{\"@id\":\"https:\\\/\\\/roubloff-france.fr\\\/Roubloff\\\/#organization\"},\"potentialAction\":[{\"@type\":\"SearchAction\",\"target\":{\"@type\":\"EntryPoint\",\"urlTemplate\":\"https:\\\/\\\/roubloff-france.fr\\\/Roubloff\\\/?s={search_term_string}\"},\"query-input\":{\"@type\":\"PropertyValueSpecification\",\"valueRequired\":true,\"valueName\":\"search_term_string\"}}],\"inLanguage\":\"fr-FR\"},{\"@type\":\"Organization\",\"@id\":\"https:\\\/\\\/roubloff-france.fr\\\/Roubloff\\\/#organization\",\"name\":\"Roubloff France - pinceaux d'art\",\"url\":\"https:\\\/\\\/roubloff-france.fr\\\/Roubloff\\\/\",\"logo\":{\"@type\":\"ImageObject\",\"inLanguage\":\"fr-FR\",\"@id\":\"https:\\\/\\\/roubloff-france.fr\\\/Roubloff\\\/#\\\/schema\\\/logo\\\/image\\\/\",\"url\":\"https:\\\/\\\/roubloff-france.fr\\\/Roubloff\\\/wp-content\\\/uploads\\\/2022\\\/01\\\/cropped-Logo-Roubloff-Rouge-avec-filet-blanc-250-p.png\",\"contentUrl\":\"https:\\\/\\\/roubloff-france.fr\\\/Roubloff\\\/wp-content\\\/uploads\\\/2022\\\/01\\\/cropped-Logo-Roubloff-Rouge-avec-filet-blanc-250-p.png\",\"width\":261,\"height\":57,\"caption\":\"Roubloff France - pinceaux d'art\"},\"image\":{\"@id\":\"https:\\\/\\\/roubloff-france.fr\\\/Roubloff\\\/#\\\/schema\\\/logo\\\/image\\\/\"},\"sameAs\":[\"https:\\\/\\\/www.instagram.com\\\/roubloff_france\\\/\"]}]}<\/script>\n<!-- \/ Yoast SEO plugin. -->","yoast_head_json":{"title":"Blur-10 Roubloff en Soie de porc synth\u00e9tique - Roubloff France - pinceaux d&#039;art","description":"Pinceau en soie de porc synth\u00e9tique blanche et rouge cerise, fibres douces, taille n\u00b0 5 avec un manche noir mat plus long et une virole argent Roubloff France - pinceaux d&#039;art","robots":{"index":"index","follow":"follow","max-snippet":"max-snippet:-1","max-image-preview":"max-image-preview:large","max-video-preview":"max-video-preview:-1"},"canonical":"https:\/\/roubloff-france.fr\/Roubloff\/produit\/roubloff-en-soie-de-porc-synthetique-serie-blur-10\/","og_locale":"fr_FR","og_type":"article","og_title":"Blur-10 Roubloff en Soie de porc synth\u00e9tique - Roubloff France - pinceaux d&#039;art","og_description":"Pinceau en soie de porc synth\u00e9tique blanche et rouge cerise, fibres douces, taille n\u00b0 5 avec un manche noir mat plus long et une virole argent Roubloff France - pinceaux d&#039;art","og_url":"https:\/\/roubloff-france.fr\/Roubloff\/produit\/roubloff-en-soie-de-porc-synthetique-serie-blur-10\/","og_site_name":"Roubloff France - pinceaux d&#039;art","article_publisher":"https:\/\/www.instagram.com\/roubloff_france\/","article_modified_time":"2026-03-07T20:50:20+00:00","og_image":[{"width":900,"height":1000,"url":"http:\/\/roubloff-france.fr\/Roubloff\/wp-content\/uploads\/2021\/03\/Blur-1.jpg","type":"image\/jpeg"}],"twitter_card":"summary_large_image","twitter_misc":{"Dur\u00e9e de lecture estim\u00e9e":"1 minute"},"schema":{"@context":"https:\/\/schema.org","@graph":[{"@type":"WebPage","@id":"https:\/\/roubloff-france.fr\/Roubloff\/produit\/roubloff-en-soie-de-porc-synthetique-serie-blur-10\/","url":"https:\/\/roubloff-france.fr\/Roubloff\/produit\/roubloff-en-soie-de-porc-synthetique-serie-blur-10\/","name":"Blur-10 Roubloff en Soie de porc synth\u00e9tique - Roubloff France - pinceaux d&#039;art","isPartOf":{"@id":"https:\/\/roubloff-france.fr\/Roubloff\/#website"},"primaryImageOfPage":{"@id":"https:\/\/roubloff-france.fr\/Roubloff\/produit\/roubloff-en-soie-de-porc-synthetique-serie-blur-10\/#primaryimage"},"image":{"@id":"https:\/\/roubloff-france.fr\/Roubloff\/produit\/roubloff-en-soie-de-porc-synthetique-serie-blur-10\/#primaryimage"},"thumbnailUrl":"https:\/\/roubloff-france.fr\/Roubloff\/wp-content\/uploads\/2021\/03\/Blur-1.jpg","datePublished":"2021-03-20T17:44:13+00:00","dateModified":"2026-03-07T20:50:20+00:00","description":"Pinceau en soie de porc synth\u00e9tique blanche et rouge cerise, fibres douces, taille n\u00b0 5 avec un manche noir mat plus long et une virole argent Roubloff France - pinceaux d&#039;art","breadcrumb":{"@id":"https:\/\/roubloff-france.fr\/Roubloff\/produit\/roubloff-en-soie-de-porc-synthetique-serie-blur-10\/#breadcrumb"},"inLanguage":"fr-FR","potentialAction":[{"@type":"ReadAction","target":["https:\/\/roubloff-france.fr\/Roubloff\/produit\/roubloff-en-soie-de-porc-synthetique-serie-blur-10\/"]}]},{"@type":"ImageObject","inLanguage":"fr-FR","@id":"https:\/\/roubloff-france.fr\/Roubloff\/produit\/roubloff-en-soie-de-porc-synthetique-serie-blur-10\/#primaryimage","url":"https:\/\/roubloff-france.fr\/Roubloff\/wp-content\/uploads\/2021\/03\/Blur-1.jpg","contentUrl":"https:\/\/roubloff-france.fr\/Roubloff\/wp-content\/uploads\/2021\/03\/Blur-1.jpg","width":900,"height":1000},{"@type":"BreadcrumbList","@id":"https:\/\/roubloff-france.fr\/Roubloff\/produit\/roubloff-en-soie-de-porc-synthetique-serie-blur-10\/#breadcrumb","itemListElement":[{"@type":"ListItem","position":1,"name":"Accueil","item":"https:\/\/roubloff-france.fr\/Roubloff\/"},{"@type":"ListItem","position":2,"name":"Les pinceaux Roubloff \u00a9 :","item":"https:\/\/roubloff-france.fr\/Roubloff\/"},{"@type":"ListItem","position":3,"name":"Blur-10 Roubloff en Soie de porc synth\u00e9tique"}]},{"@type":"WebSite","@id":"https:\/\/roubloff-france.fr\/Roubloff\/#website","url":"https:\/\/roubloff-france.fr\/Roubloff\/","name":"Roubloff France - pinceaux d'art","description":"Les pinceaux d&#039;art pour les artistes, \u00e9coles d&#039;art, revendeurs","publisher":{"@id":"https:\/\/roubloff-france.fr\/Roubloff\/#organization"},"potentialAction":[{"@type":"SearchAction","target":{"@type":"EntryPoint","urlTemplate":"https:\/\/roubloff-france.fr\/Roubloff\/?s={search_term_string}"},"query-input":{"@type":"PropertyValueSpecification","valueRequired":true,"valueName":"search_term_string"}}],"inLanguage":"fr-FR"},{"@type":"Organization","@id":"https:\/\/roubloff-france.fr\/Roubloff\/#organization","name":"Roubloff France - pinceaux d'art","url":"https:\/\/roubloff-france.fr\/Roubloff\/","logo":{"@type":"ImageObject","inLanguage":"fr-FR","@id":"https:\/\/roubloff-france.fr\/Roubloff\/#\/schema\/logo\/image\/","url":"https:\/\/roubloff-france.fr\/Roubloff\/wp-content\/uploads\/2022\/01\/cropped-Logo-Roubloff-Rouge-avec-filet-blanc-250-p.png","contentUrl":"https:\/\/roubloff-france.fr\/Roubloff\/wp-content\/uploads\/2022\/01\/cropped-Logo-Roubloff-Rouge-avec-filet-blanc-250-p.png","width":261,"height":57,"caption":"Roubloff France - pinceaux d'art"},"image":{"@id":"https:\/\/roubloff-france.fr\/Roubloff\/#\/schema\/logo\/image\/"},"sameAs":["https:\/\/www.instagram.com\/roubloff_france\/"]}]}},"_links":{"self":[{"href":"https:\/\/roubloff-france.fr\/Roubloff\/wp-json\/wp\/v2\/product\/126","targetHints":{"allow":["GET"]}}],"collection":[{"href":"https:\/\/roubloff-france.fr\/Roubloff\/wp-json\/wp\/v2\/product"}],"about":[{"href":"https:\/\/roubloff-france.fr\/Roubloff\/wp-json\/wp\/v2\/types\/product"}],"wp:featuredmedia":[{"embeddable":true,"href":"https:\/\/roubloff-france.fr\/Roubloff\/wp-json\/wp\/v2\/media\/144"}],"wp:attachment":[{"href":"https:\/\/roubloff-france.fr\/Roubloff\/wp-json\/wp\/v2\/media?parent=126"}],"wp:term":[{"taxonomy":"product_brand","embeddable":true,"href":"https:\/\/roubloff-france.fr\/Roubloff\/wp-json\/wp\/v2\/product_brand?post=126"},{"taxonomy":"product_cat","embeddable":true,"href":"https:\/\/roubloff-france.fr\/Roubloff\/wp-json\/wp\/v2\/product_cat?post=126"},{"taxonomy":"product_tag","embeddable":true,"href":"https:\/\/roubloff-france.fr\/Roubloff\/wp-json\/wp\/v2\/product_tag?post=126"}],"curies":[{"name":"wp","href":"https:\/\/api.w.org\/{rel}","templated":true}]}}