{"id":124,"date":"2021-03-20T18:44:13","date_gmt":"2021-03-20T17:44:13","guid":{"rendered":"https:\/\/roubloff-france.fr\/Roubloff\/?post_type=product&#038;p=124"},"modified":"2026-04-08T23:00:29","modified_gmt":"2026-04-08T21:00:29","slug":"aqua-white-round-7","status":"publish","type":"product","link":"https:\/\/roubloff-france.fr\/Roubloff\/produit\/aqua-white-round-7\/","title":{"rendered":"Aqua White round &#8211; 7"},"content":{"rendered":"<h3>Pinceau Roubloff \u00ab\u00a0Aqua White round\u00a0\u00bb en poils synth\u00e9tiques blancs, de forme ronde de 7 mm avec un long manche blanc et une virole \u00ab\u00a0Soft touch\u00a0\u00bb toucher doux.<\/h3>\n<p class=\"p1\">Comme une baguette magique, ce pinceau innovant en poils synth\u00e9tiques r\u00e9sistants peut remplacer plusieurs pinceaux de tailles vari\u00e9es \u00e0 la fois. Il peut prendre une forme pointue, ronde et presque plate. Il est id\u00e9al pour le brossage \u00e0 sec, les glacis, la cr\u00e9ation de textures et les d\u00e9tails fins. Le pinceau n\u2019absorbe pas trop d\u2019eau et la lib\u00e8re progressivement. Il fonctionne bien avec les peintures aquarelles et acryliques.<\/p>\n<p><iframe loading=\"lazy\" title=\"\u041a\u0438\u0441\u0442\u044c Roubloff Aqua White\" width=\"980\" height=\"551\" src=\"https:\/\/www.youtube.com\/embed\/39a_343LdT8?feature=oembed\" frameborder=\"0\" allow=\"accelerometer; autoplay; clipboard-write; encrypted-media; gyroscope; picture-in-picture; web-share\" referrerpolicy=\"strict-origin-when-cross-origin\" allowfullscreen><\/iframe><\/p>\n<p>Voir la d\u00e9mo sur <a href=\"https:\/\/youtu.be\/39a_343LdT8\" target=\"_blank\" rel=\"noopener\">https:\/\/youtu.be\/39a_343LdT8<\/a><\/p>\n<p>Les synth\u00e9tiques japonaises innovantes nous ont inspir\u00e9 pour cr\u00e9er une nouvelle baguette magique &#8211; un pinceau qui peut remplacer de nombreux pinceaux de diff\u00e9rentes tailles \u00e0 la fois. Il peut \u00eatre transform\u00e9 en n&rsquo;importe quelle forme: ronde pointue ou presque plate; et ex\u00e9cutez diff\u00e9rentes techniques: pinceau sec, travail d\u00e9taill\u00e9, coups imprudents.<\/p>\n<p>L&rsquo;avantage suppl\u00e9mentaire de la brosse est ses poils transparents qui donnent plus de contr\u00f4le. Il n&rsquo;absorbe pas trop d&rsquo;eau et la restitue progressivement sur le papier. Le pinceau conviendrait \u00e0 la fois \u00e0 l&rsquo;aquarelle et \u00e0 l&rsquo;acrylique.<\/p>\n<p>La poign\u00e9e au toucher doux rend le travail si confortable avec la brosse que vous ne la l\u00e2cherez plus.<\/p>\n<ul>\n<li>Type : Pinceaux d&rsquo;art<\/li>\n<li>Application : Aquarelle, Aqua<\/li>\n<li>Poils : synth\u00e9tique<\/li>\n<li>Type de poils : synth\u00e9tique blanc neige<\/li>\n<li>Rigidit\u00e9 : 1<\/li>\n<li>Virole : toucher doux<\/li>\n<li>Forme de la t\u00eate de brosse : ronde<\/li>\n<li>Longueur de la poign\u00e9e : plus longue<\/li>\n<li>Tailles : 7<\/li>\n<\/ul>\n<hr \/>\n<h3>Aqua White round:\u00a0Brush Roubloff aqua snow-white synthetic\/ round 7\/ longer white handle\/ soft-touch ferrule<\/h3>\n<p>Innovative Japanese synthetics inspired us to create a new magic wand \u2013 a brush which can replace many brushes of various sizes at once. It can be transformed to any shape: round pointed or almost flat; and perform different techniques: dry brush, detailed work, reckless strokes.<\/p>\n<p>Additional benefit of the brush is its transparent hair what gives more control. It doesn\u2019t absorb too much water and gradually gives it back on the paper. The brush would be suitable for both watercolor and acrylics.<\/p>\n<p>Soft-touch handle makes it so comfortable to work with the brush that you won\u2019t let it out of hand.<\/p>\n<ul>\n<li>Type: Art brushes<\/li>\n<li>Application: Watercolor, Aqua<\/li>\n<li>Hair: Synthetic<\/li>\n<li>Hair type: Snow-white synthetic<\/li>\n<li>Stiffness: 1<\/li>\n<li>Ferrule: Soft touch<\/li>\n<li>Brush head shape: Round<\/li>\n<li>Handle length: Longer<\/li>\n<li>Sizes: 7<\/li>\n<\/ul>\n","protected":false},"excerpt":{"rendered":"<h3>Pinceau Roubloff \u00ab\u00a0Aqua White round\u00a0\u00bb en poils synth\u00e9tiques blancs, de forme ronde de 7 mm avec un long manche blanc et une virole \u00ab\u00a0Soft touch\u00a0\u00bb toucher doux.<\/h3>\n","protected":false},"featured_media":158,"template":"","meta":[],"product_brand":[319],"product_cat":[254,255],"product_tag":[256,103,104,105,106,107],"class_list":{"0":"post-124","1":"product","2":"type-product","3":"status-publish","4":"has-post-thumbnail","6":"product_brand-roubloff","7":"product_cat-aqua-aqua-blue-aqua-black-aqua-white-aqua-red-aqua-wide-flat","8":"product_cat-aqua-white-round-aqua-aqua-blue-aqua-black-aqua-white-aqua-red-aqua-wide-flat","9":"product_tag-aqua","10":"product_tag-aqua-white-round","11":"product_tag-aquarelle","12":"product_tag-synthetic","13":"product_tag-synthetique","14":"product_tag-watercolor","16":"first","17":"instock","18":"taxable","19":"shipping-taxable","20":"purchasable","21":"product-type-simple"},"yoast_head":"<!-- This site is optimized with the Yoast SEO plugin v27.4 - https:\/\/yoast.com\/product\/yoast-seo-wordpress\/ -->\n<title>Aqua White round - 7 - Roubloff France - pinceaux d&#039;art<\/title>\n<meta name=\"description\" content=\"Le Pinceau Roubloff \u00ab\u00a0Aqua White round\u00a0\u00bb est en poils synth\u00e9tiques blancs, de forme ronde de 7 mm avec un long manche blanc et une virole \u00ab\u00a0Soft touch\u00a0\u00bb\" \/>\n<meta name=\"robots\" content=\"index, follow, max-snippet:-1, max-image-preview:large, max-video-preview:-1\" \/>\n<link rel=\"canonical\" href=\"https:\/\/roubloff-france.fr\/Roubloff\/produit\/aqua-white-round-7\/\" \/>\n<meta property=\"og:locale\" content=\"fr_FR\" \/>\n<meta property=\"og:type\" content=\"article\" \/>\n<meta property=\"og:title\" content=\"Aqua White round - 7 - Roubloff France - pinceaux d&#039;art\" \/>\n<meta property=\"og:description\" content=\"Le Pinceau Roubloff \u00ab\u00a0Aqua White round\u00a0\u00bb est en poils synth\u00e9tiques blancs, de forme ronde de 7 mm avec un long manche blanc et une virole \u00ab\u00a0Soft touch\u00a0\u00bb\" \/>\n<meta property=\"og:url\" content=\"https:\/\/roubloff-france.fr\/Roubloff\/produit\/aqua-white-round-7\/\" \/>\n<meta property=\"og:site_name\" content=\"Roubloff France - pinceaux d&#039;art\" \/>\n<meta property=\"article:publisher\" content=\"https:\/\/www.instagram.com\/roubloff_france\/\" \/>\n<meta property=\"article:modified_time\" content=\"2026-04-08T21:00:29+00:00\" \/>\n<meta property=\"og:image\" content=\"http:\/\/roubloff-france.fr\/Roubloff\/wp-content\/uploads\/2021\/03\/Aqua-White-round-1.jpg\" \/>\n\t<meta property=\"og:image:width\" content=\"900\" \/>\n\t<meta property=\"og:image:height\" content=\"1000\" \/>\n\t<meta property=\"og:image:type\" content=\"image\/jpeg\" \/>\n<meta name=\"twitter:card\" content=\"summary_large_image\" \/>\n<meta name=\"twitter:label1\" content=\"Dur\u00e9e de lecture estim\u00e9e\" \/>\n\t<meta name=\"twitter:data1\" content=\"3 minutes\" \/>\n<script type=\"application\/ld+json\" class=\"yoast-schema-graph\">{\"@context\":\"https:\\\/\\\/schema.org\",\"@graph\":[{\"@type\":\"WebPage\",\"@id\":\"https:\\\/\\\/roubloff-france.fr\\\/Roubloff\\\/produit\\\/aqua-white-round-7\\\/\",\"url\":\"https:\\\/\\\/roubloff-france.fr\\\/Roubloff\\\/produit\\\/aqua-white-round-7\\\/\",\"name\":\"Aqua White round - 7 - Roubloff France - pinceaux d&#039;art\",\"isPartOf\":{\"@id\":\"https:\\\/\\\/roubloff-france.fr\\\/Roubloff\\\/#website\"},\"primaryImageOfPage\":{\"@id\":\"https:\\\/\\\/roubloff-france.fr\\\/Roubloff\\\/produit\\\/aqua-white-round-7\\\/#primaryimage\"},\"image\":{\"@id\":\"https:\\\/\\\/roubloff-france.fr\\\/Roubloff\\\/produit\\\/aqua-white-round-7\\\/#primaryimage\"},\"thumbnailUrl\":\"https:\\\/\\\/roubloff-france.fr\\\/Roubloff\\\/wp-content\\\/uploads\\\/2021\\\/03\\\/Aqua-White-round-1.jpg\",\"datePublished\":\"2021-03-20T17:44:13+00:00\",\"dateModified\":\"2026-04-08T21:00:29+00:00\",\"description\":\"Le Pinceau Roubloff \u00ab\u00a0Aqua White round\u00a0\u00bb est en poils synth\u00e9tiques blancs, de forme ronde de 7 mm avec un long manche blanc et une virole \u00ab\u00a0Soft touch\u00a0\u00bb\",\"breadcrumb\":{\"@id\":\"https:\\\/\\\/roubloff-france.fr\\\/Roubloff\\\/produit\\\/aqua-white-round-7\\\/#breadcrumb\"},\"inLanguage\":\"fr-FR\",\"potentialAction\":[{\"@type\":\"ReadAction\",\"target\":[\"https:\\\/\\\/roubloff-france.fr\\\/Roubloff\\\/produit\\\/aqua-white-round-7\\\/\"]}]},{\"@type\":\"ImageObject\",\"inLanguage\":\"fr-FR\",\"@id\":\"https:\\\/\\\/roubloff-france.fr\\\/Roubloff\\\/produit\\\/aqua-white-round-7\\\/#primaryimage\",\"url\":\"https:\\\/\\\/roubloff-france.fr\\\/Roubloff\\\/wp-content\\\/uploads\\\/2021\\\/03\\\/Aqua-White-round-1.jpg\",\"contentUrl\":\"https:\\\/\\\/roubloff-france.fr\\\/Roubloff\\\/wp-content\\\/uploads\\\/2021\\\/03\\\/Aqua-White-round-1.jpg\",\"width\":900,\"height\":1000},{\"@type\":\"BreadcrumbList\",\"@id\":\"https:\\\/\\\/roubloff-france.fr\\\/Roubloff\\\/produit\\\/aqua-white-round-7\\\/#breadcrumb\",\"itemListElement\":[{\"@type\":\"ListItem\",\"position\":1,\"name\":\"Accueil\",\"item\":\"https:\\\/\\\/roubloff-france.fr\\\/Roubloff\\\/\"},{\"@type\":\"ListItem\",\"position\":2,\"name\":\"Les pinceaux Roubloff \u00a9 :\",\"item\":\"https:\\\/\\\/roubloff-france.fr\\\/Roubloff\\\/\"},{\"@type\":\"ListItem\",\"position\":3,\"name\":\"Aqua White round &#8211; 7\"}]},{\"@type\":\"WebSite\",\"@id\":\"https:\\\/\\\/roubloff-france.fr\\\/Roubloff\\\/#website\",\"url\":\"https:\\\/\\\/roubloff-france.fr\\\/Roubloff\\\/\",\"name\":\"Roubloff France - pinceaux d'art\",\"description\":\"Les pinceaux d&#039;art pour les artistes, \u00e9coles d&#039;art, revendeurs\",\"publisher\":{\"@id\":\"https:\\\/\\\/roubloff-france.fr\\\/Roubloff\\\/#organization\"},\"potentialAction\":[{\"@type\":\"SearchAction\",\"target\":{\"@type\":\"EntryPoint\",\"urlTemplate\":\"https:\\\/\\\/roubloff-france.fr\\\/Roubloff\\\/?s={search_term_string}\"},\"query-input\":{\"@type\":\"PropertyValueSpecification\",\"valueRequired\":true,\"valueName\":\"search_term_string\"}}],\"inLanguage\":\"fr-FR\"},{\"@type\":\"Organization\",\"@id\":\"https:\\\/\\\/roubloff-france.fr\\\/Roubloff\\\/#organization\",\"name\":\"Roubloff France - pinceaux d'art\",\"url\":\"https:\\\/\\\/roubloff-france.fr\\\/Roubloff\\\/\",\"logo\":{\"@type\":\"ImageObject\",\"inLanguage\":\"fr-FR\",\"@id\":\"https:\\\/\\\/roubloff-france.fr\\\/Roubloff\\\/#\\\/schema\\\/logo\\\/image\\\/\",\"url\":\"https:\\\/\\\/roubloff-france.fr\\\/Roubloff\\\/wp-content\\\/uploads\\\/2022\\\/01\\\/cropped-Logo-Roubloff-Rouge-avec-filet-blanc-250-p.png\",\"contentUrl\":\"https:\\\/\\\/roubloff-france.fr\\\/Roubloff\\\/wp-content\\\/uploads\\\/2022\\\/01\\\/cropped-Logo-Roubloff-Rouge-avec-filet-blanc-250-p.png\",\"width\":261,\"height\":57,\"caption\":\"Roubloff France - pinceaux d'art\"},\"image\":{\"@id\":\"https:\\\/\\\/roubloff-france.fr\\\/Roubloff\\\/#\\\/schema\\\/logo\\\/image\\\/\"},\"sameAs\":[\"https:\\\/\\\/www.instagram.com\\\/roubloff_france\\\/\"]}]}<\/script>\n<!-- \/ Yoast SEO plugin. -->","yoast_head_json":{"title":"Aqua White round - 7 - Roubloff France - pinceaux d&#039;art","description":"Le Pinceau Roubloff \u00ab\u00a0Aqua White round\u00a0\u00bb est en poils synth\u00e9tiques blancs, de forme ronde de 7 mm avec un long manche blanc et une virole \u00ab\u00a0Soft touch\u00a0\u00bb","robots":{"index":"index","follow":"follow","max-snippet":"max-snippet:-1","max-image-preview":"max-image-preview:large","max-video-preview":"max-video-preview:-1"},"canonical":"https:\/\/roubloff-france.fr\/Roubloff\/produit\/aqua-white-round-7\/","og_locale":"fr_FR","og_type":"article","og_title":"Aqua White round - 7 - Roubloff France - pinceaux d&#039;art","og_description":"Le Pinceau Roubloff \u00ab\u00a0Aqua White round\u00a0\u00bb est en poils synth\u00e9tiques blancs, de forme ronde de 7 mm avec un long manche blanc et une virole \u00ab\u00a0Soft touch\u00a0\u00bb","og_url":"https:\/\/roubloff-france.fr\/Roubloff\/produit\/aqua-white-round-7\/","og_site_name":"Roubloff France - pinceaux d&#039;art","article_publisher":"https:\/\/www.instagram.com\/roubloff_france\/","article_modified_time":"2026-04-08T21:00:29+00:00","og_image":[{"width":900,"height":1000,"url":"http:\/\/roubloff-france.fr\/Roubloff\/wp-content\/uploads\/2021\/03\/Aqua-White-round-1.jpg","type":"image\/jpeg"}],"twitter_card":"summary_large_image","twitter_misc":{"Dur\u00e9e de lecture estim\u00e9e":"3 minutes"},"schema":{"@context":"https:\/\/schema.org","@graph":[{"@type":"WebPage","@id":"https:\/\/roubloff-france.fr\/Roubloff\/produit\/aqua-white-round-7\/","url":"https:\/\/roubloff-france.fr\/Roubloff\/produit\/aqua-white-round-7\/","name":"Aqua White round - 7 - Roubloff France - pinceaux d&#039;art","isPartOf":{"@id":"https:\/\/roubloff-france.fr\/Roubloff\/#website"},"primaryImageOfPage":{"@id":"https:\/\/roubloff-france.fr\/Roubloff\/produit\/aqua-white-round-7\/#primaryimage"},"image":{"@id":"https:\/\/roubloff-france.fr\/Roubloff\/produit\/aqua-white-round-7\/#primaryimage"},"thumbnailUrl":"https:\/\/roubloff-france.fr\/Roubloff\/wp-content\/uploads\/2021\/03\/Aqua-White-round-1.jpg","datePublished":"2021-03-20T17:44:13+00:00","dateModified":"2026-04-08T21:00:29+00:00","description":"Le Pinceau Roubloff \u00ab\u00a0Aqua White round\u00a0\u00bb est en poils synth\u00e9tiques blancs, de forme ronde de 7 mm avec un long manche blanc et une virole \u00ab\u00a0Soft touch\u00a0\u00bb","breadcrumb":{"@id":"https:\/\/roubloff-france.fr\/Roubloff\/produit\/aqua-white-round-7\/#breadcrumb"},"inLanguage":"fr-FR","potentialAction":[{"@type":"ReadAction","target":["https:\/\/roubloff-france.fr\/Roubloff\/produit\/aqua-white-round-7\/"]}]},{"@type":"ImageObject","inLanguage":"fr-FR","@id":"https:\/\/roubloff-france.fr\/Roubloff\/produit\/aqua-white-round-7\/#primaryimage","url":"https:\/\/roubloff-france.fr\/Roubloff\/wp-content\/uploads\/2021\/03\/Aqua-White-round-1.jpg","contentUrl":"https:\/\/roubloff-france.fr\/Roubloff\/wp-content\/uploads\/2021\/03\/Aqua-White-round-1.jpg","width":900,"height":1000},{"@type":"BreadcrumbList","@id":"https:\/\/roubloff-france.fr\/Roubloff\/produit\/aqua-white-round-7\/#breadcrumb","itemListElement":[{"@type":"ListItem","position":1,"name":"Accueil","item":"https:\/\/roubloff-france.fr\/Roubloff\/"},{"@type":"ListItem","position":2,"name":"Les pinceaux Roubloff \u00a9 :","item":"https:\/\/roubloff-france.fr\/Roubloff\/"},{"@type":"ListItem","position":3,"name":"Aqua White round &#8211; 7"}]},{"@type":"WebSite","@id":"https:\/\/roubloff-france.fr\/Roubloff\/#website","url":"https:\/\/roubloff-france.fr\/Roubloff\/","name":"Roubloff France - pinceaux d'art","description":"Les pinceaux d&#039;art pour les artistes, \u00e9coles d&#039;art, revendeurs","publisher":{"@id":"https:\/\/roubloff-france.fr\/Roubloff\/#organization"},"potentialAction":[{"@type":"SearchAction","target":{"@type":"EntryPoint","urlTemplate":"https:\/\/roubloff-france.fr\/Roubloff\/?s={search_term_string}"},"query-input":{"@type":"PropertyValueSpecification","valueRequired":true,"valueName":"search_term_string"}}],"inLanguage":"fr-FR"},{"@type":"Organization","@id":"https:\/\/roubloff-france.fr\/Roubloff\/#organization","name":"Roubloff France - pinceaux d'art","url":"https:\/\/roubloff-france.fr\/Roubloff\/","logo":{"@type":"ImageObject","inLanguage":"fr-FR","@id":"https:\/\/roubloff-france.fr\/Roubloff\/#\/schema\/logo\/image\/","url":"https:\/\/roubloff-france.fr\/Roubloff\/wp-content\/uploads\/2022\/01\/cropped-Logo-Roubloff-Rouge-avec-filet-blanc-250-p.png","contentUrl":"https:\/\/roubloff-france.fr\/Roubloff\/wp-content\/uploads\/2022\/01\/cropped-Logo-Roubloff-Rouge-avec-filet-blanc-250-p.png","width":261,"height":57,"caption":"Roubloff France - pinceaux d'art"},"image":{"@id":"https:\/\/roubloff-france.fr\/Roubloff\/#\/schema\/logo\/image\/"},"sameAs":["https:\/\/www.instagram.com\/roubloff_france\/"]}]}},"_links":{"self":[{"href":"https:\/\/roubloff-france.fr\/Roubloff\/wp-json\/wp\/v2\/product\/124","targetHints":{"allow":["GET"]}}],"collection":[{"href":"https:\/\/roubloff-france.fr\/Roubloff\/wp-json\/wp\/v2\/product"}],"about":[{"href":"https:\/\/roubloff-france.fr\/Roubloff\/wp-json\/wp\/v2\/types\/product"}],"wp:featuredmedia":[{"embeddable":true,"href":"https:\/\/roubloff-france.fr\/Roubloff\/wp-json\/wp\/v2\/media\/158"}],"wp:attachment":[{"href":"https:\/\/roubloff-france.fr\/Roubloff\/wp-json\/wp\/v2\/media?parent=124"}],"wp:term":[{"taxonomy":"product_brand","embeddable":true,"href":"https:\/\/roubloff-france.fr\/Roubloff\/wp-json\/wp\/v2\/product_brand?post=124"},{"taxonomy":"product_cat","embeddable":true,"href":"https:\/\/roubloff-france.fr\/Roubloff\/wp-json\/wp\/v2\/product_cat?post=124"},{"taxonomy":"product_tag","embeddable":true,"href":"https:\/\/roubloff-france.fr\/Roubloff\/wp-json\/wp\/v2\/product_tag?post=124"}],"curies":[{"name":"wp","href":"https:\/\/api.w.org\/{rel}","templated":true}]}}