{"id":103,"date":"2021-03-20T18:43:52","date_gmt":"2021-03-20T17:43:52","guid":{"rendered":"https:\/\/roubloff-france.fr\/Roubloff\/?post_type=product&#038;p=103"},"modified":"2024-10-12T22:31:51","modified_gmt":"2024-10-12T20:31:51","slug":"aqua-black-round-4","status":"publish","type":"product","link":"https:\/\/roubloff-france.fr\/Roubloff\/produit\/aqua-black-round-4\/","title":{"rendered":"Aqua black round &#8211; 4"},"content":{"rendered":"<p><strong>Pinceau Roubloff \u00ab Aqua black round \u00bb est en poils synth\u00e9tique &#8211; imitation \u00e9cureuil \u2013 de forme ronde de 4, 8 \u00a0ou 12 mm avec manche court de couleur noir et d\u2019une virole soft-touch &#8211; doux au toucher.<\/strong><\/p>\n<p>Le pinceau est rond avec une couverture ergonomique innovante au toucher doux, c\u2019est un excellent outil pour l&rsquo;aquarelle. La housse antid\u00e9rapante permet de le laver facilement.<\/p>\n<p>La brosse a une longueur plus longue, les petites tailles fonctionnent comme le gr\u00e9eur. Les poils hydroscopiques doux imitent l&rsquo;\u00e9cureuil, ils absorbent une grande quantit\u00e9 d&rsquo;eau et de peintures.<\/p>\n<p>Le pinceau parfaitement pointu vous permet de travailler sur les d\u00e9tails fins, les synth\u00e9tiques \u00e0 ressorts avec \u00abm\u00e9moire\u00bb maintiennent la forme et sont toujours pr\u00eats pour un nouveau trait exceptionnel.<\/p>\n<p><strong>Pinceaux d&rsquo;art<\/strong><\/p>\n<ul>\n<li>Application : aquarelle, aqua<\/li>\n<li>Poils : synth\u00e9tiques<\/li>\n<li>Type de poils : imitation d&rsquo;\u00e9cureuil<\/li>\n<li>Rigidit\u00e9 : 1<\/li>\n<li>Virole : toucher doux<\/li>\n<li>Forme de la t\u00eate de brosse : ronde<\/li>\n<li>Longueur du manche : court<\/li>\n<li>Tailles : 4, 8, 12<\/li>\n<\/ul>\n<div><strong>Avantages :\u00a0<\/strong><\/div>\n<ul>\n<li>Poils de haute qualit\u00e9<\/li>\n<li>Mat\u00e9riaux de haute qualit\u00e9<\/li>\n<li>Manche en bouleau l\u00e9ger.<\/li>\n<\/ul>\n<p><strong>Pour en savoir plus :<\/strong> (site officiel Roubloff en anglais)<\/p>\n<p><a href=\"https:\/\/www.roubloff.ru\/en\/catalog\/artbrushes\/black-round\/\" target=\"_blank\" rel=\"noopener\">https:\/\/www.roubloff.ru\/en\/catalog\/artbrushes\/black-round\/<\/a><\/p>\n<div><\/div>\n<div><strong>Visionner une d\u00e9mo en ligne<\/strong> de l\u2019 Aqua black round :<\/div>\n<div><a href=\"https:\/\/www.youtube.com\/watch?v=YDI52nSzh8M&amp;feature=youtu.be\" target=\"_blank\" rel=\"noopener noreferrer\">https:\/\/www.youtube.com\/watch?v=YDI52nSzh8M&amp;feature=youtu.be<\/a><\/div>\n<div><\/div>\n<div>\n<p><iframe loading=\"lazy\" title=\"\u041a\u0438\u0441\u0442\u044c Roubloff Aqua Black\" width=\"980\" height=\"551\" src=\"https:\/\/www.youtube.com\/embed\/YDI52nSzh8M?feature=oembed\" frameborder=\"0\" allow=\"accelerometer; autoplay; clipboard-write; encrypted-media; gyroscope; picture-in-picture; web-share\" referrerpolicy=\"strict-origin-when-cross-origin\" allowfullscreen><\/iframe><\/p>\n<\/div>\n<div>\n<hr \/>\n<\/div>\n<p><strong>Brush Roubloff aqua synthetic squirrel imitation\/ round 4\/ short black handle\/ soft-touch ferrule<\/strong><\/p>\n<p>Round brush with ergonomical innovative soft-touch cover is a great tool for watercolor. Slip-proof cover allows easily washing off the material.<\/p>\n<p>The brush has a longer length-out, small sizes work similar to rigger. Soft hydroscopic hair imitates natural squirrel, it absorbs high amount of water and paints.<\/p>\n<p>Perfectly pointed brush lets you work on fine details, spring synthetics with \u201cmemory\u201d maintains the shape and always ready for a new exceptional stroke.<\/p>\n<pre style=\"padding-left: 40px;\">\u2022 Type: Art brushes\r\n\u2022 Application: Watercolor,Aqua\u00a0\r\n\u2022 Hair: Synthetic\u00a0\r\n\u2022 Hair type: Squirrel imitation\u00a0\r\n\u2022 Stiffness: 1\r\n\u2022 Ferrule: Soft touch\u00a0\r\n\u2022 Brush head shape: Round\u00a0\r\n\u2022 Handle length: Short\u00a0\r\n\u2022 Sizes : 4, 8, 12<\/pre>\n","protected":false},"excerpt":{"rendered":"<h3>Pinceau Roubloff \u00ab\u00a0Aqua black round\u00a0\u00bb est en poils synth\u00e9tique &#8211; imitation \u00e9cureuil \u2013 de forme ronde de 4, 8\u00a0 ou 12 mm avec manche court de couleur noir et d\u2019une virole soft-touch &#8211; doux au toucher.<\/h3>\n","protected":false},"featured_media":153,"template":"","meta":[],"product_brand":[],"product_cat":[92,16],"product_tag":[93,104,136,143,135,106],"class_list":{"0":"post-103","1":"product","2":"type-product","3":"status-publish","4":"has-post-thumbnail","6":"product_cat-aqua-black-round","7":"product_cat-les-pinceaux-dart-roubloff","8":"product_tag-aqua-black-round","9":"product_tag-aquarelle","10":"product_tag-brosse-ronde","11":"product_tag-imitation-ecureuil","12":"product_tag-manche-court","13":"product_tag-synthetique","15":"first","16":"instock","17":"taxable","18":"shipping-taxable","19":"purchasable","20":"product-type-simple"},"yoast_head":"<!-- This site is optimized with the Yoast SEO plugin v27.3 - https:\/\/yoast.com\/product\/yoast-seo-wordpress\/ -->\n<title>Aqua black round - 4 - Roubloff France - pinceaux d&#039;art<\/title>\n<meta name=\"description\" content=\"Pinceau Roubloff \u00ab Aqua black round \u00bb est en poils synth\u00e9tique - imitation \u00e9cureuil \u2013 de forme ronde de 4, 8 ou 12 mm avec manche court de couleur noir et d\u2019une virole soft-touch - doux au toucher.\" \/>\n<meta name=\"robots\" content=\"index, follow, max-snippet:-1, max-image-preview:large, max-video-preview:-1\" \/>\n<link rel=\"canonical\" href=\"https:\/\/roubloff-france.fr\/Roubloff\/produit\/aqua-black-round-4\/\" \/>\n<meta property=\"og:locale\" content=\"fr_FR\" \/>\n<meta property=\"og:type\" content=\"article\" \/>\n<meta property=\"og:title\" content=\"Aqua black round - 4 - Roubloff France - pinceaux d&#039;art\" \/>\n<meta property=\"og:description\" content=\"Pinceau Roubloff \u00ab Aqua black round \u00bb est en poils synth\u00e9tique - imitation \u00e9cureuil \u2013 de forme ronde de 4, 8 ou 12 mm avec manche court de couleur noir et d\u2019une virole soft-touch - doux au toucher.\" \/>\n<meta property=\"og:url\" content=\"https:\/\/roubloff-france.fr\/Roubloff\/produit\/aqua-black-round-4\/\" \/>\n<meta property=\"og:site_name\" content=\"Roubloff France - pinceaux d&#039;art\" \/>\n<meta property=\"article:publisher\" content=\"https:\/\/www.instagram.com\/roubloff_france\/\" \/>\n<meta property=\"article:modified_time\" content=\"2024-10-12T20:31:51+00:00\" \/>\n<meta property=\"og:image\" content=\"https:\/\/roubloff-france.fr\/Roubloff\/wp-content\/uploads\/2021\/03\/Aqua-black-round-1.jpg\" \/>\n\t<meta property=\"og:image:width\" content=\"900\" \/>\n\t<meta property=\"og:image:height\" content=\"1000\" \/>\n\t<meta property=\"og:image:type\" content=\"image\/jpeg\" \/>\n<meta name=\"twitter:card\" content=\"summary_large_image\" \/>\n<meta name=\"twitter:label1\" content=\"Dur\u00e9e de lecture estim\u00e9e\" \/>\n\t<meta name=\"twitter:data1\" content=\"2 minutes\" \/>\n<script type=\"application\/ld+json\" class=\"yoast-schema-graph\">{\"@context\":\"https:\\\/\\\/schema.org\",\"@graph\":[{\"@type\":\"WebPage\",\"@id\":\"https:\\\/\\\/roubloff-france.fr\\\/Roubloff\\\/produit\\\/aqua-black-round-4\\\/\",\"url\":\"https:\\\/\\\/roubloff-france.fr\\\/Roubloff\\\/produit\\\/aqua-black-round-4\\\/\",\"name\":\"Aqua black round - 4 - Roubloff France - pinceaux d&#039;art\",\"isPartOf\":{\"@id\":\"https:\\\/\\\/roubloff-france.fr\\\/Roubloff\\\/#website\"},\"primaryImageOfPage\":{\"@id\":\"https:\\\/\\\/roubloff-france.fr\\\/Roubloff\\\/produit\\\/aqua-black-round-4\\\/#primaryimage\"},\"image\":{\"@id\":\"https:\\\/\\\/roubloff-france.fr\\\/Roubloff\\\/produit\\\/aqua-black-round-4\\\/#primaryimage\"},\"thumbnailUrl\":\"https:\\\/\\\/roubloff-france.fr\\\/Roubloff\\\/wp-content\\\/uploads\\\/2021\\\/03\\\/Aqua-black-round-1.jpg\",\"datePublished\":\"2021-03-20T17:43:52+00:00\",\"dateModified\":\"2024-10-12T20:31:51+00:00\",\"description\":\"Pinceau Roubloff \u00ab Aqua black round \u00bb est en poils synth\u00e9tique - imitation \u00e9cureuil \u2013 de forme ronde de 4, 8 ou 12 mm avec manche court de couleur noir et d\u2019une virole soft-touch - doux au toucher.\",\"breadcrumb\":{\"@id\":\"https:\\\/\\\/roubloff-france.fr\\\/Roubloff\\\/produit\\\/aqua-black-round-4\\\/#breadcrumb\"},\"inLanguage\":\"fr-FR\",\"potentialAction\":[{\"@type\":\"ReadAction\",\"target\":[\"https:\\\/\\\/roubloff-france.fr\\\/Roubloff\\\/produit\\\/aqua-black-round-4\\\/\"]}]},{\"@type\":\"ImageObject\",\"inLanguage\":\"fr-FR\",\"@id\":\"https:\\\/\\\/roubloff-france.fr\\\/Roubloff\\\/produit\\\/aqua-black-round-4\\\/#primaryimage\",\"url\":\"https:\\\/\\\/roubloff-france.fr\\\/Roubloff\\\/wp-content\\\/uploads\\\/2021\\\/03\\\/Aqua-black-round-1.jpg\",\"contentUrl\":\"https:\\\/\\\/roubloff-france.fr\\\/Roubloff\\\/wp-content\\\/uploads\\\/2021\\\/03\\\/Aqua-black-round-1.jpg\",\"width\":900,\"height\":1000},{\"@type\":\"BreadcrumbList\",\"@id\":\"https:\\\/\\\/roubloff-france.fr\\\/Roubloff\\\/produit\\\/aqua-black-round-4\\\/#breadcrumb\",\"itemListElement\":[{\"@type\":\"ListItem\",\"position\":1,\"name\":\"Accueil\",\"item\":\"https:\\\/\\\/roubloff-france.fr\\\/Roubloff\\\/\"},{\"@type\":\"ListItem\",\"position\":2,\"name\":\"Les pinceaux Roubloff \u00a9 :\",\"item\":\"https:\\\/\\\/roubloff-france.fr\\\/Roubloff\\\/\"},{\"@type\":\"ListItem\",\"position\":3,\"name\":\"Aqua black round &#8211; 4\"}]},{\"@type\":\"WebSite\",\"@id\":\"https:\\\/\\\/roubloff-france.fr\\\/Roubloff\\\/#website\",\"url\":\"https:\\\/\\\/roubloff-france.fr\\\/Roubloff\\\/\",\"name\":\"Roubloff France - pinceaux d'art\",\"description\":\"Les pinceaux d&#039;art pour les artistes, \u00e9coles d&#039;art, revendeurs\",\"publisher\":{\"@id\":\"https:\\\/\\\/roubloff-france.fr\\\/Roubloff\\\/#organization\"},\"potentialAction\":[{\"@type\":\"SearchAction\",\"target\":{\"@type\":\"EntryPoint\",\"urlTemplate\":\"https:\\\/\\\/roubloff-france.fr\\\/Roubloff\\\/?s={search_term_string}\"},\"query-input\":{\"@type\":\"PropertyValueSpecification\",\"valueRequired\":true,\"valueName\":\"search_term_string\"}}],\"inLanguage\":\"fr-FR\"},{\"@type\":\"Organization\",\"@id\":\"https:\\\/\\\/roubloff-france.fr\\\/Roubloff\\\/#organization\",\"name\":\"Roubloff France - pinceaux d'art\",\"url\":\"https:\\\/\\\/roubloff-france.fr\\\/Roubloff\\\/\",\"logo\":{\"@type\":\"ImageObject\",\"inLanguage\":\"fr-FR\",\"@id\":\"https:\\\/\\\/roubloff-france.fr\\\/Roubloff\\\/#\\\/schema\\\/logo\\\/image\\\/\",\"url\":\"https:\\\/\\\/roubloff-france.fr\\\/Roubloff\\\/wp-content\\\/uploads\\\/2022\\\/01\\\/cropped-Logo-Roubloff-Rouge-avec-filet-blanc-250-p.png\",\"contentUrl\":\"https:\\\/\\\/roubloff-france.fr\\\/Roubloff\\\/wp-content\\\/uploads\\\/2022\\\/01\\\/cropped-Logo-Roubloff-Rouge-avec-filet-blanc-250-p.png\",\"width\":261,\"height\":57,\"caption\":\"Roubloff France - pinceaux d'art\"},\"image\":{\"@id\":\"https:\\\/\\\/roubloff-france.fr\\\/Roubloff\\\/#\\\/schema\\\/logo\\\/image\\\/\"},\"sameAs\":[\"https:\\\/\\\/www.instagram.com\\\/roubloff_france\\\/\"]}]}<\/script>\n<!-- \/ Yoast SEO plugin. -->","yoast_head_json":{"title":"Aqua black round - 4 - Roubloff France - pinceaux d&#039;art","description":"Pinceau Roubloff \u00ab Aqua black round \u00bb est en poils synth\u00e9tique - imitation \u00e9cureuil \u2013 de forme ronde de 4, 8 ou 12 mm avec manche court de couleur noir et d\u2019une virole soft-touch - doux au toucher.","robots":{"index":"index","follow":"follow","max-snippet":"max-snippet:-1","max-image-preview":"max-image-preview:large","max-video-preview":"max-video-preview:-1"},"canonical":"https:\/\/roubloff-france.fr\/Roubloff\/produit\/aqua-black-round-4\/","og_locale":"fr_FR","og_type":"article","og_title":"Aqua black round - 4 - Roubloff France - pinceaux d&#039;art","og_description":"Pinceau Roubloff \u00ab Aqua black round \u00bb est en poils synth\u00e9tique - imitation \u00e9cureuil \u2013 de forme ronde de 4, 8 ou 12 mm avec manche court de couleur noir et d\u2019une virole soft-touch - doux au toucher.","og_url":"https:\/\/roubloff-france.fr\/Roubloff\/produit\/aqua-black-round-4\/","og_site_name":"Roubloff France - pinceaux d&#039;art","article_publisher":"https:\/\/www.instagram.com\/roubloff_france\/","article_modified_time":"2024-10-12T20:31:51+00:00","og_image":[{"width":900,"height":1000,"url":"https:\/\/roubloff-france.fr\/Roubloff\/wp-content\/uploads\/2021\/03\/Aqua-black-round-1.jpg","type":"image\/jpeg"}],"twitter_card":"summary_large_image","twitter_misc":{"Dur\u00e9e de lecture estim\u00e9e":"2 minutes"},"schema":{"@context":"https:\/\/schema.org","@graph":[{"@type":"WebPage","@id":"https:\/\/roubloff-france.fr\/Roubloff\/produit\/aqua-black-round-4\/","url":"https:\/\/roubloff-france.fr\/Roubloff\/produit\/aqua-black-round-4\/","name":"Aqua black round - 4 - Roubloff France - pinceaux d&#039;art","isPartOf":{"@id":"https:\/\/roubloff-france.fr\/Roubloff\/#website"},"primaryImageOfPage":{"@id":"https:\/\/roubloff-france.fr\/Roubloff\/produit\/aqua-black-round-4\/#primaryimage"},"image":{"@id":"https:\/\/roubloff-france.fr\/Roubloff\/produit\/aqua-black-round-4\/#primaryimage"},"thumbnailUrl":"https:\/\/roubloff-france.fr\/Roubloff\/wp-content\/uploads\/2021\/03\/Aqua-black-round-1.jpg","datePublished":"2021-03-20T17:43:52+00:00","dateModified":"2024-10-12T20:31:51+00:00","description":"Pinceau Roubloff \u00ab Aqua black round \u00bb est en poils synth\u00e9tique - imitation \u00e9cureuil \u2013 de forme ronde de 4, 8 ou 12 mm avec manche court de couleur noir et d\u2019une virole soft-touch - doux au toucher.","breadcrumb":{"@id":"https:\/\/roubloff-france.fr\/Roubloff\/produit\/aqua-black-round-4\/#breadcrumb"},"inLanguage":"fr-FR","potentialAction":[{"@type":"ReadAction","target":["https:\/\/roubloff-france.fr\/Roubloff\/produit\/aqua-black-round-4\/"]}]},{"@type":"ImageObject","inLanguage":"fr-FR","@id":"https:\/\/roubloff-france.fr\/Roubloff\/produit\/aqua-black-round-4\/#primaryimage","url":"https:\/\/roubloff-france.fr\/Roubloff\/wp-content\/uploads\/2021\/03\/Aqua-black-round-1.jpg","contentUrl":"https:\/\/roubloff-france.fr\/Roubloff\/wp-content\/uploads\/2021\/03\/Aqua-black-round-1.jpg","width":900,"height":1000},{"@type":"BreadcrumbList","@id":"https:\/\/roubloff-france.fr\/Roubloff\/produit\/aqua-black-round-4\/#breadcrumb","itemListElement":[{"@type":"ListItem","position":1,"name":"Accueil","item":"https:\/\/roubloff-france.fr\/Roubloff\/"},{"@type":"ListItem","position":2,"name":"Les pinceaux Roubloff \u00a9 :","item":"https:\/\/roubloff-france.fr\/Roubloff\/"},{"@type":"ListItem","position":3,"name":"Aqua black round &#8211; 4"}]},{"@type":"WebSite","@id":"https:\/\/roubloff-france.fr\/Roubloff\/#website","url":"https:\/\/roubloff-france.fr\/Roubloff\/","name":"Roubloff France - pinceaux d'art","description":"Les pinceaux d&#039;art pour les artistes, \u00e9coles d&#039;art, revendeurs","publisher":{"@id":"https:\/\/roubloff-france.fr\/Roubloff\/#organization"},"potentialAction":[{"@type":"SearchAction","target":{"@type":"EntryPoint","urlTemplate":"https:\/\/roubloff-france.fr\/Roubloff\/?s={search_term_string}"},"query-input":{"@type":"PropertyValueSpecification","valueRequired":true,"valueName":"search_term_string"}}],"inLanguage":"fr-FR"},{"@type":"Organization","@id":"https:\/\/roubloff-france.fr\/Roubloff\/#organization","name":"Roubloff France - pinceaux d'art","url":"https:\/\/roubloff-france.fr\/Roubloff\/","logo":{"@type":"ImageObject","inLanguage":"fr-FR","@id":"https:\/\/roubloff-france.fr\/Roubloff\/#\/schema\/logo\/image\/","url":"https:\/\/roubloff-france.fr\/Roubloff\/wp-content\/uploads\/2022\/01\/cropped-Logo-Roubloff-Rouge-avec-filet-blanc-250-p.png","contentUrl":"https:\/\/roubloff-france.fr\/Roubloff\/wp-content\/uploads\/2022\/01\/cropped-Logo-Roubloff-Rouge-avec-filet-blanc-250-p.png","width":261,"height":57,"caption":"Roubloff France - pinceaux d'art"},"image":{"@id":"https:\/\/roubloff-france.fr\/Roubloff\/#\/schema\/logo\/image\/"},"sameAs":["https:\/\/www.instagram.com\/roubloff_france\/"]}]}},"_links":{"self":[{"href":"https:\/\/roubloff-france.fr\/Roubloff\/wp-json\/wp\/v2\/product\/103","targetHints":{"allow":["GET"]}}],"collection":[{"href":"https:\/\/roubloff-france.fr\/Roubloff\/wp-json\/wp\/v2\/product"}],"about":[{"href":"https:\/\/roubloff-france.fr\/Roubloff\/wp-json\/wp\/v2\/types\/product"}],"wp:featuredmedia":[{"embeddable":true,"href":"https:\/\/roubloff-france.fr\/Roubloff\/wp-json\/wp\/v2\/media\/153"}],"wp:attachment":[{"href":"https:\/\/roubloff-france.fr\/Roubloff\/wp-json\/wp\/v2\/media?parent=103"}],"wp:term":[{"taxonomy":"product_brand","embeddable":true,"href":"https:\/\/roubloff-france.fr\/Roubloff\/wp-json\/wp\/v2\/product_brand?post=103"},{"taxonomy":"product_cat","embeddable":true,"href":"https:\/\/roubloff-france.fr\/Roubloff\/wp-json\/wp\/v2\/product_cat?post=103"},{"taxonomy":"product_tag","embeddable":true,"href":"https:\/\/roubloff-france.fr\/Roubloff\/wp-json\/wp\/v2\/product_tag?post=103"}],"curies":[{"name":"wp","href":"https:\/\/api.w.org\/{rel}","templated":true}]}}