{"id":1020,"date":"2025-10-30T20:07:41","date_gmt":"2025-10-30T19:07:41","guid":{"rendered":"https:\/\/roubloff-france.fr\/Roubloff\/?post_type=product&#038;p=1020"},"modified":"2026-03-17T21:05:39","modified_gmt":"2026-03-17T20:05:39","slug":"101f-0-kolinsky","status":"publish","type":"product","link":"https:\/\/roubloff-france.fr\/Roubloff\/produit\/101f-0-kolinsky\/","title":{"rendered":"101F-0 Kolinsky"},"content":{"rendered":"<p><strong>Pinceau Roubloff Kolinsky (martre), format rond n\u00b00 avec un manche court de couleur noir mat et une virole argent\u00e9e<\/strong><\/p>\n<p>La brosse ronde en poils Kolinsky purs est excellente pour de nombreuses techniques classiques, en particulier dans l&rsquo;aquarelle et la peinture \u00e0 l&rsquo;huile, o\u00f9 une \u00e9lasticit\u00e9 et une souplesse \u00e9lev\u00e9es sont requises.<br \/>\nLe manche ergonomique court avec un rev\u00eatement mat vous permet de travailler avec confort et plaisir.<br \/>\nLa virole en laiton chrom\u00e9 fixe solidement les plus fins et tr\u00e8s doux\u00a0poils Kolinsky.<br \/>\nLa capacit\u00e9 d&rsquo;absorption des couleurs \u00e9tendue est id\u00e9ale pour la mod\u00e9lisation du volume, les \u0153uvres subtiles et d\u00e9taill\u00e9es telles que la peinture miniature, pour la peinture d&rsquo;objets de taille moyenne et grande, de paysages et de natures mortes, ainsi que pour les peintures murales<\/p>\n<ul>\n<li>Application : aquarelle, gouache, huile, d\u00e9trempe<\/li>\n<li>Poils : Naturel<\/li>\n<li>Type de poils : Kolinsky<\/li>\n<li>Rigidit\u00e9 : 1<\/li>\n<li>Virole : argent (laiton chrom\u00e9)<\/li>\n<li>Forme de t\u00eate de brosse : ronde<\/li>\n<li>Longueur du manche : court<\/li>\n<li>Taille : 00, 0, 1, 1,5, 2, 2,5, 3, 4, 5, 6<\/li>\n<li>Avantages :\n<ul>\n<li>Haute qualit\u00e9 des cheveux<\/li>\n<li>Manche en bouleau l\u00e9ger<\/li>\n<li>Poils trait\u00e9s \u00e0 la main<\/li>\n<\/ul>\n<\/li>\n<\/ul>\n<p>En savoir plus : <a href=\"https:\/\/www.roubloff.ru\/en\/catalog\/artbrushes\/101f\/\" target=\"_blank\" rel=\"noopener noreferrer\">https:\/\/www.roubloff.ru\/en\/catalog\/artbrushes\/101f\/<\/a><\/p>\n<hr \/>\n<p><strong>Brush Roubloff kolinsky\/ round 0 \/ short figured black matt handle\/ silver ferrule<\/strong><\/p>\n<p>Round brush from pure kolinsky hair is excellent for many classical techniques, especially in watercolor and oil painting, where high elasticity and springiness are required.<br \/>\nErgonomic short figured handle with matt covering allows you to work with comfort and pleasure.<br \/>\nChrome plated brass ferrule securely fixes finest very soft kolinsky hairs. Extensive color absorbing ability makes is ideal for volume modeling, subtle and detailed works such as miniature painting, for painting medium-sized and large objects, landscapes and still lives, as well as for wall paintings<\/p>\n<pre>Application: Watercolor, Gouache, Oil, Tempera\r\nHair: Natural\r\nHair type: Kolinsky\r\nStiffness: 1\r\nFerrule: Silver (chrome plated brass)\r\nBrush head shape: Round\r\nHandle length: Short\r\nSize: 00, 0, 1, 1,5, 2, 2,5, 3, 4, 5, 6\r\nAdvantages:\r\n- High hair quality\r\n- Light-weight birch handle\r\n- Hair treated by hand\r\n\r\nRead more: <a href=\"https:\/\/www.roubloff.ru\/en\/catalog\/artbrushes\/101f\/\" target=\"_blank\" rel=\"noopener noreferrer\">https:\/\/www.roubloff.ru\/en\/catalog\/artbrushes\/101f\/<\/a><\/pre>\n","protected":false},"excerpt":{"rendered":"<p>Pinceau Roubloff Kolinsky (martre), format rond n\u00b00 avec un manche court figur\u00e9 noir mat et une virole argent\u00e9e<\/p>\n","protected":false},"featured_media":112,"template":"","meta":[],"product_brand":[],"product_cat":[33,225],"product_tag":[34,35,20],"class_list":{"0":"post-1020","1":"product","2":"type-product","3":"status-publish","4":"has-post-thumbnail","6":"product_cat-serie-101f","7":"product_cat-kolinsky-101f-et-1015","8":"product_tag-101f","9":"product_tag-101f-2","10":"product_tag-kolinsky","12":"first","13":"instock","14":"taxable","15":"shipping-taxable","16":"purchasable","17":"product-type-simple"},"yoast_head":"<!-- This site is optimized with the Yoast SEO plugin v27.3 - https:\/\/yoast.com\/product\/yoast-seo-wordpress\/ -->\n<title>101F-0 Kolinsky - Roubloff France - pinceaux d&#039;art<\/title>\n<meta name=\"description\" content=\"Pinceau Roubloff Kolinsky (martre), format rond n\u00b02 avec un manche court de couleur noir mat et une virole argent\u00e9e\" \/>\n<meta name=\"robots\" content=\"index, follow, max-snippet:-1, max-image-preview:large, max-video-preview:-1\" \/>\n<link rel=\"canonical\" href=\"https:\/\/roubloff-france.fr\/Roubloff\/produit\/101f-0-kolinsky\/\" \/>\n<meta property=\"og:locale\" content=\"fr_FR\" \/>\n<meta property=\"og:type\" content=\"article\" \/>\n<meta property=\"og:title\" content=\"101F-0 Kolinsky - Roubloff France - pinceaux d&#039;art\" \/>\n<meta property=\"og:description\" content=\"Pinceau Roubloff Kolinsky (martre), format rond n\u00b02 avec un manche court de couleur noir mat et une virole argent\u00e9e\" \/>\n<meta property=\"og:url\" content=\"https:\/\/roubloff-france.fr\/Roubloff\/produit\/101f-0-kolinsky\/\" \/>\n<meta property=\"og:site_name\" content=\"Roubloff France - pinceaux d&#039;art\" \/>\n<meta property=\"article:publisher\" content=\"https:\/\/www.instagram.com\/roubloff_france\/\" \/>\n<meta property=\"article:modified_time\" content=\"2026-03-17T20:05:39+00:00\" \/>\n<meta property=\"og:image\" content=\"http:\/\/roubloff-france.fr\/Roubloff\/wp-content\/uploads\/2021\/03\/101F-1.jpg\" \/>\n\t<meta property=\"og:image:width\" content=\"1080\" \/>\n\t<meta property=\"og:image:height\" content=\"1200\" \/>\n\t<meta property=\"og:image:type\" content=\"image\/jpeg\" \/>\n<meta name=\"twitter:card\" content=\"summary_large_image\" \/>\n<meta name=\"twitter:label1\" content=\"Dur\u00e9e de lecture estim\u00e9e\" \/>\n\t<meta name=\"twitter:data1\" content=\"2 minutes\" \/>\n<script type=\"application\/ld+json\" class=\"yoast-schema-graph\">{\"@context\":\"https:\\\/\\\/schema.org\",\"@graph\":[{\"@type\":\"WebPage\",\"@id\":\"https:\\\/\\\/roubloff-france.fr\\\/Roubloff\\\/produit\\\/101f-0-kolinsky\\\/\",\"url\":\"https:\\\/\\\/roubloff-france.fr\\\/Roubloff\\\/produit\\\/101f-0-kolinsky\\\/\",\"name\":\"101F-0 Kolinsky - Roubloff France - pinceaux d&#039;art\",\"isPartOf\":{\"@id\":\"https:\\\/\\\/roubloff-france.fr\\\/Roubloff\\\/#website\"},\"primaryImageOfPage\":{\"@id\":\"https:\\\/\\\/roubloff-france.fr\\\/Roubloff\\\/produit\\\/101f-0-kolinsky\\\/#primaryimage\"},\"image\":{\"@id\":\"https:\\\/\\\/roubloff-france.fr\\\/Roubloff\\\/produit\\\/101f-0-kolinsky\\\/#primaryimage\"},\"thumbnailUrl\":\"https:\\\/\\\/roubloff-france.fr\\\/Roubloff\\\/wp-content\\\/uploads\\\/2021\\\/03\\\/101F-1.jpg\",\"datePublished\":\"2025-10-30T19:07:41+00:00\",\"dateModified\":\"2026-03-17T20:05:39+00:00\",\"description\":\"Pinceau Roubloff Kolinsky (martre), format rond n\u00b02 avec un manche court de couleur noir mat et une virole argent\u00e9e\",\"breadcrumb\":{\"@id\":\"https:\\\/\\\/roubloff-france.fr\\\/Roubloff\\\/produit\\\/101f-0-kolinsky\\\/#breadcrumb\"},\"inLanguage\":\"fr-FR\",\"potentialAction\":[{\"@type\":\"ReadAction\",\"target\":[\"https:\\\/\\\/roubloff-france.fr\\\/Roubloff\\\/produit\\\/101f-0-kolinsky\\\/\"]}]},{\"@type\":\"ImageObject\",\"inLanguage\":\"fr-FR\",\"@id\":\"https:\\\/\\\/roubloff-france.fr\\\/Roubloff\\\/produit\\\/101f-0-kolinsky\\\/#primaryimage\",\"url\":\"https:\\\/\\\/roubloff-france.fr\\\/Roubloff\\\/wp-content\\\/uploads\\\/2021\\\/03\\\/101F-1.jpg\",\"contentUrl\":\"https:\\\/\\\/roubloff-france.fr\\\/Roubloff\\\/wp-content\\\/uploads\\\/2021\\\/03\\\/101F-1.jpg\",\"width\":1080,\"height\":1200},{\"@type\":\"BreadcrumbList\",\"@id\":\"https:\\\/\\\/roubloff-france.fr\\\/Roubloff\\\/produit\\\/101f-0-kolinsky\\\/#breadcrumb\",\"itemListElement\":[{\"@type\":\"ListItem\",\"position\":1,\"name\":\"Accueil\",\"item\":\"https:\\\/\\\/roubloff-france.fr\\\/Roubloff\\\/\"},{\"@type\":\"ListItem\",\"position\":2,\"name\":\"Les pinceaux Roubloff \u00a9 :\",\"item\":\"https:\\\/\\\/roubloff-france.fr\\\/Roubloff\\\/\"},{\"@type\":\"ListItem\",\"position\":3,\"name\":\"101F-0 Kolinsky\"}]},{\"@type\":\"WebSite\",\"@id\":\"https:\\\/\\\/roubloff-france.fr\\\/Roubloff\\\/#website\",\"url\":\"https:\\\/\\\/roubloff-france.fr\\\/Roubloff\\\/\",\"name\":\"Roubloff France - pinceaux d'art\",\"description\":\"Les pinceaux d&#039;art pour les artistes, \u00e9coles d&#039;art, revendeurs\",\"publisher\":{\"@id\":\"https:\\\/\\\/roubloff-france.fr\\\/Roubloff\\\/#organization\"},\"potentialAction\":[{\"@type\":\"SearchAction\",\"target\":{\"@type\":\"EntryPoint\",\"urlTemplate\":\"https:\\\/\\\/roubloff-france.fr\\\/Roubloff\\\/?s={search_term_string}\"},\"query-input\":{\"@type\":\"PropertyValueSpecification\",\"valueRequired\":true,\"valueName\":\"search_term_string\"}}],\"inLanguage\":\"fr-FR\"},{\"@type\":\"Organization\",\"@id\":\"https:\\\/\\\/roubloff-france.fr\\\/Roubloff\\\/#organization\",\"name\":\"Roubloff France - pinceaux d'art\",\"url\":\"https:\\\/\\\/roubloff-france.fr\\\/Roubloff\\\/\",\"logo\":{\"@type\":\"ImageObject\",\"inLanguage\":\"fr-FR\",\"@id\":\"https:\\\/\\\/roubloff-france.fr\\\/Roubloff\\\/#\\\/schema\\\/logo\\\/image\\\/\",\"url\":\"https:\\\/\\\/roubloff-france.fr\\\/Roubloff\\\/wp-content\\\/uploads\\\/2022\\\/01\\\/cropped-Logo-Roubloff-Rouge-avec-filet-blanc-250-p.png\",\"contentUrl\":\"https:\\\/\\\/roubloff-france.fr\\\/Roubloff\\\/wp-content\\\/uploads\\\/2022\\\/01\\\/cropped-Logo-Roubloff-Rouge-avec-filet-blanc-250-p.png\",\"width\":261,\"height\":57,\"caption\":\"Roubloff France - pinceaux d'art\"},\"image\":{\"@id\":\"https:\\\/\\\/roubloff-france.fr\\\/Roubloff\\\/#\\\/schema\\\/logo\\\/image\\\/\"},\"sameAs\":[\"https:\\\/\\\/www.instagram.com\\\/roubloff_france\\\/\"]}]}<\/script>\n<!-- \/ Yoast SEO plugin. -->","yoast_head_json":{"title":"101F-0 Kolinsky - Roubloff France - pinceaux d&#039;art","description":"Pinceau Roubloff Kolinsky (martre), format rond n\u00b02 avec un manche court de couleur noir mat et une virole argent\u00e9e","robots":{"index":"index","follow":"follow","max-snippet":"max-snippet:-1","max-image-preview":"max-image-preview:large","max-video-preview":"max-video-preview:-1"},"canonical":"https:\/\/roubloff-france.fr\/Roubloff\/produit\/101f-0-kolinsky\/","og_locale":"fr_FR","og_type":"article","og_title":"101F-0 Kolinsky - Roubloff France - pinceaux d&#039;art","og_description":"Pinceau Roubloff Kolinsky (martre), format rond n\u00b02 avec un manche court de couleur noir mat et une virole argent\u00e9e","og_url":"https:\/\/roubloff-france.fr\/Roubloff\/produit\/101f-0-kolinsky\/","og_site_name":"Roubloff France - pinceaux d&#039;art","article_publisher":"https:\/\/www.instagram.com\/roubloff_france\/","article_modified_time":"2026-03-17T20:05:39+00:00","og_image":[{"width":1080,"height":1200,"url":"http:\/\/roubloff-france.fr\/Roubloff\/wp-content\/uploads\/2021\/03\/101F-1.jpg","type":"image\/jpeg"}],"twitter_card":"summary_large_image","twitter_misc":{"Dur\u00e9e de lecture estim\u00e9e":"2 minutes"},"schema":{"@context":"https:\/\/schema.org","@graph":[{"@type":"WebPage","@id":"https:\/\/roubloff-france.fr\/Roubloff\/produit\/101f-0-kolinsky\/","url":"https:\/\/roubloff-france.fr\/Roubloff\/produit\/101f-0-kolinsky\/","name":"101F-0 Kolinsky - Roubloff France - pinceaux d&#039;art","isPartOf":{"@id":"https:\/\/roubloff-france.fr\/Roubloff\/#website"},"primaryImageOfPage":{"@id":"https:\/\/roubloff-france.fr\/Roubloff\/produit\/101f-0-kolinsky\/#primaryimage"},"image":{"@id":"https:\/\/roubloff-france.fr\/Roubloff\/produit\/101f-0-kolinsky\/#primaryimage"},"thumbnailUrl":"https:\/\/roubloff-france.fr\/Roubloff\/wp-content\/uploads\/2021\/03\/101F-1.jpg","datePublished":"2025-10-30T19:07:41+00:00","dateModified":"2026-03-17T20:05:39+00:00","description":"Pinceau Roubloff Kolinsky (martre), format rond n\u00b02 avec un manche court de couleur noir mat et une virole argent\u00e9e","breadcrumb":{"@id":"https:\/\/roubloff-france.fr\/Roubloff\/produit\/101f-0-kolinsky\/#breadcrumb"},"inLanguage":"fr-FR","potentialAction":[{"@type":"ReadAction","target":["https:\/\/roubloff-france.fr\/Roubloff\/produit\/101f-0-kolinsky\/"]}]},{"@type":"ImageObject","inLanguage":"fr-FR","@id":"https:\/\/roubloff-france.fr\/Roubloff\/produit\/101f-0-kolinsky\/#primaryimage","url":"https:\/\/roubloff-france.fr\/Roubloff\/wp-content\/uploads\/2021\/03\/101F-1.jpg","contentUrl":"https:\/\/roubloff-france.fr\/Roubloff\/wp-content\/uploads\/2021\/03\/101F-1.jpg","width":1080,"height":1200},{"@type":"BreadcrumbList","@id":"https:\/\/roubloff-france.fr\/Roubloff\/produit\/101f-0-kolinsky\/#breadcrumb","itemListElement":[{"@type":"ListItem","position":1,"name":"Accueil","item":"https:\/\/roubloff-france.fr\/Roubloff\/"},{"@type":"ListItem","position":2,"name":"Les pinceaux Roubloff \u00a9 :","item":"https:\/\/roubloff-france.fr\/Roubloff\/"},{"@type":"ListItem","position":3,"name":"101F-0 Kolinsky"}]},{"@type":"WebSite","@id":"https:\/\/roubloff-france.fr\/Roubloff\/#website","url":"https:\/\/roubloff-france.fr\/Roubloff\/","name":"Roubloff France - pinceaux d'art","description":"Les pinceaux d&#039;art pour les artistes, \u00e9coles d&#039;art, revendeurs","publisher":{"@id":"https:\/\/roubloff-france.fr\/Roubloff\/#organization"},"potentialAction":[{"@type":"SearchAction","target":{"@type":"EntryPoint","urlTemplate":"https:\/\/roubloff-france.fr\/Roubloff\/?s={search_term_string}"},"query-input":{"@type":"PropertyValueSpecification","valueRequired":true,"valueName":"search_term_string"}}],"inLanguage":"fr-FR"},{"@type":"Organization","@id":"https:\/\/roubloff-france.fr\/Roubloff\/#organization","name":"Roubloff France - pinceaux d'art","url":"https:\/\/roubloff-france.fr\/Roubloff\/","logo":{"@type":"ImageObject","inLanguage":"fr-FR","@id":"https:\/\/roubloff-france.fr\/Roubloff\/#\/schema\/logo\/image\/","url":"https:\/\/roubloff-france.fr\/Roubloff\/wp-content\/uploads\/2022\/01\/cropped-Logo-Roubloff-Rouge-avec-filet-blanc-250-p.png","contentUrl":"https:\/\/roubloff-france.fr\/Roubloff\/wp-content\/uploads\/2022\/01\/cropped-Logo-Roubloff-Rouge-avec-filet-blanc-250-p.png","width":261,"height":57,"caption":"Roubloff France - pinceaux d'art"},"image":{"@id":"https:\/\/roubloff-france.fr\/Roubloff\/#\/schema\/logo\/image\/"},"sameAs":["https:\/\/www.instagram.com\/roubloff_france\/"]}]}},"_links":{"self":[{"href":"https:\/\/roubloff-france.fr\/Roubloff\/wp-json\/wp\/v2\/product\/1020","targetHints":{"allow":["GET"]}}],"collection":[{"href":"https:\/\/roubloff-france.fr\/Roubloff\/wp-json\/wp\/v2\/product"}],"about":[{"href":"https:\/\/roubloff-france.fr\/Roubloff\/wp-json\/wp\/v2\/types\/product"}],"wp:featuredmedia":[{"embeddable":true,"href":"https:\/\/roubloff-france.fr\/Roubloff\/wp-json\/wp\/v2\/media\/112"}],"wp:attachment":[{"href":"https:\/\/roubloff-france.fr\/Roubloff\/wp-json\/wp\/v2\/media?parent=1020"}],"wp:term":[{"taxonomy":"product_brand","embeddable":true,"href":"https:\/\/roubloff-france.fr\/Roubloff\/wp-json\/wp\/v2\/product_brand?post=1020"},{"taxonomy":"product_cat","embeddable":true,"href":"https:\/\/roubloff-france.fr\/Roubloff\/wp-json\/wp\/v2\/product_cat?post=1020"},{"taxonomy":"product_tag","embeddable":true,"href":"https:\/\/roubloff-france.fr\/Roubloff\/wp-json\/wp\/v2\/product_tag?post=1020"}],"curies":[{"name":"wp","href":"https:\/\/api.w.org\/{rel}","templated":true}]}}