{"id":100,"date":"2021-03-20T18:43:51","date_gmt":"2021-03-20T17:43:51","guid":{"rendered":"https:\/\/roubloff-france.fr\/Roubloff\/?post_type=product&#038;p=100"},"modified":"2026-04-01T22:39:22","modified_gmt":"2026-04-01T20:39:22","slug":"aqua-blue-round-3","status":"publish","type":"product","link":"https:\/\/roubloff-france.fr\/Roubloff\/produit\/aqua-blue-round-3\/","title":{"rendered":"Aqua Blue round &#8211; 3"},"content":{"rendered":"<div>Le pinceau synth\u00e9tique rond est sp\u00e9cialement d\u00e9velopp\u00e9 pour les aquarellistes qui travaillent avec une peinture fine et d\u00e9taill\u00e9e (illustrations botaniques, hyperr\u00e9alisme) et qui font appel \u00e0 une pointe flexible parfaite.<\/div>\n<div>Il offre une alternative int\u00e9ressante aux pinceaux Kolinsky. Les poils printaniers et pr\u00e9visibles, tri\u00e9s en m\u00eame temps, n&rsquo;endommagent pas le papier.<\/div>\n<div>La poign\u00e9e \u00e9quilibr\u00e9e et agronomique combin\u00e9e \u00e0 une couverture innovante au toucher doux est cr\u00e9\u00e9e pour de longues sessions de peinture continues.<\/div>\n<div><\/div>\n<pre style=\"padding-left: 40px\">\u2022 Type : Pinceaux d'art\r\n\u2022 Application : Aquarelle, Aqua\r\n\u2022 Poils : synth\u00e9tique\r\n\u2022 Type de poils : synth\u00e9tique brun\r\n\u2022 Rigidit\u00e9 : 1\r\n\u2022 Virole : toucher doux\r\n\u2022 Forme de la t\u00eate de brosse : ronde\r\n\u2022 Longueur du manche : court\r\n\u2022 Tailles disponibles : 3, 4, 5, 6\r\n\r\n\r\n<\/pre>\n<div>Visionner une d\u00e9mo en ligne de l\u2019 Aqua blue round<\/div>\n<div><a href=\"https:\/\/www.youtube.com\/watch?v=hi8TNghKgCE&amp;feature=youtu.be\" target=\"_blank\" rel=\"noopener noreferrer\">https:\/\/www.youtube.com\/watch?v=hi8TNghKgCE&amp;feature=youtu.be<\/a><\/div>\n<div><\/div>\n<div><\/div>\n<div><\/div>\n<div>\n<hr \/>\n<\/div>\n<div><\/div>\n<div><strong>Pinceau Roubloff synth\u00e9tique marron aqua \/ rond 3 \/ manche court bleu \/ virole soft-touch<\/strong><\/div>\n<div><\/div>\n<div>Round synthetic brush is specially developed for watercolor artists who work with fine detailed painting (botanical illustrations, hyperrealism) and who are appealed to perfect flexible point. It offers a worthy alternative to kolinsky brushes.<\/div>\n<div>Spring and predictable hair, sort at the same time, doesn\u2019t damage the paper.<\/div>\n<div>Balanced and agronomic handle combined with innovative soft touch cover is created for long \u0441continued painting sessions.<\/div>\n<div><\/div>\n<div>\n<ul>\n<li>\n<pre>Type: Art brushes\r\nApplication: Watercolor,Aqua\r\nHair: Synthetic\r\nHair type: Brown synthetic\r\nStiffness: 1\r\nFerrule: Soft touch\r\nBrush head shape: Round\r\nHandle length: Short\r\nSizes : 3, 4, 5, 6<\/pre>\n<\/li>\n<\/ul>\n<\/div>\n<p>&nbsp;<\/p>\n<div><\/div>\n","protected":false},"excerpt":{"rendered":"<h3>Le pinceaux Roubloff \u00ab\u00a0Aqua blue round\u00a0\u00bb en poils synth\u00e9tique de forme ronde et de couleur marron, d\u2019une taille de 3 \u00e0 6 mm avec un manche court de couleur bleu et d\u2019une virole doux au toucher.<\/h3>\n","protected":false},"featured_media":148,"template":"","meta":[],"product_brand":[319],"product_cat":[254,88],"product_tag":[256,89,104,53,136,135,394,312,43,390,391,308,393,106,392],"class_list":{"0":"post-100","1":"product","2":"type-product","3":"status-publish","4":"has-post-thumbnail","6":"product_brand-roubloff","7":"product_cat-aqua-aqua-blue-aqua-black-aqua-white-aqua-red-aqua-wide-flat","8":"product_cat-aqua-blue-round","9":"product_tag-aqua","10":"product_tag-aqua-blue-round","11":"product_tag-aquarelle","12":"product_tag-art-brushes","13":"product_tag-brosse-ronde","14":"product_tag-manche-court","15":"product_tag-paris","16":"product_tag-pinceau-roubloff","17":"product_tag-pinceaux-dart","18":"product_tag-poils-synthetique-brun","19":"product_tag-rigidite-1","20":"product_tag-roubloff","21":"product_tag-roubloff-france","22":"product_tag-synthetique","23":"product_tag-virole-toucher-doux","25":"first","26":"instock","27":"taxable","28":"shipping-taxable","29":"purchasable","30":"product-type-simple"},"yoast_head":"<!-- This site is optimized with the Yoast SEO plugin v27.3 - https:\/\/yoast.com\/product\/yoast-seo-wordpress\/ -->\n<title>Aqua Blue round - 3 - Roubloff France - pinceaux d&#039;art<\/title>\n<meta name=\"description\" content=\"Le pinceaux Roubloff \u00ab Aqua blue round \u00bb en poils synth\u00e9tique de forme ronde et de couleur marron, d\u2019une taille de 3 \u00e0 6 mm avec un manche court de couleur bleu et d\u2019une virole doux au toucher\" \/>\n<meta name=\"robots\" content=\"index, follow, max-snippet:-1, max-image-preview:large, max-video-preview:-1\" \/>\n<link rel=\"canonical\" href=\"https:\/\/roubloff-france.fr\/Roubloff\/produit\/aqua-blue-round-3\/\" \/>\n<meta property=\"og:locale\" content=\"fr_FR\" \/>\n<meta property=\"og:type\" content=\"article\" \/>\n<meta property=\"og:title\" content=\"Aqua Blue round - 3 - Roubloff France - pinceaux d&#039;art\" \/>\n<meta property=\"og:description\" content=\"Le pinceaux Roubloff \u00ab Aqua blue round \u00bb en poils synth\u00e9tique de forme ronde et de couleur marron, d\u2019une taille de 3 \u00e0 6 mm avec un manche court de couleur bleu et d\u2019une virole doux au toucher\" \/>\n<meta property=\"og:url\" content=\"https:\/\/roubloff-france.fr\/Roubloff\/produit\/aqua-blue-round-3\/\" \/>\n<meta property=\"og:site_name\" content=\"Roubloff France - pinceaux d&#039;art\" \/>\n<meta property=\"article:publisher\" content=\"https:\/\/www.instagram.com\/roubloff_france\/\" \/>\n<meta property=\"article:modified_time\" content=\"2026-04-01T20:39:22+00:00\" \/>\n<meta property=\"og:image\" content=\"http:\/\/roubloff-france.fr\/Roubloff\/wp-content\/uploads\/2021\/03\/Aqua_blue_round-1.jpg\" \/>\n\t<meta property=\"og:image:width\" content=\"900\" \/>\n\t<meta property=\"og:image:height\" content=\"1000\" \/>\n\t<meta property=\"og:image:type\" content=\"image\/jpeg\" \/>\n<meta name=\"twitter:card\" content=\"summary_large_image\" \/>\n<meta name=\"twitter:label1\" content=\"Dur\u00e9e de lecture estim\u00e9e\" \/>\n\t<meta name=\"twitter:data1\" content=\"2 minutes\" \/>\n<script type=\"application\/ld+json\" class=\"yoast-schema-graph\">{\"@context\":\"https:\\\/\\\/schema.org\",\"@graph\":[{\"@type\":\"WebPage\",\"@id\":\"https:\\\/\\\/roubloff-france.fr\\\/Roubloff\\\/produit\\\/aqua-blue-round-3\\\/\",\"url\":\"https:\\\/\\\/roubloff-france.fr\\\/Roubloff\\\/produit\\\/aqua-blue-round-3\\\/\",\"name\":\"Aqua Blue round - 3 - Roubloff France - pinceaux d&#039;art\",\"isPartOf\":{\"@id\":\"https:\\\/\\\/roubloff-france.fr\\\/Roubloff\\\/#website\"},\"primaryImageOfPage\":{\"@id\":\"https:\\\/\\\/roubloff-france.fr\\\/Roubloff\\\/produit\\\/aqua-blue-round-3\\\/#primaryimage\"},\"image\":{\"@id\":\"https:\\\/\\\/roubloff-france.fr\\\/Roubloff\\\/produit\\\/aqua-blue-round-3\\\/#primaryimage\"},\"thumbnailUrl\":\"https:\\\/\\\/roubloff-france.fr\\\/Roubloff\\\/wp-content\\\/uploads\\\/2021\\\/03\\\/Aqua_blue_round-1.jpg\",\"datePublished\":\"2021-03-20T17:43:51+00:00\",\"dateModified\":\"2026-04-01T20:39:22+00:00\",\"description\":\"Le pinceaux Roubloff \u00ab Aqua blue round \u00bb en poils synth\u00e9tique de forme ronde et de couleur marron, d\u2019une taille de 3 \u00e0 6 mm avec un manche court de couleur bleu et d\u2019une virole doux au toucher\",\"breadcrumb\":{\"@id\":\"https:\\\/\\\/roubloff-france.fr\\\/Roubloff\\\/produit\\\/aqua-blue-round-3\\\/#breadcrumb\"},\"inLanguage\":\"fr-FR\",\"potentialAction\":[{\"@type\":\"ReadAction\",\"target\":[\"https:\\\/\\\/roubloff-france.fr\\\/Roubloff\\\/produit\\\/aqua-blue-round-3\\\/\"]}]},{\"@type\":\"ImageObject\",\"inLanguage\":\"fr-FR\",\"@id\":\"https:\\\/\\\/roubloff-france.fr\\\/Roubloff\\\/produit\\\/aqua-blue-round-3\\\/#primaryimage\",\"url\":\"https:\\\/\\\/roubloff-france.fr\\\/Roubloff\\\/wp-content\\\/uploads\\\/2021\\\/03\\\/Aqua_blue_round-1.jpg\",\"contentUrl\":\"https:\\\/\\\/roubloff-france.fr\\\/Roubloff\\\/wp-content\\\/uploads\\\/2021\\\/03\\\/Aqua_blue_round-1.jpg\",\"width\":900,\"height\":1000},{\"@type\":\"BreadcrumbList\",\"@id\":\"https:\\\/\\\/roubloff-france.fr\\\/Roubloff\\\/produit\\\/aqua-blue-round-3\\\/#breadcrumb\",\"itemListElement\":[{\"@type\":\"ListItem\",\"position\":1,\"name\":\"Accueil\",\"item\":\"https:\\\/\\\/roubloff-france.fr\\\/Roubloff\\\/\"},{\"@type\":\"ListItem\",\"position\":2,\"name\":\"Les pinceaux Roubloff \u00a9 :\",\"item\":\"https:\\\/\\\/roubloff-france.fr\\\/Roubloff\\\/\"},{\"@type\":\"ListItem\",\"position\":3,\"name\":\"Aqua Blue round &#8211; 3\"}]},{\"@type\":\"WebSite\",\"@id\":\"https:\\\/\\\/roubloff-france.fr\\\/Roubloff\\\/#website\",\"url\":\"https:\\\/\\\/roubloff-france.fr\\\/Roubloff\\\/\",\"name\":\"Roubloff France - pinceaux d'art\",\"description\":\"Les pinceaux d&#039;art pour les artistes, \u00e9coles d&#039;art, revendeurs\",\"publisher\":{\"@id\":\"https:\\\/\\\/roubloff-france.fr\\\/Roubloff\\\/#organization\"},\"potentialAction\":[{\"@type\":\"SearchAction\",\"target\":{\"@type\":\"EntryPoint\",\"urlTemplate\":\"https:\\\/\\\/roubloff-france.fr\\\/Roubloff\\\/?s={search_term_string}\"},\"query-input\":{\"@type\":\"PropertyValueSpecification\",\"valueRequired\":true,\"valueName\":\"search_term_string\"}}],\"inLanguage\":\"fr-FR\"},{\"@type\":\"Organization\",\"@id\":\"https:\\\/\\\/roubloff-france.fr\\\/Roubloff\\\/#organization\",\"name\":\"Roubloff France - pinceaux d'art\",\"url\":\"https:\\\/\\\/roubloff-france.fr\\\/Roubloff\\\/\",\"logo\":{\"@type\":\"ImageObject\",\"inLanguage\":\"fr-FR\",\"@id\":\"https:\\\/\\\/roubloff-france.fr\\\/Roubloff\\\/#\\\/schema\\\/logo\\\/image\\\/\",\"url\":\"https:\\\/\\\/roubloff-france.fr\\\/Roubloff\\\/wp-content\\\/uploads\\\/2022\\\/01\\\/cropped-Logo-Roubloff-Rouge-avec-filet-blanc-250-p.png\",\"contentUrl\":\"https:\\\/\\\/roubloff-france.fr\\\/Roubloff\\\/wp-content\\\/uploads\\\/2022\\\/01\\\/cropped-Logo-Roubloff-Rouge-avec-filet-blanc-250-p.png\",\"width\":261,\"height\":57,\"caption\":\"Roubloff France - pinceaux d'art\"},\"image\":{\"@id\":\"https:\\\/\\\/roubloff-france.fr\\\/Roubloff\\\/#\\\/schema\\\/logo\\\/image\\\/\"},\"sameAs\":[\"https:\\\/\\\/www.instagram.com\\\/roubloff_france\\\/\"]}]}<\/script>\n<!-- \/ Yoast SEO plugin. -->","yoast_head_json":{"title":"Aqua Blue round - 3 - Roubloff France - pinceaux d&#039;art","description":"Le pinceaux Roubloff \u00ab Aqua blue round \u00bb en poils synth\u00e9tique de forme ronde et de couleur marron, d\u2019une taille de 3 \u00e0 6 mm avec un manche court de couleur bleu et d\u2019une virole doux au toucher","robots":{"index":"index","follow":"follow","max-snippet":"max-snippet:-1","max-image-preview":"max-image-preview:large","max-video-preview":"max-video-preview:-1"},"canonical":"https:\/\/roubloff-france.fr\/Roubloff\/produit\/aqua-blue-round-3\/","og_locale":"fr_FR","og_type":"article","og_title":"Aqua Blue round - 3 - Roubloff France - pinceaux d&#039;art","og_description":"Le pinceaux Roubloff \u00ab Aqua blue round \u00bb en poils synth\u00e9tique de forme ronde et de couleur marron, d\u2019une taille de 3 \u00e0 6 mm avec un manche court de couleur bleu et d\u2019une virole doux au toucher","og_url":"https:\/\/roubloff-france.fr\/Roubloff\/produit\/aqua-blue-round-3\/","og_site_name":"Roubloff France - pinceaux d&#039;art","article_publisher":"https:\/\/www.instagram.com\/roubloff_france\/","article_modified_time":"2026-04-01T20:39:22+00:00","og_image":[{"width":900,"height":1000,"url":"http:\/\/roubloff-france.fr\/Roubloff\/wp-content\/uploads\/2021\/03\/Aqua_blue_round-1.jpg","type":"image\/jpeg"}],"twitter_card":"summary_large_image","twitter_misc":{"Dur\u00e9e de lecture estim\u00e9e":"2 minutes"},"schema":{"@context":"https:\/\/schema.org","@graph":[{"@type":"WebPage","@id":"https:\/\/roubloff-france.fr\/Roubloff\/produit\/aqua-blue-round-3\/","url":"https:\/\/roubloff-france.fr\/Roubloff\/produit\/aqua-blue-round-3\/","name":"Aqua Blue round - 3 - Roubloff France - pinceaux d&#039;art","isPartOf":{"@id":"https:\/\/roubloff-france.fr\/Roubloff\/#website"},"primaryImageOfPage":{"@id":"https:\/\/roubloff-france.fr\/Roubloff\/produit\/aqua-blue-round-3\/#primaryimage"},"image":{"@id":"https:\/\/roubloff-france.fr\/Roubloff\/produit\/aqua-blue-round-3\/#primaryimage"},"thumbnailUrl":"https:\/\/roubloff-france.fr\/Roubloff\/wp-content\/uploads\/2021\/03\/Aqua_blue_round-1.jpg","datePublished":"2021-03-20T17:43:51+00:00","dateModified":"2026-04-01T20:39:22+00:00","description":"Le pinceaux Roubloff \u00ab Aqua blue round \u00bb en poils synth\u00e9tique de forme ronde et de couleur marron, d\u2019une taille de 3 \u00e0 6 mm avec un manche court de couleur bleu et d\u2019une virole doux au toucher","breadcrumb":{"@id":"https:\/\/roubloff-france.fr\/Roubloff\/produit\/aqua-blue-round-3\/#breadcrumb"},"inLanguage":"fr-FR","potentialAction":[{"@type":"ReadAction","target":["https:\/\/roubloff-france.fr\/Roubloff\/produit\/aqua-blue-round-3\/"]}]},{"@type":"ImageObject","inLanguage":"fr-FR","@id":"https:\/\/roubloff-france.fr\/Roubloff\/produit\/aqua-blue-round-3\/#primaryimage","url":"https:\/\/roubloff-france.fr\/Roubloff\/wp-content\/uploads\/2021\/03\/Aqua_blue_round-1.jpg","contentUrl":"https:\/\/roubloff-france.fr\/Roubloff\/wp-content\/uploads\/2021\/03\/Aqua_blue_round-1.jpg","width":900,"height":1000},{"@type":"BreadcrumbList","@id":"https:\/\/roubloff-france.fr\/Roubloff\/produit\/aqua-blue-round-3\/#breadcrumb","itemListElement":[{"@type":"ListItem","position":1,"name":"Accueil","item":"https:\/\/roubloff-france.fr\/Roubloff\/"},{"@type":"ListItem","position":2,"name":"Les pinceaux Roubloff \u00a9 :","item":"https:\/\/roubloff-france.fr\/Roubloff\/"},{"@type":"ListItem","position":3,"name":"Aqua Blue round &#8211; 3"}]},{"@type":"WebSite","@id":"https:\/\/roubloff-france.fr\/Roubloff\/#website","url":"https:\/\/roubloff-france.fr\/Roubloff\/","name":"Roubloff France - pinceaux d'art","description":"Les pinceaux d&#039;art pour les artistes, \u00e9coles d&#039;art, revendeurs","publisher":{"@id":"https:\/\/roubloff-france.fr\/Roubloff\/#organization"},"potentialAction":[{"@type":"SearchAction","target":{"@type":"EntryPoint","urlTemplate":"https:\/\/roubloff-france.fr\/Roubloff\/?s={search_term_string}"},"query-input":{"@type":"PropertyValueSpecification","valueRequired":true,"valueName":"search_term_string"}}],"inLanguage":"fr-FR"},{"@type":"Organization","@id":"https:\/\/roubloff-france.fr\/Roubloff\/#organization","name":"Roubloff France - pinceaux d'art","url":"https:\/\/roubloff-france.fr\/Roubloff\/","logo":{"@type":"ImageObject","inLanguage":"fr-FR","@id":"https:\/\/roubloff-france.fr\/Roubloff\/#\/schema\/logo\/image\/","url":"https:\/\/roubloff-france.fr\/Roubloff\/wp-content\/uploads\/2022\/01\/cropped-Logo-Roubloff-Rouge-avec-filet-blanc-250-p.png","contentUrl":"https:\/\/roubloff-france.fr\/Roubloff\/wp-content\/uploads\/2022\/01\/cropped-Logo-Roubloff-Rouge-avec-filet-blanc-250-p.png","width":261,"height":57,"caption":"Roubloff France - pinceaux d'art"},"image":{"@id":"https:\/\/roubloff-france.fr\/Roubloff\/#\/schema\/logo\/image\/"},"sameAs":["https:\/\/www.instagram.com\/roubloff_france\/"]}]}},"_links":{"self":[{"href":"https:\/\/roubloff-france.fr\/Roubloff\/wp-json\/wp\/v2\/product\/100","targetHints":{"allow":["GET"]}}],"collection":[{"href":"https:\/\/roubloff-france.fr\/Roubloff\/wp-json\/wp\/v2\/product"}],"about":[{"href":"https:\/\/roubloff-france.fr\/Roubloff\/wp-json\/wp\/v2\/types\/product"}],"wp:featuredmedia":[{"embeddable":true,"href":"https:\/\/roubloff-france.fr\/Roubloff\/wp-json\/wp\/v2\/media\/148"}],"wp:attachment":[{"href":"https:\/\/roubloff-france.fr\/Roubloff\/wp-json\/wp\/v2\/media?parent=100"}],"wp:term":[{"taxonomy":"product_brand","embeddable":true,"href":"https:\/\/roubloff-france.fr\/Roubloff\/wp-json\/wp\/v2\/product_brand?post=100"},{"taxonomy":"product_cat","embeddable":true,"href":"https:\/\/roubloff-france.fr\/Roubloff\/wp-json\/wp\/v2\/product_cat?post=100"},{"taxonomy":"product_tag","embeddable":true,"href":"https:\/\/roubloff-france.fr\/Roubloff\/wp-json\/wp\/v2\/product_tag?post=100"}],"curies":[{"name":"wp","href":"https:\/\/api.w.org\/{rel}","templated":true}]}}