{"id":489,"date":"2023-01-03T19:14:18","date_gmt":"2023-01-03T18:14:18","guid":{"rendered":"https:\/\/roubloff-france.fr\/Roubloff\/?page_id=489"},"modified":"2026-03-26T12:03:54","modified_gmt":"2026-03-26T11:03:54","slug":"pour-nous-contacter","status":"publish","type":"page","link":"https:\/\/roubloff-france.fr\/Roubloff\/pour-nous-contacter\/","title":{"rendered":"Restons en contact !"},"content":{"rendered":"\n<iframe data-w-type=\"embedded\" frameborder=\"0\" scrolling=\"no\" marginheight=\"0\" marginwidth=\"0\" src=\"https:\/\/xg2gt.mjt.lu\/wgt\/xg2gt\/0h83\/form?c=83ef5270\" width=\"100%\" style=\"height: 0;\"><\/iframe>\n\n<script type=\"text\/javascript\" src=\"https:\/\/app.mailjet.com\/pas-nc-embedded-v2.js\"><\/script>\n\n\n\n<p>Vous pouvez joindre Jean-Luc au 06 46 43 74 63 ou <a href=\"mailto:jlm@roubloff-france.fr\" target=\"_blank\" rel=\"noreferrer noopener\">jlm@<\/a><a href=\"mailto:jlm@onlineinternational.fr\" type=\"mailto\" id=\"mailto:jlm@onlineinternational.fr\" target=\"_blank\" rel=\"noreferrer noopener\">onlineinternational.fr<\/a><\/p>\n\n\n\n<p>Vous \u00eates cordialement invit\u00e9 au ShowRoom pour tester par vous m\u00eame la qualit\u00e9 des pinceaux Roubloff !<\/p>\n\n\n\n<p><strong>Sur rendez-vous uniquement, <\/strong>le vendredi, samedi et dimanche de 14h30 \u00e0 18h30,<\/p>\n\n\n\n<p><strong>\u00e0 la Galerie num\u00e9ro 82 du Village Suisse Paris <\/strong>&#8211; Place de Lugano<br><strong>au 12 avenue de Champaubert dans le 15me arrondissement de Paris.<\/strong><\/p>\n\n\n\n<p><\/p>\n\n\n<div class=\"wp-block-image\">\n<figure class=\"aligncenter size-large\"><img loading=\"lazy\" decoding=\"async\" width=\"1024\" height=\"587\" src=\"http:\/\/roubloff-france.fr\/Roubloff\/wp-content\/uploads\/2023\/01\/2201-Plan-Village-Suisse-Paris-1024x587.jpg\" alt=\"\" class=\"wp-image-493\" srcset=\"https:\/\/roubloff-france.fr\/Roubloff\/wp-content\/uploads\/2023\/01\/2201-Plan-Village-Suisse-Paris-1024x587.jpg 1024w, https:\/\/roubloff-france.fr\/Roubloff\/wp-content\/uploads\/2023\/01\/2201-Plan-Village-Suisse-Paris-416x239.jpg 416w, https:\/\/roubloff-france.fr\/Roubloff\/wp-content\/uploads\/2023\/01\/2201-Plan-Village-Suisse-Paris-300x172.jpg 300w, https:\/\/roubloff-france.fr\/Roubloff\/wp-content\/uploads\/2023\/01\/2201-Plan-Village-Suisse-Paris-768x440.jpg 768w, https:\/\/roubloff-france.fr\/Roubloff\/wp-content\/uploads\/2023\/01\/2201-Plan-Village-Suisse-Paris-1536x881.jpg 1536w, https:\/\/roubloff-france.fr\/Roubloff\/wp-content\/uploads\/2023\/01\/2201-Plan-Village-Suisse-Paris.jpg 1662w\" sizes=\"auto, (max-width: 1024px) 100vw, 1024px\" \/><\/figure>\n<\/div>\n\n\n<p><\/p>\n\n\n\n<p>T\u00e9l\u00e9charger le plan du Village Suisse Paris &#8211; <a href=\"https:\/\/villagesuisseparis.com\/wp-content\/uploads\/2022\/09\/Plan-Infos-Map-Village-Suisse-Paris-2022-2023-1.pdf\" target=\"_blank\" rel=\"noreferrer noopener\">https:\/\/villagesuisseparis.com\/wp-content\/uploads\/2022\/09\/Plan-Infos-Map-Village-Suisse-Paris-2022-2023-1.pdf<\/a><\/p>\n\n\n\n<p><\/p>\n","protected":false},"excerpt":{"rendered":"<p>Vous pouvez joindre Jean-Luc au 06 46 43 74 63 ou jlm@onlineinternational.fr Vous \u00eates cordialement invit\u00e9 au ShowRoom pour tester par vous m\u00eame la qualit\u00e9 des pinceaux Roubloff ! Sur rendez-vous uniquement, le vendredi, samedi et dimanche de 14h30 \u00e0 18h30, \u00e0 la Galerie num\u00e9ro 82 du Village Suisse Paris &#8211; Place de Luganoau 12 [&hellip;]<\/p>\n","protected":false},"author":1,"featured_media":0,"parent":0,"menu_order":0,"comment_status":"closed","ping_status":"closed","template":"","meta":{"footnotes":""},"class_list":["post-489","page","type-page","status-publish","hentry"],"yoast_head":"<!-- This site is optimized with the Yoast SEO plugin v27.4 - https:\/\/yoast.com\/product\/yoast-seo-wordpress\/ -->\n<title>Restons en contact ! - Roubloff France - pinceaux d&#039;art<\/title>\n<meta name=\"robots\" content=\"index, follow, max-snippet:-1, max-image-preview:large, max-video-preview:-1\" \/>\n<link rel=\"canonical\" href=\"https:\/\/roubloff-france.fr\/Roubloff\/pour-nous-contacter\/\" \/>\n<meta property=\"og:locale\" content=\"fr_FR\" \/>\n<meta property=\"og:type\" content=\"article\" \/>\n<meta property=\"og:title\" content=\"Restons en contact ! - Roubloff France - pinceaux d&#039;art\" \/>\n<meta property=\"og:description\" content=\"Vous pouvez joindre Jean-Luc au 06 46 43 74 63 ou jlm@onlineinternational.fr Vous \u00eates cordialement invit\u00e9 au ShowRoom pour tester par vous m\u00eame la qualit\u00e9 des pinceaux Roubloff ! Sur rendez-vous uniquement, le vendredi, samedi et dimanche de 14h30 \u00e0 18h30, \u00e0 la Galerie num\u00e9ro 82 du Village Suisse Paris &#8211; Place de Luganoau 12 [&hellip;]\" \/>\n<meta property=\"og:url\" content=\"https:\/\/roubloff-france.fr\/Roubloff\/pour-nous-contacter\/\" \/>\n<meta property=\"og:site_name\" content=\"Roubloff France - pinceaux d&#039;art\" \/>\n<meta property=\"article:publisher\" content=\"https:\/\/www.instagram.com\/roubloff_france\/\" \/>\n<meta property=\"article:modified_time\" content=\"2026-03-26T11:03:54+00:00\" \/>\n<meta property=\"og:image\" content=\"https:\/\/roubloff-france.fr\/Roubloff\/wp-content\/uploads\/2023\/01\/2201-Plan-Village-Suisse-Paris.jpg\" \/>\n\t<meta property=\"og:image:width\" content=\"1662\" \/>\n\t<meta property=\"og:image:height\" content=\"953\" \/>\n\t<meta property=\"og:image:type\" content=\"image\/jpeg\" \/>\n<meta name=\"twitter:card\" content=\"summary_large_image\" \/>\n<meta name=\"twitter:label1\" content=\"Dur\u00e9e de lecture estim\u00e9e\" \/>\n\t<meta name=\"twitter:data1\" content=\"1 minute\" \/>\n<script type=\"application\/ld+json\" class=\"yoast-schema-graph\">{\"@context\":\"https:\\\/\\\/schema.org\",\"@graph\":[{\"@type\":\"WebPage\",\"@id\":\"https:\\\/\\\/roubloff-france.fr\\\/Roubloff\\\/pour-nous-contacter\\\/\",\"url\":\"https:\\\/\\\/roubloff-france.fr\\\/Roubloff\\\/pour-nous-contacter\\\/\",\"name\":\"Restons en contact ! - Roubloff France - pinceaux d&#039;art\",\"isPartOf\":{\"@id\":\"https:\\\/\\\/roubloff-france.fr\\\/Roubloff\\\/#website\"},\"primaryImageOfPage\":{\"@id\":\"https:\\\/\\\/roubloff-france.fr\\\/Roubloff\\\/pour-nous-contacter\\\/#primaryimage\"},\"image\":{\"@id\":\"https:\\\/\\\/roubloff-france.fr\\\/Roubloff\\\/pour-nous-contacter\\\/#primaryimage\"},\"thumbnailUrl\":\"http:\\\/\\\/roubloff-france.fr\\\/Roubloff\\\/wp-content\\\/uploads\\\/2023\\\/01\\\/2201-Plan-Village-Suisse-Paris-1024x587.jpg\",\"datePublished\":\"2023-01-03T18:14:18+00:00\",\"dateModified\":\"2026-03-26T11:03:54+00:00\",\"breadcrumb\":{\"@id\":\"https:\\\/\\\/roubloff-france.fr\\\/Roubloff\\\/pour-nous-contacter\\\/#breadcrumb\"},\"inLanguage\":\"fr-FR\",\"potentialAction\":[{\"@type\":\"ReadAction\",\"target\":[\"https:\\\/\\\/roubloff-france.fr\\\/Roubloff\\\/pour-nous-contacter\\\/\"]}]},{\"@type\":\"ImageObject\",\"inLanguage\":\"fr-FR\",\"@id\":\"https:\\\/\\\/roubloff-france.fr\\\/Roubloff\\\/pour-nous-contacter\\\/#primaryimage\",\"url\":\"https:\\\/\\\/roubloff-france.fr\\\/Roubloff\\\/wp-content\\\/uploads\\\/2023\\\/01\\\/2201-Plan-Village-Suisse-Paris.jpg\",\"contentUrl\":\"https:\\\/\\\/roubloff-france.fr\\\/Roubloff\\\/wp-content\\\/uploads\\\/2023\\\/01\\\/2201-Plan-Village-Suisse-Paris.jpg\",\"width\":1662,\"height\":953},{\"@type\":\"BreadcrumbList\",\"@id\":\"https:\\\/\\\/roubloff-france.fr\\\/Roubloff\\\/pour-nous-contacter\\\/#breadcrumb\",\"itemListElement\":[{\"@type\":\"ListItem\",\"position\":1,\"name\":\"Accueil\",\"item\":\"https:\\\/\\\/roubloff-france.fr\\\/Roubloff\\\/\"},{\"@type\":\"ListItem\",\"position\":2,\"name\":\"Restons en contact !\"}]},{\"@type\":\"WebSite\",\"@id\":\"https:\\\/\\\/roubloff-france.fr\\\/Roubloff\\\/#website\",\"url\":\"https:\\\/\\\/roubloff-france.fr\\\/Roubloff\\\/\",\"name\":\"Roubloff France - pinceaux d'art\",\"description\":\"Les pinceaux d&#039;art pour les artistes, \u00e9coles d&#039;art, revendeurs\",\"publisher\":{\"@id\":\"https:\\\/\\\/roubloff-france.fr\\\/Roubloff\\\/#organization\"},\"potentialAction\":[{\"@type\":\"SearchAction\",\"target\":{\"@type\":\"EntryPoint\",\"urlTemplate\":\"https:\\\/\\\/roubloff-france.fr\\\/Roubloff\\\/?s={search_term_string}\"},\"query-input\":{\"@type\":\"PropertyValueSpecification\",\"valueRequired\":true,\"valueName\":\"search_term_string\"}}],\"inLanguage\":\"fr-FR\"},{\"@type\":\"Organization\",\"@id\":\"https:\\\/\\\/roubloff-france.fr\\\/Roubloff\\\/#organization\",\"name\":\"Roubloff France - pinceaux d'art\",\"url\":\"https:\\\/\\\/roubloff-france.fr\\\/Roubloff\\\/\",\"logo\":{\"@type\":\"ImageObject\",\"inLanguage\":\"fr-FR\",\"@id\":\"https:\\\/\\\/roubloff-france.fr\\\/Roubloff\\\/#\\\/schema\\\/logo\\\/image\\\/\",\"url\":\"https:\\\/\\\/roubloff-france.fr\\\/Roubloff\\\/wp-content\\\/uploads\\\/2022\\\/01\\\/cropped-Logo-Roubloff-Rouge-avec-filet-blanc-250-p.png\",\"contentUrl\":\"https:\\\/\\\/roubloff-france.fr\\\/Roubloff\\\/wp-content\\\/uploads\\\/2022\\\/01\\\/cropped-Logo-Roubloff-Rouge-avec-filet-blanc-250-p.png\",\"width\":261,\"height\":57,\"caption\":\"Roubloff France - pinceaux d'art\"},\"image\":{\"@id\":\"https:\\\/\\\/roubloff-france.fr\\\/Roubloff\\\/#\\\/schema\\\/logo\\\/image\\\/\"},\"sameAs\":[\"https:\\\/\\\/www.instagram.com\\\/roubloff_france\\\/\"]}]}<\/script>\n<!-- \/ Yoast SEO plugin. -->","yoast_head_json":{"title":"Restons en contact ! - Roubloff France - pinceaux d&#039;art","robots":{"index":"index","follow":"follow","max-snippet":"max-snippet:-1","max-image-preview":"max-image-preview:large","max-video-preview":"max-video-preview:-1"},"canonical":"https:\/\/roubloff-france.fr\/Roubloff\/pour-nous-contacter\/","og_locale":"fr_FR","og_type":"article","og_title":"Restons en contact ! - Roubloff France - pinceaux d&#039;art","og_description":"Vous pouvez joindre Jean-Luc au 06 46 43 74 63 ou jlm@onlineinternational.fr Vous \u00eates cordialement invit\u00e9 au ShowRoom pour tester par vous m\u00eame la qualit\u00e9 des pinceaux Roubloff ! Sur rendez-vous uniquement, le vendredi, samedi et dimanche de 14h30 \u00e0 18h30, \u00e0 la Galerie num\u00e9ro 82 du Village Suisse Paris &#8211; Place de Luganoau 12 [&hellip;]","og_url":"https:\/\/roubloff-france.fr\/Roubloff\/pour-nous-contacter\/","og_site_name":"Roubloff France - pinceaux d&#039;art","article_publisher":"https:\/\/www.instagram.com\/roubloff_france\/","article_modified_time":"2026-03-26T11:03:54+00:00","og_image":[{"width":1662,"height":953,"url":"https:\/\/roubloff-france.fr\/Roubloff\/wp-content\/uploads\/2023\/01\/2201-Plan-Village-Suisse-Paris.jpg","type":"image\/jpeg"}],"twitter_card":"summary_large_image","twitter_misc":{"Dur\u00e9e de lecture estim\u00e9e":"1 minute"},"schema":{"@context":"https:\/\/schema.org","@graph":[{"@type":"WebPage","@id":"https:\/\/roubloff-france.fr\/Roubloff\/pour-nous-contacter\/","url":"https:\/\/roubloff-france.fr\/Roubloff\/pour-nous-contacter\/","name":"Restons en contact ! - Roubloff France - pinceaux d&#039;art","isPartOf":{"@id":"https:\/\/roubloff-france.fr\/Roubloff\/#website"},"primaryImageOfPage":{"@id":"https:\/\/roubloff-france.fr\/Roubloff\/pour-nous-contacter\/#primaryimage"},"image":{"@id":"https:\/\/roubloff-france.fr\/Roubloff\/pour-nous-contacter\/#primaryimage"},"thumbnailUrl":"http:\/\/roubloff-france.fr\/Roubloff\/wp-content\/uploads\/2023\/01\/2201-Plan-Village-Suisse-Paris-1024x587.jpg","datePublished":"2023-01-03T18:14:18+00:00","dateModified":"2026-03-26T11:03:54+00:00","breadcrumb":{"@id":"https:\/\/roubloff-france.fr\/Roubloff\/pour-nous-contacter\/#breadcrumb"},"inLanguage":"fr-FR","potentialAction":[{"@type":"ReadAction","target":["https:\/\/roubloff-france.fr\/Roubloff\/pour-nous-contacter\/"]}]},{"@type":"ImageObject","inLanguage":"fr-FR","@id":"https:\/\/roubloff-france.fr\/Roubloff\/pour-nous-contacter\/#primaryimage","url":"https:\/\/roubloff-france.fr\/Roubloff\/wp-content\/uploads\/2023\/01\/2201-Plan-Village-Suisse-Paris.jpg","contentUrl":"https:\/\/roubloff-france.fr\/Roubloff\/wp-content\/uploads\/2023\/01\/2201-Plan-Village-Suisse-Paris.jpg","width":1662,"height":953},{"@type":"BreadcrumbList","@id":"https:\/\/roubloff-france.fr\/Roubloff\/pour-nous-contacter\/#breadcrumb","itemListElement":[{"@type":"ListItem","position":1,"name":"Accueil","item":"https:\/\/roubloff-france.fr\/Roubloff\/"},{"@type":"ListItem","position":2,"name":"Restons en contact !"}]},{"@type":"WebSite","@id":"https:\/\/roubloff-france.fr\/Roubloff\/#website","url":"https:\/\/roubloff-france.fr\/Roubloff\/","name":"Roubloff France - pinceaux d'art","description":"Les pinceaux d&#039;art pour les artistes, \u00e9coles d&#039;art, revendeurs","publisher":{"@id":"https:\/\/roubloff-france.fr\/Roubloff\/#organization"},"potentialAction":[{"@type":"SearchAction","target":{"@type":"EntryPoint","urlTemplate":"https:\/\/roubloff-france.fr\/Roubloff\/?s={search_term_string}"},"query-input":{"@type":"PropertyValueSpecification","valueRequired":true,"valueName":"search_term_string"}}],"inLanguage":"fr-FR"},{"@type":"Organization","@id":"https:\/\/roubloff-france.fr\/Roubloff\/#organization","name":"Roubloff France - pinceaux d'art","url":"https:\/\/roubloff-france.fr\/Roubloff\/","logo":{"@type":"ImageObject","inLanguage":"fr-FR","@id":"https:\/\/roubloff-france.fr\/Roubloff\/#\/schema\/logo\/image\/","url":"https:\/\/roubloff-france.fr\/Roubloff\/wp-content\/uploads\/2022\/01\/cropped-Logo-Roubloff-Rouge-avec-filet-blanc-250-p.png","contentUrl":"https:\/\/roubloff-france.fr\/Roubloff\/wp-content\/uploads\/2022\/01\/cropped-Logo-Roubloff-Rouge-avec-filet-blanc-250-p.png","width":261,"height":57,"caption":"Roubloff France - pinceaux d'art"},"image":{"@id":"https:\/\/roubloff-france.fr\/Roubloff\/#\/schema\/logo\/image\/"},"sameAs":["https:\/\/www.instagram.com\/roubloff_france\/"]}]}},"_links":{"self":[{"href":"https:\/\/roubloff-france.fr\/Roubloff\/wp-json\/wp\/v2\/pages\/489","targetHints":{"allow":["GET"]}}],"collection":[{"href":"https:\/\/roubloff-france.fr\/Roubloff\/wp-json\/wp\/v2\/pages"}],"about":[{"href":"https:\/\/roubloff-france.fr\/Roubloff\/wp-json\/wp\/v2\/types\/page"}],"author":[{"embeddable":true,"href":"https:\/\/roubloff-france.fr\/Roubloff\/wp-json\/wp\/v2\/users\/1"}],"replies":[{"embeddable":true,"href":"https:\/\/roubloff-france.fr\/Roubloff\/wp-json\/wp\/v2\/comments?post=489"}],"version-history":[{"count":0,"href":"https:\/\/roubloff-france.fr\/Roubloff\/wp-json\/wp\/v2\/pages\/489\/revisions"}],"wp:attachment":[{"href":"https:\/\/roubloff-france.fr\/Roubloff\/wp-json\/wp\/v2\/media?parent=489"}],"curies":[{"name":"wp","href":"https:\/\/api.w.org\/{rel}","templated":true}]}}