{"id":193,"date":"2021-03-20T22:09:19","date_gmt":"2021-03-20T21:09:19","guid":{"rendered":"https:\/\/roubloff-france.fr\/Roubloff\/?page_id=193"},"modified":"2026-03-26T12:17:08","modified_gmt":"2026-03-26T11:17:08","slug":"en-savoir-plus-sur-roubloff","status":"publish","type":"page","link":"https:\/\/roubloff-france.fr\/Roubloff\/en-savoir-plus-sur-roubloff\/","title":{"rendered":"En savoir plus sur Roubloff \u00a9"},"content":{"rendered":"\n<p>Chers artistes, chers clients, chers amis,<\/p>\n\n\n\n<p>Depuis 2020, nous repr\u00e9sentons la marque Roubloff \u00a9 en France, marque pl\u00e9biscit\u00e9 par des milliers de peintres \u00e0 travers le monde.<\/p>\n\n\n\n<p>Vous pouvez <strong><a href=\"https:\/\/roubloff-france.fr\/Roubloff\/\" target=\"_blank\" rel=\"noreferrer noopener\">commander en ligne sur ce site<\/a><\/strong> ou chez les revendeurs officiels Roubloff \u00a9 France.<\/p>\n\n\n\n<p>Vous \u00eates une \u00e9cole, un atelier d&rsquo;art, un revendeur d&rsquo;art, <a href=\"mailto:jlm@onlineinternational.fr\" target=\"_blank\" rel=\"noreferrer noopener\">contactez nous<\/a> pour devenir revendeur officiel Roubloff \u00a9.<\/p>\n\n\n\n<p><strong>Show room Roubloff \u00a9 <\/strong>: Galerie n\u00b0 82 du Le Village Suisse Paris &#8211; 78 avenue de Suffren, 75015 Paris<br>Ouverture le samedi et dimanche de 14h30 \u00e0 18h00 (sauf lors d&rsquo;exposition personnelle) <br>et sur rendez-vous dans la semaine.<\/p>\n\n\n\n<p><strong>Restons en contact :<\/strong><\/p>\n\n\n\n<iframe data-w-type=\"embedded\" frameborder=\"0\" scrolling=\"no\" marginheight=\"0\" marginwidth=\"0\" src=\"https:\/\/xg2gt.mjt.lu\/wgt\/xg2gt\/0h83\/form?c=83ef5270\" width=\"100%\" style=\"height: 0;\"><\/iframe>\n\n<script type=\"text\/javascript\" src=\"https:\/\/app.mailjet.com\/pas-nc-embedded-v2.js\"><\/script>\n\n\n\n<p><\/p>\n\n\n\n<p>Vous trouverez ci apr\u00e8s quelques vid\u00e9os sur les secrets de fabrication des pinceaux Roubloff \u00a9<\/p>\n\n\n<p><iframe loading=\"lazy\" src=\"https:\/\/www.youtube.com\/embed\/SzujOiFEn38\" allow=\"accelerometer; autoplay; encrypted-media; gyroscope; picture-in-picture\" allowfullscreen=\"\" width=\"560\" height=\"315\" frameborder=\"0\"><\/iframe><\/p>\n\n\n\n<p>En esp\u00e9rant vous compter tr\u00e8s prochainement parmi les utilisateurs de pinceaux Roubloff.<\/p>\n\n\n\n<p><br><strong>Mais aussi sur :<\/strong><\/p>\n\n\n\n<p><a rel=\"noreferrer noopener\" href=\"https:\/\/www.instagram.com\/roubloff_france\/?hl=fr\" target=\"_blank\">https:\/\/www.instagram.com\/roubloff_france\/<\/a><\/p>\n\n\n\n<p><a href=\"https:\/\/roubloff-france.fr\">https:\/\/roubloff-france.fr<\/a><\/p>\n\n\n\n<p><\/p>\n\n\n\n<p><\/p>\n\n\n\n<p><\/p>\n\n\n\n<p><\/p>\n","protected":false},"excerpt":{"rendered":"<p>Chers artistes, chers clients, chers amis, Depuis 2020, nous repr\u00e9sentons la marque Roubloff \u00a9 en France, marque pl\u00e9biscit\u00e9 par des milliers de peintres \u00e0 travers le monde. Vous pouvez commander en ligne sur ce site ou chez les revendeurs officiels Roubloff \u00a9 France. Vous \u00eates une \u00e9cole, un atelier d&rsquo;art, un revendeur d&rsquo;art, contactez nous [&hellip;]<\/p>\n","protected":false},"author":1,"featured_media":0,"parent":0,"menu_order":0,"comment_status":"closed","ping_status":"closed","template":"","meta":{"footnotes":""},"class_list":["post-193","page","type-page","status-publish","hentry"],"yoast_head":"<!-- This site is optimized with the Yoast SEO plugin v27.4 - https:\/\/yoast.com\/product\/yoast-seo-wordpress\/ -->\n<title>En savoir plus sur Roubloff \u00a9 - Roubloff France - pinceaux d&#039;art<\/title>\n<meta name=\"robots\" content=\"index, follow, max-snippet:-1, max-image-preview:large, max-video-preview:-1\" \/>\n<link rel=\"canonical\" href=\"https:\/\/roubloff-france.fr\/Roubloff\/en-savoir-plus-sur-roubloff\/\" \/>\n<meta property=\"og:locale\" content=\"fr_FR\" \/>\n<meta property=\"og:type\" content=\"article\" \/>\n<meta property=\"og:title\" content=\"En savoir plus sur Roubloff \u00a9 - Roubloff France - pinceaux d&#039;art\" \/>\n<meta property=\"og:description\" content=\"Chers artistes, chers clients, chers amis, Depuis 2020, nous repr\u00e9sentons la marque Roubloff \u00a9 en France, marque pl\u00e9biscit\u00e9 par des milliers de peintres \u00e0 travers le monde. Vous pouvez commander en ligne sur ce site ou chez les revendeurs officiels Roubloff \u00a9 France. Vous \u00eates une \u00e9cole, un atelier d&rsquo;art, un revendeur d&rsquo;art, contactez nous [&hellip;]\" \/>\n<meta property=\"og:url\" content=\"https:\/\/roubloff-france.fr\/Roubloff\/en-savoir-plus-sur-roubloff\/\" \/>\n<meta property=\"og:site_name\" content=\"Roubloff France - pinceaux d&#039;art\" \/>\n<meta property=\"article:publisher\" content=\"https:\/\/www.instagram.com\/roubloff_france\/\" \/>\n<meta property=\"article:modified_time\" content=\"2026-03-26T11:17:08+00:00\" \/>\n<meta name=\"twitter:card\" content=\"summary_large_image\" \/>\n<meta name=\"twitter:label1\" content=\"Dur\u00e9e de lecture estim\u00e9e\" \/>\n\t<meta name=\"twitter:data1\" content=\"1 minute\" \/>\n<script type=\"application\/ld+json\" class=\"yoast-schema-graph\">{\"@context\":\"https:\\\/\\\/schema.org\",\"@graph\":[{\"@type\":\"WebPage\",\"@id\":\"https:\\\/\\\/roubloff-france.fr\\\/Roubloff\\\/en-savoir-plus-sur-roubloff\\\/\",\"url\":\"https:\\\/\\\/roubloff-france.fr\\\/Roubloff\\\/en-savoir-plus-sur-roubloff\\\/\",\"name\":\"En savoir plus sur Roubloff \u00a9 - Roubloff France - pinceaux d&#039;art\",\"isPartOf\":{\"@id\":\"https:\\\/\\\/roubloff-france.fr\\\/Roubloff\\\/#website\"},\"datePublished\":\"2021-03-20T21:09:19+00:00\",\"dateModified\":\"2026-03-26T11:17:08+00:00\",\"breadcrumb\":{\"@id\":\"https:\\\/\\\/roubloff-france.fr\\\/Roubloff\\\/en-savoir-plus-sur-roubloff\\\/#breadcrumb\"},\"inLanguage\":\"fr-FR\",\"potentialAction\":[{\"@type\":\"ReadAction\",\"target\":[\"https:\\\/\\\/roubloff-france.fr\\\/Roubloff\\\/en-savoir-plus-sur-roubloff\\\/\"]}]},{\"@type\":\"BreadcrumbList\",\"@id\":\"https:\\\/\\\/roubloff-france.fr\\\/Roubloff\\\/en-savoir-plus-sur-roubloff\\\/#breadcrumb\",\"itemListElement\":[{\"@type\":\"ListItem\",\"position\":1,\"name\":\"Accueil\",\"item\":\"https:\\\/\\\/roubloff-france.fr\\\/Roubloff\\\/\"},{\"@type\":\"ListItem\",\"position\":2,\"name\":\"En savoir plus sur Roubloff \u00a9\"}]},{\"@type\":\"WebSite\",\"@id\":\"https:\\\/\\\/roubloff-france.fr\\\/Roubloff\\\/#website\",\"url\":\"https:\\\/\\\/roubloff-france.fr\\\/Roubloff\\\/\",\"name\":\"Roubloff France - pinceaux d'art\",\"description\":\"Les pinceaux d&#039;art pour les artistes, \u00e9coles d&#039;art, revendeurs\",\"publisher\":{\"@id\":\"https:\\\/\\\/roubloff-france.fr\\\/Roubloff\\\/#organization\"},\"potentialAction\":[{\"@type\":\"SearchAction\",\"target\":{\"@type\":\"EntryPoint\",\"urlTemplate\":\"https:\\\/\\\/roubloff-france.fr\\\/Roubloff\\\/?s={search_term_string}\"},\"query-input\":{\"@type\":\"PropertyValueSpecification\",\"valueRequired\":true,\"valueName\":\"search_term_string\"}}],\"inLanguage\":\"fr-FR\"},{\"@type\":\"Organization\",\"@id\":\"https:\\\/\\\/roubloff-france.fr\\\/Roubloff\\\/#organization\",\"name\":\"Roubloff France - pinceaux d'art\",\"url\":\"https:\\\/\\\/roubloff-france.fr\\\/Roubloff\\\/\",\"logo\":{\"@type\":\"ImageObject\",\"inLanguage\":\"fr-FR\",\"@id\":\"https:\\\/\\\/roubloff-france.fr\\\/Roubloff\\\/#\\\/schema\\\/logo\\\/image\\\/\",\"url\":\"https:\\\/\\\/roubloff-france.fr\\\/Roubloff\\\/wp-content\\\/uploads\\\/2022\\\/01\\\/cropped-Logo-Roubloff-Rouge-avec-filet-blanc-250-p.png\",\"contentUrl\":\"https:\\\/\\\/roubloff-france.fr\\\/Roubloff\\\/wp-content\\\/uploads\\\/2022\\\/01\\\/cropped-Logo-Roubloff-Rouge-avec-filet-blanc-250-p.png\",\"width\":261,\"height\":57,\"caption\":\"Roubloff France - pinceaux d'art\"},\"image\":{\"@id\":\"https:\\\/\\\/roubloff-france.fr\\\/Roubloff\\\/#\\\/schema\\\/logo\\\/image\\\/\"},\"sameAs\":[\"https:\\\/\\\/www.instagram.com\\\/roubloff_france\\\/\"]}]}<\/script>\n<!-- \/ Yoast SEO plugin. -->","yoast_head_json":{"title":"En savoir plus sur Roubloff \u00a9 - Roubloff France - pinceaux d&#039;art","robots":{"index":"index","follow":"follow","max-snippet":"max-snippet:-1","max-image-preview":"max-image-preview:large","max-video-preview":"max-video-preview:-1"},"canonical":"https:\/\/roubloff-france.fr\/Roubloff\/en-savoir-plus-sur-roubloff\/","og_locale":"fr_FR","og_type":"article","og_title":"En savoir plus sur Roubloff \u00a9 - Roubloff France - pinceaux d&#039;art","og_description":"Chers artistes, chers clients, chers amis, Depuis 2020, nous repr\u00e9sentons la marque Roubloff \u00a9 en France, marque pl\u00e9biscit\u00e9 par des milliers de peintres \u00e0 travers le monde. Vous pouvez commander en ligne sur ce site ou chez les revendeurs officiels Roubloff \u00a9 France. Vous \u00eates une \u00e9cole, un atelier d&rsquo;art, un revendeur d&rsquo;art, contactez nous [&hellip;]","og_url":"https:\/\/roubloff-france.fr\/Roubloff\/en-savoir-plus-sur-roubloff\/","og_site_name":"Roubloff France - pinceaux d&#039;art","article_publisher":"https:\/\/www.instagram.com\/roubloff_france\/","article_modified_time":"2026-03-26T11:17:08+00:00","twitter_card":"summary_large_image","twitter_misc":{"Dur\u00e9e de lecture estim\u00e9e":"1 minute"},"schema":{"@context":"https:\/\/schema.org","@graph":[{"@type":"WebPage","@id":"https:\/\/roubloff-france.fr\/Roubloff\/en-savoir-plus-sur-roubloff\/","url":"https:\/\/roubloff-france.fr\/Roubloff\/en-savoir-plus-sur-roubloff\/","name":"En savoir plus sur Roubloff \u00a9 - Roubloff France - pinceaux d&#039;art","isPartOf":{"@id":"https:\/\/roubloff-france.fr\/Roubloff\/#website"},"datePublished":"2021-03-20T21:09:19+00:00","dateModified":"2026-03-26T11:17:08+00:00","breadcrumb":{"@id":"https:\/\/roubloff-france.fr\/Roubloff\/en-savoir-plus-sur-roubloff\/#breadcrumb"},"inLanguage":"fr-FR","potentialAction":[{"@type":"ReadAction","target":["https:\/\/roubloff-france.fr\/Roubloff\/en-savoir-plus-sur-roubloff\/"]}]},{"@type":"BreadcrumbList","@id":"https:\/\/roubloff-france.fr\/Roubloff\/en-savoir-plus-sur-roubloff\/#breadcrumb","itemListElement":[{"@type":"ListItem","position":1,"name":"Accueil","item":"https:\/\/roubloff-france.fr\/Roubloff\/"},{"@type":"ListItem","position":2,"name":"En savoir plus sur Roubloff \u00a9"}]},{"@type":"WebSite","@id":"https:\/\/roubloff-france.fr\/Roubloff\/#website","url":"https:\/\/roubloff-france.fr\/Roubloff\/","name":"Roubloff France - pinceaux d'art","description":"Les pinceaux d&#039;art pour les artistes, \u00e9coles d&#039;art, revendeurs","publisher":{"@id":"https:\/\/roubloff-france.fr\/Roubloff\/#organization"},"potentialAction":[{"@type":"SearchAction","target":{"@type":"EntryPoint","urlTemplate":"https:\/\/roubloff-france.fr\/Roubloff\/?s={search_term_string}"},"query-input":{"@type":"PropertyValueSpecification","valueRequired":true,"valueName":"search_term_string"}}],"inLanguage":"fr-FR"},{"@type":"Organization","@id":"https:\/\/roubloff-france.fr\/Roubloff\/#organization","name":"Roubloff France - pinceaux d'art","url":"https:\/\/roubloff-france.fr\/Roubloff\/","logo":{"@type":"ImageObject","inLanguage":"fr-FR","@id":"https:\/\/roubloff-france.fr\/Roubloff\/#\/schema\/logo\/image\/","url":"https:\/\/roubloff-france.fr\/Roubloff\/wp-content\/uploads\/2022\/01\/cropped-Logo-Roubloff-Rouge-avec-filet-blanc-250-p.png","contentUrl":"https:\/\/roubloff-france.fr\/Roubloff\/wp-content\/uploads\/2022\/01\/cropped-Logo-Roubloff-Rouge-avec-filet-blanc-250-p.png","width":261,"height":57,"caption":"Roubloff France - pinceaux d'art"},"image":{"@id":"https:\/\/roubloff-france.fr\/Roubloff\/#\/schema\/logo\/image\/"},"sameAs":["https:\/\/www.instagram.com\/roubloff_france\/"]}]}},"_links":{"self":[{"href":"https:\/\/roubloff-france.fr\/Roubloff\/wp-json\/wp\/v2\/pages\/193","targetHints":{"allow":["GET"]}}],"collection":[{"href":"https:\/\/roubloff-france.fr\/Roubloff\/wp-json\/wp\/v2\/pages"}],"about":[{"href":"https:\/\/roubloff-france.fr\/Roubloff\/wp-json\/wp\/v2\/types\/page"}],"author":[{"embeddable":true,"href":"https:\/\/roubloff-france.fr\/Roubloff\/wp-json\/wp\/v2\/users\/1"}],"replies":[{"embeddable":true,"href":"https:\/\/roubloff-france.fr\/Roubloff\/wp-json\/wp\/v2\/comments?post=193"}],"version-history":[{"count":0,"href":"https:\/\/roubloff-france.fr\/Roubloff\/wp-json\/wp\/v2\/pages\/193\/revisions"}],"wp:attachment":[{"href":"https:\/\/roubloff-france.fr\/Roubloff\/wp-json\/wp\/v2\/media?parent=193"}],"curies":[{"name":"wp","href":"https:\/\/api.w.org\/{rel}","templated":true}]}}